{"id":91753,"date":"2024-10-14T01:16:13","date_gmt":"2024-10-13T22:18:22","guid":{"rendered":"https:\/\/factory.sale\/?post_type=product&#038;p=91753"},"modified":"2026-02-05T10:54:16","modified_gmt":"2026-02-05T07:54:16","slug":"kandiline-mahuti-horisontaalne-200l","status":"publish","type":"product","link":"https:\/\/factory.sale\/et\/toode\/kandiline-mahuti-horisontaalne-200l\/","title":{"rendered":"Kandiline mahuti, horisontaalne 200L"},"content":{"rendered":"<h2><span style=\"font-size: 14pt;\">Kandiline mahuti, horisontaalne 200L<\/span><\/h2>\n<p>Kandiline mahuti, horisontaalne 200L on m\u00f5eldud vedelike hoiustamiseks. Mahutid on spetsiaalselt loodud, et h\u00f5lbustada toodete ladustamist ja transportimist. Mahuti p\u00f5hjas olev spetsiaalne s\u00fcvend, mis vastab kaane l\u00e4bim\u00f5\u00f5dule, v\u00f5imaldab mahutite stabiilset virnastamist.<\/p>\n<p><strong>Tehniline teave:<\/strong><\/p>\n<p>M\u00f5\u00f5tmed: 785\/610\/566 mm<br \/>\nT\u00e4iteava diameeter: 350 mm<br \/>\nSeina paksus: 3,5 mm<br \/>\nK\u00fcljes on 1 keermega ava 3\/4 tolli<br \/>\nSuure tugevusega, k\u00fclmakindel (-40C kuni +60C), toidukindel, UV-kindel<\/p>\n<p data-start=\"3739\" data-end=\"3865\"><strong>Suuremate koguste puhul kehtivad hulgisoodustused.<\/strong><\/p>\n<p>Tutvu teiste sarnaste toodetega\u00a0siin<\/p>\n<p>Viide\u00a0<a title=\"ISO 9001 juhistele\" href=\"https:\/\/www.iso.org\/standard\/62085.html\" target=\"_blank\" rel=\"noopener\">ISO 9001 juhistele<\/a>\u00a0t\u00f6\u00f6stuslike konteinerite kvaliteedi tagamise kohta<\/p>\n<p><strong><em>Ei ole kindel, millist mahutit valida? Meie blogipostitus \u201c<a href=\"https:\/\/factory.sale\/et\/blog\/kuidas-valida-sobiv-mahuti\/\" target=\"_blank\" rel=\"noopener\">Kuidas valida sobiv mahuti<\/a>\u201d selgitab samm-sammult, mida silmas pidada uut mahutit valides. Vaata j\u00e4rele!<\/em><\/strong><\/p>\n","protected":false},"excerpt":{"rendered":"<p><strong>Kandiline mahuti sobib k\u00f5ikidele t\u00f6\u00f6stusharudele, sealhulgas toiduainet\u00f6\u00f6stusele. Hea kvaliteet hea konkurentsiv\u00f5imelise hinnaga!<\/strong><\/p>\n<p><strong>Tehniline teave:<\/strong><\/p>\n<p><strong>M\u00f5\u00f5tmed:<\/strong> 785\/610\/566 mm<br \/>\n<strong>T\u00e4iteava diameeter:<\/strong> 350 mm<br \/>\n<strong>Seina paksus:<\/strong> 3,5 mm<br \/>\nK\u00fcljes on 1 keermega ava 3\/4 tolli<br \/>\nSuure tugevusega, k\u00fclmakindel (-40C kuni +60C), toidukindel, UV-kindel<\/p>\n<p data-start=\"3739\" data-end=\"3865\"><strong>Suuremate koguste puhul kehtivad hulgisoodustused.<\/strong><\/p>\n","protected":false},"featured_media":140158,"comment_status":"open","ping_status":"closed","template":"","meta":{"_acf_changed":false},"factory":[],"free-shipment":[],"product_brand":[],"product_cat":[924,3044],"product_tag":[2714],"class_list":{"0":"post-91753","1":"product","2":"type-product","3":"status-publish","4":"has-post-thumbnail","6":"product_cat-aiatooted","7":"product_cat-konteinerid-ja-mahutid","8":"product_tag-yard-and-garden-et","10":"first","11":"instock","12":"sale","13":"taxable","14":"shipping-taxable","15":"purchasable","16":"product-type-simple"},"acf":[],"_links":{"self":[{"href":"https:\/\/factory.sale\/et\/wp-json\/wp\/v2\/product\/91753","targetHints":{"allow":["GET"]}}],"collection":[{"href":"https:\/\/factory.sale\/et\/wp-json\/wp\/v2\/product"}],"about":[{"href":"https:\/\/factory.sale\/et\/wp-json\/wp\/v2\/types\/product"}],"replies":[{"embeddable":true,"href":"https:\/\/factory.sale\/et\/wp-json\/wp\/v2\/comments?post=91753"}],"wp:featuredmedia":[{"embeddable":true,"href":"https:\/\/factory.sale\/et\/wp-json\/wp\/v2\/media\/140158"}],"wp:attachment":[{"href":"https:\/\/factory.sale\/et\/wp-json\/wp\/v2\/media?parent=91753"}],"wp:term":[{"taxonomy":"factory","embeddable":true,"href":"https:\/\/factory.sale\/et\/wp-json\/wp\/v2\/factory?post=91753"},{"taxonomy":"free-shipment","embeddable":true,"href":"https:\/\/factory.sale\/et\/wp-json\/wp\/v2\/free-shipment?post=91753"},{"taxonomy":"product_brand","embeddable":true,"href":"https:\/\/factory.sale\/et\/wp-json\/wp\/v2\/product_brand?post=91753"},{"taxonomy":"product_cat","embeddable":true,"href":"https:\/\/factory.sale\/et\/wp-json\/wp\/v2\/product_cat?post=91753"},{"taxonomy":"product_tag","embeddable":true,"href":"https:\/\/factory.sale\/et\/wp-json\/wp\/v2\/product_tag?post=91753"}],"curies":[{"name":"wp","href":"https:\/\/api.w.org\/{rel}","templated":true}]}}