{"id":91732,"date":"2024-10-13T23:38:29","date_gmt":"2024-10-13T20:42:27","guid":{"rendered":"https:\/\/factory.sale\/?post_type=product&#038;p=91732"},"modified":"2024-12-29T14:24:29","modified_gmt":"2024-12-29T11:24:29","slug":"simge-soba-kupsetusahi-304-u","status":"publish","type":"product","link":"https:\/\/factory.sale\/et\/toode\/simge-soba-kupsetusahi-304-u\/","title":{"rendered":"Simge Soba k\u00fcpsetusahi 304-U"},"content":{"rendered":"<p><strong>Omadused:<\/strong><\/p>\n<ul>\n<li>Eemaldatav tuhasahtel<\/li>\n<li>P\u00f5lemiskamber on valmistatud malmist<\/li>\n<li>Pealmine keeduplaat ja r\u00f5ngad on malmist<\/li>\n<li>Uksed ja raam on v\u00e4rvitud malmist<\/li>\n<li>Reguleeritav primaarne ja sekundaarne \u00f5huvool paremaks p\u00f5lemise juhtimiseks<\/li>\n<li>J\u00e4relp\u00f5lemiss\u00fcsteem (madal heitmete tase)<\/li>\n<li>Emailitud terasest ahi<\/li>\n<li>Keraamiline klaas<\/li>\n<li>\u00dclemine parempoolne v\u00f5i vasakpoolne suitsuava<\/li>\n<li>Kroomitud nupud<\/li>\n<li>Ahju termomeeter<\/li>\n<li>K\u00fcpsetusplaat ja rest<\/li>\n<\/ul>\n<p>&nbsp;<\/p>\n<p>&nbsp;<\/p>\n<p><strong>Tehniline teave:<\/strong><\/p>\n<ul>\n<li>Nominaalne v\u00f5imsus: 9,0 kW-N<\/li>\n<li>T\u00f5husus: 77%<\/li>\n<li>M\u00f5\u00f5tmed: 825 x 460 x 825 mm<\/li>\n<li>Suitsuava l\u00e4bim\u00f5\u00f5t: 130 mm R\/U<\/li>\n<li>Ahju suurus: 400 x 400 x 195 mm<\/li>\n<li>Netokaal: 47 kg<\/li>\n<li>K\u00f6etav pindala: 70-120 m\u00b3<\/li>\n<\/ul>\n<p>&nbsp;<\/p>\n<p>&nbsp;<\/p>\n<p>&nbsp;<\/p>\n<p><strong>Sertifikaadid<\/strong><\/p>\n<p><strong><em><img loading=\"lazy\" decoding=\"async\" class=\"alignnone wp-image-91549\" src=\"https:\/\/factory.sale\/wp-content\/uploads\/2024\/10\/certifications-300x31.png\" alt=\"\" width=\"919\" height=\"95\" srcset=\"https:\/\/factory.sale\/wp-content\/uploads\/2024\/10\/certifications-300x31.png 300w, https:\/\/factory.sale\/wp-content\/uploads\/2024\/10\/certifications-1024x105.png 1024w, https:\/\/factory.sale\/wp-content\/uploads\/2024\/10\/certifications-150x15.png 150w, https:\/\/factory.sale\/wp-content\/uploads\/2024\/10\/certifications-1536x158.png 1536w, https:\/\/factory.sale\/wp-content\/uploads\/2024\/10\/certifications-2048x211.png 2048w, https:\/\/factory.sale\/wp-content\/uploads\/2024\/10\/certifications-600x62.png 600w\" sizes=\"auto, (max-width: 919px) 100vw, 919px\" \/><\/em><\/strong><\/p>\n<p>&nbsp;<\/p>\n<p>&nbsp;<\/p>\n<p><strong>Toode tarnitakse pappkarbis.<\/strong><\/p>\n<p>&nbsp;<\/p>\n<div class=\"video-wrapper \"><iframe loading=\"lazy\" title=\"Simge Soba - 304U ECO -  Wood burning cooking stove \ud83d\udd25\" width=\"500\" height=\"281\" src=\"https:\/\/www.youtube.com\/embed\/PILE7Iwsmk4?feature=oembed\" frameborder=\"0\" allow=\"accelerometer; autoplay; clipboard-write; encrypted-media; gyroscope; picture-in-picture; web-share\" referrerpolicy=\"strict-origin-when-cross-origin\" allowfullscreen><\/iframe><\/div>\n","protected":false},"excerpt":{"rendered":"<ul>\n<li>Eemaldatav tuhasahtel<\/li>\n<li>P\u00f5lemiskamber on valmistatud malmist<\/li>\n<li>Pealmine keeduplaat ja r\u00f5ngad on malmist<\/li>\n<li>Uksed ja raam on v\u00e4rvitud malmist<\/li>\n<li>Reguleeritav primaarne ja sekundaarne \u00f5huvool paremaks p\u00f5lemise juhtimiseks<\/li>\n<li>J\u00e4relp\u00f5lemiss\u00fcsteem (madal heitmete tase)<\/li>\n<li>Emailitud terasest ahi<\/li>\n<li>Keraamiline klaas<\/li>\n<li>\u00dclemine parempoolne v\u00f5i vasakpoolne suitsuava<\/li>\n<li>Kroomitud nupud<\/li>\n<li>Ahju termomeeter<\/li>\n<li>K\u00fcpsetusplaat ja rest<\/li>\n<\/ul>\n","protected":false},"featured_media":91721,"comment_status":"open","ping_status":"closed","template":"","meta":{"_acf_changed":false},"factory":[],"free-shipment":[],"product_brand":[],"product_cat":[1247,4791,3061],"product_tag":[],"class_list":{"0":"post-91732","1":"product","2":"type-product","3":"status-publish","4":"has-post-thumbnail","6":"product_cat-ahjud","7":"product_cat-ahjud-et","8":"product_cat-simge-soba-et","10":"first","11":"instock","12":"sale","13":"taxable","14":"shipping-taxable","15":"purchasable","16":"product-type-simple"},"acf":[],"_links":{"self":[{"href":"https:\/\/factory.sale\/et\/wp-json\/wp\/v2\/product\/91732","targetHints":{"allow":["GET"]}}],"collection":[{"href":"https:\/\/factory.sale\/et\/wp-json\/wp\/v2\/product"}],"about":[{"href":"https:\/\/factory.sale\/et\/wp-json\/wp\/v2\/types\/product"}],"replies":[{"embeddable":true,"href":"https:\/\/factory.sale\/et\/wp-json\/wp\/v2\/comments?post=91732"}],"wp:featuredmedia":[{"embeddable":true,"href":"https:\/\/factory.sale\/et\/wp-json\/wp\/v2\/media\/91721"}],"wp:attachment":[{"href":"https:\/\/factory.sale\/et\/wp-json\/wp\/v2\/media?parent=91732"}],"wp:term":[{"taxonomy":"factory","embeddable":true,"href":"https:\/\/factory.sale\/et\/wp-json\/wp\/v2\/factory?post=91732"},{"taxonomy":"free-shipment","embeddable":true,"href":"https:\/\/factory.sale\/et\/wp-json\/wp\/v2\/free-shipment?post=91732"},{"taxonomy":"product_brand","embeddable":true,"href":"https:\/\/factory.sale\/et\/wp-json\/wp\/v2\/product_brand?post=91732"},{"taxonomy":"product_cat","embeddable":true,"href":"https:\/\/factory.sale\/et\/wp-json\/wp\/v2\/product_cat?post=91732"},{"taxonomy":"product_tag","embeddable":true,"href":"https:\/\/factory.sale\/et\/wp-json\/wp\/v2\/product_tag?post=91732"}],"curies":[{"name":"wp","href":"https:\/\/api.w.org\/{rel}","templated":true}]}}