{"id":91640,"date":"2024-10-11T20:52:12","date_gmt":"2024-10-11T18:01:31","guid":{"rendered":"https:\/\/factory.sale\/?post_type=product&#038;p=91640"},"modified":"2024-12-29T14:44:26","modified_gmt":"2024-12-29T11:44:26","slug":"simge-soba-kaminahi-805-iglo","status":"publish","type":"product","link":"https:\/\/factory.sale\/et\/toode\/simge-soba-kaminahi-805-iglo\/","title":{"rendered":"Simge Soba kaminahi 805 Iglo"},"content":{"rendered":"<p><strong>Omadused:<\/strong><\/p>\n<ul>\n<li>P\u00f5lemiskamber on malmist<\/li>\n<li>Pealmine plaat, jalad ja uksed on malmist<\/li>\n<li>Reguleeritav primaarne ja sekundaarne \u00f5huvool paremaks p\u00f5lemise juhtimiseks<\/li>\n<li>J\u00e4relp\u00f5lemiss\u00fcsteem (madalad heitmed)<\/li>\n<li>Keraamiline klaas<\/li>\n<li>Kroomitud k\u00e4epidemed<\/li>\n<\/ul>\n<p>&nbsp;<\/p>\n<p>&nbsp;<\/p>\n<p><strong>Tehniline teave:<\/strong><\/p>\n<ul>\n<li>Nominaalne v\u00f5imsus: 9,0 kW-N<\/li>\n<li>T\u00f5husus: 80%<\/li>\n<li>M\u00f5\u00f5tmed: 420 x 540 x 795 mm<\/li>\n<li>Suitsuava l\u00e4bim\u00f5\u00f5t: 130 mm R\/U<\/li>\n<li>Netokaal: 55 kg<\/li>\n<li>Nominaalne soojusv\u00f5imsus: 13,5 kW<\/li>\n<li>K\u00f6etav pindala: 200 m\u00b3<\/li>\n<\/ul>\n<p>&nbsp;<\/p>\n<p>&nbsp;<\/p>\n<p><strong>V\u00e4rvid:<\/strong><\/p>\n<p>Must<br \/>\nPunane (294 \u20ac)<\/p>\n<p>&nbsp;<\/p>\n<p>&nbsp;<\/p>\n<p>&nbsp;<\/p>\n<p>&nbsp;<\/p>\n<p><strong>Sertifikaadid:<\/strong><\/p>\n<p><strong><em><img loading=\"lazy\" decoding=\"async\" class=\"alignnone wp-image-91549\" src=\"https:\/\/factory.sale\/wp-content\/uploads\/2024\/10\/certifications-300x31.png\" alt=\"\" width=\"919\" height=\"95\" srcset=\"https:\/\/factory.sale\/wp-content\/uploads\/2024\/10\/certifications-300x31.png 300w, https:\/\/factory.sale\/wp-content\/uploads\/2024\/10\/certifications-1024x105.png 1024w, https:\/\/factory.sale\/wp-content\/uploads\/2024\/10\/certifications-150x15.png 150w, https:\/\/factory.sale\/wp-content\/uploads\/2024\/10\/certifications-1536x158.png 1536w, https:\/\/factory.sale\/wp-content\/uploads\/2024\/10\/certifications-2048x211.png 2048w, https:\/\/factory.sale\/wp-content\/uploads\/2024\/10\/certifications-600x62.png 600w\" sizes=\"auto, (max-width: 919px) 100vw, 919px\" \/><\/em><\/strong><\/p>\n<p>&nbsp;<\/p>\n<p>&nbsp;<\/p>\n<p>&nbsp;<\/p>\n<p><strong>Toode tarnitakse kaubaalusel + pappkarbis.<\/strong><\/p>\n<p>&nbsp;<\/p>\n<p>&nbsp;<\/p>\n<p>&nbsp;<\/p>\n<div class=\"video-wrapper \"><iframe loading=\"lazy\" title=\"Simge Soba - 805 IGLO - Wood burning fireplace stove \ud83d\udd25\" width=\"500\" height=\"281\" src=\"https:\/\/www.youtube.com\/embed\/hBZUrWvjhSo?feature=oembed\" frameborder=\"0\" allow=\"accelerometer; autoplay; clipboard-write; encrypted-media; gyroscope; picture-in-picture; web-share\" referrerpolicy=\"strict-origin-when-cross-origin\" allowfullscreen><\/iframe><\/div>\n","protected":false},"excerpt":{"rendered":"<ul>\n<li>P\u00f5lemiskamber on malmist<\/li>\n<li>Pealmine plaat, jalad ja uksed on malmist<\/li>\n<li>Reguleeritav primaarne ja sekundaarne \u00f5huvool paremaks p\u00f5lemise juhtimiseks<\/li>\n<li>J\u00e4relp\u00f5lemiss\u00fcsteem (madalad heitmed)<\/li>\n<li>Keraamiline klaas<\/li>\n<li>Kroomitud k\u00e4epidemed<\/li>\n<\/ul>\n","protected":false},"featured_media":91629,"comment_status":"open","ping_status":"closed","template":"","meta":{"_acf_changed":false},"factory":[],"free-shipment":[],"product_brand":[],"product_cat":[4791,1247,3061],"product_tag":[],"class_list":{"0":"post-91640","1":"product","2":"type-product","3":"status-publish","4":"has-post-thumbnail","6":"product_cat-ahjud-et","7":"product_cat-ahjud","8":"product_cat-simge-soba-et","10":"first","11":"instock","12":"sale","13":"taxable","14":"shipping-taxable","15":"purchasable","16":"product-type-simple"},"acf":[],"_links":{"self":[{"href":"https:\/\/factory.sale\/et\/wp-json\/wp\/v2\/product\/91640","targetHints":{"allow":["GET"]}}],"collection":[{"href":"https:\/\/factory.sale\/et\/wp-json\/wp\/v2\/product"}],"about":[{"href":"https:\/\/factory.sale\/et\/wp-json\/wp\/v2\/types\/product"}],"replies":[{"embeddable":true,"href":"https:\/\/factory.sale\/et\/wp-json\/wp\/v2\/comments?post=91640"}],"wp:featuredmedia":[{"embeddable":true,"href":"https:\/\/factory.sale\/et\/wp-json\/wp\/v2\/media\/91629"}],"wp:attachment":[{"href":"https:\/\/factory.sale\/et\/wp-json\/wp\/v2\/media?parent=91640"}],"wp:term":[{"taxonomy":"factory","embeddable":true,"href":"https:\/\/factory.sale\/et\/wp-json\/wp\/v2\/factory?post=91640"},{"taxonomy":"free-shipment","embeddable":true,"href":"https:\/\/factory.sale\/et\/wp-json\/wp\/v2\/free-shipment?post=91640"},{"taxonomy":"product_brand","embeddable":true,"href":"https:\/\/factory.sale\/et\/wp-json\/wp\/v2\/product_brand?post=91640"},{"taxonomy":"product_cat","embeddable":true,"href":"https:\/\/factory.sale\/et\/wp-json\/wp\/v2\/product_cat?post=91640"},{"taxonomy":"product_tag","embeddable":true,"href":"https:\/\/factory.sale\/et\/wp-json\/wp\/v2\/product_tag?post=91640"}],"curies":[{"name":"wp","href":"https:\/\/api.w.org\/{rel}","templated":true}]}}