{"id":91607,"date":"2024-10-11T17:44:22","date_gmt":"2024-10-11T14:44:48","guid":{"rendered":"https:\/\/factory.sale\/?post_type=product&#038;p=91607"},"modified":"2024-12-29T14:40:46","modified_gmt":"2024-12-29T11:40:46","slug":"simge-soba-kupsetusahi-802-bella","status":"publish","type":"product","link":"https:\/\/factory.sale\/et\/toode\/simge-soba-kupsetusahi-802-bella\/","title":{"rendered":"Simge Soba k\u00fcpsetusahi 802 Bella"},"content":{"rendered":"<p><strong>Omadused:<\/strong><\/p>\n<ul>\n<li>Eemaldatav tuhasahtel<\/li>\n<li>P\u00f5lemiskamber on valmistatud malmist<\/li>\n<li>Pealmine keeduplaat, r\u00f5ngad ja uksed on malmist<\/li>\n<li>Reguleeritav primaarne ja sekundaarne \u00f5huvool paremaks p\u00f5lemise juhtimiseks<\/li>\n<li>J\u00e4relp\u00f5lemiss\u00fcsteem (madalad heitmed)<\/li>\n<li>Eemaldatav r\u00f6\u00f6bastega puusahtel<\/li>\n<li>Emailitud terasest ahi<\/li>\n<li>Keraamiline klaas<\/li>\n<li>\u00dclemine parempoolne suitsuava<\/li>\n<li>Kroomitud k\u00e4epidemed<\/li>\n<li>Ahju termomeeter<\/li>\n<li>K\u00fcpsetusplaat ja rest<\/li>\n<\/ul>\n<p>&nbsp;<\/p>\n<p>&nbsp;<\/p>\n<p><strong>Tehniline teave:<\/strong><\/p>\n<ul>\n<li>Nominaalne v\u00f5imsus: 9,0 kW-N<\/li>\n<li>T\u00f5husus: 76%<\/li>\n<li>M\u00f5\u00f5tmed: 870 x 510 x 810 mm<\/li>\n<li>Suitsuava l\u00e4bim\u00f5\u00f5t: 130 mm R\/U<\/li>\n<li>Ahju suurus: 390 x 450 x 230 mm<\/li>\n<li>Netokaal: 120 kg<\/li>\n<li>K\u00f6etav pindala: 160 m\u00b3<\/li>\n<\/ul>\n<p>&nbsp;<\/p>\n<p>&nbsp;<\/p>\n<p>&nbsp;<\/p>\n<p><strong>V\u00e4rvid:<\/strong><\/p>\n<p>Must<\/p>\n<p>Punane<\/p>\n<p>&nbsp;<\/p>\n<p>&nbsp;<\/p>\n<p>&nbsp;<\/p>\n<p><strong>Sertifikaadid:<\/strong><\/p>\n<p><img loading=\"lazy\" decoding=\"async\" class=\"alignnone wp-image-91550\" src=\"https:\/\/factory.sale\/wp-content\/uploads\/2024\/10\/certifications-300x31.png\" alt=\"\" width=\"929\" height=\"96\" srcset=\"https:\/\/factory.sale\/wp-content\/uploads\/2024\/10\/certifications-300x31.png 300w, https:\/\/factory.sale\/wp-content\/uploads\/2024\/10\/certifications-1024x105.png 1024w, https:\/\/factory.sale\/wp-content\/uploads\/2024\/10\/certifications-150x15.png 150w, https:\/\/factory.sale\/wp-content\/uploads\/2024\/10\/certifications-1536x158.png 1536w, https:\/\/factory.sale\/wp-content\/uploads\/2024\/10\/certifications-2048x211.png 2048w, https:\/\/factory.sale\/wp-content\/uploads\/2024\/10\/certifications-600x62.png 600w\" sizes=\"auto, (max-width: 929px) 100vw, 929px\" \/><\/p>\n<p>&nbsp;<\/p>\n<p>&nbsp;<\/p>\n<p>&nbsp;<\/p>\n<p><strong>Toode tarnitakse kaubaalusel + pappkarbis.<\/strong><\/p>\n<p>&nbsp;<\/p>\n<p>&nbsp;<\/p>\n<div class=\"video-wrapper \"><iframe loading=\"lazy\" title=\"Simge Soba - 802 BELLA - Wood burning cooking stove \ud83d\udd25\" width=\"500\" height=\"281\" src=\"https:\/\/www.youtube.com\/embed\/Hy5nmHXsjGU?feature=oembed\" frameborder=\"0\" allow=\"accelerometer; autoplay; clipboard-write; encrypted-media; gyroscope; picture-in-picture; web-share\" referrerpolicy=\"strict-origin-when-cross-origin\" allowfullscreen><\/iframe><\/div>\n","protected":false},"excerpt":{"rendered":"<ul>\n<li>Eemaldatav tuhasahtel<\/li>\n<li>P\u00f5lemiskamber on valmistatud malmist<\/li>\n<li>Pealmine keeduplaat, r\u00f5ngad ja uksed on malmist<\/li>\n<li>Reguleeritav primaarne ja sekundaarne \u00f5huvool paremaks p\u00f5lemise juhtimiseks<\/li>\n<li>J\u00e4relp\u00f5lemiss\u00fcsteem (madalad heitmed)<\/li>\n<li>Eemaldatav r\u00f6\u00f6bastega puusahtel<\/li>\n<li>Emailitud terasest ahi<\/li>\n<li>Keraamiline klaas<\/li>\n<li>\u00dclemine parempoolne suitsuava<\/li>\n<li>Kroomitud k\u00e4epidemed<\/li>\n<li>Ahju termomeeter<\/li>\n<li>K\u00fcpsetusplaat ja rest<\/li>\n<\/ul>\n","protected":false},"featured_media":91612,"comment_status":"open","ping_status":"closed","template":"","meta":{"_acf_changed":false},"factory":[],"free-shipment":[],"product_brand":[],"product_cat":[4791,1247,3061],"product_tag":[1892],"class_list":{"0":"post-91607","1":"product","2":"type-product","3":"status-publish","4":"has-post-thumbnail","6":"product_cat-ahjud-et","7":"product_cat-ahjud","8":"product_cat-simge-soba-et","9":"product_tag-stove-et","11":"first","12":"instock","13":"sale","14":"taxable","15":"shipping-taxable","16":"purchasable","17":"product-type-simple"},"acf":[],"_links":{"self":[{"href":"https:\/\/factory.sale\/et\/wp-json\/wp\/v2\/product\/91607","targetHints":{"allow":["GET"]}}],"collection":[{"href":"https:\/\/factory.sale\/et\/wp-json\/wp\/v2\/product"}],"about":[{"href":"https:\/\/factory.sale\/et\/wp-json\/wp\/v2\/types\/product"}],"replies":[{"embeddable":true,"href":"https:\/\/factory.sale\/et\/wp-json\/wp\/v2\/comments?post=91607"}],"wp:featuredmedia":[{"embeddable":true,"href":"https:\/\/factory.sale\/et\/wp-json\/wp\/v2\/media\/91612"}],"wp:attachment":[{"href":"https:\/\/factory.sale\/et\/wp-json\/wp\/v2\/media?parent=91607"}],"wp:term":[{"taxonomy":"factory","embeddable":true,"href":"https:\/\/factory.sale\/et\/wp-json\/wp\/v2\/factory?post=91607"},{"taxonomy":"free-shipment","embeddable":true,"href":"https:\/\/factory.sale\/et\/wp-json\/wp\/v2\/free-shipment?post=91607"},{"taxonomy":"product_brand","embeddable":true,"href":"https:\/\/factory.sale\/et\/wp-json\/wp\/v2\/product_brand?post=91607"},{"taxonomy":"product_cat","embeddable":true,"href":"https:\/\/factory.sale\/et\/wp-json\/wp\/v2\/product_cat?post=91607"},{"taxonomy":"product_tag","embeddable":true,"href":"https:\/\/factory.sale\/et\/wp-json\/wp\/v2\/product_tag?post=91607"}],"curies":[{"name":"wp","href":"https:\/\/api.w.org\/{rel}","templated":true}]}}