{"id":91547,"date":"2024-10-10T21:37:53","date_gmt":"2024-10-10T18:41:52","guid":{"rendered":"https:\/\/factory.sale\/?post_type=product&#038;p=91547"},"modified":"2024-12-29T14:32:22","modified_gmt":"2024-12-29T11:32:22","slug":"simge-soba-kupsetusahi-7040-urus","status":"publish","type":"product","link":"https:\/\/factory.sale\/et\/toode\/simge-soba-kupsetusahi-7040-urus\/","title":{"rendered":"Simge Soba k\u00fcpsetusahi 7040 URUS"},"content":{"rendered":"<p><strong>Omadused:<\/strong><\/p>\n<ul>\n<li>Eemaldatav tuhasahtel<\/li>\n<li>P\u00f5lemiskamber on valmistatud malmist<\/li>\n<li>Pealmine keeduplaat ja r\u00f5ngad on malmist<\/li>\n<li>Reguleeritav primaarne ja sekundaarne \u00f5huvool paremaks p\u00f5lemise juhtimiseks<\/li>\n<li>J\u00e4relp\u00f5lemiss\u00fcsteem (madal heitmete tase)<\/li>\n<li>Eemaldatav puusahtel<\/li>\n<li>Emailitud terasest ahi<\/li>\n<li>Keraamiline klaas<\/li>\n<li>\u00dclemine parempoolne v\u00f5i tagumine suitsuava<\/li>\n<li>Kroomitud k\u00e4epidemed<\/li>\n<li>Ahju termomeeter<\/li>\n<li>K\u00fcpsetusplaat ja rest<\/li>\n<\/ul>\n<p>&nbsp;<\/p>\n<p>&nbsp;<\/p>\n<p><strong>Tehniline teave:<\/strong><\/p>\n<ul>\n<li>Nominaalne v\u00f5imsus: 9,0 kW-N<\/li>\n<li>T\u00f5husus: 80%<\/li>\n<li>M\u00f5\u00f5tmed: 875 x 510 x 810 mm<\/li>\n<li>Suitsuava l\u00e4bim\u00f5\u00f5t: 130 mm R\/U<\/li>\n<li>Ahju suurus: 430 x 450 x 225 mm<\/li>\n<li>Netokaal: 82 kg<\/li>\n<\/ul>\n<p>&nbsp;<\/p>\n<p>&nbsp;<\/p>\n<p><em><strong>Toode tarnitakse kaubaalusel + pappkarbis.<\/strong><\/em><\/p>\n<p>&nbsp;<\/p>\n<p>&nbsp;<\/p>\n<div class=\"video-wrapper \"><iframe loading=\"lazy\" title=\"Simge Soba - 7040 URUS - Wood burning cooking stove \ud83d\udd25\" width=\"500\" height=\"281\" src=\"https:\/\/www.youtube.com\/embed\/E1qso8g8usc?feature=oembed\" frameborder=\"0\" allow=\"accelerometer; autoplay; clipboard-write; encrypted-media; gyroscope; picture-in-picture; web-share\" referrerpolicy=\"strict-origin-when-cross-origin\" allowfullscreen><\/iframe><\/div>\n","protected":false},"excerpt":{"rendered":"<ul>\n<li>Eemaldatav tuhasahtel<\/li>\n<li>P\u00f5lemiskamber on valmistatud malmist<\/li>\n<li>Pealmine plaat ja r\u00f5ngad on malmist<\/li>\n<li>Reguleeritav primaarne ja sekundaarne \u00f5huvool paremaks p\u00f5lemise juhtimiseks<\/li>\n<li>J\u00e4relp\u00f5lemiss\u00fcsteem (madal heitmete tase)<\/li>\n<li>Eemaldatav puusahtel<\/li>\n<li>Emailitud terasest ahi<\/li>\n<li>Keraamiline klaas<\/li>\n<li>\u00dclemine parempoolne v\u00f5i tagumine suitsuava<\/li>\n<li>Kroomitud k\u00e4epidemed<\/li>\n<li>Ahju termomeeter<\/li>\n<li>K\u00fcpsetusplaat ja rest<\/li>\n<\/ul>\n","protected":false},"featured_media":91445,"comment_status":"open","ping_status":"closed","template":"","meta":{"_acf_changed":false},"factory":[],"free-shipment":[],"product_brand":[],"product_cat":[4791,1247,3061],"product_tag":[1892],"class_list":{"0":"post-91547","1":"product","2":"type-product","3":"status-publish","4":"has-post-thumbnail","6":"product_cat-ahjud-et","7":"product_cat-ahjud","8":"product_cat-simge-soba-et","9":"product_tag-stove-et","11":"first","12":"instock","13":"sale","14":"taxable","15":"shipping-taxable","16":"purchasable","17":"product-type-simple"},"acf":[],"_links":{"self":[{"href":"https:\/\/factory.sale\/et\/wp-json\/wp\/v2\/product\/91547","targetHints":{"allow":["GET"]}}],"collection":[{"href":"https:\/\/factory.sale\/et\/wp-json\/wp\/v2\/product"}],"about":[{"href":"https:\/\/factory.sale\/et\/wp-json\/wp\/v2\/types\/product"}],"replies":[{"embeddable":true,"href":"https:\/\/factory.sale\/et\/wp-json\/wp\/v2\/comments?post=91547"}],"wp:featuredmedia":[{"embeddable":true,"href":"https:\/\/factory.sale\/et\/wp-json\/wp\/v2\/media\/91445"}],"wp:attachment":[{"href":"https:\/\/factory.sale\/et\/wp-json\/wp\/v2\/media?parent=91547"}],"wp:term":[{"taxonomy":"factory","embeddable":true,"href":"https:\/\/factory.sale\/et\/wp-json\/wp\/v2\/factory?post=91547"},{"taxonomy":"free-shipment","embeddable":true,"href":"https:\/\/factory.sale\/et\/wp-json\/wp\/v2\/free-shipment?post=91547"},{"taxonomy":"product_brand","embeddable":true,"href":"https:\/\/factory.sale\/et\/wp-json\/wp\/v2\/product_brand?post=91547"},{"taxonomy":"product_cat","embeddable":true,"href":"https:\/\/factory.sale\/et\/wp-json\/wp\/v2\/product_cat?post=91547"},{"taxonomy":"product_tag","embeddable":true,"href":"https:\/\/factory.sale\/et\/wp-json\/wp\/v2\/product_tag?post=91547"}],"curies":[{"name":"wp","href":"https:\/\/api.w.org\/{rel}","templated":true}]}}