{"id":91284,"date":"2024-10-09T16:22:08","date_gmt":"2024-10-09T13:24:41","guid":{"rendered":"https:\/\/factory.sale\/?post_type=product&#038;p=91284"},"modified":"2025-03-23T10:52:19","modified_gmt":"2025-03-23T07:52:19","slug":"nb-4100-mikroprotsessoriga-tasemekontrollsusteem-20-28dc-max-80c-4-20ma-15m-tross-roostevaba-terasest-raskus","status":"publish","type":"product","link":"https:\/\/factory.sale\/et\/toode\/nb-4100-mikroprotsessoriga-tasemekontrollsusteem-20-28dc-max-80c-4-20ma-15m-tross-roostevaba-terasest-raskus\/","title":{"rendered":"NB 4100 Mikroprotsessoriga tasemekontrolls\u00fcsteem, 20-28DC, MAX +80C, 4-20MA, 15M tross, roostevaba terasest raskus"},"content":{"rendered":"<p>Pidev taseme m\u00f5\u00f5tmine tahkete ainete rakendustes<\/p>\n<p><strong>Protsess<\/strong><\/p>\n<p>\u2022 S\u00f5ltumatu puistematerjali omadustest<br \/>\n\u2022 T\u00e4pne m\u00f5\u00f5tmine<\/p>\n<p>&nbsp;<\/p>\n<p><strong>Teenindus<\/strong><\/p>\n<p>\u2022 Lihtne paigaldus ja kasutuselev\u00f5tt<br \/>\n\u2022 K\u00f6ie ja lindi versioon pika kasutuseaga<br \/>\n\u2022 Madal hooldusvajadus<\/p>\n<p>&nbsp;<\/p>\n<p><strong>Heakskiidud<\/strong><\/p>\n<p>\u2022 Heakskiit kasutamiseks ohtlikes piirkondades<br \/>\n\u2022 2011\/65\/EU RoHS vastav<\/p>\n<p>&nbsp;<\/p>\n<p>&nbsp;<\/p>\n<p><strong>Tehniline teave:<\/strong><\/p>\n<ul>\n<li>Toode: NB 4100<\/li>\n<li>Tarnija: UWT<\/li>\n<li>Toiteallikas: 18-36V DC<\/li>\n<li>Seeria: Nivobob<\/li>\n<li>T\u00f6\u00f6temperatuur: -40\u02da&#8230;+80\u02daC<\/li>\n<li>Kaitseklass: IP66<\/li>\n<li>Korpus: Alumiinium<\/li>\n<li>V\u00e4ljund: 2 x relee; 1 x 4-20mA<\/li>\n<li>Sertifikaat: CE<\/li>\n<li>Pikkus: 15 m<\/li>\n<\/ul>\n<p>&nbsp;<\/p>\n<p>&nbsp;<\/p>\n<p>&nbsp;<\/p>\n<p><a href=\"https:\/\/factory.sale\/wp-content\/uploads\/2024\/10\/NB4_opt_en.pdf\" target=\"_blank\" rel=\"noopener\">PDF<\/a><\/p>\n","protected":false},"excerpt":{"rendered":"<ul>\n<li>Toode: NB 4100 Pidev tase m\u00f5\u00f5tmine<\/li>\n<li>Tarnija: UWT<\/li>\n<li>Toiteallikas: 18-36V DC<\/li>\n<li>Seeria: Nivobob<\/li>\n<li>T\u00f6\u00f6temperatuur: -40\u02da&#8230;+80\u02daC<\/li>\n<li>Kaitseklass: IP66<\/li>\n<li>Korpus: Alumiinium<\/li>\n<li>V\u00e4ljund: 2 x relee; 1 x 4-20mA<\/li>\n<li>Sertifikaat: CE<\/li>\n<li>Pikkus: 15 m<\/li>\n<\/ul>\n<p>&nbsp;<\/p>\n","protected":false},"featured_media":91282,"comment_status":"open","ping_status":"closed","template":"","meta":{"_acf_changed":false},"factory":[],"free-shipment":[],"product_brand":[],"product_cat":[2998,2606],"product_tag":[],"class_list":{"0":"post-91284","1":"product","2":"type-product","3":"status-publish","4":"has-post-thumbnail","6":"product_cat-taseme-andurid","7":"product_cat-toostusautomaatika","9":"first","10":"instock","11":"sale","12":"taxable","13":"shipping-taxable","14":"purchasable","15":"product-type-simple"},"acf":[],"_links":{"self":[{"href":"https:\/\/factory.sale\/et\/wp-json\/wp\/v2\/product\/91284","targetHints":{"allow":["GET"]}}],"collection":[{"href":"https:\/\/factory.sale\/et\/wp-json\/wp\/v2\/product"}],"about":[{"href":"https:\/\/factory.sale\/et\/wp-json\/wp\/v2\/types\/product"}],"replies":[{"embeddable":true,"href":"https:\/\/factory.sale\/et\/wp-json\/wp\/v2\/comments?post=91284"}],"wp:featuredmedia":[{"embeddable":true,"href":"https:\/\/factory.sale\/et\/wp-json\/wp\/v2\/media\/91282"}],"wp:attachment":[{"href":"https:\/\/factory.sale\/et\/wp-json\/wp\/v2\/media?parent=91284"}],"wp:term":[{"taxonomy":"factory","embeddable":true,"href":"https:\/\/factory.sale\/et\/wp-json\/wp\/v2\/factory?post=91284"},{"taxonomy":"free-shipment","embeddable":true,"href":"https:\/\/factory.sale\/et\/wp-json\/wp\/v2\/free-shipment?post=91284"},{"taxonomy":"product_brand","embeddable":true,"href":"https:\/\/factory.sale\/et\/wp-json\/wp\/v2\/product_brand?post=91284"},{"taxonomy":"product_cat","embeddable":true,"href":"https:\/\/factory.sale\/et\/wp-json\/wp\/v2\/product_cat?post=91284"},{"taxonomy":"product_tag","embeddable":true,"href":"https:\/\/factory.sale\/et\/wp-json\/wp\/v2\/product_tag?post=91284"}],"curies":[{"name":"wp","href":"https:\/\/api.w.org\/{rel}","templated":true}]}}