{"id":91272,"date":"2024-10-09T16:00:38","date_gmt":"2024-10-09T13:03:19","guid":{"rendered":"https:\/\/factory.sale\/?post_type=product&#038;p=91272"},"modified":"2024-10-10T07:08:25","modified_gmt":"2024-10-10T04:08:25","slug":"nr-7200-radarandur-12-35dc-max-15m-4-20mahart-40c-80c-1bar-3bar-g1%c2%bd-display-ip66-67","status":"publish","type":"product","link":"https:\/\/factory.sale\/et\/toode\/nr-7200-radarandur-12-35dc-max-15m-4-20mahart-40c-80c-1bar-3bar-g1%c2%bd-display-ip66-67\/","title":{"rendered":"NR 7200 Radarandur, 12-35DC, max 15M, 4-20MA+HART, -40\u00b0C&#8230;+80\u00b0C, -1BAR&#8230;+3BAR, G1\u00bd\u201d, display, IP66\/67"},"content":{"rendered":"<p>T\u00e4nu k\u00f5rgele kaitsetasemele ja vastupidavatele materjalidele on andur ideaalne vedelike rakenduste jaoks ning seda saab kasutada ka v\u00e4iksemates lahtiste ainete silodes. M\u00f5\u00f5tmine toimub kuni antennini, ilma, et \u00fclemises tsoonis oleks blokeerimispiirkonda. Anduri v\u00e4\u00e4rtusi saab seada v\u00f5i lugeda otse seadmel valikulise LED-ekraani kaudu. Vabalt kiirgav radarandur reageerib kiiresti ning seda saab seadistada ka mobiilseadmete ja UWT LevelApp-i kaudu. Seadistamine UWT LevelApp-i kaudu.<\/p>\n<p>&nbsp;<\/p>\n<p>&nbsp;<\/p>\n<p><strong>Tehniline teave:<\/strong><\/p>\n<ul>\n<li>Tarnija: UWT<\/li>\n<li>Toiteallikas: 12-35V DC<\/li>\n<li>Seeria: NivoRadar<\/li>\n<li>M\u00f5\u00f5tepiirkond maksimaalselt: 15 m<\/li>\n<li>T\u00f6\u00f6temperatuur: -40\u02da&#8230;+80\u02daC<\/li>\n<li>Kaitseklass: IP66\/67<\/li>\n<li>Korpus: Plast<\/li>\n<li>V\u00e4ljund: 4&#8230;20 mA + HART<\/li>\n<li>Keere\/l\u00e4biviik: G1\u00bd\u201d<\/li>\n<li>R\u00f5hk: -1&#8230;3 bar<\/li>\n<\/ul>\n<p>&nbsp;<\/p>\n<p>&nbsp;<\/p>\n<p>&nbsp;<\/p>\n<p><a href=\"https:\/\/factory.sale\/wp-content\/uploads\/2024\/10\/NivoRadar-7000.pdf\" target=\"_blank\" rel=\"noopener\">PDF<\/a><\/p>\n","protected":false},"excerpt":{"rendered":"<p>T\u00e4nu k\u00f5rgele kaitsetasemele ja vastupidavatele materjalidele on andur ideaalne vedelike rakenduste jaoks ning seda saab kasutada ka v\u00e4iksemates lahtiste ainete silodes. M\u00f5\u00f5tmine toimub kuni antennini, ilma, et \u00fclemises tsoonis oleks blokeerimispiirkonda. Anduri v\u00e4\u00e4rtusi saab seada v\u00f5i lugeda otse seadmel valikulise LED-ekraani kaudu. Vabalt kiirgav radarandur reageerib kiiresti ning seda saab seadistada ka mobiilseadmete ja UWT LevelApp-i kaudu. Seadistamine UWT LevelApp-i kaudu.<\/p>\n","protected":false},"featured_media":91264,"comment_status":"open","ping_status":"closed","template":"","meta":{"_acf_changed":false},"factory":[],"free-shipment":[],"product_brand":[],"product_cat":[2998,2606],"product_tag":[],"class_list":{"0":"post-91272","1":"product","2":"type-product","3":"status-publish","4":"has-post-thumbnail","6":"product_cat-taseme-andurid","7":"product_cat-toostusautomaatika","9":"first","10":"instock","11":"sale","12":"taxable","13":"shipping-taxable","14":"purchasable","15":"product-type-simple"},"acf":[],"_links":{"self":[{"href":"https:\/\/factory.sale\/et\/wp-json\/wp\/v2\/product\/91272","targetHints":{"allow":["GET"]}}],"collection":[{"href":"https:\/\/factory.sale\/et\/wp-json\/wp\/v2\/product"}],"about":[{"href":"https:\/\/factory.sale\/et\/wp-json\/wp\/v2\/types\/product"}],"replies":[{"embeddable":true,"href":"https:\/\/factory.sale\/et\/wp-json\/wp\/v2\/comments?post=91272"}],"wp:featuredmedia":[{"embeddable":true,"href":"https:\/\/factory.sale\/et\/wp-json\/wp\/v2\/media\/91264"}],"wp:attachment":[{"href":"https:\/\/factory.sale\/et\/wp-json\/wp\/v2\/media?parent=91272"}],"wp:term":[{"taxonomy":"factory","embeddable":true,"href":"https:\/\/factory.sale\/et\/wp-json\/wp\/v2\/factory?post=91272"},{"taxonomy":"free-shipment","embeddable":true,"href":"https:\/\/factory.sale\/et\/wp-json\/wp\/v2\/free-shipment?post=91272"},{"taxonomy":"product_brand","embeddable":true,"href":"https:\/\/factory.sale\/et\/wp-json\/wp\/v2\/product_brand?post=91272"},{"taxonomy":"product_cat","embeddable":true,"href":"https:\/\/factory.sale\/et\/wp-json\/wp\/v2\/product_cat?post=91272"},{"taxonomy":"product_tag","embeddable":true,"href":"https:\/\/factory.sale\/et\/wp-json\/wp\/v2\/product_tag?post=91272"}],"curies":[{"name":"wp","href":"https:\/\/api.w.org\/{rel}","templated":true}]}}