{"id":91147,"date":"2024-10-07T15:17:19","date_gmt":"2024-10-07T12:21:34","guid":{"rendered":"https:\/\/factory.sale\/?post_type=product&#038;p=91147"},"modified":"2024-10-08T01:47:09","modified_gmt":"2024-10-07T22:47:09","slug":"rn-3004-tasapinnaandur-230ac-metallist-laba-alumiiniumkorpus-l_250mm-g1%c2%bd-alumiinium-max-80c","status":"publish","type":"product","link":"https:\/\/factory.sale\/et\/toode\/rn-3004-tasapinnaandur-230ac-metallist-laba-alumiiniumkorpus-l_250mm-g1%c2%bd-alumiinium-max-80c\/","title":{"rendered":"RN 3004 Tasapinnaandur, 230AC, metallist laba, alumiiniumkorpus, L_250MM, G1\u00bd\u201d alumiinium, MAX +80C"},"content":{"rendered":"<p>ROTONIVO on elektromehaaniline tasemeandur, mida kasutatakse puistematerjalide taseme j\u00e4lgimiseks. Seadet saab tarnida mitmesuguste plahvatusohutuse sertifikaatidega, mis v\u00f5imaldavad selle kasutamist ohtlikes piirkondades. Seda saab kohandada t\u00f6\u00f6tamiseks nii \u00fcle- kui alar\u00f5hul ning ka v\u00e4ga k\u00f5rgetel v\u00f5i madalatel protsessitemperatuuridel.<\/p>\n<p>&nbsp;<\/p>\n<p>&nbsp;<\/p>\n<p><strong>Rakendusvalkonnad:<\/strong><\/p>\n<p>Ehitusmaterjalide t\u00f6\u00f6stus: lubi, vahtpol\u00fcst\u00fcrool, vormimisliiv jne.<br \/>\nToiduainet\u00f6\u00f6stus: piimapulber, jahu, sool jne.<br \/>\nPlastit\u00f6\u00f6stus: plastigraanulid jne.<br \/>\nPuidut\u00f6\u00f6stus<br \/>\nKeemiat\u00f6\u00f6stus<br \/>\nMasinat\u00f6\u00f6stus<\/p>\n<p>&nbsp;<\/p>\n<p><strong>Tehniline teave:<\/strong><\/p>\n<ul>\n<li>Tarnija: UWT<\/li>\n<li>Toitepinge: 230V AC<\/li>\n<li>Seeria: Rotonivo<\/li>\n<li>T\u00f6\u00f6temperatuur: -20\u02da&#8230;+80\u02daC<\/li>\n<li>Kaitseklass: IP66<\/li>\n<li>Korpus: alumiinium<\/li>\n<li>V\u00e4ljund: relee<\/li>\n<li>Keerme\u00fchendus: G1\u00bd\u201d<\/li>\n<li>Sertifikaat: CE<\/li>\n<li>Pikkus: 250 mm<\/li>\n<\/ul>\n<p>&nbsp;<\/p>\n<p><a href=\"https:\/\/factory.sale\/wp-content\/uploads\/2024\/10\/RN-300.pdf\" target=\"_blank\" rel=\"noopener\">PDF<\/a><\/p>\n","protected":false},"excerpt":{"rendered":"<p>ROTONIVO on elektromehaaniline tasemeandur, mida kasutatakse puistematerjalide taseme j\u00e4lgimiseks. Seadet saab tarnida mitmesuguste plahvatusohutuse sertifikaatidega, mis v\u00f5imaldavad selle kasutamist ohtlikes piirkondades. Seda saab kohandada t\u00f6\u00f6tamiseks nii \u00fcle- kui alar\u00f5hul ning ka v\u00e4ga k\u00f5rgetel v\u00f5i madalatel protsessitemperatuuridel.<\/p>\n","protected":false},"featured_media":91142,"comment_status":"open","ping_status":"closed","template":"","meta":{"_acf_changed":false},"factory":[],"free-shipment":[],"product_brand":[],"product_cat":[2993,2583],"product_tag":[],"class_list":{"0":"post-91147","1":"product","2":"type-product","3":"status-publish","4":"has-post-thumbnail","6":"product_cat-level-sensors-2","7":"product_cat-industrial-automation","9":"first","10":"instock","11":"sale","12":"taxable","13":"shipping-taxable","14":"purchasable","15":"product-type-simple"},"acf":[],"_links":{"self":[{"href":"https:\/\/factory.sale\/et\/wp-json\/wp\/v2\/product\/91147","targetHints":{"allow":["GET"]}}],"collection":[{"href":"https:\/\/factory.sale\/et\/wp-json\/wp\/v2\/product"}],"about":[{"href":"https:\/\/factory.sale\/et\/wp-json\/wp\/v2\/types\/product"}],"replies":[{"embeddable":true,"href":"https:\/\/factory.sale\/et\/wp-json\/wp\/v2\/comments?post=91147"}],"wp:featuredmedia":[{"embeddable":true,"href":"https:\/\/factory.sale\/et\/wp-json\/wp\/v2\/media\/91142"}],"wp:attachment":[{"href":"https:\/\/factory.sale\/et\/wp-json\/wp\/v2\/media?parent=91147"}],"wp:term":[{"taxonomy":"factory","embeddable":true,"href":"https:\/\/factory.sale\/et\/wp-json\/wp\/v2\/factory?post=91147"},{"taxonomy":"free-shipment","embeddable":true,"href":"https:\/\/factory.sale\/et\/wp-json\/wp\/v2\/free-shipment?post=91147"},{"taxonomy":"product_brand","embeddable":true,"href":"https:\/\/factory.sale\/et\/wp-json\/wp\/v2\/product_brand?post=91147"},{"taxonomy":"product_cat","embeddable":true,"href":"https:\/\/factory.sale\/et\/wp-json\/wp\/v2\/product_cat?post=91147"},{"taxonomy":"product_tag","embeddable":true,"href":"https:\/\/factory.sale\/et\/wp-json\/wp\/v2\/product_tag?post=91147"}],"curies":[{"name":"wp","href":"https:\/\/api.w.org\/{rel}","templated":true}]}}