{"id":91131,"date":"2024-10-07T14:54:34","date_gmt":"2024-10-07T11:57:29","guid":{"rendered":"https:\/\/factory.sale\/?post_type=product&#038;p=91131"},"modified":"2024-10-07T14:57:29","modified_gmt":"2024-10-07T11:57:29","slug":"vn-4020-vibroandur-19-230ac-19-40dc-alumiiniumkorpus-40-150c-l170mm-r1%c2%bd","status":"publish","type":"product","link":"https:\/\/factory.sale\/et\/toode\/vn-4020-vibroandur-19-230ac-19-40dc-alumiiniumkorpus-40-150c-l170mm-r1%c2%bd\/","title":{"rendered":"VN 4020 vibroandur, 19-230AC\/19-40DC, alumiiniumkorpus, -40&#8230;+150C, L,170MM, R1\u00bd\u201d"},"content":{"rendered":"<p>Seade on m\u00f5eldud taseme j\u00e4lgimiseks igat t\u00fc\u00fcpi mahutites ja silodes. Seda saab kasutada k\u00f5ikide pulbriliste ja granuleeritud puistematerjalidega, mille tihedus on suurem kui 30 g\/l (1,9 lb\/ft3) ja millel pole tugevat kalduvust koorikute v\u00f5i ladestuste tekkeks.<\/p>\n<p>&nbsp;<\/p>\n<p><strong>Valik rakendusvaldkondi:<\/strong><\/p>\n<p>Ehitusmaterjalide t\u00f6\u00f6stus: lubi, vormimisliiv jne.<br \/>\nToiduainet\u00f6\u00f6stus: piimapulber, jahu, sool jne.<br \/>\nPlastikut\u00f6\u00f6stus: plastigraanulid jne.<br \/>\nPuidut\u00f6\u00f6stus<br \/>\nKeemiat\u00f6\u00f6stus<br \/>\nMasinaehitus<\/p>\n<p>&nbsp;<\/p>\n<p>&nbsp;<\/p>\n<p><strong>Tehniline teave:<\/strong><\/p>\n<ul>\n<li>Toode: vibroandur<\/li>\n<li>Tarnija: UWT<\/li>\n<li>Toitepinge: 19-230V AC \/ 19-40V DC<\/li>\n<li>Seeria: Vibranivo<\/li>\n<li>T\u00f6\u00f6temperatuur: -40&#8230;.+150\u00b0C<\/li>\n<li>Kaitseklass: IP67<\/li>\n<li>Korpus: Alumiinium<\/li>\n<li>V\u00e4ljund: DPDT relee<\/li>\n<li>Keermestus\/sisend: R1\u00bd\u201d<\/li>\n<li>Sertifikaat: CE<\/li>\n<li>Pikkus: 170 mm<\/li>\n<\/ul>\n<p>&nbsp;<\/p>\n<p>&nbsp;<\/p>\n<p>&nbsp;<\/p>\n<p><a href=\"https:\/\/factory.sale\/wp-content\/uploads\/2024\/10\/Vibronivo-4000-manuaal.pdf\" target=\"_blank\" rel=\"noopener\">PDF<\/a><\/p>\n","protected":false},"excerpt":{"rendered":"<p>Seade on m\u00f5eldud taseme j\u00e4lgimiseks igat t\u00fc\u00fcpi mahutites ja silodes. Seda saab kasutada k\u00f5ikide pulbriliste ja granuleeritud puistematerjalidega, mille tihedus on suurem kui 30 g\/l (1,9 lb\/ft3) ja millel pole tugevat kalduvust koorikute v\u00f5i ladestuste tekkeks.<\/p>\n","protected":false},"featured_media":91136,"comment_status":"open","ping_status":"closed","template":"","meta":{"_acf_changed":false},"factory":[],"free-shipment":[],"product_brand":[],"product_cat":[2998,2606],"product_tag":[],"class_list":{"0":"post-91131","1":"product","2":"type-product","3":"status-publish","4":"has-post-thumbnail","6":"product_cat-taseme-andurid","7":"product_cat-toostusautomaatika","9":"first","10":"instock","11":"sale","12":"taxable","13":"shipping-taxable","14":"purchasable","15":"product-type-simple"},"acf":[],"_links":{"self":[{"href":"https:\/\/factory.sale\/et\/wp-json\/wp\/v2\/product\/91131","targetHints":{"allow":["GET"]}}],"collection":[{"href":"https:\/\/factory.sale\/et\/wp-json\/wp\/v2\/product"}],"about":[{"href":"https:\/\/factory.sale\/et\/wp-json\/wp\/v2\/types\/product"}],"replies":[{"embeddable":true,"href":"https:\/\/factory.sale\/et\/wp-json\/wp\/v2\/comments?post=91131"}],"wp:featuredmedia":[{"embeddable":true,"href":"https:\/\/factory.sale\/et\/wp-json\/wp\/v2\/media\/91136"}],"wp:attachment":[{"href":"https:\/\/factory.sale\/et\/wp-json\/wp\/v2\/media?parent=91131"}],"wp:term":[{"taxonomy":"factory","embeddable":true,"href":"https:\/\/factory.sale\/et\/wp-json\/wp\/v2\/factory?post=91131"},{"taxonomy":"free-shipment","embeddable":true,"href":"https:\/\/factory.sale\/et\/wp-json\/wp\/v2\/free-shipment?post=91131"},{"taxonomy":"product_brand","embeddable":true,"href":"https:\/\/factory.sale\/et\/wp-json\/wp\/v2\/product_brand?post=91131"},{"taxonomy":"product_cat","embeddable":true,"href":"https:\/\/factory.sale\/et\/wp-json\/wp\/v2\/product_cat?post=91131"},{"taxonomy":"product_tag","embeddable":true,"href":"https:\/\/factory.sale\/et\/wp-json\/wp\/v2\/product_tag?post=91131"}],"curies":[{"name":"wp","href":"https:\/\/api.w.org\/{rel}","templated":true}]}}