{"id":91116,"date":"2024-10-07T15:01:11","date_gmt":"2024-10-07T12:01:42","guid":{"rendered":"https:\/\/factory.sale\/?post_type=product&#038;p=91116"},"modified":"2024-10-08T01:54:36","modified_gmt":"2024-10-07T22:54:36","slug":"sm-85-membraaniga-tasemeluliti-o-85-mm-ip55","status":"publish","type":"product","link":"https:\/\/factory.sale\/et\/toode\/sm-85-membraaniga-tasemeluliti-o-85-mm-ip55\/","title":{"rendered":"SM-85 membraaniga tasemel\u00fcliti, \u00d8 85 mm, IP55"},"content":{"rendered":"<p>See seade sobib maksimaalsete ja minimaalsete tasemete kontrollimiseks. Seda saab kasutada silohoidlate ja mahutite puhul, mis sisaldavad selliseid materjale nagu pulber, graanulid, riis, teravili, plastmaterjal, kohv, liiv jne. Selle t\u00f6\u00f6p\u00f5him\u00f5te p\u00f5hineb toote tekitatud r\u00f5hul kummimembraanil, mis aktiveerib kiiretoimelise mikrol\u00fcliti. L\u00fclitustundlikkust saab reguleerida seadme kaanel oleva kruvi abil, reguleerimine tehakse vastavalt materjalile ja selle erikaalule. Niiskuse ja temperatuuri k\u00f5ikumised ei m\u00f5juta seadme t\u00f6\u00f6d, lisaks on membraan l\u00f6\u00f6gikindel ja vastupidav vibratsioonile.<\/p>\n<p>&nbsp;<\/p>\n<p>&nbsp;<\/p>\n<p><strong>Tehniline teave:<\/strong><\/p>\n<ul>\n<li>Toode: membraani tasemel\u00fcliti<\/li>\n<li>Tarnija: Aeco<\/li>\n<li>T\u00f6\u00f6temperatuur: -10\u02da&#8230;+60\u02da\u0421<\/li>\n<li>Kaitseklass: IP55<\/li>\n<li>Korpus: alumiinium<\/li>\n<li>V\u00e4ljund: relee<\/li>\n<li>Sertifikaat: CE<\/li>\n<li>Materjal: plast<\/li>\n<li>L\u00e4bim\u00f5\u00f5t: 85 mm<\/li>\n<\/ul>\n<p>&nbsp;<\/p>\n<p>&nbsp;<\/p>\n<p><a href=\"https:\/\/factory.sale\/wp-content\/uploads\/2024\/10\/SM-85-datasheet.pdf\" target=\"_blank\" rel=\"noopener\">PDF<\/a><\/p>\n","protected":false},"excerpt":{"rendered":"<p>See seade sobib maksimaalsete ja minimaalsete tasemete kontrollimiseks. Seda saab kasutada silohoidlate ja mahutite puhul, mis sisaldavad selliseid materjale nagu pulber, graanulid, riis, teravili, plastmaterjal, kohv, liiv jne. Selle t\u00f6\u00f6p\u00f5him\u00f5te p\u00f5hineb toote tekitatud r\u00f5hul kummimembraanil, mis aktiveerib kiiretoimelise mikrol\u00fcliti. L\u00fclitustundlikkust saab reguleerida seadme kaanel oleva kruvi abil, reguleerimine tehakse vastavalt materjalile ja selle erikaalule. Niiskuse ja temperatuuri k\u00f5ikumised ei m\u00f5juta seadme t\u00f6\u00f6d, lisaks on membraan l\u00f6\u00f6gikindel ja vastupidav vibratsioonile.<\/p>\n","protected":false},"featured_media":91121,"comment_status":"open","ping_status":"closed","template":"","meta":{"_acf_changed":false},"factory":[],"free-shipment":[],"product_brand":[],"product_cat":[2998,2606],"product_tag":[],"class_list":{"0":"post-91116","1":"product","2":"type-product","3":"status-publish","4":"has-post-thumbnail","6":"product_cat-taseme-andurid","7":"product_cat-toostusautomaatika","9":"first","10":"instock","11":"sale","12":"taxable","13":"shipping-taxable","14":"purchasable","15":"product-type-simple"},"acf":[],"_links":{"self":[{"href":"https:\/\/factory.sale\/et\/wp-json\/wp\/v2\/product\/91116","targetHints":{"allow":["GET"]}}],"collection":[{"href":"https:\/\/factory.sale\/et\/wp-json\/wp\/v2\/product"}],"about":[{"href":"https:\/\/factory.sale\/et\/wp-json\/wp\/v2\/types\/product"}],"replies":[{"embeddable":true,"href":"https:\/\/factory.sale\/et\/wp-json\/wp\/v2\/comments?post=91116"}],"wp:featuredmedia":[{"embeddable":true,"href":"https:\/\/factory.sale\/et\/wp-json\/wp\/v2\/media\/91121"}],"wp:attachment":[{"href":"https:\/\/factory.sale\/et\/wp-json\/wp\/v2\/media?parent=91116"}],"wp:term":[{"taxonomy":"factory","embeddable":true,"href":"https:\/\/factory.sale\/et\/wp-json\/wp\/v2\/factory?post=91116"},{"taxonomy":"free-shipment","embeddable":true,"href":"https:\/\/factory.sale\/et\/wp-json\/wp\/v2\/free-shipment?post=91116"},{"taxonomy":"product_brand","embeddable":true,"href":"https:\/\/factory.sale\/et\/wp-json\/wp\/v2\/product_brand?post=91116"},{"taxonomy":"product_cat","embeddable":true,"href":"https:\/\/factory.sale\/et\/wp-json\/wp\/v2\/product_cat?post=91116"},{"taxonomy":"product_tag","embeddable":true,"href":"https:\/\/factory.sale\/et\/wp-json\/wp\/v2\/product_tag?post=91116"}],"curies":[{"name":"wp","href":"https:\/\/api.w.org\/{rel}","templated":true}]}}