{"id":91107,"date":"2024-10-07T15:04:33","date_gmt":"2024-10-07T12:05:04","guid":{"rendered":"https:\/\/factory.sale\/?post_type=product&#038;p=91107"},"modified":"2024-10-08T04:01:42","modified_gmt":"2024-10-08T01:01:42","slug":"rfls-53n-1-re-g-tasemeandur-95-230ac-releevaljund","status":"publish","type":"product","link":"https:\/\/factory.sale\/et\/toode\/rfls-53n-1-re-g-tasemeandur-95-230ac-releevaljund\/","title":{"rendered":"RFLS-53N-1-RE-G Tasemeandur, 95-230AC, releev\u00e4ljund"},"content":{"rendered":"<p>RFLS-53 sensor kasutab k\u00f5rgsageduslikul v\u00f5imsusm\u00f5\u00f5tmisel p\u00f5hinevat p\u00f5him\u00f5tet. See t\u00e4hendab, et sensor reageerib materjali massile ja ignoreerib sadestusi ja materjalij\u00e4\u00e4ke, mis j\u00e4\u00e4vad sensori m\u00f5\u00f5teosa &#8211; aktiivse pinna &#8211; k\u00fclge. Seet\u00f5ttu saab sensorit kasutada n\u00f5udlikes rakendustes, et tuvastada pulbreid, tolmu ja h\u00fcgroskoopseid materjale, ning see v\u00f5ib asendada mehaanilisi p\u00f6\u00f6rd-tasemeandureid v\u00f5i tavalisi mahtuvuslikke tasemeandureid. Sensorit toodetakse mitmes versioonis, millel on v\u00e4ga madal (24 V DC) v\u00f5i madal toitepinge (230 V DC). Sellel on erinevad v\u00e4ljundt\u00fc\u00fcbid (PNP, relee, SSR) ja elektri\u00fchendus (M 12, ventiili \u00fchendused, kaabel).<\/p>\n<p>RFLS-53 asendab t\u00e4ielikult vanema CLS-53 mudeli, kuid selle 230 V AC versiooni elektri\u00fchendus on erinev (3 juhet).<\/p>\n<p>&nbsp;<\/p>\n<p>&nbsp;<\/p>\n<p><strong>Tehniline info:<\/strong><\/p>\n<ul>\n<li>Tootja: Dinel<\/li>\n<li>Toiteallikas: 90-250 AC<\/li>\n<li>T\u00f6\u00f6temperatuur: -20\u02da&#8230;+60\u02daC<\/li>\n<li>Kaitseklass: IP65<\/li>\n<li>V\u00e4ljund: Relee<\/li>\n<li>Keerme\/sisend\u00fchendus: G1\u00bd&#8221;<\/li>\n<\/ul>\n<p>&nbsp;<\/p>\n<p>&nbsp;<\/p>\n<p>&nbsp;<\/p>\n<p><a href=\"https:\/\/factory.sale\/wp-content\/uploads\/2024\/10\/RFLS-53N-manual.pdf\" target=\"_blank\" rel=\"noopener\">PDF<\/a><\/p>\n","protected":false},"excerpt":{"rendered":"<p>RFLS-53 sensor kasutab k\u00f5rgsageduslikul v\u00f5imsusm\u00f5\u00f5tmisel p\u00f5hinevat p\u00f5him\u00f5tet. See t\u00e4hendab, et sensor reageerib materjali massile ja ignoreerib sadestusi ja materjalij\u00e4\u00e4ke, mis j\u00e4\u00e4vad sensori m\u00f5\u00f5teosa- aktiivse pinna \u00a0k\u00fclge. Seet\u00f5ttu saab sensorit kasutada n\u00f5udlikes rakendustes, et tuvastada pulbreid, tolmu ja h\u00fcgroskoopseid materjale, ning see v\u00f5ib asendada mehaanilisi p\u00f6\u00f6rd-tasemeandureid v\u00f5i tavalisi mahtuvuslikke tasemeandureid. Sensorit toodetakse mitmes versioonis, millel on v\u00e4ga madal (24 V DC) v\u00f5i madal toitepinge (230 V DC). Sellel on erinevad v\u00e4ljundt\u00fc\u00fcbid (PNP, relee, SSR) ja elektri\u00fchendus (M 12, ventiili \u00fchendused, kaabel).<\/p>\n<p>RFLS-53 asendab t\u00e4ielikult vanema CLS-53 mudeli, kuid selle 230 V AC versiooni elektri\u00fchendus on erinev (3 juhet).<\/p>\n","protected":false},"featured_media":91098,"comment_status":"open","ping_status":"closed","template":"","meta":{"_acf_changed":false},"factory":[],"free-shipment":[],"product_brand":[],"product_cat":[2998,2606],"product_tag":[],"class_list":{"0":"post-91107","1":"product","2":"type-product","3":"status-publish","4":"has-post-thumbnail","6":"product_cat-taseme-andurid","7":"product_cat-toostusautomaatika","9":"first","10":"instock","11":"sale","12":"taxable","13":"shipping-taxable","14":"purchasable","15":"product-type-simple"},"acf":[],"_links":{"self":[{"href":"https:\/\/factory.sale\/et\/wp-json\/wp\/v2\/product\/91107","targetHints":{"allow":["GET"]}}],"collection":[{"href":"https:\/\/factory.sale\/et\/wp-json\/wp\/v2\/product"}],"about":[{"href":"https:\/\/factory.sale\/et\/wp-json\/wp\/v2\/types\/product"}],"replies":[{"embeddable":true,"href":"https:\/\/factory.sale\/et\/wp-json\/wp\/v2\/comments?post=91107"}],"wp:featuredmedia":[{"embeddable":true,"href":"https:\/\/factory.sale\/et\/wp-json\/wp\/v2\/media\/91098"}],"wp:attachment":[{"href":"https:\/\/factory.sale\/et\/wp-json\/wp\/v2\/media?parent=91107"}],"wp:term":[{"taxonomy":"factory","embeddable":true,"href":"https:\/\/factory.sale\/et\/wp-json\/wp\/v2\/factory?post=91107"},{"taxonomy":"free-shipment","embeddable":true,"href":"https:\/\/factory.sale\/et\/wp-json\/wp\/v2\/free-shipment?post=91107"},{"taxonomy":"product_brand","embeddable":true,"href":"https:\/\/factory.sale\/et\/wp-json\/wp\/v2\/product_brand?post=91107"},{"taxonomy":"product_cat","embeddable":true,"href":"https:\/\/factory.sale\/et\/wp-json\/wp\/v2\/product_cat?post=91107"},{"taxonomy":"product_tag","embeddable":true,"href":"https:\/\/factory.sale\/et\/wp-json\/wp\/v2\/product_tag?post=91107"}],"curies":[{"name":"wp","href":"https:\/\/api.w.org\/{rel}","templated":true}]}}