{"id":90868,"date":"2024-10-02T19:24:41","date_gmt":"2024-10-02T16:40:43","guid":{"rendered":"https:\/\/factory.sale\/?post_type=product&#038;p=90868"},"modified":"2026-04-03T16:16:51","modified_gmt":"2026-04-03T13:16:51","slug":"puidust-kulmaveetunn-2-le-inimesele-13x085-m","status":"publish","type":"product","link":"https:\/\/factory.sale\/et\/toode\/puidust-kulmaveetunn-2-le-inimesele-13x085-m\/","title":{"rendered":"Puidust k\u00fclmaveet\u00fcnn 2 le inimesele 1,3&#215;0,85 m"},"content":{"rendered":"<p><strong>J\u00e4\u00e4vann: ainulaadne kogemus kehale ja l\u00f5\u00f5gastumiseks!<\/strong><\/p>\n<p>Hellita end kahekohalise puidust k\u00fclmaveet\u00fcnniga ja avasta k\u00fclmaveeteraapia kosutavad eelised.<\/p>\n<p>Meie puidust k\u00fclmaveet\u00fcnn on varustatud kahe mugava pingiga, et parandada sinu spaakogemust. Vali erinevate puidut\u00fc\u00fcpide vahel, et leida just sulle sobivaim lahendus.<\/p>\n<p>&nbsp;<\/p>\n<p>&nbsp;<\/p>\n<p><strong>P\u00f5hikomplekt sisaldab:<\/strong><\/p>\n<ul>\n<li>Puidust k\u00fclmaveet\u00fcnn kahe roostevabast terasest r\u00f5ngaga vastupidavuse suurendamiseks<\/li>\n<li>Mugavad pingid l\u00f5\u00f5gastumiseks<\/li>\n<li>\u00c4ravool<\/li>\n<\/ul>\n<p>&nbsp;<\/p>\n<p><strong>T\u00f5sta kogemust 2-\u00fches lahendusega:<\/strong><\/p>\n<p>Lisa t\u00fcnnile ahi, et muuta see mitmek\u00fclgseks kuumaveet\u00fcnniks talveks ja kosutavaks k\u00fclmavee sulpsuks suveks.<\/p>\n<p>&nbsp;<\/p>\n<p>&nbsp;<\/p>\n<p><strong>K\u00fclma veenteraapia eelised:<\/strong><\/p>\n<ul>\n<li>Paranenud vereringe ja l\u00f5\u00f5gastus<\/li>\n<li>Kiirem lihaste taastumine<\/li>\n<li>Tugevnenud immuuns\u00fcsteem<\/li>\n<li>V\u00e4henenud p\u00f5letik ja valu<\/li>\n<\/ul>\n<p>&nbsp;<\/p>\n<p>&nbsp;<\/p>\n<p><strong>Tehniline info:<\/strong><\/p>\n<ul>\n<li>Suurus (m): 1,3 x 0,85<\/li>\n<li>Mahutavus (in.): 2<\/li>\n<li>Maht (l): 600<\/li>\n<li>Kaal (kg): 150<\/li>\n<li>K\u00f5rgus: 1,12 m<\/li>\n<li>S\u00fcgavus: 0,98 m<\/li>\n<li>Istmete k\u00f5rgus: 320 mm<\/li>\n<li>Istmete laius: 350 mm<\/li>\n<li>Istmete paksus: 41 mm<\/li>\n<li>Puidu v\u00e4lispaksus: 41 mm<\/li>\n<li>P\u00f5randa paksus: 39 mm<\/li>\n<\/ul>\n<p>&nbsp;<\/p>\n<p><strong>Palju lisatarvikuid saadaval:<\/strong><\/p>\n<p>Ahi<\/p>\n<p>Trepid<\/p>\n<p>Kate<\/p>\n<p>\u00c4ravooluklapp<\/p>\n<p>Riiul<\/p>\n<p>Pulk<\/p>\n<p>&nbsp;<\/p>\n<p>&nbsp;<\/p>\n<p><strong>K\u00fcsi lisainfot!<\/strong><\/p>\n<p>&nbsp;<\/p>\n<p>&nbsp;<\/p>\n<p><b>Transpordi informatsioon:<\/b><\/p>\n<p>Kohaletoimetamine t\u00f5stukiga veoautoga.<\/p>\n","protected":false},"excerpt":{"rendered":"<p><strong>J\u00e4\u00e4vann: ainulaadne kogemus kehale ja l\u00f5\u00f5gastumiseks!<\/strong><\/p>\n<p>Hellita end kahekohalise puidust k\u00fclmaveet\u00fcnniga ja avasta k\u00fclmaveeteraapia kosutavad eelised.<\/p>\n<p>Meie puidust k\u00fclmaveet\u00fcnn on varustatud kahe mugava pingiga, et parandada sinu spaakogemust. Vali erinevate puidut\u00fc\u00fcpide vahel, et leida just sulle sobivaim lahendus.<\/p>\n<p><strong>Ostes Eesti tooteid, saate ainult k\u00f5rgeima kvaliteediga tooted.<\/strong><\/p>\n<p><img loading=\"lazy\" decoding=\"async\" class=\"alignnone wp-image-100903\" src=\"https:\/\/factory.sale\/wp-content\/uploads\/2023\/04\/made-inestonia-3-factory-sale-300x300.webp\" alt=\"Made in Estonia.\" width=\"255\" height=\"255\" srcset=\"https:\/\/factory.sale\/wp-content\/uploads\/2023\/04\/made-inestonia-3-factory-sale-300x300.webp 300w, https:\/\/factory.sale\/wp-content\/uploads\/2023\/04\/made-inestonia-3-factory-sale-1024x1024.webp 1024w, https:\/\/factory.sale\/wp-content\/uploads\/2023\/04\/made-inestonia-3-factory-sale-150x150.webp 150w, https:\/\/factory.sale\/wp-content\/uploads\/2023\/04\/made-inestonia-3-factory-sale-1536x1536.webp 1536w, https:\/\/factory.sale\/wp-content\/uploads\/2023\/04\/made-inestonia-3-factory-sale-600x600.webp 600w, https:\/\/factory.sale\/wp-content\/uploads\/2023\/04\/made-inestonia-3-factory-sale-100x100.webp 100w, https:\/\/factory.sale\/wp-content\/uploads\/2023\/04\/made-inestonia-3-factory-sale.webp 2048w\" sizes=\"auto, (max-width: 255px) 100vw, 255px\" \/><\/p>\n","protected":false},"featured_media":90856,"comment_status":"open","ping_status":"closed","template":"","meta":{"_acf_changed":false},"factory":[],"free-shipment":[],"product_brand":[],"product_cat":[3027,2209],"product_tag":[],"class_list":{"0":"post-90868","1":"product","2":"type-product","3":"status-publish","4":"has-post-thumbnail","6":"product_cat-kulmaveetunnid","7":"product_cat-kumblustunnid","9":"first","10":"instock","11":"sale","12":"taxable","13":"shipping-taxable","14":"purchasable","15":"product-type-simple"},"acf":[],"_links":{"self":[{"href":"https:\/\/factory.sale\/et\/wp-json\/wp\/v2\/product\/90868","targetHints":{"allow":["GET"]}}],"collection":[{"href":"https:\/\/factory.sale\/et\/wp-json\/wp\/v2\/product"}],"about":[{"href":"https:\/\/factory.sale\/et\/wp-json\/wp\/v2\/types\/product"}],"replies":[{"embeddable":true,"href":"https:\/\/factory.sale\/et\/wp-json\/wp\/v2\/comments?post=90868"}],"wp:featuredmedia":[{"embeddable":true,"href":"https:\/\/factory.sale\/et\/wp-json\/wp\/v2\/media\/90856"}],"wp:attachment":[{"href":"https:\/\/factory.sale\/et\/wp-json\/wp\/v2\/media?parent=90868"}],"wp:term":[{"taxonomy":"factory","embeddable":true,"href":"https:\/\/factory.sale\/et\/wp-json\/wp\/v2\/factory?post=90868"},{"taxonomy":"free-shipment","embeddable":true,"href":"https:\/\/factory.sale\/et\/wp-json\/wp\/v2\/free-shipment?post=90868"},{"taxonomy":"product_brand","embeddable":true,"href":"https:\/\/factory.sale\/et\/wp-json\/wp\/v2\/product_brand?post=90868"},{"taxonomy":"product_cat","embeddable":true,"href":"https:\/\/factory.sale\/et\/wp-json\/wp\/v2\/product_cat?post=90868"},{"taxonomy":"product_tag","embeddable":true,"href":"https:\/\/factory.sale\/et\/wp-json\/wp\/v2\/product_tag?post=90868"}],"curies":[{"name":"wp","href":"https:\/\/api.w.org\/{rel}","templated":true}]}}