{"id":90828,"date":"2024-10-02T19:00:13","date_gmt":"2024-10-02T15:59:04","guid":{"rendered":"https:\/\/factory.sale\/?post_type=product&#038;p=90828"},"modified":"2026-04-03T16:27:11","modified_gmt":"2026-04-03T13:27:11","slug":"kulmaveetunn-klaasplastist-2-inimesele","status":"publish","type":"product","link":"https:\/\/factory.sale\/et\/toode\/kulmaveetunn-klaasplastist-2-inimesele\/","title":{"rendered":"K\u00fclmaveet\u00fcnn klaasplastist 2 inimesele"},"content":{"rendered":"<p><strong>K\u00fclmaveet\u00fcnn: Unikaalne kogemus kehale!<\/strong><\/p>\n<p>V\u00e4ike k\u00fclmaveet\u00fcnn on valmistatud klaasplastist ja sobib ideaalselt kahele inimesele. Sellel on 800-liitrine s\u00e4\u00e4stlik klaaskiust paak, 18 mm termot\u00f6\u00f6deldud puidust v\u00e4liskate, veekindel vineerist p\u00f5rand, 2 peatuge ja \u00e4ravool. Efektiivsus ja mugavus \u00fches!<\/p>\n<p>Lisa lihtsalt ahi ja saad 2-\u00fches lahenduse! Tellides koos k\u00fcttekehaga, muutub t\u00fcnn mitmek\u00fclgseks tooteks \u2013 kuum t\u00fcnn talveks ja jahutav t\u00fcnn suveks.<\/p>\n<p>&nbsp;<\/p>\n<p>&nbsp;<\/p>\n<p><strong>P\u00f5hikomplekt sisaldab:<\/strong><\/p>\n<ul>\n<li>Klaasplastist vann 18 mm termot\u00f6\u00f6deldud puiduga<\/li>\n<li>Veekindel vineerist p\u00f5rand<\/li>\n<li>2 peatuge<\/li>\n<li>\u00c4ravool<\/li>\n<\/ul>\n<p>&nbsp;<\/p>\n<p><strong>Tehniline info:<\/strong><\/p>\n<p>Suurus \u2013 1.85 x 0.95 m<br \/>\nMaht \u2013 800 l<br \/>\nKaal \u2013 120 kg<br \/>\nMahutavus \u2013 2 inimest<br \/>\nK\u00f5rgus \u2013 1.1 m<br \/>\nS\u00fcgavus \u2013 0.96 m<br \/>\nIstmete k\u00f5rgus \u2013 280 mm<br \/>\nIstmete laius \u2013 480 mm<br \/>\nTermot\u00f6\u00f6deldud puidu paksus \u2013 18 mm<br \/>\nVeekindel vineerp\u00f5rand \u2013 9 mm<\/p>\n<p>&nbsp;<\/p>\n<p>&nbsp;<\/p>\n<p><strong>V\u00e4rvid:<\/strong><\/p>\n<p>Sinine, hall, t\u00fcrkiis, bee\u017e, must<\/p>\n<p><img loading=\"lazy\" decoding=\"async\" class=\"alignnone wp-image-28930\" src=\"https:\/\/factory.sale\/wp-content\/uploads\/2023\/06\/colours-300x67.png\" alt=\"\" width=\"793\" height=\"177\" srcset=\"https:\/\/factory.sale\/wp-content\/uploads\/2023\/06\/colours-300x67.png 300w, https:\/\/factory.sale\/wp-content\/uploads\/2023\/06\/colours-1024x228.png 1024w, https:\/\/factory.sale\/wp-content\/uploads\/2023\/06\/colours-150x33.png 150w, https:\/\/factory.sale\/wp-content\/uploads\/2023\/06\/colours-1536x342.png 1536w, https:\/\/factory.sale\/wp-content\/uploads\/2023\/06\/colours-600x134.png 600w, https:\/\/factory.sale\/wp-content\/uploads\/2023\/06\/colours.png 1950w\" sizes=\"auto, (max-width: 793px) 100vw, 793px\" \/><\/p>\n<p>&nbsp;<\/p>\n<p>&nbsp;<\/p>\n<p><strong>Saadaval palju lisatarvikuid:<\/strong><\/p>\n<p>Ahi<\/p>\n<p>Mullis\u00fcsteem<\/p>\n<p>H\u00fcdromassaa\u017ei s\u00fcsteem<\/p>\n<p>LED-valgustus<\/p>\n<p>Trepid<\/p>\n<p>Katted<\/p>\n<p>PU-vaht<\/p>\n<p>\u00c4ravooluklapp<\/p>\n<p>&nbsp;<\/p>\n<p><strong>K\u00fcsi lisainfot!<\/strong><\/p>\n<p>&nbsp;<\/p>\n<p>&nbsp;<\/p>\n<p>&nbsp;<\/p>\n<p><b>Transpordi informatsioon:<\/b><\/p>\n<p>Kohaletoimetamine t\u00f5stukiga veoautoga.<\/p>\n","protected":false},"excerpt":{"rendered":"<p><strong>K\u00fclmaveet\u00fcnn: Unikaalne kogemus kehale ja l\u00f5\u00f5gastuseks!<\/strong><\/p>\n<p>V\u00e4ike k\u00fclmaveet\u00fcnn on valmistatud klaasplastist ja sobib ideaalselt kahele inimesele. Sellel on 800-liitrine s\u00e4\u00e4stlik klaaskiust paak, 18 mm termot\u00f6\u00f6deldud puidust v\u00e4liskate, veekindel vineerist p\u00f5rand, 2 peatuge ja \u00e4ravool. Efektiivsus ja mugavus \u00fches!<\/p>\n<p><strong>Ostes Eesti tooteid, saate ainult k\u00f5rgeima kvaliteediga tooted.<\/strong><\/p>\n<p><img loading=\"lazy\" decoding=\"async\" class=\"alignnone wp-image-100903\" src=\"https:\/\/factory.sale\/wp-content\/uploads\/2023\/04\/made-inestonia-3-factory-sale-300x300.webp\" alt=\"Made in Estonia.\" width=\"255\" height=\"255\" srcset=\"https:\/\/factory.sale\/wp-content\/uploads\/2023\/04\/made-inestonia-3-factory-sale-300x300.webp 300w, https:\/\/factory.sale\/wp-content\/uploads\/2023\/04\/made-inestonia-3-factory-sale-1024x1024.webp 1024w, https:\/\/factory.sale\/wp-content\/uploads\/2023\/04\/made-inestonia-3-factory-sale-150x150.webp 150w, https:\/\/factory.sale\/wp-content\/uploads\/2023\/04\/made-inestonia-3-factory-sale-1536x1536.webp 1536w, https:\/\/factory.sale\/wp-content\/uploads\/2023\/04\/made-inestonia-3-factory-sale-600x600.webp 600w, https:\/\/factory.sale\/wp-content\/uploads\/2023\/04\/made-inestonia-3-factory-sale-100x100.webp 100w, https:\/\/factory.sale\/wp-content\/uploads\/2023\/04\/made-inestonia-3-factory-sale.webp 2048w\" sizes=\"auto, (max-width: 255px) 100vw, 255px\" \/><\/p>\n","protected":false},"featured_media":90833,"comment_status":"open","ping_status":"closed","template":"","meta":{"_acf_changed":false},"factory":[],"free-shipment":[],"product_brand":[],"product_cat":[3027,2209],"product_tag":[4438],"class_list":{"0":"post-90828","1":"product","2":"type-product","3":"status-publish","4":"has-post-thumbnail","6":"product_cat-kulmaveetunnid","7":"product_cat-kumblustunnid","8":"product_tag-cold-plunge-et","10":"first","11":"instock","12":"sale","13":"taxable","14":"shipping-taxable","15":"purchasable","16":"product-type-simple"},"acf":[],"_links":{"self":[{"href":"https:\/\/factory.sale\/et\/wp-json\/wp\/v2\/product\/90828","targetHints":{"allow":["GET"]}}],"collection":[{"href":"https:\/\/factory.sale\/et\/wp-json\/wp\/v2\/product"}],"about":[{"href":"https:\/\/factory.sale\/et\/wp-json\/wp\/v2\/types\/product"}],"replies":[{"embeddable":true,"href":"https:\/\/factory.sale\/et\/wp-json\/wp\/v2\/comments?post=90828"}],"wp:featuredmedia":[{"embeddable":true,"href":"https:\/\/factory.sale\/et\/wp-json\/wp\/v2\/media\/90833"}],"wp:attachment":[{"href":"https:\/\/factory.sale\/et\/wp-json\/wp\/v2\/media?parent=90828"}],"wp:term":[{"taxonomy":"factory","embeddable":true,"href":"https:\/\/factory.sale\/et\/wp-json\/wp\/v2\/factory?post=90828"},{"taxonomy":"free-shipment","embeddable":true,"href":"https:\/\/factory.sale\/et\/wp-json\/wp\/v2\/free-shipment?post=90828"},{"taxonomy":"product_brand","embeddable":true,"href":"https:\/\/factory.sale\/et\/wp-json\/wp\/v2\/product_brand?post=90828"},{"taxonomy":"product_cat","embeddable":true,"href":"https:\/\/factory.sale\/et\/wp-json\/wp\/v2\/product_cat?post=90828"},{"taxonomy":"product_tag","embeddable":true,"href":"https:\/\/factory.sale\/et\/wp-json\/wp\/v2\/product_tag?post=90828"}],"curies":[{"name":"wp","href":"https:\/\/api.w.org\/{rel}","templated":true}]}}