{"id":90810,"date":"2024-10-01T11:13:26","date_gmt":"2024-10-01T08:16:48","guid":{"rendered":"https:\/\/factory.sale\/?post_type=product&#038;p=90810"},"modified":"2026-03-22T22:25:44","modified_gmt":"2026-03-22T19:25:44","slug":"peegelsaun-3-m-6-inimesele","status":"publish","type":"product","link":"https:\/\/factory.sale\/et\/toode\/peegelsaun-3-m-6-inimesele\/","title":{"rendered":"&#8220;3m&#8221; Peegel t\u00fcnnisaun 6 inimesele"},"content":{"rendered":"<p><video style=\"max-width: 100%; height: auto; display: block;\" preload=\"auto\" autoplay=\"autoplay\" loop=\"loop\" muted=\"\" controls=\"controls\" width=\"1500\" height=\"750\"><span data-mce-type=\"bookmark\" style=\"display: inline-block; width: 0px; overflow: hidden; line-height: 0;\" class=\"mce_SELRES_start\">\ufeff<\/span><source src=\"https:\/\/factory.sale\/wp-content\/uploads\/2024\/10\/MIRRORED-SAUNA-1.mp4\" type=\"video\/mp4\" \/>Your browser does not support the video tag.<\/video><\/p>\n<p><video style=\"max-width: 100%; height: auto; display: block;\" preload=\"auto\" autoplay=\"autoplay\" loop=\"loop\" muted=\"\" controls=\"controls\" width=\"1500\" height=\"750\"><source src=\"https:\/\/factory.sale\/wp-content\/uploads\/2024\/10\/SAUNA-DEVUSKA-FacebookInstagram-NO-LOGO-1.mp4\" type=\"video\/mp4\" \/>Your browser does not support the video tag.<\/video><\/p>\n<p>&nbsp;<\/p>\n<p><strong>Tutvustame meie uusimat innovatsiooni &#8211; Peegelsaun!<\/strong><\/p>\n<p>See vapustav ja stiilne saun on loodud viima teie l\u00f5\u00f5gastushetked uuele tasemele. Peegelsein lisab elegantsi ja loob ruumi avardava illusiooni. Saun on sujuva ja minimalistliku disainiga, mis sobib suurep\u00e4raselt igasugusesse keskkonda. Astuge luksuse maailma ja nautige meie peegelsauna ilu ja rahu.<\/p>\n<p>&nbsp;<\/p>\n<p>&nbsp;<\/p>\n<p><strong>Tehnilised andmed:<\/strong><\/p>\n<ul>\n<li>Mudel: Mirror S3<\/li>\n<li>Suurus PxLxK: 300 x 220 x 230 cm<\/li>\n<li>Lahti v\u00f5etud pakendi suurus PxLxK: 300 \u0445 120 \u0445 150 cm<\/li>\n<li>Kaal: ~710 kg<\/li>\n<li>Leiliruumi pikkus: 280 cm<\/li>\n<li>Leiliruumi mahutavus: ~6 inimest<\/li>\n<li>Leiliruumi maht: 10,1 m\u00b3<\/li>\n<li>K\u00fctmisaeg: ~1 tund<\/li>\n<\/ul>\n<p>&nbsp;<\/p>\n<p>&nbsp;<\/p>\n<p><strong>P\u00f5hikomplekt sisaldab:<\/strong><\/p>\n<ul>\n<li>Kuusepuidust saunakorpus (puidu paksus 40 mm)<\/li>\n<li>Pingid lepast v\u00f5i termot\u00f6\u00f6deldud puidust<\/li>\n<li>Eesaknad: peegelsein klaasuksega<\/li>\n<li>Bituumenkatus<\/li>\n<li>Roostevabast terasest r\u00f5ngad<\/li>\n<li>Tagak\u00fcljel: peegel \u00fcmmargune panoraamaknas<\/li>\n<\/ul>\n<p>&nbsp;<\/p>\n<p>&nbsp;<\/p>\n<p><strong>Katuse v\u00e4rvid:<\/strong><\/p>\n<p>Pruun, must, roheline<\/p>\n<p><img loading=\"lazy\" decoding=\"async\" class=\"alignnone wp-image-90747\" src=\"https:\/\/factory.sale\/wp-content\/uploads\/2024\/09\/roof-colours-300x91.png\" alt=\"\" width=\"649\" height=\"197\" srcset=\"https:\/\/factory.sale\/wp-content\/uploads\/2024\/09\/roof-colours-300x91.png 300w, https:\/\/factory.sale\/wp-content\/uploads\/2024\/09\/roof-colours-1024x311.png 1024w, https:\/\/factory.sale\/wp-content\/uploads\/2024\/09\/roof-colours-150x46.png 150w, https:\/\/factory.sale\/wp-content\/uploads\/2024\/09\/roof-colours-600x182.png 600w, https:\/\/factory.sale\/wp-content\/uploads\/2024\/09\/roof-colours.png 1330w\" sizes=\"auto, (max-width: 649px) 100vw, 649px\" \/><\/p>\n<p>&nbsp;<\/p>\n<p>&nbsp;<\/p>\n<p><strong>Puit:<\/strong><\/p>\n<ul>\n<li>Kuusk<\/li>\n<li>Termot\u00f6\u00f6deldud puit (lisatasu eest)<\/li>\n<\/ul>\n<p>&nbsp;<\/p>\n<p><strong>Saadaval lisavarustus:<\/strong><\/p>\n<ul>\n<li>Puuk\u00fcttega kerised<\/li>\n<li>Elektrikerised<\/li>\n<li>V\u00e4lisvalgustus (LED, ees)<\/li>\n<li>V\u00e4lisvalgustus (LED, taga)<\/li>\n<li>Saunap\u00f5rand (termopuit v\u00f5i lepp)<\/li>\n<li>Katuse nurgad, 2 tk<\/li>\n<li>Varikatus<\/li>\n<li>Seljatoed, 2 tk<\/li>\n<li>Leiliruumi LED-valgustus<\/li>\n<li>Leiliruumi lamp<\/li>\n<\/ul>\n<p>&nbsp;<\/p>\n<p>&nbsp;<\/p>\n<p><b>Transpordi informatsioon:<\/b><\/p>\n<p>17 m veoauto ilma t\u00f5stukita: kohaletoimetamine ainult 17 m veokiga (vajalik on eelnevalt tagada mahalaadimisvarustus), k\u00fcsi lisainfot!<\/p>\n<p>&nbsp;<\/p>\n","protected":false},"excerpt":{"rendered":"<p><strong>Tutvustame meie uusimat innovatsiooni &#8211; Peegelsaun!<\/strong><\/p>\n<p>See vapustav ja stiilne saun on loodud viima teie l\u00f5\u00f5gastushetked uuele tasemele. Peegelsein lisab elegantsi ja loob ruumi avardava illusiooni. Saun on sujuva ja minimalistliku disainiga, mis sobib suurep\u00e4raselt igasugusesse keskkonda. Astuge luksuse maailma ja nautige meie Peegelsauna ilu ja rahu.<\/p>\n<p>&nbsp;<\/p>\n","protected":false},"featured_media":90808,"comment_status":"open","ping_status":"closed","template":"","meta":{"_acf_changed":false},"factory":[],"free-shipment":[],"product_brand":[],"product_cat":[826,1643],"product_tag":[1648,811,831],"class_list":{"0":"post-90810","1":"product","2":"type-product","3":"status-publish","4":"has-post-thumbnail","6":"product_cat-saunas-et","7":"product_cat-tunnisaun","8":"product_tag-barrel-sauna-et","9":"product_tag-sauna-et","10":"product_tag-sauna-house-et","12":"first","13":"instock","14":"sale","15":"taxable","16":"shipping-taxable","17":"purchasable","18":"product-type-simple"},"acf":[],"_links":{"self":[{"href":"https:\/\/factory.sale\/et\/wp-json\/wp\/v2\/product\/90810","targetHints":{"allow":["GET"]}}],"collection":[{"href":"https:\/\/factory.sale\/et\/wp-json\/wp\/v2\/product"}],"about":[{"href":"https:\/\/factory.sale\/et\/wp-json\/wp\/v2\/types\/product"}],"replies":[{"embeddable":true,"href":"https:\/\/factory.sale\/et\/wp-json\/wp\/v2\/comments?post=90810"}],"wp:featuredmedia":[{"embeddable":true,"href":"https:\/\/factory.sale\/et\/wp-json\/wp\/v2\/media\/90808"}],"wp:attachment":[{"href":"https:\/\/factory.sale\/et\/wp-json\/wp\/v2\/media?parent=90810"}],"wp:term":[{"taxonomy":"factory","embeddable":true,"href":"https:\/\/factory.sale\/et\/wp-json\/wp\/v2\/factory?post=90810"},{"taxonomy":"free-shipment","embeddable":true,"href":"https:\/\/factory.sale\/et\/wp-json\/wp\/v2\/free-shipment?post=90810"},{"taxonomy":"product_brand","embeddable":true,"href":"https:\/\/factory.sale\/et\/wp-json\/wp\/v2\/product_brand?post=90810"},{"taxonomy":"product_cat","embeddable":true,"href":"https:\/\/factory.sale\/et\/wp-json\/wp\/v2\/product_cat?post=90810"},{"taxonomy":"product_tag","embeddable":true,"href":"https:\/\/factory.sale\/et\/wp-json\/wp\/v2\/product_tag?post=90810"}],"curies":[{"name":"wp","href":"https:\/\/api.w.org\/{rel}","templated":true}]}}