{"id":90780,"date":"2024-09-30T15:37:37","date_gmt":"2024-09-30T12:39:04","guid":{"rendered":"https:\/\/factory.sale\/?post_type=product&#038;p=90780"},"modified":"2026-03-23T15:13:59","modified_gmt":"2026-03-23T12:13:59","slug":"peegelsaun-cube-2-3-m-4-inimesele","status":"publish","type":"product","link":"https:\/\/factory.sale\/et\/toode\/peegelsaun-cube-2-3-m-4-inimesele\/","title":{"rendered":"&#8220;2.3m&#8221; Peegelsaun kuubik 4-inimesele"},"content":{"rendered":"<p><video style=\"max-width: 100%; height: auto; display: block;\" preload=\"auto\" autoplay=\"autoplay\" loop=\"loop\" muted=\"\" controls=\"controls\" width=\"1500\" height=\"750\"><source src=\"https:\/\/factory.sale\/wp-content\/uploads\/2024\/10\/MIRRORED-SAUNA-1.mp4\" type=\"video\/mp4\" \/>Your browser does not support the video tag.<\/video><\/p>\n<p><video style=\"max-width: 100%; height: auto; display: block;\" preload=\"auto\" autoplay=\"autoplay\" loop=\"loop\" muted=\"\" controls=\"controls\" width=\"1500\" height=\"750\"><source src=\"https:\/\/factory.sale\/wp-content\/uploads\/2024\/10\/SAUNA-DEVUSKA-FacebookInstagram-NO-LOGO-1.mp4\" type=\"video\/mp4\" \/>Your browser does not support the video tag.<\/video><\/p>\n<p><strong>Tutvustame meie uusimat innovatsiooni &#8211; Peegelsaun!<\/strong><\/p>\n<p>See vapustav ja stiilne saun on loodud viima teie l\u00f5\u00f5gastushetked uuele tasemele. Peegelsein lisab elegantsi ja loob ruumi avardava illusiooni. Saun on sujuva ja minimalistliku disainiga, mis sobib suurep\u00e4raselt igasugusesse keskkonda. Astuge luksuse maailma ja nautige meie Peegelsauna ilu ja rahu.<\/p>\n<p>&nbsp;<\/p>\n<p>&nbsp;<\/p>\n<p><strong>Tehnilised andmed:<\/strong><\/p>\n<ul>\n<li>Mudel: Mirror S23<\/li>\n<li>Suurus PxLxK: 200 x 220 x 230 cm<\/li>\n<li>Lahti v\u00f5etud pakendi suurus: PxLxK: 200 \u0445 120 \u0445 150 cm<\/li>\n<li>Kaal: ~640 kg<\/li>\n<li>Leiliruumi pikkus: 185 cm<\/li>\n<li>Leiliruumi mahutavus: ~4 inimest<\/li>\n<li>Leiliruumi maht: 6,7 m\u00b3<\/li>\n<li>K\u00fctmisaeg: ~1 tund<\/li>\n<\/ul>\n<p>&nbsp;<\/p>\n<p>&nbsp;<\/p>\n<p><strong>P\u00f5hikomplekt sisaldab:<\/strong><\/p>\n<ul>\n<li>Kuusepuidust saunakorpus (puidu paksus 40 mm)<\/li>\n<li>Pingid lepast v\u00f5i termot\u00f6\u00f6deldud puidust<\/li>\n<li>Eesaknad: peegelsein klaasuksega<\/li>\n<li>Bituumenkatus<\/li>\n<li>Roostevabast terasest r\u00f5ngad<\/li>\n<li>Tagak\u00fcljel: \u00fcmmargune panoraamaken<\/li>\n<\/ul>\n<p>&nbsp;<\/p>\n<p>&nbsp;<\/p>\n<p><strong>Katuse v\u00e4rvid:<\/strong><\/p>\n<p>Pruun, must, roheline<\/p>\n<p><img loading=\"lazy\" decoding=\"async\" class=\"alignnone wp-image-90747\" src=\"https:\/\/factory.sale\/wp-content\/uploads\/2024\/09\/roof-colours-300x91.png\" alt=\"\" width=\"649\" height=\"197\" srcset=\"https:\/\/factory.sale\/wp-content\/uploads\/2024\/09\/roof-colours-300x91.png 300w, https:\/\/factory.sale\/wp-content\/uploads\/2024\/09\/roof-colours-1024x311.png 1024w, https:\/\/factory.sale\/wp-content\/uploads\/2024\/09\/roof-colours-150x46.png 150w, https:\/\/factory.sale\/wp-content\/uploads\/2024\/09\/roof-colours-600x182.png 600w, https:\/\/factory.sale\/wp-content\/uploads\/2024\/09\/roof-colours.png 1330w\" sizes=\"auto, (max-width: 649px) 100vw, 649px\" \/><\/p>\n<p>&nbsp;<\/p>\n<p>&nbsp;<\/p>\n<p><strong>Puit:<\/strong><\/p>\n<ul>\n<li>Kuusk<\/li>\n<li>Termot\u00f6\u00f6deldud puit (lisatasu eest)<\/li>\n<\/ul>\n<p>&nbsp;<\/p>\n<p><strong>Saadaval lisavarustus:<\/strong><\/p>\n<ul>\n<li>Puuk\u00fcttega kerised<\/li>\n<li>Elektrikerised<\/li>\n<li>V\u00e4lisvalgustus (LED, ees)<\/li>\n<li>V\u00e4lisvalgustus (LED, taga)<\/li>\n<li>Saunap\u00f5rand (termopuit v\u00f5i lepp)<\/li>\n<li>Katuse nurgad, 2 tk<\/li>\n<li>Varikatus<\/li>\n<li>Seljatoed, 2 tk<\/li>\n<li>Leiliruumi LED-valgustus<\/li>\n<li>Leiliruumi lamp<\/li>\n<\/ul>\n<p>&nbsp;<\/p>\n<p>&nbsp;<\/p>\n<p><b>Transpordiinfo:<\/b><\/p>\n<p>Kohaletoimetamine t\u00f5stukiga veoautoga.<\/p>\n","protected":false},"excerpt":{"rendered":"<p><strong>Tutvustame meie uusimat innovatsiooni &#8211; Peegelsaun!<\/strong><\/p>\n<p>See vapustav ja stiilne saun on loodud viima teie l\u00f5\u00f5gastushetked uuele tasemele. Peegelsein lisab elegantsi ja loob ruumi avardava illusiooni. Saun on sujuva ja minimalistliku disainiga, mis sobib suurep\u00e4raselt igasugusesse keskkonda. Astuge luksuse maailma ja nautige meie Peegelsauna ilu ja rahu.<\/p>\n<p>&nbsp;<\/p>\n","protected":false},"featured_media":90772,"comment_status":"open","ping_status":"closed","template":"","meta":{"_acf_changed":false},"factory":[],"free-shipment":[],"product_brand":[],"product_cat":[826,1643,2257],"product_tag":[811],"class_list":{"0":"post-90780","1":"product","2":"type-product","3":"status-publish","4":"has-post-thumbnail","6":"product_cat-saunas-et","7":"product_cat-tunnisaun","8":"product_cat-valisaun","9":"product_tag-sauna-et","11":"first","12":"instock","13":"sale","14":"taxable","15":"shipping-taxable","16":"purchasable","17":"product-type-simple"},"acf":[],"_links":{"self":[{"href":"https:\/\/factory.sale\/et\/wp-json\/wp\/v2\/product\/90780","targetHints":{"allow":["GET"]}}],"collection":[{"href":"https:\/\/factory.sale\/et\/wp-json\/wp\/v2\/product"}],"about":[{"href":"https:\/\/factory.sale\/et\/wp-json\/wp\/v2\/types\/product"}],"replies":[{"embeddable":true,"href":"https:\/\/factory.sale\/et\/wp-json\/wp\/v2\/comments?post=90780"}],"wp:featuredmedia":[{"embeddable":true,"href":"https:\/\/factory.sale\/et\/wp-json\/wp\/v2\/media\/90772"}],"wp:attachment":[{"href":"https:\/\/factory.sale\/et\/wp-json\/wp\/v2\/media?parent=90780"}],"wp:term":[{"taxonomy":"factory","embeddable":true,"href":"https:\/\/factory.sale\/et\/wp-json\/wp\/v2\/factory?post=90780"},{"taxonomy":"free-shipment","embeddable":true,"href":"https:\/\/factory.sale\/et\/wp-json\/wp\/v2\/free-shipment?post=90780"},{"taxonomy":"product_brand","embeddable":true,"href":"https:\/\/factory.sale\/et\/wp-json\/wp\/v2\/product_brand?post=90780"},{"taxonomy":"product_cat","embeddable":true,"href":"https:\/\/factory.sale\/et\/wp-json\/wp\/v2\/product_cat?post=90780"},{"taxonomy":"product_tag","embeddable":true,"href":"https:\/\/factory.sale\/et\/wp-json\/wp\/v2\/product_tag?post=90780"}],"curies":[{"name":"wp","href":"https:\/\/api.w.org\/{rel}","templated":true}]}}