{"id":90659,"date":"2024-09-30T01:38:55","date_gmt":"2024-09-29T22:45:38","guid":{"rendered":"https:\/\/factory.sale\/?post_type=product&#038;p=90659"},"modified":"2024-10-01T10:38:04","modified_gmt":"2024-10-01T07:38:04","slug":"tulelaud-engasco-slava-low","status":"publish","type":"product","link":"https:\/\/factory.sale\/et\/toode\/tulelaud-engasco-slava-low\/","title":{"rendered":"Tulelaud Engasco Slava Low"},"content":{"rendered":"<p>Slava tulelaud on valmistatud suure t\u00e4helepanuga detailidele, mis peegeldab Engasco p\u00fchendumust v\u00e4lisruumide mugavusele. Selle erinevad m\u00f5\u00f5tmed tagavad sobivuse igasse keskkonda, alates intiimsetest r\u00f5dudest kuni avarate terrassideni. Valik k\u00f5rge v\u00f5i madala laua vahel lisab veel \u00fche isikup\u00e4rastamise kihi, v\u00f5imaldades sul luua laua, mis sobib k\u00f5ige paremini sinu \u00fcmbrusega.<\/p>\n<p>Laudade p\u00f5hikonstruktsioon on valmistatud vastupidavast roostevabast terasest, lauaplaat aga Compact Topist. Compact Top on kvaliteetne, elastne materjal, mis on tuntud oma UV-kindluse poolest, kriimustuste ja k\u00f5rgete temperatuuride taluvuse eest. Lauaplaat on ka mittepoorne, mist\u00f5ttu on see ideaalne v\u00e4litingimustes kasutamiseks, kuna see ei ima vett ega muid vedelikke. Lauaplaate on kolmes p\u00f5hitoonis, kuid on olemas ka erilahendusi, mille kohta k\u00fcsi meie k\u00e4est lisaks!<\/p>\n<p>Korrap\u00e4raseks hoolduseks tuleb lauda perioodiliselt puhastada. Esmane samm on eemaldada p\u00f5leti kate ja tagada, et see ei oleks tolmune ega prahti t\u00e4is. Regulaarne puhastamine aitab hoida lauda optimaalses seisukorras. Kui lauda ei kasutata parasjagu, siis k\u00f5ige parem on talle kate peale panna. Siis p\u00fcsib see puhtana ja on alati kasutusvalmis, kui seda soovid.<\/p>\n<p>&nbsp;<\/p>\n<p><strong>Lauaplaadi v\u00e4rvivalikud:<\/strong><\/p>\n<p>Roostepruun<\/p>\n<p><img loading=\"lazy\" decoding=\"async\" class=\"alignnone size-medium wp-image-90349\" src=\"https:\/\/factory.sale\/wp-content\/uploads\/2024\/09\/colour-rust-brown-300x159.png\" sizes=\"auto, (max-width: 300px) 100vw, 300px\" srcset=\"https:\/\/factory.sale\/wp-content\/uploads\/2024\/09\/colour-rust-brown-300x159.png 300w, https:\/\/factory.sale\/wp-content\/uploads\/2024\/09\/colour-rust-brown-150x79.png 150w, https:\/\/factory.sale\/wp-content\/uploads\/2024\/09\/colour-rust-brown-600x318.png 600w, https:\/\/factory.sale\/wp-content\/uploads\/2024\/09\/colour-rust-brown.png 770w\" alt=\"\" width=\"300\" height=\"159\" \/><\/p>\n<p>Manhattan<\/p>\n<p><img loading=\"lazy\" decoding=\"async\" class=\"alignnone size-medium wp-image-90346\" src=\"https:\/\/factory.sale\/wp-content\/uploads\/2024\/09\/colour-manhattan-300x160.png\" sizes=\"auto, (max-width: 300px) 100vw, 300px\" srcset=\"https:\/\/factory.sale\/wp-content\/uploads\/2024\/09\/colour-manhattan-300x160.png 300w, https:\/\/factory.sale\/wp-content\/uploads\/2024\/09\/colour-manhattan-150x80.png 150w, https:\/\/factory.sale\/wp-content\/uploads\/2024\/09\/colour-manhattan-600x320.png 600w, https:\/\/factory.sale\/wp-content\/uploads\/2024\/09\/colour-manhattan.png 766w\" alt=\"\" width=\"300\" height=\"160\" \/><\/p>\n<p>Antratsiit<\/p>\n<p><strong><img loading=\"lazy\" decoding=\"async\" class=\"alignnone size-medium wp-image-90343\" src=\"https:\/\/factory.sale\/wp-content\/uploads\/2024\/09\/colour-anthracite-300x159.png\" sizes=\"auto, (max-width: 300px) 100vw, 300px\" srcset=\"https:\/\/factory.sale\/wp-content\/uploads\/2024\/09\/colour-anthracite-300x159.png 300w, https:\/\/factory.sale\/wp-content\/uploads\/2024\/09\/colour-anthracite-150x80.png 150w, https:\/\/factory.sale\/wp-content\/uploads\/2024\/09\/colour-anthracite-600x318.png 600w, https:\/\/factory.sale\/wp-content\/uploads\/2024\/09\/colour-anthracite.png 762w\" alt=\"\" width=\"300\" height=\"159\" \/><\/strong><\/p>\n<p>&nbsp;<\/p>\n<p>&nbsp;<\/p>\n<p>&nbsp;<\/p>\n<p><strong>Tehniline teave:<\/strong><\/p>\n<p>&nbsp;<\/p>\n<p><strong>Slava Low 90 x 90 cm<\/strong><\/p>\n<p><strong>Hind: 1100 \u20ac<\/strong><\/p>\n<ul>\n<li>K\u00fctteraadius: 30 m2<\/li>\n<li>Kaal: 38 kg<\/li>\n<li>Mahutab kuni: 4 people<\/li>\n<li>CE sertifitseeritud<\/li>\n<li>Garantii: 2 years<\/li>\n<\/ul>\n<p>&nbsp;<\/p>\n<p><strong>Slava low 100 x 100 cm<\/strong><\/p>\n<p><strong>Hind: 1200 \u20ac<\/strong><\/p>\n<ul>\n<li>K\u00fctteraadius: 30 m2<\/li>\n<li>Kaal: 40 kg<\/li>\n<li>Mahutab kuni: 6 people<\/li>\n<li>CE sertifitseeritud<\/li>\n<li>Garantii: 2 years<\/li>\n<\/ul>\n<p>&nbsp;<\/p>\n<p><strong>Slava Low 120 x 120 cm<\/strong><\/p>\n<p><strong>Hind: 1300 \u20ac<\/strong><\/p>\n<ul>\n<li>K\u00fctteraadius: 30 m2<\/li>\n<li>Kaal: 42 kg<\/li>\n<li>Mahutab kuni: 8 people<\/li>\n<li>CE sertifitseeritud<\/li>\n<li>Garantii: 2 years<\/li>\n<\/ul>\n<p>&nbsp;<\/p>\n<p><strong>Komplekt sisaldab:<\/strong><\/p>\n<ul>\n<li>Tulelauda<\/li>\n<li>Klaasikomplekti<\/li>\n<li>Laavakive<\/li>\n<li>Kokkupanemise juhendit<\/li>\n<\/ul>\n<p>&nbsp;<\/p>\n<p><strong>Ei sisalda:<\/strong><\/p>\n<ul>\n<li>AAA patareid, vaja on 1 patarei<\/li>\n<li>T\u00f6\u00f6riistu gaasi \u00fchendamiseks<\/li>\n<li>Gaasiballooni<\/li>\n<\/ul>\n<p>&nbsp;<\/p>\n<p>&nbsp;<\/p>\n<p><strong>Gaasi tarbimine:<\/strong><\/p>\n<p>Tulelauad t\u00f6\u00f6tavad tavalisel grillgaasil, kulutades umbes 0,45\u20130,87 kg gaasi tunnis. Laudadele sobivad kuni 11 kg gaasiballoonid, kuid mugavamaks ja ohutumaks kasutamiseks soovitatame v\u00e4iksemat ballooni.11 kg ballooniga p\u00f5leb tuli umbes 12\u201325 tundi, s\u00f5ltuvalt ilmast. Gaasiballooni saad igast h\u00e4sti varustatud tanklast ja gaasi m\u00fc\u00fcgi kohast<\/p>\n<p>&nbsp;<\/p>\n<p><strong>Kokku panemine:<\/strong><\/p>\n<p>Lauad tarnitakse osadena. Kasutajas\u00f5braliku juhendi abil peaks nende kokkupanek olema lihtne ja teostatav vaid ca. 30 minutiga. Kokkupanemiseks on vajalik ristpeaga kruvikeerajat , ei midagi muud. Arvestades laua m\u00f5\u00f5tmeid ja kaalu, on turvalisem seda kokkupanduna liigutada kahekesi.<\/p>\n<p>&nbsp;<\/p>\n<p>&nbsp;<\/p>\n<p><strong>Saadaval lisatarvikud:<\/strong><\/p>\n<p>Ilmastikukindel kate<\/p>\n<p>Mitmeotstarbeline tulekolde katteplaat<\/p>\n<p>Grilli lisa tulelaua jaoks<\/p>\n<p>&nbsp;<\/p>\n<p>&nbsp;<\/p>\n<p><a href=\"https:\/\/factory.sale\/wp-content\/uploads\/2024\/09\/Copy-of-Engasco_01-1.mov\" target=\"_blank\" rel=\"noopener\">\u00a0Kliki siin, et n\u00e4ha videot<\/a><\/p>\n<p>&nbsp;<\/p>\n<p>&nbsp;<\/p>\n","protected":false},"excerpt":{"rendered":"<p>Slava tulelaud on valmistatud suure t\u00e4helepanuga detailidele, mis peegeldab Engasco p\u00fchendumust v\u00e4lisruumide mugavusele. Selle erinevad m\u00f5\u00f5tmed tagavad sobivuse igasse keskkonda, alates intiimsetest r\u00f5dudest kuni avarate terrassideni. Valik k\u00f5rge v\u00f5i madala laua vahel lisab veel \u00fche isikup\u00e4rastamise kihi, v\u00f5imaldades sul luua laua, mis sobib k\u00f5ige paremini sinu \u00fcmbrusega.<\/p>\n<p>&nbsp;<\/p>\n<p><strong>Min. tellimus on 8 tk!<\/strong><\/p>\n<p>&nbsp;<\/p>\n","protected":false},"featured_media":90648,"comment_status":"open","ping_status":"closed","template":"","meta":{"_acf_changed":false},"factory":[],"free-shipment":[],"product_brand":[],"product_cat":[1100,3007],"product_tag":[1483,1484],"class_list":{"0":"post-90659","1":"product","2":"type-product","3":"status-publish","4":"has-post-thumbnail","6":"product_cat-linnamoobel","7":"product_cat-tulelauad","8":"product_tag-garden-et","9":"product_tag-yard-et","11":"first","12":"instock","13":"sale","14":"taxable","15":"shipping-taxable","16":"purchasable","17":"product-type-simple"},"acf":[],"_links":{"self":[{"href":"https:\/\/factory.sale\/et\/wp-json\/wp\/v2\/product\/90659","targetHints":{"allow":["GET"]}}],"collection":[{"href":"https:\/\/factory.sale\/et\/wp-json\/wp\/v2\/product"}],"about":[{"href":"https:\/\/factory.sale\/et\/wp-json\/wp\/v2\/types\/product"}],"replies":[{"embeddable":true,"href":"https:\/\/factory.sale\/et\/wp-json\/wp\/v2\/comments?post=90659"}],"wp:featuredmedia":[{"embeddable":true,"href":"https:\/\/factory.sale\/et\/wp-json\/wp\/v2\/media\/90648"}],"wp:attachment":[{"href":"https:\/\/factory.sale\/et\/wp-json\/wp\/v2\/media?parent=90659"}],"wp:term":[{"taxonomy":"factory","embeddable":true,"href":"https:\/\/factory.sale\/et\/wp-json\/wp\/v2\/factory?post=90659"},{"taxonomy":"free-shipment","embeddable":true,"href":"https:\/\/factory.sale\/et\/wp-json\/wp\/v2\/free-shipment?post=90659"},{"taxonomy":"product_brand","embeddable":true,"href":"https:\/\/factory.sale\/et\/wp-json\/wp\/v2\/product_brand?post=90659"},{"taxonomy":"product_cat","embeddable":true,"href":"https:\/\/factory.sale\/et\/wp-json\/wp\/v2\/product_cat?post=90659"},{"taxonomy":"product_tag","embeddable":true,"href":"https:\/\/factory.sale\/et\/wp-json\/wp\/v2\/product_tag?post=90659"}],"curies":[{"name":"wp","href":"https:\/\/api.w.org\/{rel}","templated":true}]}}