{"id":90198,"date":"2024-08-30T14:48:28","date_gmt":"2026-03-11T11:48:28","guid":{"rendered":"https:\/\/factory.sale\/?post_type=product&#038;p=90198"},"modified":"2026-03-11T18:01:50","modified_gmt":"2026-03-11T15:01:50","slug":"tucson-out-kumblustunn","status":"publish","type":"product","link":"https:\/\/factory.sale\/et\/toode\/tucson-out-kumblustunn\/","title":{"rendered":"&#8220;Tucson Out&#8221; k\u00fcmblust\u00fcnn"},"content":{"rendered":"<p>Naudi t\u00f5elist spaakogemust oma koduaias Tucson Out k\u00fcmblust\u00fcnniga.<\/p>\n<p>Naudi luksust Tucson Out k\u00fcmblust\u00fcnniga, mis \u00fchendab endas elegantsi ja funktsionaalsuse. See k\u00fcmblust\u00fcnn on loodud mahutama kuni kuus inimest, sealhulgas \u00fche lamamiskoha ja viis istekohta ning sellel on vastupidav v\u00e4line S304 terasest ahi, mis tagab kiire vee soojenemise. T\u00fcnni m\u00f5\u00f5tmed muudavad selle pilkup\u00fc\u00fcdvaks t\u00e4ienduseks igasse aeda, pakkudes l\u00f5\u00f5gastumiseks t\u00f5elist pelgupaika.<\/p>\n<p>Kohanda oma k\u00fcmblust\u00fcnn akr\u00fc\u00fclist sisu ja viimistlusv\u00f5imalustega, sealhulgas kuusk, p\u00f5letatud kuusk, termopuit v\u00f5i WPC paneelid. Tee oma kogemus t\u00e4iuslikuks valikuliste lisadega, nagu h\u00fcdromassaa\u017eiotsikud, helis\u00fcsteem, sensoorjuhtimine, veekosk ja joogitopsi hoidjad. K\u00e4sitsi valmistatud termokate aitab s\u00e4ilitada vee temperatuuri, tagades, et Tucson Out k\u00fcmblust\u00fcnn on alati valmis kasutamiseks.<\/p>\n<p><strong>Tehnilised andmed:<\/strong><\/p>\n<ul>\n<li>M\u00f5\u00f5tmed: L:2200mm P:2200mm K:1050mm<\/li>\n<li>Kaal: 350 kg<\/li>\n<li>Veemahutavus: 1100 L<\/li>\n<li>Ahi: V\u00e4line, S304 teras<\/li>\n<li>Pakendi m\u00f5\u00f5dud: 2250 x 2250 x 1300 mm<\/li>\n<\/ul>\n<p><strong>Hind sisaldab:<\/strong><\/p>\n<ul>\n<li>v\u00e4line S304 ahi<\/li>\n<li>Akr\u00fc\u00fclist sisemus, kus 5 istekohta ja 1 lamamisase (hall v\u00f5i valge)<\/li>\n<li>Kuusepuidust vooder ja mustaks v\u00e4rvitud nurgad<\/li>\n<li>Isolatsioon suletud rakuga pol\u00fcuretaanvahuga<\/li>\n<li>Korsten 2 m, sealhulgas kaitse<\/li>\n<li>Pneumaatiline juhtimiss\u00fcsteem<\/li>\n<li>Kaitsmekarp ja \u00e4ravooluklapp<\/li>\n<\/ul>\n<p class=\"\" data-start=\"0\" data-end=\"41\"><strong>T\u00e4iusta oma k\u00fcmblust\u00fcnni premium-lisadega:<\/strong><\/p>\n<p class=\"\" data-start=\"43\" data-end=\"214\">T\u00f5sta oma k\u00fcmbluselamus uuele tasemele h\u00fcdromassaa\u017ei, \u00f5humassaa\u017eis\u00fcsteemi ja kaasahaarava helis\u00fcsteemiga. Lisa meeleolu sensoorse juhtimise ja rahustava kosefunktsiooniga.<\/p>\n<p class=\"\" data-start=\"216\" data-end=\"461\">Naudi nutikat juhtimist Gecko s\u00fcsteemiga, mis pakub WiFi-\u00fchendust ja rakenduse kaudu juhtimist otse sinu nutitelefonist. Sisseehitatud elektrikeris hoiab vee alati soojana ja valmis, kui sina oled.<\/p>\n<p data-start=\"216\" data-end=\"461\"><img loading=\"lazy\" decoding=\"async\" class=\"alignnone wp-image-93266\" src=\"https:\/\/factory.sale\/wp-content\/uploads\/2024\/08\/hot-tub-accessories-factory.sale-3-300x212.jpg\" alt=\"\" width=\"712\" height=\"503\" srcset=\"https:\/\/factory.sale\/wp-content\/uploads\/2024\/08\/hot-tub-accessories-factory.sale-3-300x212.jpg 300w, https:\/\/factory.sale\/wp-content\/uploads\/2024\/08\/hot-tub-accessories-factory.sale-3-1024x724.jpg 1024w, https:\/\/factory.sale\/wp-content\/uploads\/2024\/08\/hot-tub-accessories-factory.sale-3-150x106.jpg 150w, https:\/\/factory.sale\/wp-content\/uploads\/2024\/08\/hot-tub-accessories-factory.sale-3-1536x1086.jpg 1536w, https:\/\/factory.sale\/wp-content\/uploads\/2024\/08\/hot-tub-accessories-factory.sale-3-600x424.jpg 600w, https:\/\/factory.sale\/wp-content\/uploads\/2024\/08\/hot-tub-accessories-factory.sale-3.jpg 2000w\" sizes=\"auto, (max-width: 712px) 100vw, 712px\" \/><\/p>\n<p><strong>Valikulised lisad:<\/strong><\/p>\n<ul>\n<li>H\u00fcdromassaa\u017ei s\u00fcsteem, roostevaba terasest otsikud 1,1 kw pumbaga (6, 8, 12,) (14 otsikuga on 1,5 kw pumbaga)<\/li>\n<li>H\u00fcdromassaa\u017ei s\u00fcsteem, 16\/18\/24 roostevabast terasest otsikud ( 2x 1,1 kW pumpa 345 l\/min)<\/li>\n<li>Mullis\u00fcsteem, 12 v\u00f5i 18 roostevabast terasest otsikut ( 750 W pump)<\/li>\n<li>Mullis\u00fcsteem, 24 roostevabast terasest otsikut ( 2 x 750 W pumpa)<\/li>\n<li>Helis\u00fcsteem Bluetooth \u00fchendusega + lisak\u00f5larite v\u00f5imalus<\/li>\n<li>Sensoorjuhtimiss\u00fcsteem musta v\u00f5i valget v\u00e4rvi 3-in-1 (h\u00fcdro + \u00f5hk + elektrik\u00fcte) ilma temperatuuri andurita<\/li>\n<li>Sensoorjuhtimiss\u00fcsteem valget v\u00e4rvi 4-in-1 (h\u00fcdro + \u00f5hk + LED+ elektrik\u00fcte ) koos temperatuuri anduriga<\/li>\n<li>Veekosk\/ juga<\/li>\n<li>Termokate<\/li>\n<li>Topsihoidjad, metallist, plastikust v\u00f5i puidust<\/li>\n<li>Kohandatav LED-valgustus. Eredamad LED stars ja mahedamad MINI LED<\/li>\n<li>LED valgusriba v\u00e4ljaspool, \u00fcmber k\u00fcmblust\u00fcnni<\/li>\n<li>Kuusepuidust v\u00e4livooder erinevate viimistlus v\u00f5imalustega<\/li>\n<li>Termopuidust v\u00e4lisvooder erinevate viimistlus v\u00f5imalustega &#8211; p\u00f5letatud termopuit rhombus-profiil laudisega<\/li>\n<li>WPC v\u00e4line viimistlus<\/li>\n<li>Peatoed<\/li>\n<li>R\u00e4tikuhoidja<\/li>\n<li>Termokatte t\u00f5stmismehhanism<\/li>\n<li>Gecko juhtimiss\u00fcsteem WIFI v\u00f5imekusega<\/li>\n<li>Elektrik\u00fctte v\u00f5imalused 3, 6 ja 9 kw<\/li>\n<li>K\u00fcttepuude hoidik<\/li>\n<li>Tuulevari<\/li>\n<li>Metallist nurga profiilidesse v\u00f5imalik enda logo laserl\u00f5ikusega l\u00f5igata<\/li>\n<li>Trepid, \u00fcmar profiil, sirge profiil (kasttrepp), \u00fcmar profiil XL trepp<\/li>\n<li>Veepuhastus liiva filtris\u00fcsteem koos UVC valgusega<\/li>\n<li>Skimmer, mis puhastab vee pinnalt. Koos ja ilma UV valgusega<\/li>\n<li>Filtris\u00fcsteemi kast<\/li>\n<li>K\u00fcttepuude hoidik, \u00fchepoolne (termopuit)<\/li>\n<li>K\u00fcttepuude hoidik, kahepoolne (termopuit)<\/li>\n<\/ul>\n<p><strong>Akr\u00fc\u00fclsisu v\u00e4rvivalikud:\u00a0<\/strong><\/p>\n<p><img loading=\"lazy\" decoding=\"async\" class=\"alignnone wp-image-104210\" src=\"https:\/\/factory.sale\/wp-content\/uploads\/2025\/05\/Akruulist-sisu-varv-factory-sale-300x120.webp\" alt=\"\" width=\"478\" height=\"191\" srcset=\"https:\/\/factory.sale\/wp-content\/uploads\/2025\/05\/Akruulist-sisu-varv-factory-sale-300x120.webp 300w, https:\/\/factory.sale\/wp-content\/uploads\/2025\/05\/Akruulist-sisu-varv-factory-sale-150x60.webp 150w, https:\/\/factory.sale\/wp-content\/uploads\/2025\/05\/Akruulist-sisu-varv-factory-sale-600x240.webp 600w, https:\/\/factory.sale\/wp-content\/uploads\/2025\/05\/Akruulist-sisu-varv-factory-sale.webp 750w\" sizes=\"auto, (max-width: 478px) 100vw, 478px\" \/><\/p>\n<p><strong>Voodrilaua erinevad valikud (materjali paksus u- 2cm):<\/strong><\/p>\n<p><img loading=\"lazy\" decoding=\"async\" class=\"alignnone wp-image-104201\" src=\"https:\/\/factory.sale\/wp-content\/uploads\/2025\/05\/Kumblustunni-viimistlus-factory-sale-300x120.webp\" alt=\"\" width=\"708\" height=\"283\" srcset=\"https:\/\/factory.sale\/wp-content\/uploads\/2025\/05\/Kumblustunni-viimistlus-factory-sale-300x120.webp 300w, https:\/\/factory.sale\/wp-content\/uploads\/2025\/05\/Kumblustunni-viimistlus-factory-sale-150x60.webp 150w, https:\/\/factory.sale\/wp-content\/uploads\/2025\/05\/Kumblustunni-viimistlus-factory-sale-600x240.webp 600w, https:\/\/factory.sale\/wp-content\/uploads\/2025\/05\/Kumblustunni-viimistlus-factory-sale.webp 750w\" sizes=\"auto, (max-width: 708px) 100vw, 708px\" \/><\/p>\n<p><strong>Treppide valik:<\/strong><\/p>\n<p><img loading=\"lazy\" decoding=\"async\" class=\"alignnone wp-image-104372\" src=\"https:\/\/factory.sale\/wp-content\/uploads\/2024\/09\/trepid-factory.sale-1-300x120.webp\" alt=\"\" width=\"710\" height=\"284\" srcset=\"https:\/\/factory.sale\/wp-content\/uploads\/2024\/09\/trepid-factory.sale-1-300x120.webp 300w, https:\/\/factory.sale\/wp-content\/uploads\/2024\/09\/trepid-factory.sale-1-150x60.webp 150w, https:\/\/factory.sale\/wp-content\/uploads\/2024\/09\/trepid-factory.sale-1-600x240.webp 600w, https:\/\/factory.sale\/wp-content\/uploads\/2024\/09\/trepid-factory.sale-1.webp 750w\" sizes=\"auto, (max-width: 710px) 100vw, 710px\" \/><\/p>\n<p><strong>Termokatte v\u00e4rvivalikud:<\/strong><\/p>\n<p><img loading=\"lazy\" decoding=\"async\" class=\"alignnone wp-image-93257\" src=\"https:\/\/factory.sale\/wp-content\/uploads\/2024\/08\/hot-tub-cover-colours-factory.sale_-1-300x120.webp\" alt=\"\" width=\"600\" height=\"240\" srcset=\"https:\/\/factory.sale\/wp-content\/uploads\/2024\/08\/hot-tub-cover-colours-factory.sale_-1-300x120.webp 300w, https:\/\/factory.sale\/wp-content\/uploads\/2024\/08\/hot-tub-cover-colours-factory.sale_-1-150x60.webp 150w, https:\/\/factory.sale\/wp-content\/uploads\/2024\/08\/hot-tub-cover-colours-factory.sale_-1-600x240.webp 600w, https:\/\/factory.sale\/wp-content\/uploads\/2024\/08\/hot-tub-cover-colours-factory.sale_-1.webp 750w\" sizes=\"auto, (max-width: 600px) 100vw, 600px\" \/><\/p>\n<p>Termokate \u2013 miks see on oluline?<\/p>\n<p>Termokate on h\u00e4davajalik, et hoida vee temperatuur stabiilsena, v\u00e4hendada energiakulu ja kaitsta k\u00fcmblust\u00fcnni mustuse ning tolmu eest. See suurendab turvalisust, eriti laste ja lemmikloomadega peredes, ning kaitseb k\u00fcmblust\u00fcnni ilmastikum\u00f5jude eest. Praktiline, kuluefektiivne ja keskkonnas\u00f5bralik lahendus sinu k\u00fcmblust\u00fcnnile.<\/p>\n<p>Sukeldu l\u00f5\u00f5gastuste ja naudingute maailma Tucson Out k\u00fcmblust\u00fcnniga\u2014t\u00f5eline<br \/>\nluksuse ja meisterlikkuse kombinatsioon.<\/p>\n<p>Rohkem teavet <a href=\"https:\/\/factory.sale\/wp-content\/uploads\/2024\/09\/Kumblustunni-GENERAL-USER-MANUAL-2024-factory.sale_.pdf\" target=\"_blank\" rel=\"noopener\">kasutusjuhendis<\/a><\/p>\n","protected":false},"excerpt":{"rendered":"<p>Avasta Tucson Out k\u00fcmblust\u00fcnniga t\u00e4iuslik l\u00f5\u00f5gastuskogemus!<\/p>\n<p>Tucson Out k\u00fcmblust\u00fcnn \u00fchendab stiili ja funktsionaalsuse, pakkudes m\u00f5nusat pelgupaika kohandatavate funktsioonide ja tipptasemel meisterlikkusega. Olenemata sellest, kas otsid rahu ja vaikust v\u00f5i kohta oma s\u00f5pradega koosviibimisteks &#8211; Tucson Out pakub seda k\u00f5ike oma elegantse disaini ja t\u00e4iustatud v\u00f5imalustega. Kohanda oma kogemus viimistluste ja lisadega, mis peegeldavad sinu ainulaadset maitset.<\/p>\n<p>Muuda oma kodu isiklikuks spaaoaasiks Tucson Out k\u00fcmblust\u00fcnniga.<\/p>\n","protected":false},"featured_media":89745,"comment_status":"open","ping_status":"closed","template":"","meta":{"_acf_changed":false},"factory":[4999],"free-shipment":[5018],"product_brand":[5023],"product_cat":[2587,2209],"product_tag":[2842,4434,4435],"class_list":{"0":"post-90198","1":"product","2":"type-product","3":"status-publish","4":"has-post-thumbnail","6":"factory-mojodas-spa","7":"free-shipment-tasuta-saatmine","8":"product_brand-mojodas","9":"product_cat-klaasplastist-kumblustunnid","10":"product_cat-kumblustunnid","11":"product_tag-hot-tub-et","12":"product_tag-hot-tub-with-stove-et","13":"product_tag-luxury-hot-tub-et","15":"first","16":"instock","17":"sale","18":"taxable","19":"shipping-taxable","20":"purchasable","21":"product-type-simple"},"acf":[],"_links":{"self":[{"href":"https:\/\/factory.sale\/et\/wp-json\/wp\/v2\/product\/90198","targetHints":{"allow":["GET"]}}],"collection":[{"href":"https:\/\/factory.sale\/et\/wp-json\/wp\/v2\/product"}],"about":[{"href":"https:\/\/factory.sale\/et\/wp-json\/wp\/v2\/types\/product"}],"replies":[{"embeddable":true,"href":"https:\/\/factory.sale\/et\/wp-json\/wp\/v2\/comments?post=90198"}],"wp:featuredmedia":[{"embeddable":true,"href":"https:\/\/factory.sale\/et\/wp-json\/wp\/v2\/media\/89745"}],"wp:attachment":[{"href":"https:\/\/factory.sale\/et\/wp-json\/wp\/v2\/media?parent=90198"}],"wp:term":[{"taxonomy":"factory","embeddable":true,"href":"https:\/\/factory.sale\/et\/wp-json\/wp\/v2\/factory?post=90198"},{"taxonomy":"free-shipment","embeddable":true,"href":"https:\/\/factory.sale\/et\/wp-json\/wp\/v2\/free-shipment?post=90198"},{"taxonomy":"product_brand","embeddable":true,"href":"https:\/\/factory.sale\/et\/wp-json\/wp\/v2\/product_brand?post=90198"},{"taxonomy":"product_cat","embeddable":true,"href":"https:\/\/factory.sale\/et\/wp-json\/wp\/v2\/product_cat?post=90198"},{"taxonomy":"product_tag","embeddable":true,"href":"https:\/\/factory.sale\/et\/wp-json\/wp\/v2\/product_tag?post=90198"}],"curies":[{"name":"wp","href":"https:\/\/api.w.org\/{rel}","templated":true}]}}