{"id":90156,"date":"2024-09-06T16:37:48","date_gmt":"2024-09-18T06:50:49","guid":{"rendered":"https:\/\/factory.sale\/?post_type=product&#038;p=90156"},"modified":"2025-10-03T11:11:36","modified_gmt":"2025-10-03T08:11:36","slug":"miraceti-kumblustunn","status":"publish","type":"product","link":"https:\/\/factory.sale\/et\/toode\/miraceti-kumblustunn\/","title":{"rendered":"Miraceti k\u00fcmblust\u00fcnn\/minibassein, integreeritud ahi, delux akr\u00fc\u00fclist sisu"},"content":{"rendered":"<p><strong>Miraceti \u2013 Loodud avastajatest, unistajatest ja teek\u00e4ijatest<\/strong><\/p>\n<p>Miraceti, ladina keeles &#8220;paat&#8221;, on austusavaldus mere vaikusele ja metsikusele. See on s\u00fcndinud liikumisest \u2013 mitte ainult m\u00f6\u00f6da ookeane, vaid ka seesmistes maailmades. Just seal, kahe hetke v\u00f5i ruumi vahel, on Miraceti kodu.<\/p>\n<p>See k\u00fcmblust\u00fcnn kuulub ainulaadsesse sarja, mis on inspireeritud maailmadest maailmade sees \u2013 liminaalsetest paikadest, kus tuttav sulandub tundmatuga. Iga detail Miracetis kannab endas rahu, mida avastajad ihkavad, unistajad kujutlevad ja teek\u00e4ijad leiavad.<\/p>\n<p>Must-valge marmorak\u00fc\u00fclist sisu ei ole vaid tehniline lahendus \u2013 see on vaikne lubadus. Selle orgaanilised kumerused toetavad keha ja loovad ruumi, kus meelel on lubatud r\u00e4nnata. Vesi on soe, aeg peatub ja olemine muutub s\u00fcgavamaks.<\/p>\n<p>Miraceti loodud on neile, kes tunnevad \u00e4ra ilu, mis ei h\u00fc\u00fca, vaid kutsub. Neile, kes on valmis peatuma ja kuulama. Neile, kelle jaoks luksus ei t\u00e4henda liigset, vaid t\u00e4henduslikku.<\/p>\n<p>&nbsp;<\/p>\n<p><strong>Komplekti kuulub:<\/strong><\/p>\n<ul>\n<li>M\u00f5\u00f5tmed 2450 mm (pikkus), 2450 mm (laius), 1100 mm (k\u00f5rgus)<\/li>\n<li>Veemahutavus: 1500 L<\/li>\n<li>Integreeritud puuk\u00fcttega ahi vastupidavast S304 roostevabast terasest<\/li>\n<li>M\u00e4nnipuidust v\u00e4lisvooder erinevate viimistlus v\u00f5imalustega<\/li>\n<li>2- meetrine korstnakomplekt koos kuumakaitse ja korstnam\u00fctsiga<\/li>\n<li>Soojustatud pol\u00fcuretaanvahuga<\/li>\n<li>Pneumaatilised nupud- LED, \u00f5hk, vesi, k\u00fcte<\/li>\n<li>Kaitsekilp ohutuseks<\/li>\n<li>\u00c4ravooluklapp<\/li>\n<li>Akr\u00fc\u00fcl sisemus 4 istekohta ja 1 lamamisase\/voodi MUST MARMOR v\u00f5i VALGE MARMOR<\/li>\n<\/ul>\n<p><img loading=\"lazy\" decoding=\"async\" class=\"alignnone wp-image-101998\" src=\"https:\/\/factory.sale\/wp-content\/uploads\/2024\/09\/Miraceti-insert-300x153.jpg\" alt=\"\" width=\"621\" height=\"317\" srcset=\"https:\/\/factory.sale\/wp-content\/uploads\/2024\/09\/Miraceti-insert-300x153.jpg 300w, https:\/\/factory.sale\/wp-content\/uploads\/2024\/09\/Miraceti-insert-150x77.jpg 150w, https:\/\/factory.sale\/wp-content\/uploads\/2024\/09\/Miraceti-insert-600x307.jpg 600w, https:\/\/factory.sale\/wp-content\/uploads\/2024\/09\/Miraceti-insert.jpg 780w\" sizes=\"auto, (max-width: 621px) 100vw, 621px\" \/><\/p>\n<p>&nbsp;<\/p>\n<p><strong>Valikulised lisad:<\/strong><\/p>\n<ul>\n<li>H\u00fcdromassaa\u017ei s\u00fcsteem, roostevaba terasest otsikud 1,1 kw pumbaga (6, 8, 12,) (14 otsikuga on 1,5 kw pumbaga)<\/li>\n<li>H\u00fcdromassaa\u017ei s\u00fcsteem, 16\/18\/24 roostevabast terasest otsikud ( 2x 1,1 kW pumpa 345 l\/min)<\/li>\n<li>Mullis\u00fcsteem, 12 v\u00f5i 18 roostevabast terasest otsikut ( 750 W pump)<\/li>\n<li>Mullis\u00fcsteem, 24 roostevabast terasest otsikut ( 2 x 750 W pumpa)<\/li>\n<li>Helis\u00fcsteem Bluetooth \u00fchendusega + lisak\u00f5larite v\u00f5imalus<\/li>\n<li>Sensoorjuhtimiss\u00fcsteem musta v\u00f5i valget v\u00e4rvi 3-in-1 (h\u00fcdro + \u00f5hk + elektrik\u00fcte) ilma temperatuuri andurita<\/li>\n<li>Sensoorjuhtimiss\u00fcsteem valget v\u00e4rvi 4-in-1 (h\u00fcdro + \u00f5hk + LED+ elektrik\u00fcte ) koos temperatuuri anduriga<\/li>\n<li>Veekosk\/ juga<\/li>\n<li>Termokate<\/li>\n<li>Topsihoidjad, metallist, plastikust v\u00f5i puidust<\/li>\n<li>Kohandatav LED-valgustus. Eredamad LED stars ja mahedamad MINI LED<\/li>\n<li>LED valgusriba v\u00e4ljaspool, \u00fcmber k\u00fcmblust\u00fcnni<\/li>\n<li>Kuusepuidust v\u00e4livooder erinevate viimistlus v\u00f5imalustega<\/li>\n<li>Termopuidust v\u00e4lisvooder erinevate viimistlus v\u00f5imalustega &#8211; p\u00f5letatud termopuit rhombus-profiil laudisega<\/li>\n<li>WPC v\u00e4line viimistlus<\/li>\n<li>Peatoed<\/li>\n<li>R\u00e4tikuhoidja<\/li>\n<li>Termokatte t\u00f5stmismehhanism<\/li>\n<li>Gecko juhtimiss\u00fcsteem WIFI v\u00f5imekusega<\/li>\n<li>Elektrik\u00fctte v\u00f5imalused 3, 6 ja 9 kw<\/li>\n<li>K\u00fcttepuude hoidik<\/li>\n<li>Tuulevari<\/li>\n<li>Metallist nurga profiilidesse v\u00f5imalik enda logo laserl\u00f5ikusega l\u00f5igata<\/li>\n<li>Trepid, \u00fcmar profiil, sirge profiil (kasttrepp), \u00fcmar profiil XL trepp<\/li>\n<li>Veepuhastus liiva filtris\u00fcsteem koos UVC valgusega<\/li>\n<li>Skimmer, mis puhastab vee pinnalt. Koos ja ilma UV valgusega<\/li>\n<li>Filtris\u00fcsteemi kast<\/li>\n<li>K\u00fcttepuude hoidik, \u00fchepoolne (termopuit)<\/li>\n<li>K\u00fcttepuude hoidik, kahepoolne (termopuit)<\/li>\n<\/ul>\n<p><strong>Termokatte v\u00e4rvivalikud:<\/strong><\/p>\n<p><img loading=\"lazy\" decoding=\"async\" class=\"alignnone wp-image-93257\" src=\"https:\/\/factory.sale\/wp-content\/uploads\/2024\/08\/hot-tub-cover-colours-factory.sale_-1-300x120.webp\" alt=\"\" width=\"600\" height=\"240\" srcset=\"https:\/\/factory.sale\/wp-content\/uploads\/2024\/08\/hot-tub-cover-colours-factory.sale_-1-300x120.webp 300w, https:\/\/factory.sale\/wp-content\/uploads\/2024\/08\/hot-tub-cover-colours-factory.sale_-1-150x60.webp 150w, https:\/\/factory.sale\/wp-content\/uploads\/2024\/08\/hot-tub-cover-colours-factory.sale_-1-600x240.webp 600w, https:\/\/factory.sale\/wp-content\/uploads\/2024\/08\/hot-tub-cover-colours-factory.sale_-1.webp 750w\" sizes=\"auto, (max-width: 600px) 100vw, 600px\" \/><\/p>\n<p>Termokate \u2013 miks see on oluline?<\/p>\n<p>Termokate on h\u00e4davajalik, et hoida vee temperatuur stabiilsena, v\u00e4hendada energiakulu ja kaitsta k\u00fcmblust\u00fcnni mustuse ning tolmu eest. See suurendab turvalisust, eriti laste ja lemmikloomadega peredes, ning kaitseb k\u00fcmblust\u00fcnni ilmastikum\u00f5jude eest. Praktiline, kuluefektiivne ja keskkonnas\u00f5bralik lahendus sinu k\u00fcmblust\u00fcnnile.<\/p>\n<p><strong>Voodrilaua erinevad valikud (materjali paksus u- 2cm):<\/strong><\/p>\n<p><img loading=\"lazy\" decoding=\"async\" class=\"alignnone wp-image-104201\" src=\"https:\/\/factory.sale\/wp-content\/uploads\/2025\/05\/Kumblustunni-viimistlus-factory-sale-300x120.webp\" alt=\"\" width=\"708\" height=\"283\" srcset=\"https:\/\/factory.sale\/wp-content\/uploads\/2025\/05\/Kumblustunni-viimistlus-factory-sale-300x120.webp 300w, https:\/\/factory.sale\/wp-content\/uploads\/2025\/05\/Kumblustunni-viimistlus-factory-sale-150x60.webp 150w, https:\/\/factory.sale\/wp-content\/uploads\/2025\/05\/Kumblustunni-viimistlus-factory-sale-600x240.webp 600w, https:\/\/factory.sale\/wp-content\/uploads\/2025\/05\/Kumblustunni-viimistlus-factory-sale.webp 750w\" sizes=\"auto, (max-width: 708px) 100vw, 708px\" \/><\/p>\n<p><strong>Treppide valik:<\/strong><\/p>\n<p><img loading=\"lazy\" decoding=\"async\" class=\"alignnone wp-image-104372\" src=\"https:\/\/factory.sale\/wp-content\/uploads\/2024\/09\/trepid-factory.sale-1-300x120.webp\" alt=\"\" width=\"710\" height=\"284\" srcset=\"https:\/\/factory.sale\/wp-content\/uploads\/2024\/09\/trepid-factory.sale-1-300x120.webp 300w, https:\/\/factory.sale\/wp-content\/uploads\/2024\/09\/trepid-factory.sale-1-150x60.webp 150w, https:\/\/factory.sale\/wp-content\/uploads\/2024\/09\/trepid-factory.sale-1-600x240.webp 600w, https:\/\/factory.sale\/wp-content\/uploads\/2024\/09\/trepid-factory.sale-1.webp 750w\" sizes=\"auto, (max-width: 710px) 100vw, 710px\" \/><\/p>\n<p><strong>Lisad<\/strong><\/p>\n<p><img loading=\"lazy\" decoding=\"async\" class=\"alignnone wp-image-93266\" src=\"https:\/\/factory.sale\/wp-content\/uploads\/2024\/08\/hot-tub-accessories-factory.sale-3-300x212.jpg\" alt=\"\" width=\"712\" height=\"503\" srcset=\"https:\/\/factory.sale\/wp-content\/uploads\/2024\/08\/hot-tub-accessories-factory.sale-3-300x212.jpg 300w, https:\/\/factory.sale\/wp-content\/uploads\/2024\/08\/hot-tub-accessories-factory.sale-3-1024x724.jpg 1024w, https:\/\/factory.sale\/wp-content\/uploads\/2024\/08\/hot-tub-accessories-factory.sale-3-150x106.jpg 150w, https:\/\/factory.sale\/wp-content\/uploads\/2024\/08\/hot-tub-accessories-factory.sale-3-1536x1086.jpg 1536w, https:\/\/factory.sale\/wp-content\/uploads\/2024\/08\/hot-tub-accessories-factory.sale-3-600x424.jpg 600w, https:\/\/factory.sale\/wp-content\/uploads\/2024\/08\/hot-tub-accessories-factory.sale-3.jpg 2000w\" sizes=\"auto, (max-width: 712px) 100vw, 712px\" \/><\/p>\n<p>Lae alla <a href=\"https:\/\/factory.sale\/wp-content\/uploads\/2025\/04\/HOT-TUB-GENERAL-USER-MANUAL.pdf\" target=\"_blank\" rel=\"noopener\">kasutusjuhend<\/a><\/p>\n<p>&nbsp;<\/p>\n<p>T\u00f5sta enda l\u00f5\u00f5gastus uuele tasemele Miraceti k\u00fcmblust\u00fcnniga \u2014 seal, kus<br \/>\nluksus kohtub sisemise rahuga.<\/p>\n","protected":false},"excerpt":{"rendered":"<p class=\"\" data-start=\"182\" data-end=\"232\"><strong data-start=\"182\" data-end=\"232\">Miraceti \u2013 vaikne luksus, mis r\u00e4\u00e4gib enda eest<\/strong><\/p>\n<p class=\"\" data-start=\"234\" data-end=\"487\">Miraceti on elegantne k\u00fcmblust\u00fcnn, mis \u00fchendab ajatult stiilse marmorak\u00fc\u00fcli, erakordse ergonoomia ja s\u00fcgavalt l\u00e4bim\u00f5eldud detailid. See on loodud neile, kes v\u00e4\u00e4rtustavad vaikust, t\u00e4hendust ja isiklikku ruumi \u2013 avastajatele, unistajatele ja teek\u00e4ijatele.<\/p>\n<p class=\"\" data-start=\"489\" data-end=\"851\">Lisadena saab Miraceti varustada roostevabast terasest otsikutega h\u00fcdro- v\u00f5i mullis\u00fcsteemiga, sensoorjuhtimisega (4-in-1 funktsioonidega), kohandatava LED-valgustuse ja Gecko WiFi-juhtimiss\u00fcsteemiga. Visuaalsele ilule lisavad s\u00fcgavust WPC- v\u00f5i termopuidust viimistlus, LED valgusriba \u00fcmber k\u00fcmblust\u00fcnni ja detailid nagu termokate, peatoed v\u00f5i stiilsed trepid.<\/p>\n<p class=\"\" data-start=\"853\" data-end=\"939\">Miraceti on rohkem kui lihtsalt k\u00fcmblust\u00fcnn \u2013 see on ruum enesele, loodud nautimiseks.<\/p>\n","protected":false},"featured_media":94085,"comment_status":"open","ping_status":"closed","template":"","meta":{"_acf_changed":false},"factory":[],"free-shipment":[],"product_brand":[],"product_cat":[2587,2209],"product_tag":[2842,4435],"class_list":{"0":"post-90156","1":"product","2":"type-product","3":"status-publish","4":"has-post-thumbnail","6":"product_cat-klaasplastist-kumblustunnid","7":"product_cat-kumblustunnid","8":"product_tag-hot-tub-et","9":"product_tag-luxury-hot-tub-et","11":"first","12":"instock","13":"sale","14":"taxable","15":"shipping-taxable","16":"purchasable","17":"product-type-simple"},"acf":[],"_links":{"self":[{"href":"https:\/\/factory.sale\/et\/wp-json\/wp\/v2\/product\/90156","targetHints":{"allow":["GET"]}}],"collection":[{"href":"https:\/\/factory.sale\/et\/wp-json\/wp\/v2\/product"}],"about":[{"href":"https:\/\/factory.sale\/et\/wp-json\/wp\/v2\/types\/product"}],"replies":[{"embeddable":true,"href":"https:\/\/factory.sale\/et\/wp-json\/wp\/v2\/comments?post=90156"}],"wp:featuredmedia":[{"embeddable":true,"href":"https:\/\/factory.sale\/et\/wp-json\/wp\/v2\/media\/94085"}],"wp:attachment":[{"href":"https:\/\/factory.sale\/et\/wp-json\/wp\/v2\/media?parent=90156"}],"wp:term":[{"taxonomy":"factory","embeddable":true,"href":"https:\/\/factory.sale\/et\/wp-json\/wp\/v2\/factory?post=90156"},{"taxonomy":"free-shipment","embeddable":true,"href":"https:\/\/factory.sale\/et\/wp-json\/wp\/v2\/free-shipment?post=90156"},{"taxonomy":"product_brand","embeddable":true,"href":"https:\/\/factory.sale\/et\/wp-json\/wp\/v2\/product_brand?post=90156"},{"taxonomy":"product_cat","embeddable":true,"href":"https:\/\/factory.sale\/et\/wp-json\/wp\/v2\/product_cat?post=90156"},{"taxonomy":"product_tag","embeddable":true,"href":"https:\/\/factory.sale\/et\/wp-json\/wp\/v2\/product_tag?post=90156"}],"curies":[{"name":"wp","href":"https:\/\/api.w.org\/{rel}","templated":true}]}}