{"id":90139,"date":"2024-09-01T15:47:29","date_gmt":"2024-09-17T09:26:33","guid":{"rendered":"https:\/\/factory.sale\/?post_type=product&#038;p=90139"},"modified":"2025-03-23T00:54:08","modified_gmt":"2025-03-22T21:54:08","slug":"solido-500-tasapinnaandur-230ac-metallist-laba-alumiiniumkorpus-25-80c-r1%c2%bd-atex","status":"publish","type":"product","link":"https:\/\/factory.sale\/et\/toode\/solido-500-tasapinnaandur-230ac-metallist-laba-alumiiniumkorpus-25-80c-r1%c2%bd-atex\/","title":{"rendered":"SOLIDO 500 Tasapinnaandur, 230AC, metallist laba, alumiiniumkorpus, -25&#8230;+80C, R1\u00bd\u201d, ATEX"},"content":{"rendered":"<p>Solido\u00ae 500 tasemeandur on elektromehaaniline p\u00f6\u00f6rdlabaga piir\u00fcliti, mis on m\u00f5eldud lahtiste tahkete materjalide taseme j\u00e4lgimiseks. Paigaldatuna mahutisse, mis sisaldab lahtist tahket materjali, saab seda kasutada k\u00f5rge taseme n\u00e4itamiseks \u00fclet\u00e4itumise kaitseks, madala taseme tuvastamiseks t\u00fchja anuma puhul v\u00f5i mis tahes punktis mahuti k\u00f5rguse ulatuses, kus on vajalik taseme n\u00e4itamine.<\/p>\n<p>&nbsp;<\/p>\n<table class=\"table-data-sheet\">\n<tbody>\n<tr class=\"odd\">\n<td>Toode<\/td>\n<td>TASAPINNAANDUR SOLIDO 500<\/td>\n<\/tr>\n<tr class=\"even\">\n<td>Tootja<\/td>\n<td>UWT<\/td>\n<\/tr>\n<tr class=\"odd\">\n<td>Toide<\/td>\n<td>230V AC<\/td>\n<\/tr>\n<tr class=\"even\">\n<td>Seeria<\/td>\n<td>SOLIDO<\/td>\n<\/tr>\n<tr class=\"odd\">\n<td>T\u00f6\u00f6temperatuur<\/td>\n<td>-25\u02da&#8230;+80\u02daC<\/td>\n<\/tr>\n<tr class=\"even\">\n<td>Kaitseklass<\/td>\n<td>IP66<\/td>\n<\/tr>\n<tr class=\"odd\">\n<td>Korpus<\/td>\n<td>Alumiinium<\/td>\n<\/tr>\n<tr class=\"even\">\n<td>V\u00e4ljund<\/td>\n<td>Relee<\/td>\n<\/tr>\n<tr class=\"odd\">\n<td>Keere\/l\u00e4biviik<\/td>\n<td>R1\u00bd\u201d<\/td>\n<\/tr>\n<tr class=\"even\">\n<td>Sertifikaat<\/td>\n<td>ATEX<\/td>\n<\/tr>\n<tr class=\"odd\">\n<td>Pikkus<\/td>\n<td>150mm<\/td>\n<\/tr>\n<\/tbody>\n<\/table>\n<p>&nbsp;<\/p>\n<p><a href=\"https:\/\/factory.sale\/wp-content\/uploads\/2024\/09\/Solido-500.pdf\" target=\"_blank\" rel=\"noopener\">SOLIDO 500 PDF<\/a><\/p>\n","protected":false},"excerpt":{"rendered":"<table class=\"table-data-sheet\">\n<tbody>\n<tr class=\"odd\">\n<td>Toode<\/td>\n<td>TASAPINNAANDUR SOLIDO 500<\/td>\n<\/tr>\n<tr class=\"even\">\n<td>Tootja<\/td>\n<td>UWT<\/td>\n<\/tr>\n<tr class=\"odd\">\n<td>Toide<\/td>\n<td>230V AC<\/td>\n<\/tr>\n<tr class=\"even\">\n<td>Seeria<\/td>\n<td>SOLIDO<\/td>\n<\/tr>\n<tr class=\"odd\">\n<td>T\u00f6\u00f6temperatuur<\/td>\n<td>-25\u02da&#8230;+80\u02daC<\/td>\n<\/tr>\n<tr class=\"even\">\n<td>Kaitseklass<\/td>\n<td>IP66<\/td>\n<\/tr>\n<tr class=\"odd\">\n<td>Korpus<\/td>\n<td>Alumiinium<\/td>\n<\/tr>\n<tr class=\"even\">\n<td>V\u00e4ljund<\/td>\n<td>Relee<\/td>\n<\/tr>\n<tr class=\"odd\">\n<td>Keere\/l\u00e4biviik<\/td>\n<td>R1\u00bd\u201d<\/td>\n<\/tr>\n<tr class=\"even\">\n<td>Sertifikaat<\/td>\n<td>ATEX<\/td>\n<\/tr>\n<tr class=\"odd\">\n<td>Pikkus<\/td>\n<td>150mm<\/td>\n<\/tr>\n<\/tbody>\n<\/table>\n","protected":false},"featured_media":89624,"comment_status":"open","ping_status":"closed","template":"","meta":{"_acf_changed":false},"factory":[],"free-shipment":[],"product_brand":[],"product_cat":[2998],"product_tag":[],"class_list":{"0":"post-90139","1":"product","2":"type-product","3":"status-publish","4":"has-post-thumbnail","6":"product_cat-taseme-andurid","8":"first","9":"instock","10":"sale","11":"taxable","12":"shipping-taxable","13":"purchasable","14":"product-type-simple"},"acf":[],"_links":{"self":[{"href":"https:\/\/factory.sale\/et\/wp-json\/wp\/v2\/product\/90139","targetHints":{"allow":["GET"]}}],"collection":[{"href":"https:\/\/factory.sale\/et\/wp-json\/wp\/v2\/product"}],"about":[{"href":"https:\/\/factory.sale\/et\/wp-json\/wp\/v2\/types\/product"}],"replies":[{"embeddable":true,"href":"https:\/\/factory.sale\/et\/wp-json\/wp\/v2\/comments?post=90139"}],"wp:featuredmedia":[{"embeddable":true,"href":"https:\/\/factory.sale\/et\/wp-json\/wp\/v2\/media\/89624"}],"wp:attachment":[{"href":"https:\/\/factory.sale\/et\/wp-json\/wp\/v2\/media?parent=90139"}],"wp:term":[{"taxonomy":"factory","embeddable":true,"href":"https:\/\/factory.sale\/et\/wp-json\/wp\/v2\/factory?post=90139"},{"taxonomy":"free-shipment","embeddable":true,"href":"https:\/\/factory.sale\/et\/wp-json\/wp\/v2\/free-shipment?post=90139"},{"taxonomy":"product_brand","embeddable":true,"href":"https:\/\/factory.sale\/et\/wp-json\/wp\/v2\/product_brand?post=90139"},{"taxonomy":"product_cat","embeddable":true,"href":"https:\/\/factory.sale\/et\/wp-json\/wp\/v2\/product_cat?post=90139"},{"taxonomy":"product_tag","embeddable":true,"href":"https:\/\/factory.sale\/et\/wp-json\/wp\/v2\/product_tag?post=90139"}],"curies":[{"name":"wp","href":"https:\/\/api.w.org\/{rel}","templated":true}]}}