{"id":90109,"date":"2024-09-01T16:25:22","date_gmt":"2024-09-16T09:48:05","guid":{"rendered":"https:\/\/factory.sale\/?post_type=product&#038;p=90109"},"modified":"2025-03-23T01:10:03","modified_gmt":"2025-03-22T22:10:03","slug":"rn-4001-tasapinnaandur-24dc-plastikust-tiivik-plastikkorpus-140mm-g1%c2%bd","status":"publish","type":"product","link":"https:\/\/factory.sale\/et\/toode\/rn-4001-tasapinnaandur-24dc-plastikust-tiivik-plastikkorpus-140mm-g1%c2%bd\/","title":{"rendered":"RN 4001 Tasapinnaandur, 24DC, plastikust tiivik, plastikkorpus, 140MM, G1\u00bd\u201d"},"content":{"rendered":"<p>P\u00f6\u00f6rdlabaga andurit Rotonivo\u00ae RN 4001 kasutatakse ladustamis- ja protsessianumates t\u00e4is-, vajadus- ja t\u00fchja taseme tuvastamiseks paljudes lahtistes materjalides, kus ei esine ekstreemseid protsessitingimusi. Materjalide kogunemine v\u00f5i tolmune protsessikeskkond ei m\u00f5juta kuidagi tasemeindikaatori m\u00f5\u00f5tmistulemuste t\u00e4psust.<\/p>\n<p>&nbsp;<\/p>\n<table class=\"table-data-sheet\">\n<tbody>\n<tr class=\"odd\">\n<td>Toode<\/td>\n<td>TASAPINNAANDUR RN 4001<\/td>\n<\/tr>\n<tr class=\"even\">\n<td>Tootja<\/td>\n<td>UWT<\/td>\n<\/tr>\n<tr class=\"odd\">\n<td>Toide<\/td>\n<td>24V DC<\/td>\n<\/tr>\n<tr class=\"even\">\n<td>Seeria<\/td>\n<td>Rotonivo<\/td>\n<\/tr>\n<tr class=\"odd\">\n<td>T\u00f6\u00f6temperatuur<\/td>\n<td>-20\u02da&#8230;+80\u02daC<\/td>\n<\/tr>\n<tr class=\"even\">\n<td>Kaitseklass<\/td>\n<td>IP66<\/td>\n<\/tr>\n<tr class=\"odd\">\n<td>Korpus<\/td>\n<td>Plastmass<\/td>\n<\/tr>\n<tr class=\"even\">\n<td>V\u00e4ljund<\/td>\n<td>SPDT relee<\/td>\n<\/tr>\n<tr class=\"odd\">\n<td>Keere\/l\u00e4biviik<\/td>\n<td>G1\u00bd\u201d<\/td>\n<\/tr>\n<tr class=\"even\">\n<td>Sertifikaat<\/td>\n<td>CE<\/td>\n<\/tr>\n<tr class=\"odd\">\n<td>Pikkus<\/td>\n<td>140mm<\/td>\n<\/tr>\n<\/tbody>\n<\/table>\n<p>&nbsp;<\/p>\n<p><a href=\"https:\/\/factory.sale\/wp-content\/uploads\/2024\/09\/Rotonivo-4000-manuaal-1.pdf\" target=\"_blank\" rel=\"noopener\">RN4001 PDF<\/a><\/p>\n","protected":false},"excerpt":{"rendered":"<table class=\"table-data-sheet\">\n<tbody>\n<tr class=\"odd\">\n<td>Toode<\/td>\n<td>TASAPINNAANDUR RN 4001<\/td>\n<\/tr>\n<tr class=\"even\">\n<td>Tootja<\/td>\n<td>UWT<\/td>\n<\/tr>\n<tr class=\"odd\">\n<td>Toide<\/td>\n<td>24V DC<\/td>\n<\/tr>\n<tr class=\"even\">\n<td>Seeria<\/td>\n<td>Rotonivo<\/td>\n<\/tr>\n<tr class=\"odd\">\n<td>T\u00f6\u00f6temperatuur<\/td>\n<td>-20\u02da&#8230;+80\u02daC<\/td>\n<\/tr>\n<tr class=\"even\">\n<td>Kaitseklass<\/td>\n<td>IP66<\/td>\n<\/tr>\n<tr class=\"odd\">\n<td>Korpus<\/td>\n<td>Plastmass<\/td>\n<\/tr>\n<tr class=\"even\">\n<td>V\u00e4ljund<\/td>\n<td>SPDT relee<\/td>\n<\/tr>\n<tr class=\"odd\">\n<td>Keere\/l\u00e4biviik<\/td>\n<td>G1\u00bd\u201d<\/td>\n<\/tr>\n<tr class=\"even\">\n<td>Sertifikaat<\/td>\n<td>CE<\/td>\n<\/tr>\n<tr class=\"odd\">\n<td>Pikkus<\/td>\n<td>140mm<\/td>\n<\/tr>\n<\/tbody>\n<\/table>\n","protected":false},"featured_media":89653,"comment_status":"open","ping_status":"closed","template":"","meta":{"_acf_changed":false},"factory":[],"free-shipment":[],"product_brand":[],"product_cat":[2998],"product_tag":[],"class_list":{"0":"post-90109","1":"product","2":"type-product","3":"status-publish","4":"has-post-thumbnail","6":"product_cat-taseme-andurid","8":"first","9":"instock","10":"sale","11":"taxable","12":"shipping-taxable","13":"purchasable","14":"product-type-simple"},"acf":[],"_links":{"self":[{"href":"https:\/\/factory.sale\/et\/wp-json\/wp\/v2\/product\/90109","targetHints":{"allow":["GET"]}}],"collection":[{"href":"https:\/\/factory.sale\/et\/wp-json\/wp\/v2\/product"}],"about":[{"href":"https:\/\/factory.sale\/et\/wp-json\/wp\/v2\/types\/product"}],"replies":[{"embeddable":true,"href":"https:\/\/factory.sale\/et\/wp-json\/wp\/v2\/comments?post=90109"}],"wp:featuredmedia":[{"embeddable":true,"href":"https:\/\/factory.sale\/et\/wp-json\/wp\/v2\/media\/89653"}],"wp:attachment":[{"href":"https:\/\/factory.sale\/et\/wp-json\/wp\/v2\/media?parent=90109"}],"wp:term":[{"taxonomy":"factory","embeddable":true,"href":"https:\/\/factory.sale\/et\/wp-json\/wp\/v2\/factory?post=90109"},{"taxonomy":"free-shipment","embeddable":true,"href":"https:\/\/factory.sale\/et\/wp-json\/wp\/v2\/free-shipment?post=90109"},{"taxonomy":"product_brand","embeddable":true,"href":"https:\/\/factory.sale\/et\/wp-json\/wp\/v2\/product_brand?post=90109"},{"taxonomy":"product_cat","embeddable":true,"href":"https:\/\/factory.sale\/et\/wp-json\/wp\/v2\/product_cat?post=90109"},{"taxonomy":"product_tag","embeddable":true,"href":"https:\/\/factory.sale\/et\/wp-json\/wp\/v2\/product_tag?post=90109"}],"curies":[{"name":"wp","href":"https:\/\/api.w.org\/{rel}","templated":true}]}}