{"id":90085,"date":"2024-09-01T16:30:52","date_gmt":"2024-09-15T20:17:42","guid":{"rendered":"https:\/\/factory.sale\/?post_type=product&#038;p=90085"},"modified":"2024-09-17T13:03:14","modified_gmt":"2024-09-17T10:03:14","slug":"nr-7100-radarandur-12-35dc-max-8m-4-20ma-40c-60c-1bar-3bar-g1%c2%bd-ip66-67","status":"publish","type":"product","link":"https:\/\/factory.sale\/et\/toode\/nr-7100-radarandur-12-35dc-max-8m-4-20ma-40c-60c-1bar-3bar-g1%c2%bd-ip66-67\/","title":{"rendered":"NR 7100 Radarandur, 12-35DC, MAX 8M, 4-20MA, -40\u00b0C&#8230;+60\u00b0C, -1BAR&#8230;+3BAR, G1\u00bd\u201d, IP66\/67"},"content":{"rendered":"<p>80 GHz kontaktivaba FMCW radarandur NivoRadar\u00ae NR 7100, mille kitsas kiirenurk on 8\u00b0, kasutatakse erinevates t\u00f6\u00f6stusrakendustes, n\u00e4iteks ladustamissilodes, protsessipaakides ja IBC-konteinerites pidevaks taseme m\u00f5\u00f5tmiseks. Vabakiirgav taseme saatja on kompaktse disainiga, 1 1\/2&#8243; protsess\u00fchendusega (PVDF) ja m\u00f5\u00f5tevahemikuga kuni 8 m, samuti v\u00e4ga kiire reageerimisajaga. Toidut\u00f6\u00f6stusele sobivad radariseadmed on kasutatavad toidut\u00f6\u00f6stuse protsessides. Radarandureid saab kasutada agressiivsetes keskkondades, n\u00e4iteks hapetes, leelistes ja lahustites, samuti v\u00e4ga viskoossetes vedelikes ja \u00f5lides.<\/p>\n<p>&nbsp;<\/p>\n<table class=\"table-data-sheet\">\n<tbody>\n<tr class=\"odd\">\n<td>Tootja<\/td>\n<td>UWT<\/td>\n<\/tr>\n<tr class=\"even\">\n<td>Toide<\/td>\n<td>12-35V DC<\/td>\n<\/tr>\n<tr class=\"odd\">\n<td>Seeria<\/td>\n<td>NivoRadar<\/td>\n<\/tr>\n<tr class=\"even\">\n<td>M\u00f5\u00f5tepiirkond<\/td>\n<td>max 8m<\/td>\n<\/tr>\n<tr class=\"odd\">\n<td>T\u00f6\u00f6temperatuur<\/td>\n<td>-40\u02da&#8230;+60\u02daC<\/td>\n<\/tr>\n<tr class=\"even\">\n<td>Kaitseklass<\/td>\n<td>IP66\/67<\/td>\n<\/tr>\n<tr class=\"odd\">\n<td>Korpus<\/td>\n<td>Plastmass<\/td>\n<\/tr>\n<tr class=\"even\">\n<td>V\u00e4ljund<\/td>\n<td>4-20mA<\/td>\n<\/tr>\n<tr class=\"odd\">\n<td>Keere\/l\u00e4biviik<\/td>\n<td>G1\u00bd\u201d<\/td>\n<\/tr>\n<tr class=\"even\">\n<td>R\u00f5hk<\/td>\n<td>-1&#8230;3bar<\/td>\n<\/tr>\n<\/tbody>\n<\/table>\n<p>&nbsp;<\/p>\n<p>&nbsp;<\/p>\n<p><a href=\"https:\/\/factory.sale\/wp-content\/uploads\/2024\/09\/NivoRadar-7000.pdf\" target=\"_blank\" rel=\"noopener\">NivoRadar 700<\/a><\/p>\n<p><a href=\"https:\/\/factory.sale\/wp-content\/uploads\/2024\/09\/NivoRadar-7000-technical-notes.pdf\" target=\"_blank\" rel=\"noopener\">NivoRadar 700 Tehnilised Andmed<\/a><\/p>\n","protected":false},"excerpt":{"rendered":"<table class=\"table-data-sheet\">\n<tbody>\n<tr class=\"odd\">\n<td>Tootja<\/td>\n<td>UWT<\/td>\n<\/tr>\n<tr class=\"even\">\n<td>Toide<\/td>\n<td>12-35V DC<\/td>\n<\/tr>\n<tr class=\"odd\">\n<td>Seeria<\/td>\n<td>NivoRadar<\/td>\n<\/tr>\n<tr class=\"even\">\n<td>M\u00f5\u00f5tepiirkond<\/td>\n<td>max 8m<\/td>\n<\/tr>\n<tr class=\"odd\">\n<td>T\u00f6\u00f6temperatuur<\/td>\n<td>-40\u02da&#8230;+60\u02daC<\/td>\n<\/tr>\n<tr class=\"even\">\n<td>Kaitseklass<\/td>\n<td>IP66\/67<\/td>\n<\/tr>\n<tr class=\"odd\">\n<td>Korpus<\/td>\n<td>Plastmass<\/td>\n<\/tr>\n<tr class=\"even\">\n<td>V\u00e4ljund<\/td>\n<td>4-20mA<\/td>\n<\/tr>\n<tr class=\"odd\">\n<td>Keere\/l\u00e4biviik<\/td>\n<td>G1\u00bd\u201d<\/td>\n<\/tr>\n<tr class=\"even\">\n<td>R\u00f5hk<\/td>\n<td>-1&#8230;3bar<\/td>\n<\/tr>\n<\/tbody>\n<\/table>\n","protected":false},"featured_media":89643,"comment_status":"open","ping_status":"closed","template":"","meta":{"_acf_changed":false},"factory":[],"free-shipment":[],"product_brand":[],"product_cat":[2993],"product_tag":[],"class_list":{"0":"post-90085","1":"product","2":"type-product","3":"status-publish","4":"has-post-thumbnail","6":"product_cat-level-sensors-2","8":"first","9":"instock","10":"sale","11":"taxable","12":"shipping-taxable","13":"purchasable","14":"product-type-simple"},"acf":[],"_links":{"self":[{"href":"https:\/\/factory.sale\/et\/wp-json\/wp\/v2\/product\/90085","targetHints":{"allow":["GET"]}}],"collection":[{"href":"https:\/\/factory.sale\/et\/wp-json\/wp\/v2\/product"}],"about":[{"href":"https:\/\/factory.sale\/et\/wp-json\/wp\/v2\/types\/product"}],"replies":[{"embeddable":true,"href":"https:\/\/factory.sale\/et\/wp-json\/wp\/v2\/comments?post=90085"}],"wp:featuredmedia":[{"embeddable":true,"href":"https:\/\/factory.sale\/et\/wp-json\/wp\/v2\/media\/89643"}],"wp:attachment":[{"href":"https:\/\/factory.sale\/et\/wp-json\/wp\/v2\/media?parent=90085"}],"wp:term":[{"taxonomy":"factory","embeddable":true,"href":"https:\/\/factory.sale\/et\/wp-json\/wp\/v2\/factory?post=90085"},{"taxonomy":"free-shipment","embeddable":true,"href":"https:\/\/factory.sale\/et\/wp-json\/wp\/v2\/free-shipment?post=90085"},{"taxonomy":"product_brand","embeddable":true,"href":"https:\/\/factory.sale\/et\/wp-json\/wp\/v2\/product_brand?post=90085"},{"taxonomy":"product_cat","embeddable":true,"href":"https:\/\/factory.sale\/et\/wp-json\/wp\/v2\/product_cat?post=90085"},{"taxonomy":"product_tag","embeddable":true,"href":"https:\/\/factory.sale\/et\/wp-json\/wp\/v2\/product_tag?post=90085"}],"curies":[{"name":"wp","href":"https:\/\/api.w.org\/{rel}","templated":true}]}}