{"id":90078,"date":"2024-09-01T17:02:09","date_gmt":"2024-09-15T20:07:20","guid":{"rendered":"https:\/\/factory.sale\/?post_type=product&#038;p=90078"},"modified":"2024-10-09T22:24:43","modified_gmt":"2024-10-09T19:24:43","slug":"nb-4200-mikroprotsessoriga-tasemekontrollsusteem-20-28dc-max-80c-4-20ma-15m-lint-roostevaba-terasest-raskus","status":"publish","type":"product","link":"https:\/\/factory.sale\/et\/toode\/nb-4200-mikroprotsessoriga-tasemekontrollsusteem-20-28dc-max-80c-4-20ma-15m-lint-roostevaba-terasest-raskus\/","title":{"rendered":"NB 4200 Mikroprotsessoriga tasemekontrolls\u00fcsteem, 20-28DC, max +80C, 4-20MA, 15m lint, roostevaba terasest raskus"},"content":{"rendered":"<p>Elektromehaaniline loodsensor NivoBob\u00ae NB 4200 kasutatakse pidevaks taseme m\u00f5\u00f5tmiseks erinevate rakenduste lahtiste materjalide ladustamissiloodes. Lihtne elektromehaaniline m\u00f5\u00f5tmismeetod teeb sellest usaldusv\u00e4\u00e4rse universaalanduri, mis on t\u00f5estatud praktilises kasutuses peaaegu k\u00f5ikides lahtistes materjalides. Eriti h\u00e4sti t\u00f6\u00f6tab NB 4200 tolmuste, kleepuvate v\u00f5i madala dielektrilise konstantiga lahtiste materjalide puhul.<\/p>\n<p>&nbsp;<\/p>\n<p><strong>Tehnilised andmed:<\/strong><\/p>\n<table class=\"table-data-sheet\">\n<tbody>\n<tr class=\"odd\">\n<td>Toode<\/td>\n<td>NB 4200 MIKROPROTSESSORIGA TASEMEKONTROLLIS\u00dcSTEEM<\/td>\n<\/tr>\n<tr class=\"even\">\n<td>Tootja<\/td>\n<td>UWT<\/td>\n<\/tr>\n<tr class=\"odd\">\n<td>Toide<\/td>\n<td>18-36V DC<\/td>\n<\/tr>\n<tr class=\"even\">\n<td>Seeria<\/td>\n<td>Nivobob<\/td>\n<\/tr>\n<tr class=\"odd\">\n<td>T\u00f6\u00f6temperatuur<\/td>\n<td>-40\u02da&#8230;+80\u02daC<\/td>\n<\/tr>\n<tr class=\"even\">\n<td>Kaitseklass<\/td>\n<td>IP66<\/td>\n<\/tr>\n<tr class=\"odd\">\n<td>Korpus<\/td>\n<td>Alumiinium<\/td>\n<\/tr>\n<tr class=\"even\">\n<td>V\u00e4ljund<\/td>\n<td>2 x relee; 1 x 4-20mA<\/td>\n<\/tr>\n<tr class=\"odd\">\n<td>Sertifikaat<\/td>\n<td>CE<\/td>\n<\/tr>\n<tr class=\"even\">\n<td>Pikkus<\/td>\n<td>15m<\/td>\n<\/tr>\n<\/tbody>\n<\/table>\n<p>&nbsp;<\/p>\n<p>&nbsp;<\/p>\n<p>&nbsp;<\/p>\n<p>&nbsp;<\/p>\n<p><a href=\"https:\/\/factory.sale\/wp-content\/uploads\/2024\/09\/NB4_opt_en.pdf\" target=\"_blank\" rel=\"noopener\">PDF<\/a><\/p>\n","protected":false},"excerpt":{"rendered":"<table class=\"table-data-sheet\">\n<tbody>\n<tr class=\"odd\">\n<td>Toode<\/td>\n<td>NB 4200 MIKROPROTSESSORIGA TASEMEKONTROLLIS\u00dcSTEEM<\/td>\n<\/tr>\n<tr class=\"even\">\n<td>Tootja<\/td>\n<td>UWT<\/td>\n<\/tr>\n<tr class=\"odd\">\n<td>Toide<\/td>\n<td>18-36V DC<\/td>\n<\/tr>\n<tr class=\"even\">\n<td>Seeria<\/td>\n<td>Nivobob<\/td>\n<\/tr>\n<tr class=\"odd\">\n<td>T\u00f6\u00f6temperatuur<\/td>\n<td>-40\u02da&#8230;+80\u02daC<\/td>\n<\/tr>\n<tr class=\"even\">\n<td>Kaitseklass<\/td>\n<td>IP66<\/td>\n<\/tr>\n<tr class=\"odd\">\n<td>Korpus<\/td>\n<td>Alumiinium<\/td>\n<\/tr>\n<tr class=\"even\">\n<td>V\u00e4ljund<\/td>\n<td>2 x relee; 1 x 4-20mA<\/td>\n<\/tr>\n<tr class=\"odd\">\n<td>Sertifikaat<\/td>\n<td>CE<\/td>\n<\/tr>\n<tr class=\"even\">\n<td>Pikkus<\/td>\n<td>15m<\/td>\n<\/tr>\n<\/tbody>\n<\/table>\n<p>&nbsp;<\/p>\n","protected":false},"featured_media":89658,"comment_status":"open","ping_status":"closed","template":"","meta":{"_acf_changed":false},"factory":[],"free-shipment":[],"product_brand":[],"product_cat":[2998],"product_tag":[],"class_list":{"0":"post-90078","1":"product","2":"type-product","3":"status-publish","4":"has-post-thumbnail","6":"product_cat-taseme-andurid","8":"first","9":"instock","10":"sale","11":"taxable","12":"shipping-taxable","13":"purchasable","14":"product-type-simple"},"acf":[],"_links":{"self":[{"href":"https:\/\/factory.sale\/et\/wp-json\/wp\/v2\/product\/90078","targetHints":{"allow":["GET"]}}],"collection":[{"href":"https:\/\/factory.sale\/et\/wp-json\/wp\/v2\/product"}],"about":[{"href":"https:\/\/factory.sale\/et\/wp-json\/wp\/v2\/types\/product"}],"replies":[{"embeddable":true,"href":"https:\/\/factory.sale\/et\/wp-json\/wp\/v2\/comments?post=90078"}],"wp:featuredmedia":[{"embeddable":true,"href":"https:\/\/factory.sale\/et\/wp-json\/wp\/v2\/media\/89658"}],"wp:attachment":[{"href":"https:\/\/factory.sale\/et\/wp-json\/wp\/v2\/media?parent=90078"}],"wp:term":[{"taxonomy":"factory","embeddable":true,"href":"https:\/\/factory.sale\/et\/wp-json\/wp\/v2\/factory?post=90078"},{"taxonomy":"free-shipment","embeddable":true,"href":"https:\/\/factory.sale\/et\/wp-json\/wp\/v2\/free-shipment?post=90078"},{"taxonomy":"product_brand","embeddable":true,"href":"https:\/\/factory.sale\/et\/wp-json\/wp\/v2\/product_brand?post=90078"},{"taxonomy":"product_cat","embeddable":true,"href":"https:\/\/factory.sale\/et\/wp-json\/wp\/v2\/product_cat?post=90078"},{"taxonomy":"product_tag","embeddable":true,"href":"https:\/\/factory.sale\/et\/wp-json\/wp\/v2\/product_tag?post=90078"}],"curies":[{"name":"wp","href":"https:\/\/api.w.org\/{rel}","templated":true}]}}