{"id":89879,"date":"2024-09-08T11:29:05","date_gmt":"2024-09-08T08:31:51","guid":{"rendered":"https:\/\/factory.sale\/?post_type=product&#038;p=89879"},"modified":"2025-05-05T23:04:15","modified_gmt":"2025-05-05T20:04:15","slug":"caliskan-kamin-315-3d-box","status":"publish","type":"product","link":"https:\/\/factory.sale\/et\/toode\/caliskan-kamin-315-3d-box\/","title":{"rendered":"\u00c7al\u0131\u015fkan kamin 315-3D-BOX"},"content":{"rendered":"<p>Naudi originaalset kaminat ja praksuvat tuld!<\/p>\n<p>See puuk\u00fcttega kamin sobib suurep\u00e4raselt igasse interj\u00f6\u00f6ri, olenemata selle suurusest v\u00f5i v\u00e4rvilahendusest. Kamina elegantne disain teeb sellest t\u00e4helepanu keskpunkti, kus iganes see asub.<\/p>\n<p>Hoolimata oma traditsioonilisest v\u00e4limusest ja tunnetusest, on see pliit \u00fcks k\u00f5ige keskkonnas\u00f5bralikumaid valikuid t\u00e4nap\u00e4eva turul.<\/p>\n<p>Valmistatud malmist, \u00fcle poole sajandi pikkuse \u00c7al\u0131\u015fkan traditsiooniga, on see kamin\/pliit varustatud uusimate tehnoloogiate ja funktsioonidega.<\/p>\n<p>S\u00e4\u00e4sta raha ja ressursse! Selle \u00c7al\u0131\u015fkan kamina k\u00fctmise eelised on v\u00f5rreldamatud, eriti s\u00fcgise ja talve \u00fcleminekuperioodil.<\/p>\n<p><strong><em>5-aastane garantii!<\/em><\/strong><\/p>\n<p>&nbsp;<\/p>\n<p>&nbsp;<\/p>\n<p>&nbsp;<\/p>\n<p>&nbsp;<\/p>\n<p><strong>Tehnilised andmed:<\/strong><\/p>\n<ul>\n<li>V\u00f5imsus: 14,140 kW<\/li>\n<li>Tulekindlad \u0161amotttellised<\/li>\n<li>(Sahtli sisem\u00f5\u00f5dud): s\u00fcgavus 33 \u00d7 laius 45,5 \u00d7 k\u00f5rgus 16 cm<\/li>\n<li>M\u00f5\u00f5dud: s\u00fcgavus 55,5 \u00d7 laius 59 \u00d7 k\u00f5rgus 99 cm<\/li>\n<li>Soojusv\u00f5imsus: 140 m\u00b2<\/li>\n<li>Malmist osad: \u00fclaosa, raam, katted, rest<\/li>\n<li>Klaasemailiga viimistletud korpus<\/li>\n<li>Korstnatoru l\u00e4bim\u00f5\u00f5t: 130 mm<\/li>\n<li>Termo\u0161okikindel keraamiline klaas<\/li>\n<li>Lihtne puhastada<\/li>\n<li>Paks metallplekk<\/li>\n<li>Kaal: 114 kg<\/li>\n<li>(Puidukasti maht): 30 liitrit<\/li>\n<li>Eesmine, parem- ja vasakpoolne keraamiline klaas<\/li>\n<li>K\u00fctus: puit<\/li>\n<\/ul>\n<p>&nbsp;<\/p>\n<p>&nbsp;<\/p>\n<p><strong>Sertifikaadid:<\/strong><\/p>\n<ul>\n<li>Eco Design 2022<\/li>\n<li>Vastab BlmSchV (F\u00f6deraalse heitgaaside kaitse eeskiri) 2. tasemele.<\/li>\n<li>CE<\/li>\n<li>15a B-VG<\/li>\n<li>Certificato Ambientale<\/li>\n<li>DEFRA heaks kiidetud<\/li>\n<\/ul>\n<p>&nbsp;<\/p>\n<p><a href=\"https:\/\/factory.sale\/wp-content\/uploads\/2024\/09\/315_305_304_301_USER_MANUAL_ENGLISH.docx\" target=\"_blank\" rel=\"noopener\">Kasutus &#8211; ja paigaldusjuhend<\/a><\/p>\n<p>&nbsp;<\/p>\n<p><em>Lugege ja j\u00e4rgige kasutusjuhendit.<\/em><br \/>\n<em>Kasutage ainult heakskiidetud k\u00fctust \u2013 korralikult kuivatatud ja l\u00f5hutud k\u00fcttepuud!<\/em><\/p>\n<p>&nbsp;<\/p>\n<p>&nbsp;<\/p>\n<div class=\"video-wrapper \"><iframe loading=\"lazy\" title=\"315-3D BOX fireplace stove\" width=\"500\" height=\"281\" src=\"https:\/\/www.youtube.com\/embed\/zLlTJz5N6g4?feature=oembed\" frameborder=\"0\" allow=\"accelerometer; autoplay; clipboard-write; encrypted-media; gyroscope; picture-in-picture; web-share\" referrerpolicy=\"strict-origin-when-cross-origin\" allowfullscreen><\/iframe><\/div>\n","protected":false},"excerpt":{"rendered":"<p>Naudi originaalset kaminat ja praksuvat tuld!<\/p>\n<p>See puuk\u00fcttega kamin sobib suurep\u00e4raselt igasse interj\u00f6\u00f6ri, olenemata selle suurusest v\u00f5i v\u00e4rvilahendusest. Kamina elegantne disain teeb sellest t\u00e4helepanu keskpunkti, kus iganes see asub.<\/p>\n<p>&nbsp;<\/p>\n<p>K\u00f6etava ruumi pindala 10 \u2013 170m\u00b2.<\/p>\n<p>TASUTA TRANSPORT EU PIIRKONNAS!<\/p>\n","protected":false},"featured_media":89877,"comment_status":"open","ping_status":"closed","template":"","meta":{"_acf_changed":false},"factory":[],"free-shipment":[],"product_brand":[],"product_cat":[1247,2786],"product_tag":[1892],"class_list":{"0":"post-89879","1":"product","2":"type-product","3":"status-publish","4":"has-post-thumbnail","6":"product_cat-ahjud","7":"product_cat-caliskan-et","8":"product_tag-stove-et","10":"first","11":"instock","12":"sale","13":"taxable","14":"shipping-taxable","15":"purchasable","16":"product-type-simple"},"acf":[],"_links":{"self":[{"href":"https:\/\/factory.sale\/et\/wp-json\/wp\/v2\/product\/89879","targetHints":{"allow":["GET"]}}],"collection":[{"href":"https:\/\/factory.sale\/et\/wp-json\/wp\/v2\/product"}],"about":[{"href":"https:\/\/factory.sale\/et\/wp-json\/wp\/v2\/types\/product"}],"replies":[{"embeddable":true,"href":"https:\/\/factory.sale\/et\/wp-json\/wp\/v2\/comments?post=89879"}],"wp:featuredmedia":[{"embeddable":true,"href":"https:\/\/factory.sale\/et\/wp-json\/wp\/v2\/media\/89877"}],"wp:attachment":[{"href":"https:\/\/factory.sale\/et\/wp-json\/wp\/v2\/media?parent=89879"}],"wp:term":[{"taxonomy":"factory","embeddable":true,"href":"https:\/\/factory.sale\/et\/wp-json\/wp\/v2\/factory?post=89879"},{"taxonomy":"free-shipment","embeddable":true,"href":"https:\/\/factory.sale\/et\/wp-json\/wp\/v2\/free-shipment?post=89879"},{"taxonomy":"product_brand","embeddable":true,"href":"https:\/\/factory.sale\/et\/wp-json\/wp\/v2\/product_brand?post=89879"},{"taxonomy":"product_cat","embeddable":true,"href":"https:\/\/factory.sale\/et\/wp-json\/wp\/v2\/product_cat?post=89879"},{"taxonomy":"product_tag","embeddable":true,"href":"https:\/\/factory.sale\/et\/wp-json\/wp\/v2\/product_tag?post=89879"}],"curies":[{"name":"wp","href":"https:\/\/api.w.org\/{rel}","templated":true}]}}