{"id":89765,"date":"2024-09-06T16:02:04","date_gmt":"2024-09-06T13:10:29","guid":{"rendered":"https:\/\/factory.sale\/?post_type=product&#038;p=89765"},"modified":"2026-04-25T18:57:45","modified_gmt":"2026-04-25T15:57:45","slug":"caliskan-kamin-305","status":"publish","type":"product","link":"https:\/\/factory.sale\/et\/toode\/caliskan-kamin-305\/","title":{"rendered":"\u00c7al\u0131\u015fkan kamin 305"},"content":{"rendered":"<p>T\u00f5husad, keskkonnas\u00f5bralikud ja stiilsed \u2013 \u00c7al\u0131\u015fkan tooted on loodud neile, kes hindavad kvaliteeti ja kestvust!<\/p>\n<p>Muuda oma kodu hubaseks pelgupaigaks. \u00c7al\u0131\u015fkan puupliit toob ruumi elegantsi ja t\u00f6\u00f6kindlust. Selle puhtad jooned, kvaliteetne viimistlus ja suurep\u00e4rane soojusj\u00f5udlus muudavad selle t\u00f5eliseks pilgup\u00fc\u00fcdjaks.<br \/>\nValmistatud vastupidavast malmist ning tuginedes enam kui poole sajandi pikkusele \u00c7al\u0131\u015fkan traditsioonile, \u00fchendab see pliit k\u00e4sit\u00f6\u00f6oskuse, uuendusliku tehnoloogia ja nutikad funktsioonid.<br \/>\nS\u00e4\u00e4sta raha ja ressursse. Selle puupliidi k\u00fctteeelis tuleb eriti h\u00e4sti esile s\u00fcgisel ja talvel, kui vajad t\u00f5husat, usaldusv\u00e4\u00e4rset ja meeldivat lisasoojust.<\/p>\n<p>&nbsp;<\/p>\n<p><em><strong>5-aastane garantii!<\/strong><\/em><\/p>\n<p>&nbsp;<\/p>\n<p>&nbsp;<\/p>\n<p><strong>Tehnilised andmed:<\/strong><\/p>\n<ul>\n<li>V\u00f5imsus: 12 500 kW<\/li>\n<li>Tulekindlad \u0161amotttellised<\/li>\n<li>M\u00f5\u00f5dud: s\u00fcgavus 52 \u00d7 laius 57 \u00d7 k\u00f5rgus 87,5 cm<\/li>\n<li>Soojusv\u00f5imsus: 120 m\u00b2<\/li>\n<li>Malmist osad: \u00fclaosa, raam, katted, jalad, rest<\/li>\n<li>Klaasemailiga viimistletud korpus<\/li>\n<li>Korstnatoru l\u00e4bim\u00f5\u00f5t: 130 mm<\/li>\n<li>Termo\u0161okikindel keraamiline klaas<\/li>\n<li>Lihtne puhastada<\/li>\n<li>Paks metallplekk<\/li>\n<li>Kaal: 100 kg<\/li>\n<li>K\u00fctus: puit<\/li>\n<\/ul>\n<p>&nbsp;<\/p>\n<p>&nbsp;<\/p>\n<p>&nbsp;<\/p>\n<p><strong>Sertifikaadid:<\/strong><\/p>\n<ul>\n<li>Eco Design 2022<\/li>\n<li>Vastab BlmSchV (F\u00f6deraalse heitgaaside kaitse eeskiri) 2. tasemele.<\/li>\n<li>CE<\/li>\n<li>15a B-VG<\/li>\n<li>Certificato Ambientale<\/li>\n<li>DEFRA heaks kiidetud<\/li>\n<\/ul>\n<p>&nbsp;<\/p>\n<p>&nbsp;<\/p>\n<p><a href=\"https:\/\/factory.sale\/wp-content\/uploads\/2024\/09\/315_305_304_301_USER_MANUAL_ENGLISH.docx\" target=\"_blank\" rel=\"noopener\">Kasutusjuhend<\/a><\/p>\n<p>&nbsp;<\/p>\n<p>Lugege ja j\u00e4rgige kasutusjuhendit.<br \/>\nKasutage ainult heakskiidetud k\u00fctust \u2013 korralikult kuivatatud ja l\u00f5hestatud k\u00fcttepuid!<\/p>\n<p>&nbsp;<\/p>\n<p>&nbsp;<\/p>\n<div class=\"video-wrapper \"><iframe loading=\"lazy\" title=\"305 Fireplace Stove\" width=\"500\" height=\"281\" src=\"https:\/\/www.youtube.com\/embed\/Wz2gKjn2Nkg?feature=oembed\" frameborder=\"0\" allow=\"accelerometer; autoplay; clipboard-write; encrypted-media; gyroscope; picture-in-picture; web-share\" referrerpolicy=\"strict-origin-when-cross-origin\" allowfullscreen><\/iframe><\/div>\n","protected":false},"excerpt":{"rendered":"<p>Naudi originaalset kaminat ja praksuvat tuld! \u00c7al\u0131\u015fkan kaminad esindavad neid asju, mis on kodu s\u00fcda ja mida me lapsep\u00f5lvest m\u00e4letame.<\/p>\n<p>&nbsp;<\/p>\n<p>K\u00f6etava ruumi pindala 10 \u2013 150m\u00b2.<\/p>\n<p>&nbsp;<\/p>\n","protected":false},"featured_media":89763,"comment_status":"open","ping_status":"closed","template":"","meta":{"_acf_changed":false},"factory":[],"free-shipment":[],"product_brand":[],"product_cat":[1247,2786],"product_tag":[],"class_list":{"0":"post-89765","1":"product","2":"type-product","3":"status-publish","4":"has-post-thumbnail","6":"product_cat-ahjud","7":"product_cat-caliskan-et","9":"first","10":"instock","11":"sale","12":"taxable","13":"shipping-taxable","14":"purchasable","15":"product-type-simple"},"acf":[],"_links":{"self":[{"href":"https:\/\/factory.sale\/et\/wp-json\/wp\/v2\/product\/89765","targetHints":{"allow":["GET"]}}],"collection":[{"href":"https:\/\/factory.sale\/et\/wp-json\/wp\/v2\/product"}],"about":[{"href":"https:\/\/factory.sale\/et\/wp-json\/wp\/v2\/types\/product"}],"replies":[{"embeddable":true,"href":"https:\/\/factory.sale\/et\/wp-json\/wp\/v2\/comments?post=89765"}],"wp:featuredmedia":[{"embeddable":true,"href":"https:\/\/factory.sale\/et\/wp-json\/wp\/v2\/media\/89763"}],"wp:attachment":[{"href":"https:\/\/factory.sale\/et\/wp-json\/wp\/v2\/media?parent=89765"}],"wp:term":[{"taxonomy":"factory","embeddable":true,"href":"https:\/\/factory.sale\/et\/wp-json\/wp\/v2\/factory?post=89765"},{"taxonomy":"free-shipment","embeddable":true,"href":"https:\/\/factory.sale\/et\/wp-json\/wp\/v2\/free-shipment?post=89765"},{"taxonomy":"product_brand","embeddable":true,"href":"https:\/\/factory.sale\/et\/wp-json\/wp\/v2\/product_brand?post=89765"},{"taxonomy":"product_cat","embeddable":true,"href":"https:\/\/factory.sale\/et\/wp-json\/wp\/v2\/product_cat?post=89765"},{"taxonomy":"product_tag","embeddable":true,"href":"https:\/\/factory.sale\/et\/wp-json\/wp\/v2\/product_tag?post=89765"}],"curies":[{"name":"wp","href":"https:\/\/api.w.org\/{rel}","templated":true}]}}