{"id":89732,"date":"2024-09-06T14:46:49","date_gmt":"2024-09-06T11:26:50","guid":{"rendered":"https:\/\/factory.sale\/?post_type=product&#038;p=89732"},"modified":"2025-05-05T10:29:13","modified_gmt":"2025-05-05T07:29:13","slug":"caliskan-kamin-304","status":"publish","type":"product","link":"https:\/\/factory.sale\/et\/toode\/caliskan-kamin-304\/","title":{"rendered":"\u00c7al\u0131\u015fkan kamin 304"},"content":{"rendered":"<p>Naudi originaalset puuk\u00fcttega kaminat ja praksuvat tuld!<\/p>\n<p>\u00c7al\u0131\u015fkan ahjud esindavad kodude s\u00fcdant, mida me lapsep\u00f5lvest teame ja m\u00e4letame.<\/p>\n<p>Mine roheliseks koos \u00c7al\u0131\u015fkan kaminaga. T\u00f5hus, keskkonnas\u00f5bralik ja \u00fclimalt stiilne!<\/p>\n<p>\u00c4ra j\u00e4ta v\u00f5imalust muuta oma kodu hubaseks paradiisiks!<br \/>\n\u00c7al\u0131\u015fkan ahi on elegantne ja t\u00f5hus. T\u00f5eline meistriteos, mis on oma puhaste joonte ja tipptasemel j\u00f5udlusega sinu toa s\u00fcda.<\/p>\n<p>Valmistatud malmist, \u00fcle poole sajandi \u00c7al\u0131\u015fkan traditsiooniga, on see kamin varustatud uusimate tehnoloogiate ja funktsioonidega.<\/p>\n<p>S\u00e4\u00e4sta raha ja ressursse! Selle \u00c7al\u0131\u015fkan kamina k\u00fctmise eelised on \u00fcletamatud, eriti s\u00fcgise ja talve vahepealsel perioodil.<\/p>\n<p>&nbsp;<\/p>\n<p><em><strong>5-aastane garantii!<\/strong><\/em><\/p>\n<p>&nbsp;<\/p>\n<p>&nbsp;<\/p>\n<p><strong>Tehnilised andmed:<\/strong><\/p>\n<ul>\n<li>Kaal: 70,1 kg<\/li>\n<li>K\u00fctus: puit<\/li>\n<li>V\u00f5imsus: 7,230 kW<\/li>\n<li>Tulekindlad \u0161amotttellised<\/li>\n<li>M\u00f5\u00f5dud: s\u00fcgavus 52 \u00d7 laius 33,5 \u00d7 k\u00f5rgus 79,5 cm<\/li>\n<li>Soojusv\u00f5imsus: 70 m\u00b2<\/li>\n<li>Malmist osad: \u00fclaosa, raam, katted, jalad, rest<\/li>\n<li>Klaasemailiga viimistletud korpus<\/li>\n<li>Suitsutoru l\u00e4bim\u00f5\u00f5t: 130 mm<\/li>\n<li>Lihtne puhastada<\/li>\n<li>Paks metallplekk<\/li>\n<li>Termo\u0161okikindel keraamiline klaas<\/li>\n<\/ul>\n<p>&nbsp;<\/p>\n<p>&nbsp;<\/p>\n<p><strong>Sertifikaadid:<\/strong><\/p>\n<ul>\n<li>Eco Design 2022<\/li>\n<li>Vastab BlmSchV (F\u00f6deraalse heitgaaside kaitse eeskiri) 2. tasemele.<\/li>\n<li>CE<\/li>\n<li>15a B-VG<\/li>\n<li>Certificato Ambientale<\/li>\n<li>DEFRA heaks kiidetud<\/li>\n<\/ul>\n<p>&nbsp;<\/p>\n<p>&nbsp;<\/p>\n<p><a href=\"https:\/\/factory.sale\/wp-content\/uploads\/2024\/09\/315_305_304_301_USER_MANUAL_ENGLISH.docx\" target=\"_blank\" rel=\"noopener\">Kasutusjuhend<\/a><\/p>\n<p>&nbsp;<\/p>\n<p>Lugege ja j\u00e4rgige kasutusjuhendit.<br \/>\nKasutage ainult heakskiidetud k\u00fctust \u2013 korralikult kuivatatud ja l\u00f5hutud k\u00fcttepuid!<\/p>\n<p>&nbsp;<\/p>\n<div class=\"video-wrapper \"><iframe loading=\"lazy\" title=\"304-Mini Fireplace Stove\" width=\"500\" height=\"281\" src=\"https:\/\/www.youtube.com\/embed\/iCC1HF4GkJs?feature=oembed\" frameborder=\"0\" allow=\"accelerometer; autoplay; clipboard-write; encrypted-media; gyroscope; picture-in-picture; web-share\" referrerpolicy=\"strict-origin-when-cross-origin\" allowfullscreen><\/iframe><\/div>\n<p>&nbsp;<\/p>\n","protected":false},"excerpt":{"rendered":"<p>Naudi originaalset kaminat ja praksuvat tuld! \u00c7al\u0131\u015fkan kaminad esindavad neid asju, mis on kodu s\u00fcda ja mida me lapsep\u00f5lvest m\u00e4letame.<\/p>\n<p>&nbsp;<\/p>\n<p>K\u00f6etav pindala: 10-85 m\u00b2.<\/p>\n<p>TASUTA TRANSPORT EL PIIRKONNAS!<\/p>\n","protected":false},"featured_media":89718,"comment_status":"open","ping_status":"closed","template":"","meta":{"_acf_changed":false},"factory":[],"free-shipment":[],"product_brand":[],"product_cat":[1247,2786],"product_tag":[],"class_list":{"0":"post-89732","1":"product","2":"type-product","3":"status-publish","4":"has-post-thumbnail","6":"product_cat-ahjud","7":"product_cat-caliskan-et","9":"first","10":"instock","11":"sale","12":"taxable","13":"shipping-taxable","14":"purchasable","15":"product-type-simple"},"acf":[],"_links":{"self":[{"href":"https:\/\/factory.sale\/et\/wp-json\/wp\/v2\/product\/89732","targetHints":{"allow":["GET"]}}],"collection":[{"href":"https:\/\/factory.sale\/et\/wp-json\/wp\/v2\/product"}],"about":[{"href":"https:\/\/factory.sale\/et\/wp-json\/wp\/v2\/types\/product"}],"replies":[{"embeddable":true,"href":"https:\/\/factory.sale\/et\/wp-json\/wp\/v2\/comments?post=89732"}],"wp:featuredmedia":[{"embeddable":true,"href":"https:\/\/factory.sale\/et\/wp-json\/wp\/v2\/media\/89718"}],"wp:attachment":[{"href":"https:\/\/factory.sale\/et\/wp-json\/wp\/v2\/media?parent=89732"}],"wp:term":[{"taxonomy":"factory","embeddable":true,"href":"https:\/\/factory.sale\/et\/wp-json\/wp\/v2\/factory?post=89732"},{"taxonomy":"free-shipment","embeddable":true,"href":"https:\/\/factory.sale\/et\/wp-json\/wp\/v2\/free-shipment?post=89732"},{"taxonomy":"product_brand","embeddable":true,"href":"https:\/\/factory.sale\/et\/wp-json\/wp\/v2\/product_brand?post=89732"},{"taxonomy":"product_cat","embeddable":true,"href":"https:\/\/factory.sale\/et\/wp-json\/wp\/v2\/product_cat?post=89732"},{"taxonomy":"product_tag","embeddable":true,"href":"https:\/\/factory.sale\/et\/wp-json\/wp\/v2\/product_tag?post=89732"}],"curies":[{"name":"wp","href":"https:\/\/api.w.org\/{rel}","templated":true}]}}