{"id":89469,"date":"2024-08-26T11:29:57","date_gmt":"2024-08-26T08:36:22","guid":{"rendered":"https:\/\/factory.sale\/?post_type=product&#038;p=89469"},"modified":"2024-08-27T11:37:01","modified_gmt":"2024-08-27T08:37:01","slug":"kuiv-lohutud-korgkvaliteetne-kuttepuu-kasest-29-cm","status":"publish","type":"product","link":"https:\/\/factory.sale\/et\/toode\/kuiv-lohutud-korgkvaliteetne-kuttepuu-kasest-29-cm\/","title":{"rendered":"Kuiv l\u00f5hutud k\u00f5rgkvaliteetne k\u00fcttepuu kasest 29 cm"},"content":{"rendered":"<p>Kuivad kasest k\u00fcttepuud toodetud vastavalt Norra 4414 standardile.<\/p>\n<p>&nbsp;<\/p>\n<p><strong>Looduslik kuivatamine<\/strong><\/p>\n<p>Looduslik puidu kuivatamine pakub mitmeid eeliseid v\u00f5rreldes ahjus kuivatatud k\u00fcttepuudega:<\/p>\n<p>Keskkonnas\u00f5bralik! Halud ladustatakse aitades ja lastakse loomulikult kuivada p\u00e4ikese ja \u00f5hu abil. \u00dcle 6 kuu kuivamine tagab igale halule stabiilse ja k\u00f5rge kvaliteedi (niiskusesisaldus maksimaalselt 20%). K\u00f5ik tooted on hooaja alguseks valmis kiireteks tarneteks suures mahus.<\/p>\n<p>&nbsp;<\/p>\n<p><strong>Tooraine<\/strong><\/p>\n<p>Tootmiseks kasutatakse ainult parima kvaliteediga puitu. Tooted on keskkonnas\u00f5bralikud ja 100% looduslikud.<\/p>\n<p>&nbsp;<\/p>\n<p>&nbsp;<\/p>\n<p><strong>Tehnilised andmed:<\/strong><\/p>\n<ul>\n<li>Palgi pikkus: 29 cm +\/- 1 cm<\/li>\n<li>Halu l\u00e4bim\u00f5\u00f5t: 6-15 cm<\/li>\n<li>Niiskusesisaldus: kuni 20%<\/li>\n<li>Koti suurus: 70 x 50 cm<\/li>\n<\/ul>\n<p>&nbsp;<\/p>\n<p>Pakendatud 40L UV-kindlatesse v\u00f5rkkottidesse s\u00e4ilivusajaga kuni \u00fcks aasta.<br \/>\nKotid on mugavaks hoiustamiseks kindlalt alustele virnastatud.<\/p>\n<p>&nbsp;<\/p>\n<p><strong>Hind on \u00fche EUR kaubaaluse kohta ehk siis 72 kotti!<\/strong><br \/>\n<strong>EUR\/EPAL-alus: 800 x 1200mm<\/strong><\/p>\n<p>&nbsp;<\/p>\n<p><img loading=\"lazy\" decoding=\"async\" class=\"alignnone wp-image-89483\" src=\"https:\/\/factory.sale\/wp-content\/uploads\/2024\/08\/kuttepuu-1-300x59.webp\" alt=\"\" width=\"1053\" height=\"207\" srcset=\"https:\/\/factory.sale\/wp-content\/uploads\/2024\/08\/kuttepuu-1-300x59.webp 300w, https:\/\/factory.sale\/wp-content\/uploads\/2024\/08\/kuttepuu-1-1024x202.webp 1024w, https:\/\/factory.sale\/wp-content\/uploads\/2024\/08\/kuttepuu-1-150x30.webp 150w, https:\/\/factory.sale\/wp-content\/uploads\/2024\/08\/kuttepuu-1-1536x304.webp 1536w, https:\/\/factory.sale\/wp-content\/uploads\/2024\/08\/kuttepuu-1-2048x405.webp 2048w, https:\/\/factory.sale\/wp-content\/uploads\/2024\/08\/kuttepuu-1-600x119.webp 600w\" sizes=\"auto, (max-width: 1053px) 100vw, 1053px\" \/><\/p>\n","protected":false},"excerpt":{"rendered":"<p>Kuivad kasest k\u00fcttepuud toodetud vastavalt Norra 4414 standardile.<\/p>\n<p>&nbsp;<\/p>\n<p><strong>Aluse k\u00f5rgus 2450 mm<\/strong><\/p>\n<p><strong>Hind tervele kaubaalusele = 72 kotti<\/strong><\/p>\n","protected":false},"featured_media":89549,"comment_status":"open","ping_status":"closed","template":"","meta":{"_acf_changed":false},"factory":[],"free-shipment":[],"product_brand":[],"product_cat":[1227,1118],"product_tag":[],"class_list":{"0":"post-89469","1":"product","2":"type-product","3":"status-publish","4":"has-post-thumbnail","6":"product_cat-kute-vesi-ja-ventilatsioon","7":"product_cat-kutte-materjalid","9":"first","10":"instock","11":"sale","12":"taxable","13":"shipping-taxable","14":"purchasable","15":"product-type-simple"},"acf":[],"_links":{"self":[{"href":"https:\/\/factory.sale\/et\/wp-json\/wp\/v2\/product\/89469","targetHints":{"allow":["GET"]}}],"collection":[{"href":"https:\/\/factory.sale\/et\/wp-json\/wp\/v2\/product"}],"about":[{"href":"https:\/\/factory.sale\/et\/wp-json\/wp\/v2\/types\/product"}],"replies":[{"embeddable":true,"href":"https:\/\/factory.sale\/et\/wp-json\/wp\/v2\/comments?post=89469"}],"wp:featuredmedia":[{"embeddable":true,"href":"https:\/\/factory.sale\/et\/wp-json\/wp\/v2\/media\/89549"}],"wp:attachment":[{"href":"https:\/\/factory.sale\/et\/wp-json\/wp\/v2\/media?parent=89469"}],"wp:term":[{"taxonomy":"factory","embeddable":true,"href":"https:\/\/factory.sale\/et\/wp-json\/wp\/v2\/factory?post=89469"},{"taxonomy":"free-shipment","embeddable":true,"href":"https:\/\/factory.sale\/et\/wp-json\/wp\/v2\/free-shipment?post=89469"},{"taxonomy":"product_brand","embeddable":true,"href":"https:\/\/factory.sale\/et\/wp-json\/wp\/v2\/product_brand?post=89469"},{"taxonomy":"product_cat","embeddable":true,"href":"https:\/\/factory.sale\/et\/wp-json\/wp\/v2\/product_cat?post=89469"},{"taxonomy":"product_tag","embeddable":true,"href":"https:\/\/factory.sale\/et\/wp-json\/wp\/v2\/product_tag?post=89469"}],"curies":[{"name":"wp","href":"https:\/\/api.w.org\/{rel}","templated":true}]}}