{"id":88954,"date":"2024-08-19T12:10:24","date_gmt":"2024-08-19T09:17:34","guid":{"rendered":"https:\/\/factory.sale\/?post_type=product&#038;p=88954"},"modified":"2025-08-29T10:51:45","modified_gmt":"2025-08-29T07:51:45","slug":"antislip-pro-alusmaterjal-jarnvik-15-m2-rull","status":"publish","type":"product","link":"https:\/\/factory.sale\/et\/toode\/antislip-pro-alusmaterjal-jarnvik-15-m2-rull\/","title":{"rendered":"Antislip pro alusmaterjal J\u00e4rnvik 15 m2\/rull"},"content":{"rendered":"<p><strong>Tootekood:<\/strong> JVF1215AS<\/p>\n<p><strong>EAN:<\/strong> 6430049654423<\/p>\n<p>&nbsp;<\/p>\n<p>UHD pol\u00fcet\u00fcleenvahust valmistatud alusmaterjal vin\u00fc\u00fclp\u00f5randate paigaldamiseks. Tiheda struktuuriga, libisemiskindel, pol\u00fcet\u00fcleenist sammum\u00fcra isolaator, mis on spetsiaalselt loodud lukustus\u00fchendusega vin\u00fc\u00fclp\u00f5randate jaoks. Antislip struktuur tagab lukustus\u00fchenduste vastupidavuse. Sobib suurep\u00e4raselt ruumidesse, kus on p\u00f5randak\u00fcte.<\/p>\n<p>&nbsp;<\/p>\n<p>&nbsp;<\/p>\n<p><strong>Tehnilised andmed:<\/strong><\/p>\n<p>UHD pol\u00fcet\u00fcleenvahust valmistatud alusmaterjal vin\u00fc\u00fclp\u00f5randate paigaldamiseks<br \/>\nAntislip pind kaitseb lukustus\u00fchenduste struktuuri<br \/>\nT\u00e4iuslik lahendus p\u00f5randak\u00fcttega ruumidesse, erinevalt pol\u00fcst\u00fcreenip\u00f5histest alusmaterjalidest<br \/>\nVastab raskelt koormatud p\u00f5randate n\u00f5uetele<br \/>\n\u00c4\u00e4rmiselt k\u00f5rge materjali tihedus<br \/>\n100% taaskasutatav materjal, FCKW- ja HFCKW-vaba<br \/>\nKeskkonnas\u00f5bralik toode<br \/>\nPaksus: 1,2 mm<br \/>\nSammum\u00fcra v\u00e4hendamine: 16 dB<br \/>\nRulli suurus: 15 x 1 m<br \/>\nGarantii kodukasutuses: 10 aastat<br \/>\nKaal: 3,1 kg<br \/>\nM\u00f5\u00f5tmed: 101 \u00d7 16 \u00d7 16 cm<\/p>\n<p>&nbsp;<\/p>\n<p>&nbsp;<\/p>\n<p><b>PLATVORMI- JA V\u00c4IKESE TELLIMUSE LISATASU:<\/b><\/p>\n<p>EUR LAVA 15 \u20ac, FIN LAVA 18.6 \u20ac, \u00dcHEKORDSELT KASUTATAV LAVA 9 \u20ac; V\u00e4ikese tellimuse lisatasu (ostude puhul alla 100 \u20ac) \u2013 13.2 \u20ac<\/p>\n","protected":false},"excerpt":{"rendered":"<p>UHD pol\u00fcet\u00fcleenvahust valmistatud alusmaterjal vin\u00fc\u00fclp\u00f5randate paigaldamiseks. Tiheda struktuuriga, libisemiskindel, pol\u00fcet\u00fcleenist sammum\u00fcra isolaator, mis on spetsiaalselt loodud lukustus\u00fchendusega vin\u00fc\u00fclp\u00f5randate jaoks. Antislip struktuur tagab lukustus\u00fchenduste vastupidavuse. Sobib suurep\u00e4raselt ruumidesse, kus on p\u00f5randak\u00fcte.<\/p>\n<p><strong>Hind 15m2 rulli kohta!<\/strong><\/p>\n","protected":false},"featured_media":88952,"comment_status":"open","ping_status":"closed","template":"","meta":{"_acf_changed":false},"factory":[],"free-shipment":[],"product_brand":[],"product_cat":[176,1595],"product_tag":[132],"class_list":{"0":"post-88954","1":"product","2":"type-product","3":"status-publish","4":"has-post-thumbnail","6":"product_cat-porand","7":"product_cat-vinuulporandad","8":"product_tag-floor-et-2","10":"first","11":"instock","12":"sale","13":"taxable","14":"shipping-taxable","15":"purchasable","16":"product-type-simple"},"acf":[],"_links":{"self":[{"href":"https:\/\/factory.sale\/et\/wp-json\/wp\/v2\/product\/88954","targetHints":{"allow":["GET"]}}],"collection":[{"href":"https:\/\/factory.sale\/et\/wp-json\/wp\/v2\/product"}],"about":[{"href":"https:\/\/factory.sale\/et\/wp-json\/wp\/v2\/types\/product"}],"replies":[{"embeddable":true,"href":"https:\/\/factory.sale\/et\/wp-json\/wp\/v2\/comments?post=88954"}],"wp:featuredmedia":[{"embeddable":true,"href":"https:\/\/factory.sale\/et\/wp-json\/wp\/v2\/media\/88952"}],"wp:attachment":[{"href":"https:\/\/factory.sale\/et\/wp-json\/wp\/v2\/media?parent=88954"}],"wp:term":[{"taxonomy":"factory","embeddable":true,"href":"https:\/\/factory.sale\/et\/wp-json\/wp\/v2\/factory?post=88954"},{"taxonomy":"free-shipment","embeddable":true,"href":"https:\/\/factory.sale\/et\/wp-json\/wp\/v2\/free-shipment?post=88954"},{"taxonomy":"product_brand","embeddable":true,"href":"https:\/\/factory.sale\/et\/wp-json\/wp\/v2\/product_brand?post=88954"},{"taxonomy":"product_cat","embeddable":true,"href":"https:\/\/factory.sale\/et\/wp-json\/wp\/v2\/product_cat?post=88954"},{"taxonomy":"product_tag","embeddable":true,"href":"https:\/\/factory.sale\/et\/wp-json\/wp\/v2\/product_tag?post=88954"}],"curies":[{"name":"wp","href":"https:\/\/api.w.org\/{rel}","templated":true}]}}