{"id":88778,"date":"2024-08-06T18:22:56","date_gmt":"2024-08-06T15:35:17","guid":{"rendered":"https:\/\/factory.sale\/?post_type=product&#038;p=88778"},"modified":"2024-08-19T11:29:08","modified_gmt":"2024-08-19T08:29:08","slug":"nurgaliist-spc-siseviimistluspaneelidele-alumiinium-3070mm-jarnvik","status":"publish","type":"product","link":"https:\/\/factory.sale\/et\/toode\/nurgaliist-spc-siseviimistluspaneelidele-alumiinium-3070mm-jarnvik\/","title":{"rendered":"Nurgaliist SPC siseviimistluspaneelidele alumiinium 3070mm J\u00e4rnvik"},"content":{"rendered":"<p><strong>Tootekood:<\/strong> JVL-307K<\/p>\n<p><strong>EAN:<\/strong> 6430049657455<\/p>\n<p>&nbsp;<\/p>\n<p>&nbsp;<\/p>\n<p>Alumiiniumist nurgaliist, sobib J\u00e4rnvik SPC siseviimistluspaneelide nurkade pikendamiseks.<\/p>\n<p>Suurus: 20 x 17 x 3070 mm<\/p>\n<p>M\u00fc\u00fcgi \u00fchik: 1 tk<\/p>\n<p>&nbsp;<\/p>\n<p>&nbsp;<\/p>\n<p>&nbsp;<\/p>\n<p><b>PLATVORMI- JA V\u00c4IKESE TELLIMUSE LISATASU:<\/b><\/p>\n<p>EUR LAVA 15 \u20ac, FIN LAVA 18.6 \u20ac, \u00dcHEKORDSELT KASUTATAV LAVA 9 \u20ac; V\u00e4ikese tellimuse lisatasu (ostude puhul alla 100 \u20ac) \u2013 13.2 \u20ac<\/p>\n","protected":false},"excerpt":{"rendered":"<p>Alumiiniumist nurgaliist, sobib J\u00e4rnvik SPC siseviimistluspaneelide nurkade pikendamiseks.<\/p>\n","protected":false},"featured_media":88776,"comment_status":"open","ping_status":"closed","template":"","meta":{"_acf_changed":false},"factory":[],"free-shipment":[],"product_brand":[],"product_cat":[2955,814],"product_tag":[],"class_list":{"0":"post-88778","1":"product","2":"type-product","3":"status-publish","4":"has-post-thumbnail","6":"product_cat-seinapaneelid","7":"product_cat-uldehitus","9":"first","10":"instock","11":"sale","12":"taxable","13":"shipping-taxable","14":"purchasable","15":"product-type-simple"},"acf":[],"_links":{"self":[{"href":"https:\/\/factory.sale\/et\/wp-json\/wp\/v2\/product\/88778","targetHints":{"allow":["GET"]}}],"collection":[{"href":"https:\/\/factory.sale\/et\/wp-json\/wp\/v2\/product"}],"about":[{"href":"https:\/\/factory.sale\/et\/wp-json\/wp\/v2\/types\/product"}],"replies":[{"embeddable":true,"href":"https:\/\/factory.sale\/et\/wp-json\/wp\/v2\/comments?post=88778"}],"wp:featuredmedia":[{"embeddable":true,"href":"https:\/\/factory.sale\/et\/wp-json\/wp\/v2\/media\/88776"}],"wp:attachment":[{"href":"https:\/\/factory.sale\/et\/wp-json\/wp\/v2\/media?parent=88778"}],"wp:term":[{"taxonomy":"factory","embeddable":true,"href":"https:\/\/factory.sale\/et\/wp-json\/wp\/v2\/factory?post=88778"},{"taxonomy":"free-shipment","embeddable":true,"href":"https:\/\/factory.sale\/et\/wp-json\/wp\/v2\/free-shipment?post=88778"},{"taxonomy":"product_brand","embeddable":true,"href":"https:\/\/factory.sale\/et\/wp-json\/wp\/v2\/product_brand?post=88778"},{"taxonomy":"product_cat","embeddable":true,"href":"https:\/\/factory.sale\/et\/wp-json\/wp\/v2\/product_cat?post=88778"},{"taxonomy":"product_tag","embeddable":true,"href":"https:\/\/factory.sale\/et\/wp-json\/wp\/v2\/product_tag?post=88778"}],"curies":[{"name":"wp","href":"https:\/\/api.w.org\/{rel}","templated":true}]}}