{"id":88759,"date":"2024-08-06T17:27:49","date_gmt":"2024-08-06T14:34:34","guid":{"rendered":"https:\/\/factory.sale\/?post_type=product&#038;p=88759"},"modified":"2024-08-19T11:40:15","modified_gmt":"2024-08-19T08:40:15","slug":"h-liist-spc-siseviimistluspaneelidele-alumiinium-3070-mm-jarnvik","status":"publish","type":"product","link":"https:\/\/factory.sale\/et\/toode\/h-liist-spc-siseviimistluspaneelidele-alumiinium-3070-mm-jarnvik\/","title":{"rendered":"H-liist SPC siseviimistluspaneelidele alumiinium 3070 mm J\u00e4rnvik"},"content":{"rendered":"<p><strong>Tootekood:<\/strong> JVL-307H<\/p>\n<p><strong>EAN:<\/strong> 6430049657431<\/p>\n<p>&nbsp;<\/p>\n<p>&nbsp;<\/p>\n<p><strong>H-LIIST SISEVIIMISTLUSPANEELIDELE:<\/strong><\/p>\n<p>Alumiiniumist H-liist, mis sobib siseviimistluspaneelide vaheliseks liistuks.<br \/>\nSuurus: 7 x 12 x 3070 mm<br \/>\nM\u00fc\u00fcgi\u00fchik: 1 t\u00fckk<\/p>\n<p>&nbsp;<\/p>\n<p>&nbsp;<\/p>\n<p><b>PLATVORMI- JA V\u00c4IKESE TELLIMUSE LISATASU:<\/b><\/p>\n<p>EUR LAVA 15 \u20ac, FIN LAVA 18.6 \u20ac, \u00dcHEKORDSELT KASUTATAV LAVA 9 \u20ac; V\u00e4ikese tellimuse lisatasu (ostude puhul alla 100 \u20ac) \u2013 13.2 \u20ac<\/p>\n","protected":false},"excerpt":{"rendered":"<p>Alumiiniumist H-liist, mis sobib siseviimistluspaneelide vaheliseks liistuks.<\/p>\n","protected":false},"featured_media":88757,"comment_status":"open","ping_status":"closed","template":"","meta":{"_acf_changed":false},"factory":[],"free-shipment":[],"product_brand":[],"product_cat":[2955,814],"product_tag":[301],"class_list":{"0":"post-88759","1":"product","2":"type-product","3":"status-publish","4":"has-post-thumbnail","6":"product_cat-seinapaneelid","7":"product_cat-uldehitus","8":"product_tag-wood-et-2","10":"first","11":"instock","12":"sale","13":"taxable","14":"shipping-taxable","15":"purchasable","16":"product-type-simple"},"acf":[],"_links":{"self":[{"href":"https:\/\/factory.sale\/et\/wp-json\/wp\/v2\/product\/88759","targetHints":{"allow":["GET"]}}],"collection":[{"href":"https:\/\/factory.sale\/et\/wp-json\/wp\/v2\/product"}],"about":[{"href":"https:\/\/factory.sale\/et\/wp-json\/wp\/v2\/types\/product"}],"replies":[{"embeddable":true,"href":"https:\/\/factory.sale\/et\/wp-json\/wp\/v2\/comments?post=88759"}],"wp:featuredmedia":[{"embeddable":true,"href":"https:\/\/factory.sale\/et\/wp-json\/wp\/v2\/media\/88757"}],"wp:attachment":[{"href":"https:\/\/factory.sale\/et\/wp-json\/wp\/v2\/media?parent=88759"}],"wp:term":[{"taxonomy":"factory","embeddable":true,"href":"https:\/\/factory.sale\/et\/wp-json\/wp\/v2\/factory?post=88759"},{"taxonomy":"free-shipment","embeddable":true,"href":"https:\/\/factory.sale\/et\/wp-json\/wp\/v2\/free-shipment?post=88759"},{"taxonomy":"product_brand","embeddable":true,"href":"https:\/\/factory.sale\/et\/wp-json\/wp\/v2\/product_brand?post=88759"},{"taxonomy":"product_cat","embeddable":true,"href":"https:\/\/factory.sale\/et\/wp-json\/wp\/v2\/product_cat?post=88759"},{"taxonomy":"product_tag","embeddable":true,"href":"https:\/\/factory.sale\/et\/wp-json\/wp\/v2\/product_tag?post=88759"}],"curies":[{"name":"wp","href":"https:\/\/api.w.org\/{rel}","templated":true}]}}