{"id":88736,"date":"2024-08-06T16:19:02","date_gmt":"2024-08-06T13:27:24","guid":{"rendered":"https:\/\/factory.sale\/?post_type=product&#038;p=88736"},"modified":"2025-03-23T00:41:36","modified_gmt":"2025-03-22T21:41:36","slug":"spc-siseviimistluspaneel-saxum-jarnvik-269-m%c2%b2","status":"publish","type":"product","link":"https:\/\/factory.sale\/et\/toode\/spc-siseviimistluspaneel-saxum-jarnvik-269-m%c2%b2\/","title":{"rendered":"SPC siseviimistluspaneel Saxum J\u00e4rnvik 2,69 m\u00b2"},"content":{"rendered":"<p><strong>Tootekood:<\/strong> JVSP-545032<\/p>\n<p><strong>EAN:<\/strong> 6430049657301<\/p>\n<p>&nbsp;<\/p>\n<p><strong>Vastupidav struktuur mitmesuguseks kasutuseks<\/strong><\/p>\n<p>SPC siseviimistluspaneelil on kivikomposiitne s\u00fcdamik, mis sisaldab \u00fcle 70% kivimaterjali. Pind on digitaalselt prinditud, et j\u00e4ljendada loomulikku v\u00e4limust, on UV-kaitsega ja kriimustuskindla pealiskihiga, mida kasutatakse p\u00f5randatel. Sobib kasutamiseks vannitubades, tualettruumides, k\u00f6\u00f6kides, magamistubades, aktsentseintes, kontorites, n\u00e4ituseruumides jne.<\/p>\n<p>&nbsp;<\/p>\n<p><strong>Lihtne paigaldada<\/strong><\/p>\n<p>Paneeli saab paigaldada plaatide, kipsplaatide, betooni, puidupindade v\u00f5i puitlaastplaatide peale. Seda on lihtne t\u00f6\u00f6delda ja k\u00e4sitleda, v\u00f5imaldades pindade kiiret valmimist. Paneel kinnitatakse liimiga ja niisketes ruumides tihendatakse vuugid silikooniga.<\/p>\n<p>&nbsp;<\/p>\n<p><strong>Keskkonnas\u00f5bralik toode<\/strong><\/p>\n<p>Toode ise ja k\u00f5ik kasutatud materjalid on toodetud Euroopas, mille tulemusena on toote logistiline s\u00fcsiniku jalaj\u00e4lg \u00fcle 60% v\u00e4iksem kui n\u00e4iteks Kaug-Idas toodetud samalaadsetel toodetel. Materjal on 70% kivimaterjal ja kogu toode on 100% taaskasutatav.<\/p>\n<p>&nbsp;<\/p>\n<p><strong>SPC siseviimistluspaneeli omadused:<\/strong><\/p>\n<p>Veekindel<br \/>\nJ\u00e4rnvik SPC siseviimistluspaneele saab kasutada siseruumides nii kuivades kui ka niisketes tingimustes.<\/p>\n<p>Lihtne puhastada<br \/>\nPaneelid on kavandatud t\u00f5rjuma mustust ja pealmine kiht ei ima mustust, muutes selle lihtsasti puhastatavaks.<\/p>\n<p>Realistlik v\u00e4limus<br \/>\nTootel on digitaalselt loodud realistlik ja loomulikku v\u00e4limust j\u00e4ljendav muster.<\/p>\n<p>M\u00f5\u00f5tmete stabiilsus<br \/>\nJ\u00e4rnvik SPC siseviimistluspaneelid ei muuda oma suurust temperatuuri ega niiskuse k\u00f5ikumisel.<\/p>\n<p>Kulumiskindel pealispind<br \/>\nPaneelide pealispinna struktuur on loodud kriimustusi t\u00f5rjuma.<\/p>\n<p>Tulekaitse<br \/>\nToode on k\u00f5rge tulekindlusega.<\/p>\n<p>Eelarves\u00f5bralik<br \/>\nJ\u00e4rnvik SPC siseviimistluspaneelid on \u00f6konoomne valik, millel on suurep\u00e4rane hinna ja kvaliteedi suhe.<\/p>\n<p>&nbsp;<\/p>\n<p><strong>Tehnilised andmed:<\/strong><\/p>\n<p>Muster: Betoonhall, \u00f5rn kivimuster<br \/>\nPaneeli suurus: 960 x 2800 x 4 mm<br \/>\nKaal: 22,68 kg<br \/>\nServad: Sirged<br \/>\nS\u00fcdamik: Kivikomposiit 70% (2000 kg\/m\u00b3)<br \/>\nPinna kaitse: Ultimate Shield Technology*<br \/>\nPealiskate: 0,3 mm<br \/>\nTr\u00fckk: Digitaalne Ultra HD, kergelt tekstureeritud kivi<br \/>\nM\u00fc\u00fcgi \u00fchik: 10 (alus)<br \/>\nPakend: 2,69 m\u00b2\/tk<\/p>\n<p><em>*Eriti tugev UV-katte tehnoloogia pakub suurep\u00e4rast kaitset kriimustuste, plekkide ja kulumise eest.<\/em><\/p>\n<p>&nbsp;<\/p>\n<p><strong>Paigaldamine: <\/strong>Lamedatele seinapindadele, kasutades 1-komponentset elastset ja lahustivaba paigaldusliimi. Saab paigaldada nii paneel- kui betoonpindadele.<\/p>\n<p>&nbsp;<\/p>\n<p><strong>Garantii: <\/strong>10 aastat kodukasutuses, 5 aastat avalikes kohtades<\/p>\n<p>&nbsp;<\/p>\n<p>&nbsp;<\/p>\n<p><b>PLATVORMI- JA V\u00c4IKESE TELLIMUSE LISATASU:<\/b><\/p>\n<p>EUR LAVA 15 \u20ac, FIN LAVA 18.6 \u20ac, \u00dcHEKORDSELT KASUTATAV LAVA 9 \u20ac; V\u00e4ikese tellimuse lisatasu (ostude puhul alla 100 \u20ac) \u2013 13.2 \u20ac<\/p>\n","protected":false},"excerpt":{"rendered":"<p><strong>Veekindel seinalahendus<\/strong><\/p>\n<p>T\u00e4iesti uut t\u00fc\u00fcpi SPC siseviimistluspaneel.<br \/>\nJ\u00e4rnvik SPC siseviimistluspaneel on suurep\u00e4rane lahendus nii kodudele kui ka avalikele ruumidele, kui soovite oma sisekujundusele kiiresti uut ilmet anda. Sobib kasutamiseks nii uusehitistes kui ka renoveerimisprojektides. Paneel on t\u00e4iesti veekindel, k\u00f5rge tulekindlusega ja ei kahane ega paisu aja jooksul.<\/p>\n","protected":false},"featured_media":88731,"comment_status":"open","ping_status":"closed","template":"","meta":{"_acf_changed":false},"factory":[],"free-shipment":[],"product_brand":[],"product_cat":[2955,814],"product_tag":[136],"class_list":{"0":"post-88736","1":"product","2":"type-product","3":"status-publish","4":"has-post-thumbnail","6":"product_cat-seinapaneelid","7":"product_cat-uldehitus","8":"product_tag-panel-et-2","10":"first","11":"instock","12":"sale","13":"taxable","14":"shipping-taxable","15":"purchasable","16":"product-type-simple"},"acf":[],"_links":{"self":[{"href":"https:\/\/factory.sale\/et\/wp-json\/wp\/v2\/product\/88736","targetHints":{"allow":["GET"]}}],"collection":[{"href":"https:\/\/factory.sale\/et\/wp-json\/wp\/v2\/product"}],"about":[{"href":"https:\/\/factory.sale\/et\/wp-json\/wp\/v2\/types\/product"}],"replies":[{"embeddable":true,"href":"https:\/\/factory.sale\/et\/wp-json\/wp\/v2\/comments?post=88736"}],"wp:featuredmedia":[{"embeddable":true,"href":"https:\/\/factory.sale\/et\/wp-json\/wp\/v2\/media\/88731"}],"wp:attachment":[{"href":"https:\/\/factory.sale\/et\/wp-json\/wp\/v2\/media?parent=88736"}],"wp:term":[{"taxonomy":"factory","embeddable":true,"href":"https:\/\/factory.sale\/et\/wp-json\/wp\/v2\/factory?post=88736"},{"taxonomy":"free-shipment","embeddable":true,"href":"https:\/\/factory.sale\/et\/wp-json\/wp\/v2\/free-shipment?post=88736"},{"taxonomy":"product_brand","embeddable":true,"href":"https:\/\/factory.sale\/et\/wp-json\/wp\/v2\/product_brand?post=88736"},{"taxonomy":"product_cat","embeddable":true,"href":"https:\/\/factory.sale\/et\/wp-json\/wp\/v2\/product_cat?post=88736"},{"taxonomy":"product_tag","embeddable":true,"href":"https:\/\/factory.sale\/et\/wp-json\/wp\/v2\/product_tag?post=88736"}],"curies":[{"name":"wp","href":"https:\/\/api.w.org\/{rel}","templated":true}]}}