{"id":88707,"date":"2024-08-06T15:15:06","date_gmt":"2024-08-06T12:18:38","guid":{"rendered":"https:\/\/factory.sale\/?post_type=product&#038;p=88707"},"modified":"2024-08-19T11:24:14","modified_gmt":"2024-08-19T08:24:14","slug":"akustiline-seinapaneel-jarnvik-5100-walnus-600x24x2440-mm","status":"publish","type":"product","link":"https:\/\/factory.sale\/et\/toode\/akustiline-seinapaneel-jarnvik-5100-walnus-600x24x2440-mm\/","title":{"rendered":"Akustiline seinapaneel J\u00e4rnvik 5100 Walnus 600x24x2440 mm"},"content":{"rendered":"<p><strong>Tootekood:<\/strong> JVWP-A600-TAMU<\/p>\n<p><strong>EAN:<\/strong> 6430049657158<\/p>\n<p>&nbsp;<\/p>\n<p>&nbsp;<\/p>\n<p>K\u00f5rge profiiliga, stiilne akustiline ribapaneel, millel on mustast vildist alus ja tumedat p\u00e4hklipuud meenutav muster peal. V\u00f5ib paigaldada vertikaalselt, horisontaalselt v\u00f5i lakke. Heliisoleeriv vilt v\u00e4hendab m\u00fcra ja kaja. MDF-ribadel on silmapaistev puidu muster. Akustilisel vildil on tuld aeglustavad omadused ja see kuulub tuleklassi B1. Ei sisalda kahjulikke \u00fchendeid. Lihtne ja kiire paigaldada. Otse seinale paigaldamisel on NRC v\u00e4\u00e4rtus 0,3, heli neelduvuse klass D. Kui paigaldatakse karkassile, on heli neelduvuse klass A.<\/p>\n<p>&nbsp;<\/p>\n<p>&nbsp;<\/p>\n<p><strong>Tehniline info:<\/strong><\/p>\n<p>M\u00f5\u00f5dud: 2440 mm pikk, 600 mm lai ja 24 mm paks<br \/>\nKaal: 10,8 kg<br \/>\n1 tk = 600 x 24 x 2440 mm (1,464m2)<\/p>\n<p>&nbsp;<\/p>\n<p><strong>EN 13501-1:2018 KLASS B, ASTM E84 KLASS A.<\/strong><\/p>\n<p>&nbsp;<\/p>\n<p>&nbsp;<\/p>\n<p><strong>Akustiliste seinapaneelide paigaldamine<\/strong><\/p>\n<p>Akustilisi seinapaneele saab paigaldada otse seinale v\u00f5i karkassile. Karkassile paigaldatuna saavutatakse heli neelduvuse klass A.<\/p>\n<p><strong>Paigalduse saab teha kruvide v\u00f5i liimiga.<\/strong><\/p>\n<ul>\n<li>Kruvidega paigaldamisel kinnitatakse paneel kolme kruviga horisontaalselt, 60 cm vahedega.<\/li>\n<li>Liimiga paigaldamisel kantakse liim \u00fchtlaselt \u00fcle kogu paneeli tagumise k\u00fclje.<\/li>\n<li>Karkassile paigaldamisel kinnitatakse paneel kolme musta kruviga horisontaalselt, karkassi ja kruvide vahekaugus 60 cm.<\/li>\n<\/ul>\n<ol>\n<li>Valmistage ette vajalikud t\u00f6\u00f6riistad ja materjalid paigaldamiseks. Teil on vaja liimi, peeneteralist ketassaagi (v\u00f5i k\u00e4sisaagi), utiliidi nuga, m\u00f5\u00f5dulinti ja kruvisid. Kontrollige enne paigaldamist iga paneeli vigade suhtes. Paneelide paigaldamisega kontrollige toote kvaliteeti.<\/li>\n<li>M\u00f5\u00f5tke seina k\u00f5rgus ja laius. Arvutage paneelide horisontaalne jaotus nii, et m\u00f5lemale servale j\u00e4\u00e4ks v\u00f5rdne ruum. Nurgapaneelide l\u00f5ikamine peaks sobituma ribade vahele, v\u00f5imaldades l\u00f5ikamist m\u00f6\u00f6da vildi serva kasutades utiliidi nuga.<\/li>\n<li>L\u00f5igake paneelid ketassaega \u00f5igesse pikkusesse ja alustage paigaldamist. Veenduge alati paneelide sirguses, kasutades loodi v\u00f5i sarnast t\u00f6\u00f6riista.<\/li>\n<li>Kui kasutate liimi, kandke liim \u00fchtlaselt \u00fcle kogu paneeli tagumise k\u00fclje ja asetage paneel paika. Soovi korral v\u00f5ite kasutada ka kruvisid paigaldamise lihtsustamiseks.<\/li>\n<li>Kui kasutate kruvisid, asetage paneel paika ja kinnitage see eelnevalt kirjeldatud viisil. J\u00e4rgmise paneeli paigaldamisel kontrollige alati, et ribade vahekaugus j\u00e4\u00e4ks \u00fchtlaseks ja paneelid oleksid sirges joones.<\/li>\n<\/ol>\n<p>&nbsp;<\/p>\n<p><strong>Horisontaalselt v\u00f5i lakke paigaldamine<\/strong><\/p>\n<p>Paneelide horisontaalsel v\u00f5i lakke paigaldamisel j\u00e4rgige samu p\u00f5him\u00f5tteid nagu vertikaalse paigaldamise puhul. Horisontaalse paigaldamise korral on suund alati alt \u00fcles. Lakke paigaldamisel on soovitatav kasutada nii kruvisid kui ka liimi.<\/p>\n<p><strong>M\u00c4RKUS:<\/strong> Kui teil on laek\u00fcte, veenduge toote sobivuses k\u00fcttes\u00fcsteemiga, konsulteerides k\u00fcttes\u00fcsteemi tarnijaga.<\/p>\n<p>&nbsp;<\/p>\n<p>&nbsp;<\/p>\n<p><b>PLATVORMI- JA V\u00c4IKESE TELLIMUSE LISATASU:<\/b><\/p>\n<p>EUR LAVA 15 \u20ac, FIN LAVA 18.6 \u20ac, \u00dcHEKORDSELT KASUTATAV LAVA 9 \u20ac; V\u00e4ikese tellimuse lisatasu (ostude puhul alla 100 \u20ac) \u2013 13.2 \u20ac<\/p>\n","protected":false},"excerpt":{"rendered":"<p><strong>Stiilne ja kulut\u00f5hus sisustuslahendus<\/strong><\/p>\n<p>K\u00f5rge profiiliga, stiilne akustiline ribapaneel, millel on mustast vildist alus ja tumedat p\u00e4hklipuud meenutav muster peal. V\u00f5ib paigaldada vertikaalselt, horisontaalselt v\u00f5i lakke. Heliisoleeriv vilt v\u00e4hendab m\u00fcra ja kaja. MDF-ribadel on silmapaistev puidu muster. Akustilisel vildil on tuld aeglustavad omadused ja see kuulub tuleklassi B1. Ei sisalda kahjulikke \u00fchendeid. Lihtne ja kiire paigaldada. Otse seinale paigaldamisel on NRC v\u00e4\u00e4rtus 0,3, heli neelduvuse klass D. Kui paigaldatakse karkassile, on heli neelduvuse klass A.<\/p>\n","protected":false},"featured_media":88705,"comment_status":"open","ping_status":"closed","template":"","meta":{"_acf_changed":false},"factory":[],"free-shipment":[],"product_brand":[],"product_cat":[2955,814],"product_tag":[],"class_list":{"0":"post-88707","1":"product","2":"type-product","3":"status-publish","4":"has-post-thumbnail","6":"product_cat-seinapaneelid","7":"product_cat-uldehitus","9":"first","10":"instock","11":"sale","12":"taxable","13":"shipping-taxable","14":"purchasable","15":"product-type-simple"},"acf":[],"_links":{"self":[{"href":"https:\/\/factory.sale\/et\/wp-json\/wp\/v2\/product\/88707","targetHints":{"allow":["GET"]}}],"collection":[{"href":"https:\/\/factory.sale\/et\/wp-json\/wp\/v2\/product"}],"about":[{"href":"https:\/\/factory.sale\/et\/wp-json\/wp\/v2\/types\/product"}],"replies":[{"embeddable":true,"href":"https:\/\/factory.sale\/et\/wp-json\/wp\/v2\/comments?post=88707"}],"wp:featuredmedia":[{"embeddable":true,"href":"https:\/\/factory.sale\/et\/wp-json\/wp\/v2\/media\/88705"}],"wp:attachment":[{"href":"https:\/\/factory.sale\/et\/wp-json\/wp\/v2\/media?parent=88707"}],"wp:term":[{"taxonomy":"factory","embeddable":true,"href":"https:\/\/factory.sale\/et\/wp-json\/wp\/v2\/factory?post=88707"},{"taxonomy":"free-shipment","embeddable":true,"href":"https:\/\/factory.sale\/et\/wp-json\/wp\/v2\/free-shipment?post=88707"},{"taxonomy":"product_brand","embeddable":true,"href":"https:\/\/factory.sale\/et\/wp-json\/wp\/v2\/product_brand?post=88707"},{"taxonomy":"product_cat","embeddable":true,"href":"https:\/\/factory.sale\/et\/wp-json\/wp\/v2\/product_cat?post=88707"},{"taxonomy":"product_tag","embeddable":true,"href":"https:\/\/factory.sale\/et\/wp-json\/wp\/v2\/product_tag?post=88707"}],"curies":[{"name":"wp","href":"https:\/\/api.w.org\/{rel}","templated":true}]}}