{"id":88576,"date":"2024-08-03T23:06:15","date_gmt":"2024-08-03T20:07:00","guid":{"rendered":"https:\/\/factory.sale\/?post_type=product&#038;p=88576"},"modified":"2024-08-29T11:20:39","modified_gmt":"2024-08-29T08:20:39","slug":"3d-seinapaneel-jarnvik-269-glorio-122x12x2600-mm","status":"publish","type":"product","link":"https:\/\/factory.sale\/et\/toode\/3d-seinapaneel-jarnvik-269-glorio-122x12x2600-mm\/","title":{"rendered":"3D seinapaneel J\u00e4rnvik 269 Glorio 122x12x2600 mm"},"content":{"rendered":"<p><strong>Tootekood:<\/strong> JVWP-269-PYMU<\/p>\n<p><strong>EAN:<\/strong> 6430049656731<\/p>\n<p>&nbsp;<\/p>\n<p>&nbsp;<\/p>\n<p>&nbsp;<\/p>\n<p><strong>Stiilne ja kulut\u00f5hus sisustuslahendus<\/strong><\/p>\n<p>J\u00e4rnvik 3D seinapaneelid pakuvad t\u00e4iesti uut ja kulut\u00f5husat v\u00f5imalust luua muljetavaldavaid seinalahendusi. 3D seinapaneelidega saate saavutada stiilse v\u00e4limuse v\u00e4hese vaevaga ja madalamate kuludega, ilma v\u00e4rvimise ja tundide pikkuse t\u00f6\u00f6ta.<\/p>\n<p>3D seinapaneele saab kasutada osana seinast, tervete seinte katmiseks v\u00f5i isegi laes. Paneelid lisavad ruumile visuaalselt avarust.<\/p>\n<p>Need tooted on t\u00e4iesti veekindlad, ei sisalda kahjulikke aineid ega raskemetalle, on taaskasutatavad ja v\u00e4ga lihtsasti \u00a0paigaldatavad. Paneelid on v\u00e4ga vastupidavad ja neid on lihtne puhtana hoida.<\/p>\n<p>Paneelidel on stiilne 3D pindstruktuur, mis lisab elu ja visuaalset atraktiivsust igale ruumile. Need on t\u00e4iuslik valik eluruumidesse, TV-seintele, vannitubadesse, kontoritesse, vastuv\u00f5turuumidesse ja paljudesse teistesse ruumidesse.<\/p>\n<p>Madala\/laia profiiliga stiilne seinapaneel 3D mustriga, millel on must alus ja peal hele tamme meenutav puidumuster. V\u00f5ib paigaldada vertikaalselt v\u00f5i horisontaalselt. T\u00e4iesti veekindel, ei sisalda kahjulikke aineid, valmistatud pol\u00fcst\u00fcreenist. Kulumiskindel \/ ei kriimustu kergesti. Lihtne ja kiire paigaldada.<\/p>\n<p>&nbsp;<\/p>\n<p>&nbsp;<\/p>\n<p><strong>Puhtama l\u00f5pptulemuse saavutamiseks on paneelide paigaldamisel soovitatav kasutada eraldi otsat\u00fckke (saadaval lisaks):<\/strong><\/p>\n<p>Otsat\u00fckk meespool J\u00e4rnvik 269 Glorio 42 x 12 x 2600 mm (JVWP-269-PYMU-CMU; EAN: 6430049656748) <strong>6,78 .-<\/strong><\/p>\n<p>Otsat\u00fckk naispool J\u00e4rnvik 269 Glorio 27 x 12 x 2600 mm (JVWP-269-PYMU-CMN; EAN: 6430049656755) <strong>6,78 .-<\/strong><\/p>\n<p><img loading=\"lazy\" decoding=\"async\" class=\"alignnone wp-image-88852\" src=\"https:\/\/factory.sale\/wp-content\/uploads\/2024\/08\/Jarnvik-glorio-end-piece-factory.sale_-300x94.webp\" alt=\"\" width=\"657\" height=\"206\" srcset=\"https:\/\/factory.sale\/wp-content\/uploads\/2024\/08\/Jarnvik-glorio-end-piece-factory.sale_-300x94.webp 300w, https:\/\/factory.sale\/wp-content\/uploads\/2024\/08\/Jarnvik-glorio-end-piece-factory.sale_-150x47.webp 150w, https:\/\/factory.sale\/wp-content\/uploads\/2024\/08\/Jarnvik-glorio-end-piece-factory.sale_-600x188.webp 600w, https:\/\/factory.sale\/wp-content\/uploads\/2024\/08\/Jarnvik-glorio-end-piece-factory.sale_.webp 1024w\" sizes=\"auto, (max-width: 657px) 100vw, 657px\" \/><\/p>\n<p>&nbsp;<\/p>\n<p><strong>Tehniline teave:<\/strong><\/p>\n<p>Laius: 122 mm<br \/>\nK\u00f5rgus: 21 mm<br \/>\nPikkus: 260 cm<br \/>\n1 tk = 0.3172 m2<br \/>\n19 tk = \u00a06,02 m2<\/p>\n<p>&nbsp;<\/p>\n<p>&nbsp;<\/p>\n<p>&nbsp;<\/p>\n<p><strong>3D Seinapaneeli paigaldamine<\/strong><\/p>\n<ol>\n<li>Seina tasandamine: Tasanda sein vajadusel ja eemalda k\u00f5ik tapeedij\u00e4\u00e4gid jne. Vajadusel loo eraldi karkass. Karkassi vajadust hinnatakse iga juhtumi puhul eraldi. Karkass lihtsustab seinapaneelide v\u00f5imaliku demonteerimise.<\/li>\n<li>Paneelide l\u00f5ikamine: Kasuta paneelide l\u00f5ikamiseks ketassaagi, mille tera p\u00f6\u00f6rlemiskiirus on 5000-6000 p\/min, ja peeneteralist tera (minimaalselt 60T, soovitatav 100T). Veendu, et paneelide otsad on sirged, l\u00f5igates need alati saega.<\/li>\n<li>3a. Vertikaalne paigaldamine: Paigaldamine toimub alati meespontti eelistades. Kui paigaldatakse nurgast nurka, ei ole eraldi otsat\u00fckke vaja; l\u00f5ika viimane paneel pikisuunas \u00f5igesse laiusesse. Kui paneele ei paigaldata kogu seina ulatuses, alusta paigaldamist meesotsat\u00fckiga. Kui seinas on v\u00e4lisnurk, alusta paigaldamist alati v\u00e4lisnurgast meesotsat\u00fckiga ja l\u00f5ika viimane paneel pikisuunas \u00f5igesse laiusesse.<br \/>\n3b. Horisontaalne paigaldamine: Paigaldamine toimub alati meespontti eelistades. Horisontaalse paigalduse korral on suund alati alt \u00fcles. Paneelide horisontaalse paigalduse korral l\u00f5peb paigaldus naisotsat\u00fckiga soovitud k\u00f5rgusel ja meesotsat\u00fckki ei ole vaja.<\/li>\n<li>Pontiga paneeli kinnitamine: Kinnita pontiga paneel liimi ja naeltega paigaldatavale pinnale. Kanna liimi kogu paneeli tagak\u00fcljele ja aseta paneel paika. Kinnita paneel l\u00f5puks naelap\u00fcstoliga meesponti poolelt umbes 40 cm vahedega. Naeluta servale l\u00e4hedale, et naelaaugud j\u00e4\u00e4ksid j\u00e4rgmise paneeli naispondi alla. Paigalda alati vasakult paremale, meespont eelisena. Kui paigaldatakse kivipinnale, v\u00f5ib kasutada ainult liimi (nt Wurth Power Tack v\u00f5i sarnane).<\/li>\n<\/ol>\n<p>&nbsp;<\/p>\n<p>Betoonseinale paigaldamisel on soovitatav kasutada Wurth Power Tack v\u00f5i Casco XtremeFix paigaldusliimi v\u00f5i sarnast. Kui paigaldatakse puidu- v\u00f5i plaadipinnale, kus naelutamine on v\u00f5imalik, on soovitatav kasutada Wurth Paigaldusliimi Pro 140 v\u00f5i sarnast.<\/p>\n<p>Seinapaneeli saab liimida ka eraldi taustaplaadile, mille saab seej\u00e4rel tervikuna seinale kinnitada n\u00e4iteks kruvidega.<\/p>\n<p>Paneelide j\u00e4tkamist ei soovitata, kuid paneeli v\u00f5ib paigaldada ka tapp\u00fchendusega. P\u00fc\u00fcdke paigaldada \u00fchendus v\u00f5imalikult m\u00e4rkamatule kohale.<\/p>\n<p><em>NB:<\/em> Planeeri paigaldus alati hoolikalt ette, arvutades paneelide paiknemist ja arvestades v\u00f5imalikke nurki. Kui paneele ei paigaldata nurgast nurka, arvesta alati otsat\u00fckkidega, et saavutada soovitud tulemus ja et paneelid paigutuksid planeeritult.<\/p>\n<p>&nbsp;<\/p>\n<p>&nbsp;<\/p>\n<p><b>PLATVORMI- JA V\u00c4IKESE TELLIMUSE LISATASU:<\/b><\/p>\n<p>EUR LAVA 15 \u20ac, FIN LAVA 18.6 \u20ac, \u00dcHEKORDSELT KASUTATAV LAVA 9 \u20ac; V\u00e4ikese tellimuse lisatasu (ostude puhul alla 100 \u20ac) \u2013 13.2 \u20ac<\/p>\n","protected":false},"excerpt":{"rendered":"<p><strong>Stiilne ja kulut\u00f5hus sisustuslahendus<\/strong><\/p>\n<p>J\u00e4rnvik 3D seinapaneelid pakuvad t\u00e4iesti uut ja kulut\u00f5husat v\u00f5imalust luua muljetavaldavaid seinalahendusi. 3D seinapaneelidega saate saavutada stiilse v\u00e4limuse v\u00e4hese vaevaga ja madalamate kuludega, ilma v\u00e4rvimise ja tundide pikkuse t\u00f6\u00f6ta.<\/p>\n<p>&nbsp;<\/p>\n<p>Hind 1 tk!<\/p>\n","protected":false},"featured_media":88587,"comment_status":"open","ping_status":"closed","template":"","meta":{"_acf_changed":false},"factory":[],"free-shipment":[],"product_brand":[],"product_cat":[2955,814],"product_tag":[],"class_list":{"0":"post-88576","1":"product","2":"type-product","3":"status-publish","4":"has-post-thumbnail","6":"product_cat-seinapaneelid","7":"product_cat-uldehitus","9":"first","10":"instock","11":"sale","12":"taxable","13":"shipping-taxable","14":"purchasable","15":"product-type-simple"},"acf":[],"_links":{"self":[{"href":"https:\/\/factory.sale\/et\/wp-json\/wp\/v2\/product\/88576","targetHints":{"allow":["GET"]}}],"collection":[{"href":"https:\/\/factory.sale\/et\/wp-json\/wp\/v2\/product"}],"about":[{"href":"https:\/\/factory.sale\/et\/wp-json\/wp\/v2\/types\/product"}],"replies":[{"embeddable":true,"href":"https:\/\/factory.sale\/et\/wp-json\/wp\/v2\/comments?post=88576"}],"wp:featuredmedia":[{"embeddable":true,"href":"https:\/\/factory.sale\/et\/wp-json\/wp\/v2\/media\/88587"}],"wp:attachment":[{"href":"https:\/\/factory.sale\/et\/wp-json\/wp\/v2\/media?parent=88576"}],"wp:term":[{"taxonomy":"factory","embeddable":true,"href":"https:\/\/factory.sale\/et\/wp-json\/wp\/v2\/factory?post=88576"},{"taxonomy":"free-shipment","embeddable":true,"href":"https:\/\/factory.sale\/et\/wp-json\/wp\/v2\/free-shipment?post=88576"},{"taxonomy":"product_brand","embeddable":true,"href":"https:\/\/factory.sale\/et\/wp-json\/wp\/v2\/product_brand?post=88576"},{"taxonomy":"product_cat","embeddable":true,"href":"https:\/\/factory.sale\/et\/wp-json\/wp\/v2\/product_cat?post=88576"},{"taxonomy":"product_tag","embeddable":true,"href":"https:\/\/factory.sale\/et\/wp-json\/wp\/v2\/product_tag?post=88576"}],"curies":[{"name":"wp","href":"https:\/\/api.w.org\/{rel}","templated":true}]}}