{"id":88482,"date":"2024-07-31T11:59:57","date_gmt":"2024-07-31T09:07:19","guid":{"rendered":"https:\/\/factory.sale\/?post_type=product&#038;p=88482"},"modified":"2025-03-23T14:38:32","modified_gmt":"2025-03-23T11:38:32","slug":"vinuulplank-porand-i4f-spc-ixpe-jarnvik-lantlig-ek-223-m2","status":"publish","type":"product","link":"https:\/\/factory.sale\/et\/toode\/vinuulplank-porand-i4f-spc-ixpe-jarnvik-lantlig-ek-223-m2\/","title":{"rendered":"Vin\u00fc\u00fclplank p\u00f5rand i4F SPC IXPE J\u00e4rnvik Lantlig Ek 2,23 m2"},"content":{"rendered":"<p><strong>Tootekood:<\/strong> I4F-2308SI<\/p>\n<p><strong>EAN:<\/strong> 6430049656977<\/p>\n<p>&nbsp;<\/p>\n<p>&nbsp;<\/p>\n<div class=\"page\" title=\"Page 7\">\n<p><strong>J\u00e4rnvik i4F SPC IXPE j\u00e4iga s\u00fcdamikuga vin\u00fc\u00fclplank<\/strong><\/p>\n<\/div>\n<p>&nbsp;<\/p>\n<p>Vin\u00fc\u00fclplank k\u00f5ikidesse eluruumidesse ja suure kasutuskoormusega avalikesse ruumidesse. Materjal: PVC (100% taaskasutatud materjal), SPC (70% t\u00e4itematerjal).<\/p>\n<div class=\"page\" title=\"Page 7\">\n<p>J\u00e4rnvik i4F SPC IXPE j\u00e4iga s\u00fcdamikuga vin\u00fc\u00fclplank on uue p\u00f5lvkonna vin\u00fc\u00fclp\u00f5rand, millel on kivikomposiidist (SPC) s\u00fcdamikustruktuur. S\u00fcdamikustruktuur koosneb 70% kivimaterjalist, mis teeb p\u00f5randa j\u00e4igaks ja vastupidavaks. Integreeritud sammum\u00fcra isolatsioon parandab ruumi akustikat ja muudab p\u00f5randa vaiksemaks.<\/p>\n<p>Planke on lihtne paigaldada t\u00e4nu kvaliteetsele i4F lukustuss\u00fcsteemile. Paigaldamine toimub piki pikemat k\u00fclge voltides, samal ajal kui otsapontid lukustatakse kummivasaraga koputades. i4F SPC IXPE vin\u00fc\u00fclp\u00f5rand on vastupidav ja lihtsasti hooldatav ning paigaldatakse ujuvp\u00f5randana. Liimi ei ole vaja ja see sobib kasutamiseks p\u00f5randak\u00fcttega. J\u00e4ik s\u00fcdamikuga vin\u00fc\u00fclplank sobib k\u00f5ikidesse eluruumidesse ning ka suurema koormusega avalikesse ruumidesse.<\/p>\n<p>Toode on valmistatud Euroopas, mist\u00f5ttu on selle transpordist tulenevad heitkogused oluliselt v\u00e4iksemad kui Euroopast v\u00e4ljaspool valmistatud p\u00f5randatel.<\/p>\n<p>&nbsp;<\/p>\n<p>&nbsp;<\/p>\n<p><strong>Tehniline teave:<\/strong><\/p>\n<p>M\u00f5\u00f5dud: 22,8 x 121,9 cm<br \/>\nPaksus: 5,0 mm<br \/>\nKulumiskiht: 0,55 mm<br \/>\nMikrofaas: Jah<br \/>\nKasutusklass: 33<br \/>\nS\u00fcsteem: i4F drop lock<br \/>\nPakend\/alus: 2,23 m\u00b2 \/ 107,04 m\u00b2<br \/>\nSammum\u00fcra isolatsioon: IXPE 1,0 mm<\/p>\n<p>&nbsp;<\/p>\n<table style=\"height: 192px;\" width=\"854\">\n<colgroup>\n<col \/>\n<col \/>\n<col \/>\n<col \/>\n<col \/>\n<col \/>\n<col \/>\n<col \/><\/colgroup>\n<tbody>\n<tr>\n<td>\n<div class=\"layoutArea\">\n<div class=\"column\">\n<p>Klass<\/p>\n<\/div>\n<\/div>\n<\/td>\n<td>\n<div class=\"layoutArea\">\n<div class=\"column\">\n<p>Paksus<\/p>\n<\/div>\n<\/div>\n<\/td>\n<td>\n<div class=\"layoutArea\">\n<div class=\"column\">\n<p>Kulumiskiht<\/p>\n<\/div>\n<\/div>\n<\/td>\n<td>\n<div class=\"layoutArea\">\n<div class=\"column\">\n<p>Heliisolatsioon<\/p>\n<\/div>\n<\/div>\n<\/td>\n<td>\n<div class=\"layoutArea\">\n<div class=\"column\">\n<p>Soojusisolatsioon<\/p>\n<\/div>\n<\/div>\n<\/td>\n<td>\n<div class=\"layoutArea\">\n<div class=\"column\">\n<p>Tulekahju klass<\/p>\n<\/div>\n<\/div>\n<\/td>\n<td>\n<div class=\"layoutArea\">\n<div class=\"column\">\n<p>Formaldeh\u00fc\u00fcd<\/p>\n<\/div>\n<\/div>\n<\/td>\n<td>\n<div class=\"layoutArea\">\n<div class=\"column\">\n<p>Tihedus<\/p>\n<\/div>\n<\/div>\n<\/td>\n<\/tr>\n<tr>\n<td>\n<div class=\"layoutArea\">\n<div class=\"column\">\n<p>23 \/ 33<\/p>\n<\/div>\n<\/div>\n<\/td>\n<td>\n<div class=\"layoutArea\">\n<div class=\"column\">\n<p>5,5mm<\/p>\n<\/div>\n<\/div>\n<\/td>\n<td>\n<div class=\"layoutArea\">\n<div class=\"column\">\n<p>0,55mm<\/p>\n<\/div>\n<\/div>\n<\/td>\n<td>\n<div class=\"layoutArea\">\n<div class=\"column\">\n<p>STC 60<\/p>\n<\/div>\n<\/div>\n<\/td>\n<td>\n<div class=\"layoutArea\">\n<div class=\"column\">\n<p>0,034 (M2k)\/w<\/p>\n<\/div>\n<\/div>\n<\/td>\n<td>\n<div class=\"layoutArea\">\n<div class=\"column\">\n<p>Bfl-s1<\/p>\n<\/div>\n<\/div>\n<\/td>\n<td>\n<div class=\"layoutArea\">\n<div class=\"column\">\n<p>Ei<\/p>\n<\/div>\n<\/div>\n<\/td>\n<td>\n<div class=\"layoutArea\">\n<div class=\"column\">\n<p>2000 (g\/cm3)<\/p>\n<\/div>\n<\/div>\n<\/td>\n<\/tr>\n<tr>\n<td>\n<div class=\"layoutArea\">\n<div class=\"column\">\n<p>23 \/ 33<\/p>\n<\/div>\n<\/div>\n<\/td>\n<td>\n<div class=\"layoutArea\">\n<div class=\"column\">\n<p>5.0mm<\/p>\n<\/div>\n<\/div>\n<\/td>\n<td>\n<div class=\"layoutArea\">\n<div class=\"column\">\n<p>0.55mm<\/p>\n<\/div>\n<\/div>\n<\/td>\n<td>\n<div class=\"layoutArea\">\n<div class=\"column\">\n<p>STC 60<\/p>\n<\/div>\n<\/div>\n<\/td>\n<td>\n<div class=\"layoutArea\">\n<div class=\"column\">\n<p>0.034 (M2k)\/w<\/p>\n<\/div>\n<\/div>\n<\/td>\n<td>\n<div class=\"layoutArea\">\n<div class=\"column\">\n<p>Bfl-s1<\/p>\n<\/div>\n<\/div>\n<\/td>\n<td>\n<div class=\"layoutArea\">\n<div class=\"column\">\n<p>Ei<\/p>\n<\/div>\n<\/div>\n<\/td>\n<td>\n<div class=\"layoutArea\">\n<div class=\"column\">\n<p>2000 (g\/cm3)<\/p>\n<\/div>\n<\/div>\n<\/td>\n<\/tr>\n<\/tbody>\n<\/table>\n<\/div>\n<p>&nbsp;<\/p>\n<table style=\"height: 188px;\" width=\"858\">\n<colgroup>\n<col \/>\n<col \/>\n<col \/>\n<col \/>\n<col \/>\n<col \/>\n<col \/>\n<col \/><\/colgroup>\n<tbody>\n<tr>\n<td>\n<div class=\"layoutArea\">\n<div class=\"column\">\n<p>Plangu suurus<\/p>\n<\/div>\n<\/div>\n<\/td>\n<td>\n<div class=\"layoutArea\">\n<div class=\"column\">\n<p>Tk \/ pakend<\/p>\n<\/div>\n<\/div>\n<\/td>\n<td>\n<div class=\"layoutArea\">\n<div class=\"column\">\n<p>m2 \/ tk<\/p>\n<\/div>\n<\/div>\n<\/td>\n<td>\n<div class=\"layoutArea\">\n<div class=\"column\">\n<p>Pallett<\/p>\n<\/div>\n<\/div>\n<\/td>\n<td>\n<div class=\"layoutArea\">\n<div class=\"column\">\n<p>m2 \/ pallett<\/p>\n<\/div>\n<\/div>\n<\/td>\n<td>\n<div class=\"layoutArea\">\n<div class=\"column\">\n<p>Sammum\u00fcra heliisolatsioon<\/p>\n<\/div>\n<\/div>\n<\/td>\n<td>\n<div class=\"layoutArea\">\n<div class=\"column\">\n<p>Lukustuss\u00fcsteem<\/p>\n<\/div>\n<\/div>\n<\/td>\n<td>\n<div class=\"layoutArea\">\n<div class=\"column\">\n<p>Mikronurk<\/p>\n<\/div>\n<\/div>\n<\/td>\n<\/tr>\n<tr>\n<td>\n<div class=\"layoutArea\">\n<div class=\"column\">\n<p>228x1219mm<\/p>\n<\/div>\n<\/div>\n<\/td>\n<td>\n<div class=\"layoutArea\">\n<div class=\"column\">\n<p>10 tk<\/p>\n<\/div>\n<\/div>\n<\/td>\n<td>\n<div class=\"layoutArea\">\n<div class=\"column\">\n<p>2,79<\/p>\n<\/div>\n<\/div>\n<\/td>\n<td>\n<div class=\"layoutArea\">\n<div class=\"column\">\n<p>60<\/p>\n<\/div>\n<\/div>\n<\/td>\n<td>\n<div class=\"layoutArea\">\n<div class=\"column\">\n<p>167,22<\/p>\n<\/div>\n<\/div>\n<\/td>\n<td>\n<div class=\"layoutArea\">\n<div class=\"column\">\n<p>EVA 1,5mm<\/p>\n<\/div>\n<\/div>\n<\/td>\n<td>\n<div class=\"layoutArea\">\n<div class=\"column\">\n<p>Unilin UniClic<\/p>\n<\/div>\n<\/div>\n<\/td>\n<td>\n<div class=\"layoutArea\">\n<div class=\"column\">\n<p>Jah<\/p>\n<\/div>\n<\/div>\n<\/td>\n<\/tr>\n<tr>\n<td>\n<div class=\"layoutArea\">\n<div class=\"column\">\n<p>228x1219mm<\/p>\n<\/div>\n<\/div>\n<\/td>\n<td>\n<div class=\"layoutArea\">\n<div class=\"column\">\n<p>8 tk<\/p>\n<\/div>\n<\/div>\n<\/td>\n<td>\n<div class=\"layoutArea\">\n<div class=\"column\">\n<p>2.23<\/p>\n<\/div>\n<\/div>\n<\/td>\n<td>\n<div class=\"layoutArea\">\n<div class=\"column\">\n<p>48<\/p>\n<\/div>\n<\/div>\n<\/td>\n<td>\n<div class=\"layoutArea\">\n<div class=\"column\">\n<p>107,04<\/p>\n<\/div>\n<\/div>\n<\/td>\n<td>\n<div class=\"layoutArea\">\n<div class=\"column\">\n<p>IXPE 1,0mm<\/p>\n<\/div>\n<\/div>\n<\/td>\n<td>\n<div class=\"layoutArea\">\n<div class=\"column\">\n<p>i4F<\/p>\n<\/div>\n<\/div>\n<\/td>\n<td>\n<div class=\"layoutArea\">\n<div class=\"column\">\n<p>Jah<\/p>\n<\/div>\n<\/div>\n<\/td>\n<\/tr>\n<\/tbody>\n<\/table>\n<p>&nbsp;<\/p>\n<p>&nbsp;<\/p>\n<p>&nbsp;<\/p>\n<p>&nbsp;<\/p>\n<p><b>PLATVORMI- JA V\u00c4IKESE TELLIMUSE LISATASU:<\/b><\/p>\n<p>EUR LAVA 15 \u20ac, FIN LAVA 18.6 \u20ac, \u00dcHEKORDSELT KASUTATAV LAVA 9 \u20ac; V\u00e4ikese tellimuse lisatasu (ostude puhul alla 100 \u20ac) \u2013 13.2 \u20ac<\/p>\n","protected":false},"excerpt":{"rendered":"<p><strong>Vaikne. Vastupidav.<\/strong><\/p>\n<p>J\u00e4rnvik i4F SPC IXPE j\u00e4iga s\u00fcdamikuga vin\u00fc\u00fclplank on uue p\u00f5lvkonna vin\u00fc\u00fclp\u00f5rand, millel on kivikomposiidist (SPC) s\u00fcdamikustruktuur. S\u00fcdamikustruktuur koosneb 70% kivimaterjalist, mis teeb p\u00f5randa j\u00e4igaks ja vastupidavaks. Integreeritud sammum\u00fcra isolatsioon parandab ruumi akustikat ja muudab p\u00f5randa vaiksemaks.<\/p>\n<p>&nbsp;<\/p>\n<p><strong>Hind m2 kohta.<\/strong><\/p>\n","protected":false},"featured_media":88475,"comment_status":"open","ping_status":"closed","template":"","meta":{"_acf_changed":false},"factory":[],"free-shipment":[],"product_brand":[],"product_cat":[176,1595],"product_tag":[],"class_list":{"0":"post-88482","1":"product","2":"type-product","3":"status-publish","4":"has-post-thumbnail","6":"product_cat-porand","7":"product_cat-vinuulporandad","9":"first","10":"instock","11":"sale","12":"taxable","13":"shipping-taxable","14":"purchasable","15":"product-type-simple"},"acf":[],"_links":{"self":[{"href":"https:\/\/factory.sale\/et\/wp-json\/wp\/v2\/product\/88482","targetHints":{"allow":["GET"]}}],"collection":[{"href":"https:\/\/factory.sale\/et\/wp-json\/wp\/v2\/product"}],"about":[{"href":"https:\/\/factory.sale\/et\/wp-json\/wp\/v2\/types\/product"}],"replies":[{"embeddable":true,"href":"https:\/\/factory.sale\/et\/wp-json\/wp\/v2\/comments?post=88482"}],"wp:featuredmedia":[{"embeddable":true,"href":"https:\/\/factory.sale\/et\/wp-json\/wp\/v2\/media\/88475"}],"wp:attachment":[{"href":"https:\/\/factory.sale\/et\/wp-json\/wp\/v2\/media?parent=88482"}],"wp:term":[{"taxonomy":"factory","embeddable":true,"href":"https:\/\/factory.sale\/et\/wp-json\/wp\/v2\/factory?post=88482"},{"taxonomy":"free-shipment","embeddable":true,"href":"https:\/\/factory.sale\/et\/wp-json\/wp\/v2\/free-shipment?post=88482"},{"taxonomy":"product_brand","embeddable":true,"href":"https:\/\/factory.sale\/et\/wp-json\/wp\/v2\/product_brand?post=88482"},{"taxonomy":"product_cat","embeddable":true,"href":"https:\/\/factory.sale\/et\/wp-json\/wp\/v2\/product_cat?post=88482"},{"taxonomy":"product_tag","embeddable":true,"href":"https:\/\/factory.sale\/et\/wp-json\/wp\/v2\/product_tag?post=88482"}],"curies":[{"name":"wp","href":"https:\/\/api.w.org\/{rel}","templated":true}]}}