{"id":88322,"date":"2024-07-29T10:45:07","date_gmt":"2024-07-29T07:45:49","guid":{"rendered":"https:\/\/factory.sale\/?post_type=product&#038;p=88322"},"modified":"2025-03-23T15:08:30","modified_gmt":"2025-03-23T12:08:30","slug":"vinuulplank-porand-spceva-jarnvik-natural-oak-279-m2","status":"publish","type":"product","link":"https:\/\/factory.sale\/et\/toode\/vinuulplank-porand-spceva-jarnvik-natural-oak-279-m2\/","title":{"rendered":"Vin\u00fc\u00fclplank p\u00f5rand SPC+EVA J\u00e4rnvik Natural Oak 2,79 m2"},"content":{"rendered":"<p><strong>Tootenumber:<\/strong> SPC-1725SE<\/p>\n<p><strong>EAN:<\/strong> 6430049655932<\/p>\n<p>&nbsp;<\/p>\n<p>&nbsp;<\/p>\n<p><strong>J\u00e4rnvik UniClic SPC j\u00e4iga s\u00fcdamikuga vin\u00fc\u00fclplaat<\/strong><\/p>\n<p>J\u00e4rnvik UniClic SPC j\u00e4iga s\u00fcdamikuga vin\u00fc\u00fclplaat on uue p\u00f5lvkonna vin\u00fc\u00fclp\u00f5randakate kivikomposiit (SPC) s\u00fcdamikustruktuuriga. Seda j\u00e4iga s\u00fcdamikuga vin\u00fc\u00fclplaati saab paigaldada ka otse p\u00e4ikesevalguse k\u00e4tte, see talub suuri koormusi ja on tavaliste vin\u00fc\u00fclplaatidega v\u00f5rreldes oluliselt v\u00e4hem liikuv. Integreeritud sammum\u00fcra heliisolatsioon parandab ruumi akustikat ja muudab p\u00f5randa vaiksemaks.<\/p>\n<p>Meie SPC-vin\u00fc\u00fclp\u00f5randakate on vastupidav ja kergesti hooldatav ning paigaldatakse ujuva p\u00f5randana. Liimi pole vaja ja see sobib p\u00f5randak\u00fcttega. J\u00e4iga s\u00fcdamikuga vin\u00fc\u00fclplaat sobib nii k\u00f5ikidesse eluruumidesse kui ka raskeveokitega avalikesse kohtadesse.<\/p>\n<p>&nbsp;<\/p>\n<p>Vin\u00fc\u00fclplaadid, mis sobivad k\u00f5ikidesse eluruumidesse ja suurtesse avalikesse kohtadesse. Materjaliks on PVC (100% taaskasutatud materjal) ja SPC (70% kivisisaldus).<\/p>\n<p>&nbsp;<\/p>\n<p><strong>Tehniline informatsioon:<\/strong><\/p>\n<p>Suurus: 22,86 x 121,92 cm<br \/>\nPaksus: 5,5 mm<br \/>\nKulumiskiht: 0,55 mm<br \/>\nMikronurk: ei<br \/>\nKasutusklass: 33 Raske kaubanduslik kasutus<br \/>\nLukustuss\u00fcsteem: UniClic<br \/>\nPakend\/alus: 2,79 m\u00b2 \/ 167,22 m\u00b2<br \/>\nSammum\u00fcra heliisolatsioon: EVA 1,5 mm<\/p>\n<p>&nbsp;<\/p>\n<p>&nbsp;<\/p>\n<p>&nbsp;<\/p>\n<p><b>PLATVORMI- JA V\u00c4IKESE TELLIMUSE LISATASU:<\/b><\/p>\n<p>EUR LAVA 15 \u20ac, FIN LAVA 18.6 \u20ac, \u00dcHEKORDSELT KASUTATAV LAVA 9 \u20ac; V\u00e4ikese tellimuse lisatasu (ostude puhul alla 100 \u20ac) \u2013 13.2 \u20ac<\/p>\n","protected":false},"excerpt":{"rendered":"<p><strong>Vaikne. Vastupidav.<\/strong><\/p>\n<p>J\u00e4rnvik UniClic SPC j\u00e4iga s\u00fcdamikuga vin\u00fc\u00fclplaat on uue p\u00f5lvkonna vin\u00fc\u00fclp\u00f5randakate kivikomposiit (SPC) s\u00fcdamikustruktuuriga. Seda j\u00e4iga s\u00fcdamikuga vin\u00fc\u00fclplaati saab paigaldada ka otse p\u00e4ikesevalguse k\u00e4tte, see talub suuri koormusi ja on tavaliste vin\u00fc\u00fclplaatidega v\u00f5rreldes oluliselt v\u00e4hem liikuv. Integreeritud sammum\u00fcra heliisolatsioon parandab ruumi akustikat ja muudab p\u00f5randa vaiksemaks.<\/p>\n<p>&nbsp;<\/p>\n<p><strong>Hind m2 kohta.<\/strong><\/p>\n","protected":false},"featured_media":88370,"comment_status":"open","ping_status":"closed","template":"","meta":{"_acf_changed":false},"factory":[],"free-shipment":[],"product_brand":[],"product_cat":[176,1595],"product_tag":[],"class_list":{"0":"post-88322","1":"product","2":"type-product","3":"status-publish","4":"has-post-thumbnail","6":"product_cat-porand","7":"product_cat-vinuulporandad","9":"first","10":"instock","11":"sale","12":"taxable","13":"shipping-taxable","14":"purchasable","15":"product-type-simple"},"acf":[],"_links":{"self":[{"href":"https:\/\/factory.sale\/et\/wp-json\/wp\/v2\/product\/88322","targetHints":{"allow":["GET"]}}],"collection":[{"href":"https:\/\/factory.sale\/et\/wp-json\/wp\/v2\/product"}],"about":[{"href":"https:\/\/factory.sale\/et\/wp-json\/wp\/v2\/types\/product"}],"replies":[{"embeddable":true,"href":"https:\/\/factory.sale\/et\/wp-json\/wp\/v2\/comments?post=88322"}],"wp:featuredmedia":[{"embeddable":true,"href":"https:\/\/factory.sale\/et\/wp-json\/wp\/v2\/media\/88370"}],"wp:attachment":[{"href":"https:\/\/factory.sale\/et\/wp-json\/wp\/v2\/media?parent=88322"}],"wp:term":[{"taxonomy":"factory","embeddable":true,"href":"https:\/\/factory.sale\/et\/wp-json\/wp\/v2\/factory?post=88322"},{"taxonomy":"free-shipment","embeddable":true,"href":"https:\/\/factory.sale\/et\/wp-json\/wp\/v2\/free-shipment?post=88322"},{"taxonomy":"product_brand","embeddable":true,"href":"https:\/\/factory.sale\/et\/wp-json\/wp\/v2\/product_brand?post=88322"},{"taxonomy":"product_cat","embeddable":true,"href":"https:\/\/factory.sale\/et\/wp-json\/wp\/v2\/product_cat?post=88322"},{"taxonomy":"product_tag","embeddable":true,"href":"https:\/\/factory.sale\/et\/wp-json\/wp\/v2\/product_tag?post=88322"}],"curies":[{"name":"wp","href":"https:\/\/api.w.org\/{rel}","templated":true}]}}