{"id":88111,"date":"2024-09-12T13:18:28","date_gmt":"2024-09-19T13:42:08","guid":{"rendered":"https:\/\/factory.sale\/?post_type=product&#038;p=88111"},"modified":"2026-04-11T17:02:43","modified_gmt":"2026-04-11T14:02:43","slug":"1-8m-kaheksanurkne-terrassikomplekt-klaaskiust-sisuga-ja-valisahjuga","status":"publish","type":"product","link":"https:\/\/factory.sale\/et\/toode\/1-8m-kaheksanurkne-terrassikomplekt-klaaskiust-sisuga-ja-valisahjuga\/","title":{"rendered":"1,8 m kaheksanurkne terrassikomplekt klaaskiust sisuga ja v\u00e4lisahjuga"},"content":{"rendered":"<p>Terrassikomplekt sisaldab klaaskiust sisemust, p\u00f5hiraami, 30 kW merealumiiniumist v\u00e4lisahju koos 2 m korstnaga ning \u00e4ravoolukraani.<\/p>\n<p>Tehnilised andmed:<\/p>\n<ul>\n<li>Materjal: immutatud puit<\/li>\n<li>Sisemuse materjal: klaaskiud<\/li>\n<li>V\u00e4limine l\u00e4bim\u00f5\u00f5t: 1800 mm<\/li>\n<li>Sisemine l\u00e4bim\u00f5\u00f5t: 1600 mm<\/li>\n<li>K\u00f5rgus: 1080 mm<\/li>\n<li>Sisemine s\u00fcgavus: 980 mm<\/li>\n<li>Kaal: 110 kg<\/li>\n<li>Maht: 1200 liitrit<\/li>\n<li>Mahutavus: 5-6 inimest<\/li>\n<li>K\u00fctmisaeg 5\u201338 \u00b0C: 1,5\u20132 tundi<\/li>\n<\/ul>\n<p>&nbsp;<\/p>\n<p>Plastiku v\u00e4rvid:<\/p>\n<p><strong><img loading=\"lazy\" decoding=\"async\" class=\"alignnone wp-image-88093\" src=\"https:\/\/factory.sale\/wp-content\/uploads\/2024\/07\/plastic-colours-300x82.png\" alt=\"\" width=\"413\" height=\"113\" srcset=\"https:\/\/factory.sale\/wp-content\/uploads\/2024\/07\/plastic-colours-300x82.png 300w, https:\/\/factory.sale\/wp-content\/uploads\/2024\/07\/plastic-colours-150x41.png 150w, https:\/\/factory.sale\/wp-content\/uploads\/2024\/07\/plastic-colours.png 394w\" sizes=\"auto, (max-width: 413px) 100vw, 413px\" \/><\/strong><\/p>\n<p>Sinine\u00a0 \u00a0 \u00a0 \u00a0 \u00a0 \u00a0 \u00a0 \u00a0 \u00a0 \u00a0 \u00a0 \u00a0 \u00a0Tumehall\u00a0 \u00a0 \u00a0 \u00a0 \u00a0 \u00a0 \u00a0 \u00a0 \u00a0 \u00a0 Helehall<\/p>\n<p>V\u00e4lisahju valikud:<\/p>\n<ul>\n<li>30 kW v\u00e4lisahi (tagasivooluga) (hinna sees)<\/li>\n<li>35 kW v\u00e4lisahi (tagasivooluga, klaasuksega)<\/li>\n<li>40 kW v\u00e4lisahi (tagasivooluga, klaasuksega)<\/li>\n<li>45 kW v\u00e4lisahi (parempoolse vooluga, klaasuksega)<\/li>\n<li>45 kW v\u00e4lisahi (vasakpoolse vooluga, klaasuksega)<\/li>\n<\/ul>\n<p>Lisafunktsioonid:<\/p>\n<ul>\n<li>PVC-kate<\/li>\n<li>Plastikust kupliga kate<\/li>\n<li>10 cm termokate<\/li>\n<li>Pol\u00fcuretaanisolatsioon<\/li>\n<li>LED-valgustus 1 lambiga<\/li>\n<li>LED-valgustus 2 lambiga<\/li>\n<li>LED-valgustus 4 lambiga<\/li>\n<li>Mullis\u00fcsteem 8 joaga<\/li>\n<li>Mullis\u00fcsteem 16 joaga<\/li>\n<li>Ujuv Bluetooth-termomeeter<\/li>\n<li>Korstna kuumakaitse<\/li>\n<li>Lisakorstna pikendus 1 m<\/li>\n<li>S\u00e4demep\u00fc\u00fcdja<\/li>\n<li>Jalavann<\/li>\n<li>M\u00f5la<\/li>\n<li>Sisemine filter<\/li>\n<li>Filtris\u00fcsteem + filtrikuulid + korgid 2 tk<\/li>\n<li>Dutrioni tabletid vee puhastamiseks<\/li>\n<\/ul>\n","protected":false},"excerpt":{"rendered":"<p>Terrassikomplekt sisaldab klaaskiust sisemust, aluskarkassi, merealumiiniumist 30 kW v\u00e4lisahju koos 2 m korstna ja \u00e4ravoolukraaniga.<\/p>\n","protected":false},"featured_media":90017,"comment_status":"open","ping_status":"closed","template":"","meta":{"_acf_changed":false},"factory":[],"free-shipment":[],"product_brand":[],"product_cat":[2209,2590],"product_tag":[1483,1484,2714],"class_list":{"0":"post-88111","1":"product","2":"type-product","3":"status-publish","4":"has-post-thumbnail","6":"product_cat-kumblustunnid","7":"product_cat-terrassikomplektid","8":"product_tag-garden-et","9":"product_tag-yard-et","10":"product_tag-yard-and-garden-et","12":"first","13":"instock","14":"sale","15":"taxable","16":"shipping-taxable","17":"purchasable","18":"product-type-simple"},"acf":[],"_links":{"self":[{"href":"https:\/\/factory.sale\/et\/wp-json\/wp\/v2\/product\/88111","targetHints":{"allow":["GET"]}}],"collection":[{"href":"https:\/\/factory.sale\/et\/wp-json\/wp\/v2\/product"}],"about":[{"href":"https:\/\/factory.sale\/et\/wp-json\/wp\/v2\/types\/product"}],"replies":[{"embeddable":true,"href":"https:\/\/factory.sale\/et\/wp-json\/wp\/v2\/comments?post=88111"}],"wp:featuredmedia":[{"embeddable":true,"href":"https:\/\/factory.sale\/et\/wp-json\/wp\/v2\/media\/90017"}],"wp:attachment":[{"href":"https:\/\/factory.sale\/et\/wp-json\/wp\/v2\/media?parent=88111"}],"wp:term":[{"taxonomy":"factory","embeddable":true,"href":"https:\/\/factory.sale\/et\/wp-json\/wp\/v2\/factory?post=88111"},{"taxonomy":"free-shipment","embeddable":true,"href":"https:\/\/factory.sale\/et\/wp-json\/wp\/v2\/free-shipment?post=88111"},{"taxonomy":"product_brand","embeddable":true,"href":"https:\/\/factory.sale\/et\/wp-json\/wp\/v2\/product_brand?post=88111"},{"taxonomy":"product_cat","embeddable":true,"href":"https:\/\/factory.sale\/et\/wp-json\/wp\/v2\/product_cat?post=88111"},{"taxonomy":"product_tag","embeddable":true,"href":"https:\/\/factory.sale\/et\/wp-json\/wp\/v2\/product_tag?post=88111"}],"curies":[{"name":"wp","href":"https:\/\/api.w.org\/{rel}","templated":true}]}}