{"id":87884,"date":"2024-07-12T15:25:40","date_gmt":"2024-07-12T12:25:41","guid":{"rendered":"https:\/\/factory.sale\/?post_type=product&#038;p=87884"},"modified":"2026-03-05T16:39:03","modified_gmt":"2026-03-05T13:39:03","slug":"huum-hive-flow-mini-puukuttega-keris-85kw","status":"publish","type":"product","link":"https:\/\/factory.sale\/et\/toode\/huum-hive-flow-mini-puukuttega-keris-85kw\/","title":{"rendered":"HUUM HIVE Flow Mini puuk\u00fcttega keris 8,5kW"},"content":{"rendered":"<h2><span style=\"font-size: 14pt;\">HUUM HIVE Flow Mini &#8211; K\u00f5ige t\u00f5husam ja keskkonnas\u00f5bralikum mini puuk\u00fcttega keris<\/span><\/h2>\n<p>HUUM HIVE Flow Mini saunakeris paistab uhkelt silma kui turu t\u00f5husaim ja keskkonnas\u00f5bralikuim puuk\u00fcttega saunakeris. Selle innovatiivne disain tagab, et 75% k\u00fcttepuude soojusest j\u00e4\u00e4b sauna ega p\u00e4\u00e4se l\u00e4bi korstna. Suur kivimaht hoiab soojust, pakkudes head leili ka rohkem kui 30 minutit p\u00e4rast tule kustumist.<\/p>\n<p>HIVE Flow Mini on ideaalne valik neile, kes v\u00e4\u00e4rtustavad keskkonnateadlikku m\u00f5tteviisi ning soovivad meeldej\u00e4\u00e4vat saunakogemust. Kerise vingugaasi heitmed on vaid 346 mg\/m\u00b3, v\u00f5rreldes sarnaste keriste \u00fcle 1000 mg\/m\u00b3-ga ning tahkete osakeste heitkogus on oma kategooria madalaim \u2013 vaid 25 mg\/m\u00b3.<\/p>\n<p>Kerise suur klaasuks lisab sauna hubast atmosf\u00e4\u00e4ri, v\u00f5imaldades nautida lummavaid leeke. HIVE Flow vastab rangetele keskkonnanormidele ja \u00fcletab k\u00f5ik teadaolevad t\u00f5hususe ja keskkonna n\u00e4itajad puuk\u00fcttega keriste puhul, tagades kvaliteetse ja j\u00e4tkusuutliku valiku Sinu saunale.<\/p>\n<p>HIVE Flow Mini ja Mini LS mahutavad 105 kg kive. Korstnav\u00f5rega saab juurde lisada veel 35-40 kg kive.<\/p>\n<p data-start=\"643\" data-end=\"1105\">HIVE Flow Mini eristub oma oman\u00e4olise ja \u00f5hulise Flow-disaini poolest. Kerise korpuse vertikaalsed v\u00e4ljal\u00f5iked suunavad \u00f5hu liikumist t\u00e4pselt nii, et p\u00f5lemisprotsess oleks \u00fchtlane ja t\u00f5hus. T\u00e4nu sellele soojeneb leiliruum kiiremini, temperatuur p\u00fcsib stabiilsem ning k\u00fctmine n\u00f5uab v\u00e4hem puid. Nutikas \u00f5huvool tagab, et leek p\u00f5leb puhtamalt ja intensiivsemalt, mis omakorda t\u00f5stab k\u00fcttest tekkivat soojushulka ning muudab leilikogemuse kohe eriliselt nauditavaks.<\/p>\n<p data-start=\"2071\" data-end=\"2589\">HIVE Flow Mini on suurep\u00e4rane lahendus saunaomanikele, kes hindavad disaini sama palju kui funktsionaalsust. Kerise Flow-konstruktsioon loob ruumis visuaalselt elegantse ja kaasaegse ilme. Minimalistlik vorm ja avatud kivikamber lisavad sauna keskkonnale ainulaadse loomulikkuse, mis sobib nii skandinaavialikult heledate interj\u00f6\u00f6ride kui ka tumedate ja modernsete leiliruumidega. Disain ei ole pelgalt ilu p\u00e4rast. See aitab kerisel t\u00f6\u00f6tada energiast, \u00f5huvoolust ja soojusk\u00e4itumisest l\u00e4htuvalt maksimaalselt t\u00f5husalt.<\/p>\n<p data-start=\"2928\" data-end=\"3174\">Lisav\u00f5imalusena saab kerisele paigaldada soojusvaheti, mis v\u00f5imaldab k\u00fctmise k\u00e4igus mugavalt ka vett soojendada. See muudab HIVE Flow Mini praktiliseks lahenduseks suvila-, kodu- ja aiasaunades, kus soovitakse v\u00e4hese vaevaga lisafunktsionaalsust.<\/p>\n<p data-start=\"3176\" data-end=\"3507\">Ohutus on kerise disainis kesksel kohal. Kivid katavad suure osa kuumadest metallpindadest, mis v\u00e4hendab p\u00f5letusohtu ning muudab kerise sobivaks ka pere- ja rendisaunadesse. K\u00f5ik detailid on valmistatud kuumuskindlatest ja vastupidavatest materjalidest, mis tagavad, et keris s\u00e4ilitab oma kvaliteedi ka intensiivse kasutuse korral.<\/p>\n<p data-start=\"3509\" data-end=\"3977\">HUUM HIVE Flow Mini puukeris on ideaalne lahendus saunaomanikule, kes soovib kombineerida kompaktset suurust, v\u00f5imast k\u00fcttetulemust ja esteetilist disaini. See keris pakub nauditavat leili, silmapaistvat vastupidavust ja atmosf\u00e4\u00e4ri, mis muudab iga saunakorra eriliseks rituaaliks. HIVE Flow Mini on keris, mis rikastab saunaelamust nii emotsionaalsel, esteetilisel kui ka tehnilisel tasandil aastaid ja aastaid.<\/p>\n<p>\u00d5ige suurusega keris = parem saun! Kasuta meie <a href=\"https:\/\/huum.ee\/kalkulaator\/\" target=\"_blank\" rel=\"noopener\">sauna kalkulaatorit<\/a>, et veenduda, et valid just \u00f5ige v\u00f5imsuse.<\/p>\n<p>&nbsp;<\/p>\n<p><strong>Komplekti kuulub:<\/strong><\/p>\n<ul>\n<li>halupuudega k\u00f6etav saunaahi<\/li>\n<li>metallv\u00f5re<\/li>\n<li>saunaahju paigaldus- ja kasutusjuhend<\/li>\n<li>kuumakindel kinnas<\/li>\n<li>splindid<\/li>\n<li>metallist kinnitusplaadid (2tk)<\/li>\n<li>tuharest<\/li>\n<li>puhastusluugid (2tk)<\/li>\n<li>tuhasahtel<\/li>\n<\/ul>\n<p><strong>Keris vajab juurde:<\/strong><\/p>\n<ul>\n<li>\u00fchendust korstnaga<\/li>\n<li>105 kilogrammi 5-10 cm l\u00e4bim\u00f5\u00f5duga <a href=\"https:\/\/factory.sale\/et\/toode\/kerise-kivid\/\" target=\"_blank\" rel=\"noopener\">kerisekive<\/a><\/li>\n<\/ul>\n<p>Meie soovitame kasutada kerises \u00fcmaraid kerisekive. Need tagavad pehmema leili \u2013 vesi liigub s\u00fcgavamale kivikihtidesse ja aurustub aeglaselt, luues m\u00f5nusa ja pika leilikogemuse.<\/p>\n<p><strong>Tehnilised andmed:<\/strong><\/p>\n<ul>\n<li>kaal 54 kg<\/li>\n<li>k\u00f5rgus 88,4 cm<\/li>\n<li>laius 45 cm<\/li>\n<li>s\u00fcgavus 49,3 cm<\/li>\n<li>k\u00f6etav ruumala 6-14 m\u00b3<\/li>\n<li>nominaalv\u00f5imusus 8,5 kW<\/li>\n<li>kivide mahutavus 105 kg<\/li>\n<li>k\u00fcttepuude pikkus: 30 cm<\/li>\n<li>suitsul\u00f5\u00f5ri l\u00e4bim\u00f5\u00f5t: 114 mm<\/li>\n<\/ul>\n<p><strong>Ohutuskaugused:<\/strong><\/p>\n<ul>\n<li>A 150 mm<\/li>\n<li>B 500 mm<\/li>\n<li>C 750 mm<\/li>\n<\/ul>\n<p><strong>Garantii<\/strong>:<\/p>\n<ul>\n<li>kodukasutus \u2013 3 aastat<\/li>\n<li>\u00e4rikasutus \u2013 1 aasta<\/li>\n<\/ul>\n<p>Kui vajad sellele kerisele varuosi, siis saada meile e-mail. Lisavarustus on leitav <a href=\"https:\/\/factory.sale\/et\/product-category\/sanitaartehnika\/saunatarvikud\/huum-et-2\/\" target=\"_blank\" rel=\"noopener\">SIIT<\/a>.<\/p>\n<p><b>NB! <\/b>Korstnakomplekte saab juurde osta eraldi \u2013 leiad need <a href=\"https:\/\/factory.sale\/et\/product-category\/sanitaartehnika\/saunatarvikud\/korstnakomplektid\/\" target=\"_blank\" rel=\"noopener\">SIIT<\/a><\/p>\n<p><strong>EAN: 4744103015306<\/strong><\/p>\n<p>&nbsp;<\/p>\n<h2>HUUM HIVE FLOW MINI KIVIDE PAIGUTUS<\/h2>\n<div class=\"video-wrapper \"><iframe loading=\"lazy\" title=\"Sauna inspiration \u2502 HUUM HIVE Wood \u2502 wood-burning stove\" width=\"500\" height=\"281\" src=\"https:\/\/www.youtube.com\/embed\/s5SwqfqFP9Y?feature=oembed\" frameborder=\"0\" allow=\"accelerometer; autoplay; clipboard-write; encrypted-media; gyroscope; picture-in-picture; web-share\" referrerpolicy=\"strict-origin-when-cross-origin\" allowfullscreen><\/iframe><\/div>\n<h2>HUUM SAUN<\/h2>\n<div class=\"video-wrapper \"><iframe loading=\"lazy\" title=\"Sauna inspiration \u2502 HUUM HIVE Wood \u2502 wood-burning stove\" width=\"500\" height=\"281\" src=\"https:\/\/www.youtube.com\/embed\/s5SwqfqFP9Y?feature=oembed\" frameborder=\"0\" allow=\"accelerometer; autoplay; clipboard-write; encrypted-media; gyroscope; picture-in-picture; web-share\" referrerpolicy=\"strict-origin-when-cross-origin\" allowfullscreen><\/iframe><\/div>\n<p><strong><span style=\"font-size: 18pt;\">MIKS HUUM?<\/span><\/strong><\/p>\n<div class=\"video-wrapper \"><iframe loading=\"lazy\" title=\"Why HUUM heaters?\" width=\"500\" height=\"281\" src=\"https:\/\/www.youtube.com\/embed\/mstEnCX5Ehs?feature=oembed\" frameborder=\"0\" allow=\"accelerometer; autoplay; clipboard-write; encrypted-media; gyroscope; picture-in-picture; web-share\" referrerpolicy=\"strict-origin-when-cross-origin\" allowfullscreen><\/iframe><\/div>\n","protected":false},"excerpt":{"rendered":"<ul>\n<li>Ainulaadne disain<\/li>\n<li>Innovatiivne patenteerimisel olev ahjukonstruktsioon<\/li>\n<li>Mahutab 105 kg kive (korstnav\u00f5rega lisaks 35-40 kg)<\/li>\n<li>\u00d6konoomne puidukasutus<\/li>\n<li>Madal keskkonnam\u00f5ju<\/li>\n<li>\u00d5rn ja pikaajaline leil<\/li>\n<\/ul>\n<p>HIVE Flow MINI saunakeris paistab uhkelt silma kui turu t\u00f5husaim ja keskkonnas\u00f5bralikuim puuk\u00fcttega saunakeris. Selle innovatiivne disain tagab, et 75% k\u00fcttepuude soojusest j\u00e4\u00e4b sauna ega p\u00e4\u00e4se l\u00e4bi korstna. Suur kivimaht hoiab soojust, pakkudes head leili ka rohkem kui 30 minutit p\u00e4rast tule kustumist.<\/p>\n","protected":false},"featured_media":99795,"comment_status":"open","ping_status":"closed","template":"","meta":{"_acf_changed":false},"factory":[],"free-shipment":[5018],"product_brand":[4432],"product_cat":[719,306],"product_tag":[718,2176],"class_list":{"0":"post-87884","1":"product","2":"type-product","3":"status-publish","4":"has-post-thumbnail","6":"free-shipment-tasuta-saatmine","7":"product_brand-huum-et","8":"product_cat-huum","9":"product_cat-saunakerised","10":"product_tag-huum-et","11":"product_tag-sauna-heater-et","13":"first","14":"instock","15":"sale","16":"taxable","17":"shipping-taxable","18":"purchasable","19":"product-type-simple"},"acf":[],"_links":{"self":[{"href":"https:\/\/factory.sale\/et\/wp-json\/wp\/v2\/product\/87884","targetHints":{"allow":["GET"]}}],"collection":[{"href":"https:\/\/factory.sale\/et\/wp-json\/wp\/v2\/product"}],"about":[{"href":"https:\/\/factory.sale\/et\/wp-json\/wp\/v2\/types\/product"}],"replies":[{"embeddable":true,"href":"https:\/\/factory.sale\/et\/wp-json\/wp\/v2\/comments?post=87884"}],"wp:featuredmedia":[{"embeddable":true,"href":"https:\/\/factory.sale\/et\/wp-json\/wp\/v2\/media\/99795"}],"wp:attachment":[{"href":"https:\/\/factory.sale\/et\/wp-json\/wp\/v2\/media?parent=87884"}],"wp:term":[{"taxonomy":"factory","embeddable":true,"href":"https:\/\/factory.sale\/et\/wp-json\/wp\/v2\/factory?post=87884"},{"taxonomy":"free-shipment","embeddable":true,"href":"https:\/\/factory.sale\/et\/wp-json\/wp\/v2\/free-shipment?post=87884"},{"taxonomy":"product_brand","embeddable":true,"href":"https:\/\/factory.sale\/et\/wp-json\/wp\/v2\/product_brand?post=87884"},{"taxonomy":"product_cat","embeddable":true,"href":"https:\/\/factory.sale\/et\/wp-json\/wp\/v2\/product_cat?post=87884"},{"taxonomy":"product_tag","embeddable":true,"href":"https:\/\/factory.sale\/et\/wp-json\/wp\/v2\/product_tag?post=87884"}],"curies":[{"name":"wp","href":"https:\/\/api.w.org\/{rel}","templated":true}]}}