{"id":87872,"date":"2025-07-12T11:31:15","date_gmt":"2024-07-16T13:03:12","guid":{"rendered":"https:\/\/factory.sale\/?post_type=product&#038;p=87872"},"modified":"2026-03-05T16:39:00","modified_gmt":"2026-03-05T13:39:00","slug":"huum-hive-flow-puukuttega-keris-98kw-2","status":"publish","type":"product","link":"https:\/\/factory.sale\/et\/toode\/huum-hive-flow-puukuttega-keris-98kw-2\/","title":{"rendered":"HUUM HIVE Flow puuk\u00fcttega keris 9,8kW"},"content":{"rendered":"<h2><span style=\"font-size: 14pt;\">HUUM HIVE Flow puuk\u00fcttega keris &#8211; K\u00f5ige t\u00f5husam ja keskkonnas\u00f5bralikum puuk\u00fcttega keris<\/span><\/h2>\n<p>HUUM HIVE Flow puuk\u00fcttega keris paistab uhkelt silma kui turu t\u00f5husaim ja keskkonnas\u00f5bralikuim puuk\u00fcttega saunakeris. Selle innovatiivne disain tagab, et 75% k\u00fcttepuude soojusest j\u00e4\u00e4b sauna ega p\u00e4\u00e4se l\u00e4bi korstna. Suur kivimaht hoiab soojust, pakkudes head leili ka rohkem kui 30 minutit p\u00e4rast tule kustumist.<\/p>\n<p>HUUM HIVE Flow puuk\u00fcttega keris on ideaalne valik neile, kes v\u00e4\u00e4rtustavad keskkonnateadlikku m\u00f5tteviisi ning soovivad meeldej\u00e4\u00e4vat saunakogemust. Kerise vingugaasi heitmed on vaid 346 mg\/m\u00b3, v\u00f5rreldes sarnaste keriste \u00fcle 1000 mg\/m\u00b3-ga ning tahkete osakeste heitkogus on oma kategooria madalaim \u2013 vaid 25 mg\/m\u00b3.<\/p>\n<p>Uudne disain v\u00e4hendab tuleohtu, v\u00f5imaldades tihedamat paigaldust v\u00f5rreldes tavakeristega. Tugeva struktuuriga kerise pealmise osa paksus on 5 mm ja k\u00fclgedel 3 mm, tagades \u00fchtlase soojuse jaotumise. HIVE Flow kaalub 67 kg (73 kg LS mudel) ja mahutab 150 kg kive, korstnav\u00f5rega lisandub veel 35-40 kg kive.<\/p>\n<p>Kerise suur klaasuks lisab sauna hubast atmosf\u00e4\u00e4ri, v\u00f5imaldades nautida lummavaid leeke. HUUM HIVE Flow puuk\u00fcttega keris vastab rangetele keskkonnanormidele ja \u00fcletab k\u00f5ik teadaolevad t\u00f5hususe ja keskkonna n\u00e4itajad puuk\u00fcttega keriste puhul, tagades kvaliteetse ja j\u00e4tkusuutliku valiku Sinu saunale.<\/p>\n<p data-start=\"247\" data-end=\"835\">HUUM HIVE Flow puuk\u00fcttega keris on loodud neile, kes hindavad sauna kui rituaali, mitte pelgalt ruumi kuumutamist. Selle eriline Flow-kujundus suunab kuuma \u00f5hu kerisest l\u00e4bi selliselt, et temperatuur t\u00f5useb \u00fchtlasemalt ja kiiremalt, saavutades t\u00f5husa soojusjaotuse ka v\u00e4iksemates leiliruumides. T\u00e4nu l\u00e4bim\u00f5eldud \u00f5hu liikumisele soojeneb ruum j\u00e4rk-j\u00e4rgult, ilma j\u00e4rskude temperatuurik\u00f5ikumisteta, mis tagab leebe, samas s\u00fcgavalt l\u00f5\u00f5gastava leilikogemuse. Suur kivimaht lubab kerisel s\u00e4ilitada soojust pikemalt ning toota rikkalikku ja siidiselt pehmet leili kogu saunask\u00e4igu v\u00e4ltel.<\/p>\n<p data-start=\"837\" data-end=\"1307\">Keris on valmistatud kvaliteetsetest materjalidest, mis tagavad vastupidavuse ka intensiivsel kasutusel. Roostevabast terasest detailid, tugev konstruktsioon ja HUUMile omane minimalistlik disain muudavad HIVE Flow kerise nii praktiliseks kui ka visuaalselt nauditavaks saunasisustuse elemendiks. Lisaks ergonoomikale ja t\u00f5hususele on kerist \u00fcllatavalt lihtne hooldada, t\u00e4nu millele on see suurep\u00e4rane valik nii kodusaunadele kui ka v\u00e4iksematele majutusasutustele.<\/p>\n<p data-start=\"1309\" data-end=\"1483\">HIVE Flow on m\u00f5eldud sauna armastajale, kes soovib kogeda ehtsat, loodusl\u00e4hedast puuk\u00fcttega atmosf\u00e4\u00e4ri, mis toob igasse saunask\u00e4iku rahu, tasakaalu ja v\u00e4rskendava energiavoo. Kerise innovatiivne konstruktsioon aitab hoida temperatuuri stabiilsena ning loob ideaalse keskkonna s\u00fcgavaks l\u00f5\u00f5gastumiseks. HIVE Flow lisab saunale iseloomu ja kvaliteeti, \u00fchendades esteetika ning funktsionaalsuse. See muudab iga saunakorra eriliseks kogemuseks, mis taastab energia ja t\u00f5stab enesetunnet loomulikul viisil ning pakkudes kauakestvat soojusnaudingut kogu saunaseansi v\u00e4ltel ja muutes hetked veelgi meeldej\u00e4\u00e4vamaks.<\/p>\n<p>\u00d5ige suurusega keris = parem saun! Kasuta meie <a href=\"https:\/\/huum.ee\/kalkulaator\/\" target=\"_blank\" rel=\"noopener\">sauna kalkulaatorit<\/a>, et veenduda, et valid just \u00f5ige v\u00f5imsuse.<\/p>\n<p>&nbsp;<\/p>\n<p><strong>Komplekti kuulub:<\/strong><\/p>\n<ul>\n<li>halupuudega k\u00f6etav saunaahi<\/li>\n<li>metallv\u00f5re<\/li>\n<li>saunaahju paigaldus- ja kasutusjuhend<\/li>\n<li>kuumakindel kinnas<\/li>\n<li>splindid<\/li>\n<li>metallist kinnitusplaadid (2tk)<\/li>\n<li>tuharest<\/li>\n<li>puhastusluugid (2tk)<\/li>\n<li>tuhasahtel<\/li>\n<\/ul>\n<p><strong>Keris vajab juurde:<\/strong><\/p>\n<ul>\n<li>\u00fchendust korstnaga<\/li>\n<li>150 kilogrammi 5-10 cm l\u00e4bim\u00f5\u00f5duga <a href=\"https:\/\/factory.sale\/et\/toode\/kerise-kivid\/\" target=\"_blank\" rel=\"noopener\">kerisekive<\/a><\/li>\n<\/ul>\n<p>Meie soovitame kasutada kerises \u00fcmaraid kerisekive. Need tagavad pehmema leili \u2013 vesi liigub s\u00fcgavamale kivikihtidesse ja aurustub aeglaselt, luues m\u00f5nusa ja pika leilikogemuse.<\/p>\n<p><strong>Tehnilised andmed:<\/strong><\/p>\n<ul>\n<li>kaal 67 kg<\/li>\n<li>k\u00f5rgus 88,4 cm<\/li>\n<li>laius 52,6 cm<\/li>\n<li>s\u00fcgavus 58,6 cm<\/li>\n<li>k\u00f6etav ruumala 8-18 m\u00b3<\/li>\n<li>nominaalv\u00f5imusus 9,8 kW<\/li>\n<li>kivide mahutavus 150 kg<\/li>\n<li>k\u00fcttepuude pikkus: 30 cm<\/li>\n<li>suitsul\u00f5\u00f5ri l\u00e4bim\u00f5\u00f5t: 114 mm<\/li>\n<\/ul>\n<p><strong>Ohutuskaugused:<\/strong><\/p>\n<ul>\n<li>A 150 mm<\/li>\n<li>B 500 mm<\/li>\n<li>C 826 mm<\/li>\n<\/ul>\n<p><strong>Garantii<\/strong>:<\/p>\n<ul>\n<li>kodukasutus \u2013 3 aastat<\/li>\n<li>\u00e4rikasutus \u2013 1 aasta<\/li>\n<\/ul>\n<p>Kui vajad sellele kerisele varuosi, siis saada meile e-mail. Lisavarustus on leitav <a href=\"https:\/\/factory.sale\/et\/product-category\/sanitaartehnika\/saunatarvikud\/huum-et-2\/\" target=\"_blank\" rel=\"noopener\">SIIT<\/a>.<\/p>\n<p><b>NB! <\/b>Korstnakomplekte saab juurde osta eraldi \u2013 leiad need <a href=\"https:\/\/factory.sale\/et\/product-category\/sanitaartehnika\/saunatarvikud\/korstnakomplektid\/\" target=\"_blank\" rel=\"noopener\">SIIT<\/a><\/p>\n<p><strong>EAN: 4744103015283<\/strong><\/p>\n<p>&nbsp;<\/p>\n<h2>HUUM HIVE FLOW KIVIDE PAIGUTUS<\/h2>\n<div class=\"video-wrapper \"><iframe loading=\"lazy\" title=\"Sauna inspiration \u2502 HUUM HIVE Wood \u2502 wood-burning stove\" width=\"500\" height=\"281\" src=\"https:\/\/www.youtube.com\/embed\/s5SwqfqFP9Y?feature=oembed\" frameborder=\"0\" allow=\"accelerometer; autoplay; clipboard-write; encrypted-media; gyroscope; picture-in-picture; web-share\" referrerpolicy=\"strict-origin-when-cross-origin\" allowfullscreen><\/iframe><\/div>\n<h2>HUUM SAUN<\/h2>\n<div class=\"video-wrapper \"><iframe loading=\"lazy\" title=\"Sauna inspiration \u2502 HUUM HIVE Wood \u2502 wood-burning stove\" width=\"500\" height=\"281\" src=\"https:\/\/www.youtube.com\/embed\/s5SwqfqFP9Y?feature=oembed\" frameborder=\"0\" allow=\"accelerometer; autoplay; clipboard-write; encrypted-media; gyroscope; picture-in-picture; web-share\" referrerpolicy=\"strict-origin-when-cross-origin\" allowfullscreen><\/iframe><\/div>\n<p><strong><span style=\"font-size: 18pt;\">MIKS HUUM?<\/span><\/strong><\/p>\n<div class=\"video-wrapper \"><iframe loading=\"lazy\" title=\"Why HUUM heaters?\" width=\"500\" height=\"281\" src=\"https:\/\/www.youtube.com\/embed\/mstEnCX5Ehs?feature=oembed\" frameborder=\"0\" allow=\"accelerometer; autoplay; clipboard-write; encrypted-media; gyroscope; picture-in-picture; web-share\" referrerpolicy=\"strict-origin-when-cross-origin\" allowfullscreen><\/iframe><\/div>\n","protected":false},"excerpt":{"rendered":"<ul>\n<li>Ainulaadne disain<\/li>\n<li>Innovatiivne patenteerimisel olev ahjukonstruktsioon<\/li>\n<li>Mahutab 150 kg kive (korstnav\u00f5rega lisaks 35-40 kg)<\/li>\n<li>\u00d6konoomne puidukasutus<\/li>\n<li>Madal keskkonnam\u00f5ju<\/li>\n<li>\u00d5rn ja pikaajaline leil<\/li>\n<\/ul>\n<p>HIVE Flow saunakeris paistab uhkelt silma kui turu t\u00f5husaim ja keskkonnas\u00f5bralikuim puuk\u00fcttega saunakeris. Selle innovatiivne disain tagab, et 75% k\u00fcttepuude soojusest j\u00e4\u00e4b sauna ega p\u00e4\u00e4se l\u00e4bi korstna. Suur kivimaht hoiab soojust, pakkudes head leili ka rohkem kui 30 minutit p\u00e4rast tule kustumist.<\/p>\n","protected":false},"featured_media":99783,"comment_status":"open","ping_status":"closed","template":"","meta":{"_acf_changed":false},"factory":[],"free-shipment":[5018],"product_brand":[4432],"product_cat":[719,306],"product_tag":[718,2176],"class_list":{"0":"post-87872","1":"product","2":"type-product","3":"status-publish","4":"has-post-thumbnail","6":"free-shipment-tasuta-saatmine","7":"product_brand-huum-et","8":"product_cat-huum","9":"product_cat-saunakerised","10":"product_tag-huum-et","11":"product_tag-sauna-heater-et","13":"first","14":"instock","15":"sale","16":"taxable","17":"shipping-taxable","18":"purchasable","19":"product-type-simple"},"acf":[],"_links":{"self":[{"href":"https:\/\/factory.sale\/et\/wp-json\/wp\/v2\/product\/87872","targetHints":{"allow":["GET"]}}],"collection":[{"href":"https:\/\/factory.sale\/et\/wp-json\/wp\/v2\/product"}],"about":[{"href":"https:\/\/factory.sale\/et\/wp-json\/wp\/v2\/types\/product"}],"replies":[{"embeddable":true,"href":"https:\/\/factory.sale\/et\/wp-json\/wp\/v2\/comments?post=87872"}],"wp:featuredmedia":[{"embeddable":true,"href":"https:\/\/factory.sale\/et\/wp-json\/wp\/v2\/media\/99783"}],"wp:attachment":[{"href":"https:\/\/factory.sale\/et\/wp-json\/wp\/v2\/media?parent=87872"}],"wp:term":[{"taxonomy":"factory","embeddable":true,"href":"https:\/\/factory.sale\/et\/wp-json\/wp\/v2\/factory?post=87872"},{"taxonomy":"free-shipment","embeddable":true,"href":"https:\/\/factory.sale\/et\/wp-json\/wp\/v2\/free-shipment?post=87872"},{"taxonomy":"product_brand","embeddable":true,"href":"https:\/\/factory.sale\/et\/wp-json\/wp\/v2\/product_brand?post=87872"},{"taxonomy":"product_cat","embeddable":true,"href":"https:\/\/factory.sale\/et\/wp-json\/wp\/v2\/product_cat?post=87872"},{"taxonomy":"product_tag","embeddable":true,"href":"https:\/\/factory.sale\/et\/wp-json\/wp\/v2\/product_tag?post=87872"}],"curies":[{"name":"wp","href":"https:\/\/api.w.org\/{rel}","templated":true}]}}