{"id":87769,"date":"2024-07-09T12:16:00","date_gmt":"2024-07-09T09:42:39","guid":{"rendered":"https:\/\/factory.sale\/?post_type=product&#038;p=87769"},"modified":"2025-05-05T11:48:51","modified_gmt":"2025-05-05T08:48:51","slug":"caliskan-ahi-305-box","status":"publish","type":"product","link":"https:\/\/factory.sale\/et\/toode\/caliskan-ahi-305-box\/","title":{"rendered":"\u00c7al\u0131\u015fkan ahi 305-BOX"},"content":{"rendered":"<p>Nendel toodetel on ainulaadsed patenditud mudeli ja t\u00f6\u00f6stusdisainilahenduse omadused. Iga mudel on hoolikalt kujundatud, et parandada kasutajakogemust, p\u00f6\u00f6rates samas suurt t\u00e4helepanu visuaalsele esteetikale. Nad pakuvad laia valikut tooteid, et rahuldada erinevaid maitseid ja dekoratiivseid eelistusi. Kaasaegsete disainip\u00f5him\u00f5tete ja tehnoloogia integreerimise kaudu loovad nad kaasaegseid ja visuaalselt silmapaistvaid tooteid.<\/p>\n<p>Nende disainiprotsessis arvestatakse nii esteetikat, funktsionaalsust kui ka vastupidavust, kusjuures iga disain anal\u00fc\u00fcsitakse ja t\u00e4iustatakse hoolikalt, et vastata kasutajate vajadustele ja lihtsustada nende elu. Iga detail on loodud lisama v\u00e4\u00e4rtust klientide igap\u00e4evaellu. L\u00f5plikud disainid l\u00e4bivad p\u00f5hjaliku testimise. Nii disaini kui ka tootmise etapis tagavad ranged testimis-, kvaliteedikontrolli- ja inspekteerimismehhanismid toodete k\u00f5rgeima kvaliteedistandardi. See l\u00e4henemine tagab klientidele usaldusv\u00e4\u00e4rsed, vastupidavad ja visuaalselt atraktiivsed tooted. Nad p\u00fc\u00fcavad \u00fcletada klientide ootusi, \u00fchendades loovuse ja kvaliteedi, ning juhinduvad uuenduslikkuse ja tipptaseme p\u00f5him\u00f5tetest, et kujundada tooteid, mis vastavad kaasaegse elu n\u00f5udmistele.<\/p>\n<p>&nbsp;<\/p>\n<p>&nbsp;<\/p>\n<p><strong>T<\/strong><strong>ehnilised andmed:<\/strong><\/p>\n<ul>\n<li>V\u00f5imsus: 12.50 kW<\/li>\n<li>Kuumuse ja tulekindlad tellised<\/li>\n<li>M\u00f5\u00f5tmed: s\u00fcgavus 52 x laius 57 x k\u00f5rgus 99 cm<\/li>\n<li>Sahtli sisem\u00f5\u00f5tmed: s\u00fcgavus 33 x laius 45,5 x k\u00f5rgus 16 cm<\/li>\n<li>Soojusv\u00f5imsus: 120 m\u00b2<\/li>\n<li>Rauast valatud (\u00fclemine plaat, raam, kate, jalad, tulev\u00f5re)<\/li>\n<li>Klaasemailist kere kate<\/li>\n<li>L\u00f5\u00f5ri l\u00e4bim\u00f5\u00f5t: 130 mm<\/li>\n<li>Termo\u0161okikindel keraamiline klaas<\/li>\n<li>Lihtne puhastada<\/li>\n<li>Paks metallplaat<\/li>\n<li>Kaal: 112 kg<\/li>\n<li>Puuhoidla maht: 30 l<\/li>\n<li>P\u00f5letab puitu<\/li>\n<\/ul>\n<p>&nbsp;<\/p>\n<p>&nbsp;<\/p>\n<p><strong>Sertifitseeritud:<\/strong><\/p>\n<ul>\n<li>Eco Design 2022<\/li>\n<li>BlmSchV (F\u00f6deraalse Heitkoguste Kaitse M\u00e4\u00e4rus) 2. tase t\u00e4idetud.<\/li>\n<li>CE<\/li>\n<li>15a B-VG<\/li>\n<li>Certificato Ambientale<\/li>\n<li>DEFRA poolt heaks kiidetud<\/li>\n<\/ul>\n<p>&nbsp;<\/p>\n<p>&nbsp;<\/p>\n<p><em>Lugege ja j\u00e4rgige kasutusjuhendit.<\/em><br \/>\n<em>Kasutage ainult heakskiidetud k\u00fctust \u2013 korralikult kuivatatud ja l\u00f5hutud k\u00fcttepuud!<\/em><\/p>\n<p>&nbsp;<\/p>\n<div class=\"wpb_video_widget wpb_content_element vc_clearfix vc_video-aspect-ratio-169 vc_video-el-width-100 vc_video-align-left\">\n<div class=\"wpb_wrapper\"><a href=\"https:\/\/factory.sale\/wp-content\/uploads\/2024\/07\/315_305_304_301_USER_MANUAL_ENGLISH.pdf\" target=\"_blank\" rel=\"noopener\">Kasutus &#8211; ja paigaldusjuhend<\/a><\/div>\n<\/div>\n<p>&nbsp;<\/p>\n<p>&nbsp;<\/p>\n<div class=\"video-wrapper \"><iframe loading=\"lazy\" title=\"305-BOX Fireplace Stove\" width=\"500\" height=\"281\" src=\"https:\/\/www.youtube.com\/embed\/xzlQS4mLScc?feature=oembed\" frameborder=\"0\" allow=\"accelerometer; autoplay; clipboard-write; encrypted-media; gyroscope; picture-in-picture; web-share\" referrerpolicy=\"strict-origin-when-cross-origin\" allowfullscreen><\/iframe><\/div>\n","protected":false},"excerpt":{"rendered":"<p>Vaatamata m\u00f6\u00f6dunud aastatele on \u00c7al\u0131\u015fkan Heating Systems s\u00e4ilitanud oma p\u00fchendumuse kvaliteedile ja innovatsioonile, arenedes oma valdkonna liidriks. Keskkonnas\u00f5bralike tavade j\u00e4rgimine on nende tootmisprotsessi nurgakivi. \u00c7al\u0131\u015fkan Heating Systems kasutab toodetes emailv\u00e4rvi, mis on \u00fcks k\u00f5ige keskkonnas\u00f5bralikumaid v\u00e4rvivalikuid. \u00c7al\u0131\u015fkan Heating Systems v\u00e4\u00e4rtustab mitte ainult toodete kvaliteeti, vaid ka inimeste ja keskkonna heaoluga.<\/p>\n<p>&nbsp;<\/p>\n<p>K\u00f6etava ruumi pindala 10 \u2013 150 m\u00b2.<\/p>\n","protected":false},"featured_media":87767,"comment_status":"open","ping_status":"closed","template":"","meta":{"_acf_changed":false},"factory":[],"free-shipment":[],"product_brand":[],"product_cat":[1247,2786],"product_tag":[1892],"class_list":{"0":"post-87769","1":"product","2":"type-product","3":"status-publish","4":"has-post-thumbnail","6":"product_cat-ahjud","7":"product_cat-caliskan-et","8":"product_tag-stove-et","10":"first","11":"instock","12":"sale","13":"taxable","14":"shipping-taxable","15":"purchasable","16":"product-type-simple"},"acf":[],"_links":{"self":[{"href":"https:\/\/factory.sale\/et\/wp-json\/wp\/v2\/product\/87769","targetHints":{"allow":["GET"]}}],"collection":[{"href":"https:\/\/factory.sale\/et\/wp-json\/wp\/v2\/product"}],"about":[{"href":"https:\/\/factory.sale\/et\/wp-json\/wp\/v2\/types\/product"}],"replies":[{"embeddable":true,"href":"https:\/\/factory.sale\/et\/wp-json\/wp\/v2\/comments?post=87769"}],"wp:featuredmedia":[{"embeddable":true,"href":"https:\/\/factory.sale\/et\/wp-json\/wp\/v2\/media\/87767"}],"wp:attachment":[{"href":"https:\/\/factory.sale\/et\/wp-json\/wp\/v2\/media?parent=87769"}],"wp:term":[{"taxonomy":"factory","embeddable":true,"href":"https:\/\/factory.sale\/et\/wp-json\/wp\/v2\/factory?post=87769"},{"taxonomy":"free-shipment","embeddable":true,"href":"https:\/\/factory.sale\/et\/wp-json\/wp\/v2\/free-shipment?post=87769"},{"taxonomy":"product_brand","embeddable":true,"href":"https:\/\/factory.sale\/et\/wp-json\/wp\/v2\/product_brand?post=87769"},{"taxonomy":"product_cat","embeddable":true,"href":"https:\/\/factory.sale\/et\/wp-json\/wp\/v2\/product_cat?post=87769"},{"taxonomy":"product_tag","embeddable":true,"href":"https:\/\/factory.sale\/et\/wp-json\/wp\/v2\/product_tag?post=87769"}],"curies":[{"name":"wp","href":"https:\/\/api.w.org\/{rel}","templated":true}]}}