{"id":87657,"date":"2024-02-19T22:01:18","date_gmt":"2024-07-07T17:01:47","guid":{"rendered":"https:\/\/factory.sale\/?post_type=product&#038;p=87657"},"modified":"2025-05-04T16:23:23","modified_gmt":"2025-05-04T13:23:23","slug":"caliskan-ahju-216-korpus","status":"publish","type":"product","link":"https:\/\/factory.sale\/et\/toode\/caliskan-ahju-216-korpus\/","title":{"rendered":"\u00c7al\u0131\u015fkan ahju 216-korpus"},"content":{"rendered":"<p>Naudi originaalset puuk\u00fcttega ahju ja praksuvat tuld!<\/p>\n<p>\u00c7al\u0131\u015fkan ahjud esindavad kodude s\u00fcdant, mida me lapsep\u00f5lvest teame ja m\u00e4letame.<\/p>\n<p>K\u00fcpsetuskambri k\u00f5rval asub ainulaadne emailitud ahi.<br \/>\nSee mudel pakub nii atmosf\u00e4\u00e4ri, soojust kui kav\u00f5imalust valmistada roogasid.<\/p>\n<p>Mine roheliseks koos \u00c7al\u0131\u015fkan puupliidiga. T\u00f5hus, keskkonnas\u00f5bralik ja \u00fclimalt stiilne!<\/p>\n<p>T\u00e4nu suurep\u00e4rasele ahju k\u00f5rgusele pakub see pliit v\u00f5imalust k\u00fcpsetada nii punast kui ka valget liha tandoori stiilis puuk\u00fcttega!<\/p>\n<p>\u00c4ra j\u00e4ta v\u00f5imalust muuta oma kodu hubaseks paradiisiks!<br \/>\n\u00c7al\u0131\u015fkan ahi on elegantne ja t\u00f5hus. T\u00f5eline meistriteos, mis on oma puhaste joonte ja tipptasemel j\u00f5udlusega sinu toa s\u00fcda.<\/p>\n<p>Valmistatud malmist, \u00fcle poole sajandi \u00c7al\u0131\u015fkan traditsiooniga, on see pliit varustatud uusimate tehnoloogiate ja funktsioonidega.<\/p>\n<p>S\u00e4\u00e4sta raha ja ressursse! Selle \u00c7al\u0131\u015fkan puupliidi k\u00fctmise eelised on \u00fcletamatud, eriti s\u00fcgise ja talve vahepealsel perioodil.<\/p>\n<p>&nbsp;<\/p>\n<p><strong>5-aastane garantii!<\/strong><\/p>\n<p>&nbsp;<\/p>\n<p>&nbsp;<\/p>\n<p><strong>Tehnilised spetsifikatsioonid:<\/strong><\/p>\n<ul>\n<li>Keraamiline kahekordne soojusisolatsioonikiht paremal ja vasakul k\u00fcljel<\/li>\n<li>V\u00f5imsus: 8,450 kW<\/li>\n<li>Tulekindlad \u0161amotttellised<\/li>\n<li>Kahe ts\u00fckliga k\u00fcpsetuss\u00fcsteem<\/li>\n<li>(Sahtli sisem\u00f5\u00f5dud): s\u00fcgavus 33 \u00d7 laius 74 \u00d7 k\u00f5rgus 18 cm<\/li>\n<li>M\u00f5\u00f5dud: s\u00fcgavus 52 \u00d7 laius 89 \u00d7 k\u00f5rgus 91 cm<\/li>\n<li>Soojusv\u00f5imsus: 84 m\u00b2<\/li>\n<li>Valurauast osad: \u00fclaosa, katted, rest<\/li>\n<li>Klaasemailiga viimistletud korpus<\/li>\n<li>Korstnatoru l\u00e4bim\u00f5\u00f5t: 130 mm<\/li>\n<li>Termo\u0161okikindel keraamiline klaas<\/li>\n<li>Lihtne puhastada<\/li>\n<li>Kaheastmeline termomeetriga ahi<\/li>\n<li>Paks metallplekk<\/li>\n<li>Kaal: 139 kg<\/li>\n<li>(Puidukasti maht): 44 liitrit<\/li>\n<li>K\u00fctus: puit<\/li>\n<\/ul>\n<p>&nbsp;<\/p>\n<p>&nbsp;<\/p>\n<p>&nbsp;<\/p>\n<p><strong>Sertifikaadid:<\/strong><\/p>\n<ul>\n<li>Eco Design 2022<\/li>\n<li>taseme BlmSchV (f\u00f6deraalne heitkoguste kaitse m\u00e4\u00e4rus) t\u00e4idetud.<\/li>\n<li>CE<\/li>\n<li>15a B-VG<\/li>\n<li>Certificato Ambientale<\/li>\n<li>DEFRA heakskiidetud<\/li>\n<\/ul>\n<p>&nbsp;<\/p>\n<p>&nbsp;<\/p>\n<p><em>Loe ja j\u00e4rgi kasutusjuhendit. <\/em><\/p>\n<p><em>Kasuta ainult heakskiidetud k\u00fctust &#8211; korralikult kuivatatud ja l\u00f5hutud k\u00fcttepuud!<\/em><\/p>\n<p>&nbsp;<\/p>\n<p>&nbsp;<\/p>\n<p><a href=\"https:\/\/factory.sale\/wp-content\/uploads\/2024\/02\/214_216_CASING_212_USER_MANUAL_ENGLISH.pdf\" target=\"_blank\" rel=\"noopener\">Kasutus- ja paigaldusjuhend<\/a><\/p>\n<p>&nbsp;<\/p>\n<p>&nbsp;<\/p>\n<div class=\"video-wrapper \"><iframe loading=\"lazy\" title=\"216 cas\" width=\"500\" height=\"281\" src=\"https:\/\/www.youtube.com\/embed\/v5RXadGaIpI?feature=oembed\" frameborder=\"0\" allow=\"accelerometer; autoplay; clipboard-write; encrypted-media; gyroscope; picture-in-picture; web-share\" referrerpolicy=\"strict-origin-when-cross-origin\" allowfullscreen><\/iframe><\/div>\n","protected":false},"excerpt":{"rendered":"<p>\u00c7ALI\u015eKAN 216-korpus on multifunktsionaalne puupliit, mis on suurep\u00e4rane meistriteos igas ruumis. See v\u00f5ib oma k\u00f5rge energiat\u00f5hususega k\u00fctta suurt tuba, kuid samal ajal saab sellega ideaalselt k\u00fcpsetada ka toitu. Selle asjuga saad maksimaalselt kasutada \u00e4ra iga puut\u00fcki, mille sisse paned.<br \/>\nAhjul on nutikas \u00f5huventilatsiooni liugur, mis juhib toidul\u00f5hnad v\u00e4lja l\u00e4bi ahju \u00fchendatud korstna\u00fchenduse.<\/p>\n<p>K\u00f6etav pindala: 10-100m\u00b2.<\/p>\n<p>TASUTA TRANSPORT EL PIIRKONNAS!<\/p>\n","protected":false},"featured_media":77372,"comment_status":"open","ping_status":"closed","template":"","meta":{"_acf_changed":false},"factory":[],"free-shipment":[],"product_brand":[],"product_cat":[1247,2786],"product_tag":[],"class_list":{"0":"post-87657","1":"product","2":"type-product","3":"status-publish","4":"has-post-thumbnail","6":"product_cat-ahjud","7":"product_cat-caliskan-et","9":"first","10":"instock","11":"sale","12":"taxable","13":"shipping-taxable","14":"purchasable","15":"product-type-simple"},"acf":[],"_links":{"self":[{"href":"https:\/\/factory.sale\/et\/wp-json\/wp\/v2\/product\/87657","targetHints":{"allow":["GET"]}}],"collection":[{"href":"https:\/\/factory.sale\/et\/wp-json\/wp\/v2\/product"}],"about":[{"href":"https:\/\/factory.sale\/et\/wp-json\/wp\/v2\/types\/product"}],"replies":[{"embeddable":true,"href":"https:\/\/factory.sale\/et\/wp-json\/wp\/v2\/comments?post=87657"}],"wp:featuredmedia":[{"embeddable":true,"href":"https:\/\/factory.sale\/et\/wp-json\/wp\/v2\/media\/77372"}],"wp:attachment":[{"href":"https:\/\/factory.sale\/et\/wp-json\/wp\/v2\/media?parent=87657"}],"wp:term":[{"taxonomy":"factory","embeddable":true,"href":"https:\/\/factory.sale\/et\/wp-json\/wp\/v2\/factory?post=87657"},{"taxonomy":"free-shipment","embeddable":true,"href":"https:\/\/factory.sale\/et\/wp-json\/wp\/v2\/free-shipment?post=87657"},{"taxonomy":"product_brand","embeddable":true,"href":"https:\/\/factory.sale\/et\/wp-json\/wp\/v2\/product_brand?post=87657"},{"taxonomy":"product_cat","embeddable":true,"href":"https:\/\/factory.sale\/et\/wp-json\/wp\/v2\/product_cat?post=87657"},{"taxonomy":"product_tag","embeddable":true,"href":"https:\/\/factory.sale\/et\/wp-json\/wp\/v2\/product_tag?post=87657"}],"curies":[{"name":"wp","href":"https:\/\/api.w.org\/{rel}","templated":true}]}}