{"id":87433,"date":"2024-07-01T11:21:02","date_gmt":"2024-07-01T11:26:04","guid":{"rendered":"https:\/\/factory.sale\/?post_type=product&#038;p=87433"},"modified":"2024-07-01T12:42:13","modified_gmt":"2024-07-01T12:42:13","slug":"kahekordne-varikatus-kuuriga-6m-x-77m-44mm","status":"publish","type":"product","link":"https:\/\/factory.sale\/et\/toode\/kahekordne-varikatus-kuuriga-6m-x-77m-44mm\/","title":{"rendered":"Kahekordne varikatus kuuriga (6m x 7,7m) 44mm"},"content":{"rendered":"<p>Kahekordne varikatus autodele kuuriga on suurep\u00e4rane valik praktilisele inimesele. Kaks \u00fches \u2013 klassikalise stiiliga autovarjualune ja puidust kuur \u2013 selliseid tooteid ei ole meil palju, seega saate kasutada seda v\u00f5imalust, et osta t\u00f5eliselt hea variant. Saate h\u00f5lpsasti parkida kaks autot eest v\u00f5i tagant. Kuuriga \u00fchendatud majakeses saate hoiustada asju, millele majas ruumi ei ole. Siin leiate koha autokummidele, vibuvarustusele, aiat\u00f6\u00f6riistadele v\u00f5i muudele esemetele, mis ei sobi kodus hoiustamiseks. Garanteerime, et see kahekordne varikatus kuuriga kaunistab teie territooriumi.<\/p>\n<p>&nbsp;<\/p>\n<p>&nbsp;<\/p>\n<p><strong>Tehnilised andmed:<\/strong><\/p>\n<p>Materjal: Sertifitseeritud p\u00f5hjamaine m\u00e4nd v\u00f5i kuusk<br \/>\nV\u00e4lism\u00f5\u00f5t (laius x pikkus): 595 cm x 770 cm<br \/>\nPindala: 45 m\u00b2<br \/>\nRuumide arv: 1<br \/>\nSeina paksus: 44 mm<br \/>\nK\u00fclgseina k\u00f5rgus: 223 cm<br \/>\nHarja k\u00f5rgus: 290,5 cm<br \/>\nKatusematerjalid: 18 mm \u2013 20 mm sulundlaud<br \/>\nP\u00f5randamaterjal: 18 mm \u2013 20 mm sulundlaud<br \/>\nKatuse \u00fcleulatus: 40 cm<br \/>\nAkende luugid: Ei kuulu komplekti<br \/>\nUks (laius x k\u00f5rgus): 85 cm x 192 cm (1 tk)<br \/>\nAknad (laius x k\u00f5rgus): 138 cm x 105 cm (1 tk); 70 cm x 105 cm (1 tk)<br \/>\nKatusekate: Valikuline<br \/>\nAknaluugid: \u2013<\/p>\n<p>&nbsp;<\/p>\n<p>&nbsp;<\/p>\n<p><strong>Katusematerjal (bituumensindlid) 410 .-<\/strong><\/p>\n<p>Must, roheline, punane<\/p>\n<p>&nbsp;<\/p>\n<p><img loading=\"lazy\" decoding=\"async\" class=\"alignnone wp-image-86156\" src=\"https:\/\/factory.sale\/wp-content\/uploads\/2024\/06\/colours-wooden-me-300x82.png\" alt=\"\" width=\"465\" height=\"127\" srcset=\"https:\/\/factory.sale\/wp-content\/uploads\/2024\/06\/colours-wooden-me-300x82.png 300w, https:\/\/factory.sale\/wp-content\/uploads\/2024\/06\/colours-wooden-me-150x41.png 150w, https:\/\/factory.sale\/wp-content\/uploads\/2024\/06\/colours-wooden-me-600x164.png 600w, https:\/\/factory.sale\/wp-content\/uploads\/2024\/06\/colours-wooden-me.png 638w\" sizes=\"auto, (max-width: 465px) 100vw, 465px\" \/><\/p>\n<p>&nbsp;<\/p>\n<p>&nbsp;<\/p>\n<div class=\"video-wrapper \"><iframe loading=\"lazy\" title=\"How To Build a Log Cabin | Assembly Instructions\" width=\"500\" height=\"281\" src=\"https:\/\/www.youtube.com\/embed\/k9kK04ZBp0o?feature=oembed\" frameborder=\"0\" allow=\"accelerometer; autoplay; clipboard-write; encrypted-media; gyroscope; picture-in-picture; web-share\" referrerpolicy=\"strict-origin-when-cross-origin\" allowfullscreen><\/iframe><\/div>\n<p>&nbsp;<\/p>\n<div class=\"video-wrapper \"><iframe loading=\"lazy\" title=\"Hoe monteer je dakshingles voor zadeldaken?\" width=\"500\" height=\"281\" src=\"https:\/\/www.youtube.com\/embed\/9S4j3SFXrjM?feature=oembed\" frameborder=\"0\" allow=\"accelerometer; autoplay; clipboard-write; encrypted-media; gyroscope; picture-in-picture; web-share\" referrerpolicy=\"strict-origin-when-cross-origin\" allowfullscreen><\/iframe><\/div>\n","protected":false},"excerpt":{"rendered":"<p>Kahekordne varikatus autodele kuuriga on suurep\u00e4rane valik praktilisele inimesele. Kaks \u00fches \u2013 klassikalise stiiliga autovarjualune ja puidust kuur \u2013 selliseid tooteid ei ole meil palju, seega saate kasutada seda v\u00f5imalust, et osta t\u00f5eliselt hea variant. Saate h\u00f5lpsasti parkida kaks autot eest v\u00f5i tagant. Kuuriga \u00fchendatud majakeses saate hoiustada asju, millele majas ruumi ei ole. Siin leiate koha autokummidele, vibuvarustusele, aiat\u00f6\u00f6riistadele v\u00f5i muudele esemetele, mis ei sobi kodus hoiustamiseks. Garanteerime, et see kahekordne varikatus kuuriga kaunistab teie territooriumi.<\/p>\n","protected":false},"featured_media":87437,"comment_status":"open","ping_status":"closed","template":"","meta":{"_acf_changed":false},"factory":[],"free-shipment":[],"product_brand":[],"product_cat":[924,936],"product_tag":[940,1483,1484,2714],"class_list":{"0":"post-87433","1":"product","2":"type-product","3":"status-publish","4":"has-post-thumbnail","6":"product_cat-aiatooted","7":"product_cat-auto-varjualused","8":"product_tag-garage-et","9":"product_tag-garden-et","10":"product_tag-yard-et","11":"product_tag-yard-and-garden-et","13":"first","14":"instock","15":"sale","16":"taxable","17":"shipping-taxable","18":"purchasable","19":"product-type-simple"},"acf":[],"_links":{"self":[{"href":"https:\/\/factory.sale\/et\/wp-json\/wp\/v2\/product\/87433","targetHints":{"allow":["GET"]}}],"collection":[{"href":"https:\/\/factory.sale\/et\/wp-json\/wp\/v2\/product"}],"about":[{"href":"https:\/\/factory.sale\/et\/wp-json\/wp\/v2\/types\/product"}],"replies":[{"embeddable":true,"href":"https:\/\/factory.sale\/et\/wp-json\/wp\/v2\/comments?post=87433"}],"wp:featuredmedia":[{"embeddable":true,"href":"https:\/\/factory.sale\/et\/wp-json\/wp\/v2\/media\/87437"}],"wp:attachment":[{"href":"https:\/\/factory.sale\/et\/wp-json\/wp\/v2\/media?parent=87433"}],"wp:term":[{"taxonomy":"factory","embeddable":true,"href":"https:\/\/factory.sale\/et\/wp-json\/wp\/v2\/factory?post=87433"},{"taxonomy":"free-shipment","embeddable":true,"href":"https:\/\/factory.sale\/et\/wp-json\/wp\/v2\/free-shipment?post=87433"},{"taxonomy":"product_brand","embeddable":true,"href":"https:\/\/factory.sale\/et\/wp-json\/wp\/v2\/product_brand?post=87433"},{"taxonomy":"product_cat","embeddable":true,"href":"https:\/\/factory.sale\/et\/wp-json\/wp\/v2\/product_cat?post=87433"},{"taxonomy":"product_tag","embeddable":true,"href":"https:\/\/factory.sale\/et\/wp-json\/wp\/v2\/product_tag?post=87433"}],"curies":[{"name":"wp","href":"https:\/\/api.w.org\/{rel}","templated":true}]}}