{"id":87424,"date":"2024-07-01T11:01:23","date_gmt":"2024-07-01T11:05:48","guid":{"rendered":"https:\/\/factory.sale\/?post_type=product&#038;p=87424"},"modified":"2024-07-01T11:06:06","modified_gmt":"2024-07-01T11:06:06","slug":"varikatus-haagissuvilale-104-m-x-54-m-x-41-m","status":"publish","type":"product","link":"https:\/\/factory.sale\/et\/toode\/varikatus-haagissuvilale-104-m-x-54-m-x-41-m\/","title":{"rendered":"Varikatus haagissuvilale (10,4 m x 5,4 m x 4,1 m)"},"content":{"rendered":"<p>Kui teil on haagissuvila, vajate varikatust, mis kaitseb seda ilmastiku eest ja tagab lihtsa juurdep\u00e4\u00e4su. Varikatus on lihtne struktuur, millel on postidega toetatud katus, ilma seinte v\u00f5i usteta. Haagissuvila on s\u00f5iduk, mida saate kasutada reisimiseks ja magamiseks, nagu autoelamu v\u00f5i haagis. Varikatusel on suur sisses\u00f5iduk\u00f5rgus 310 cm, mis sobib enamiku haagissuvilatega v\u00f5i traktoriga parkimiseks. Seega on see teie s\u00f5idukile mitmek\u00fclgne ja mugav lahendus. Tellige oma varikatus t\u00e4na ja nautige selle eeliseid!<\/p>\n<p>&nbsp;<\/p>\n<p><strong>Tehnilised andmed:<\/strong><\/p>\n<p>Ehituse materjal: Sertifitseeritud looduslik p\u00f5hjamaine m\u00e4nd<br \/>\nV\u00e4lism\u00f5\u00f5dud: 1004 x 540 cm<br \/>\nHarja k\u00f5rgus: 411 cm<br \/>\nKatus: 18-20 mm katuseplaadid<br \/>\nSisses\u00f5iduk\u00f5rgus: 310 cm<br \/>\nVarikatuse tugede m\u00f5\u00f5tmed: 18\u00d718 cm, 10 tk<br \/>\nKatuse pindala: 61 m\u00b2<br \/>\nKatuse \u00fcleulatus: 20 cm<br \/>\nBituumenkatus: Katusekatte valik on saadaval lisatasu eest<br \/>\nKatusekalle: 13,8\u00b0<\/p>\n<p>&nbsp;<\/p>\n<p>&nbsp;<\/p>\n<p><strong>Bituumen sindlid: 817,6 .-<\/strong><\/p>\n<p>Must, roheline, punane<\/p>\n<p><img loading=\"lazy\" decoding=\"async\" class=\"alignnone  wp-image-86157\" src=\"https:\/\/factory.sale\/wp-content\/uploads\/2024\/06\/colours-wooden-me-300x82.png\" alt=\"\" width=\"541\" height=\"148\" srcset=\"https:\/\/factory.sale\/wp-content\/uploads\/2024\/06\/colours-wooden-me-300x82.png 300w, https:\/\/factory.sale\/wp-content\/uploads\/2024\/06\/colours-wooden-me-150x41.png 150w, https:\/\/factory.sale\/wp-content\/uploads\/2024\/06\/colours-wooden-me-600x164.png 600w, https:\/\/factory.sale\/wp-content\/uploads\/2024\/06\/colours-wooden-me.png 638w\" sizes=\"auto, (max-width: 541px) 100vw, 541px\" \/><\/p>\n","protected":false},"excerpt":{"rendered":"<p>Kui teil on haagissuvila, vajate varikatust, mis kaitseb seda ilmastiku eest ja tagab lihtsa juurdep\u00e4\u00e4su. Varikatus on lihtne struktuur, millel on postidega toetatud katus, ilma seinte v\u00f5i usteta. Haagissuvila on s\u00f5iduk, mida saate kasutada reisimiseks ja magamiseks, nagu autoelamu v\u00f5i haagis. Varikatusel on suur sisses\u00f5iduk\u00f5rgus 310 cm, mis sobib enamiku haagissuvilatega v\u00f5i traktoriga parkimiseks. Seega on see teie s\u00f5idukile mitmek\u00fclgne ja mugav lahendus. Tellige oma varikatus t\u00e4na ja nautige selle eeliseid!<\/p>\n","protected":false},"featured_media":87407,"comment_status":"open","ping_status":"closed","template":"","meta":{"_acf_changed":false},"factory":[],"free-shipment":[],"product_brand":[],"product_cat":[917,931],"product_tag":[932,1035,1034,2465],"class_list":{"0":"post-87424","1":"product","2":"type-product","3":"status-publish","4":"has-post-thumbnail","6":"product_cat-garden-yard","7":"product_cat-carports","8":"product_tag-carport","9":"product_tag-garden","10":"product_tag-yard","11":"product_tag-yard-and-garden","13":"first","14":"instock","15":"sale","16":"taxable","17":"shipping-taxable","18":"purchasable","19":"product-type-simple"},"acf":[],"_links":{"self":[{"href":"https:\/\/factory.sale\/et\/wp-json\/wp\/v2\/product\/87424","targetHints":{"allow":["GET"]}}],"collection":[{"href":"https:\/\/factory.sale\/et\/wp-json\/wp\/v2\/product"}],"about":[{"href":"https:\/\/factory.sale\/et\/wp-json\/wp\/v2\/types\/product"}],"replies":[{"embeddable":true,"href":"https:\/\/factory.sale\/et\/wp-json\/wp\/v2\/comments?post=87424"}],"wp:featuredmedia":[{"embeddable":true,"href":"https:\/\/factory.sale\/et\/wp-json\/wp\/v2\/media\/87407"}],"wp:attachment":[{"href":"https:\/\/factory.sale\/et\/wp-json\/wp\/v2\/media?parent=87424"}],"wp:term":[{"taxonomy":"factory","embeddable":true,"href":"https:\/\/factory.sale\/et\/wp-json\/wp\/v2\/factory?post=87424"},{"taxonomy":"free-shipment","embeddable":true,"href":"https:\/\/factory.sale\/et\/wp-json\/wp\/v2\/free-shipment?post=87424"},{"taxonomy":"product_brand","embeddable":true,"href":"https:\/\/factory.sale\/et\/wp-json\/wp\/v2\/product_brand?post=87424"},{"taxonomy":"product_cat","embeddable":true,"href":"https:\/\/factory.sale\/et\/wp-json\/wp\/v2\/product_cat?post=87424"},{"taxonomy":"product_tag","embeddable":true,"href":"https:\/\/factory.sale\/et\/wp-json\/wp\/v2\/product_tag?post=87424"}],"curies":[{"name":"wp","href":"https:\/\/api.w.org\/{rel}","templated":true}]}}