{"id":87391,"date":"2024-07-01T10:24:23","date_gmt":"2024-07-01T10:34:59","guid":{"rendered":"https:\/\/factory.sale\/?post_type=product&#038;p=87391"},"modified":"2024-07-01T10:35:19","modified_gmt":"2024-07-01T10:35:19","slug":"kahekordne-puidust-varikatus-kuuri-ja-kulgseinaga-luna-duo-f-plus-76x56-m","status":"publish","type":"product","link":"https:\/\/factory.sale\/et\/toode\/kahekordne-puidust-varikatus-kuuri-ja-kulgseinaga-luna-duo-f-plus-76x56-m\/","title":{"rendered":"Kahekordne puidust varikatus kuuri ja k\u00fclgseinaga LUNA DUO F PLUS (7,6\u00d75,6 m)"},"content":{"rendered":"<p>Robustne ja stiilne LUNA F PLUS varikatus on hea valik, kui soovite laiendada oma aeda stiilse ja funktsionaalse varikatusega. Looduslikust pehmest puidust valmistatud varikatus tagab s\u00f5iduki \u00f5ige kaitse ja optimaalse ventilatsiooni igal ajal. Selle mudeli \u00fcks kasulikumaid omadusi \u2013 praktilised hoiuruumid \u2013 aitab teil turvaliselt paigutada k\u00f5ik esemed, mis tavaliselt on laiali.<\/p>\n<p>&nbsp;<\/p>\n<p>&nbsp;<\/p>\n<p><strong>Valige soovitud k\u00fclgseinade arv<\/strong><\/p>\n<p>See kahekordne puidust varikatus on varustatud 2 k\u00fclgseinaga, mis koosnevad puidust raamistikust vertikaalsete liistudega paneelidega, pakkudes suurep\u00e4rast kaitset teie s\u00f5idukile. Varikatuse konstruktsiooni saab h\u00f5lpsasti muuta lisapaneelidega meie tarvikute valikust, lisades v\u00f5i eemaldades k\u00fclgseinu. Te lihtsalt valite puidust paneelide arvu, mida soovite oma varikatuse k\u00fclgedele paigaldada.<\/p>\n<p>&nbsp;<\/p>\n<p>&nbsp;<\/p>\n<p><strong>Mudeli omadused:<\/strong><\/p>\n<p>\u2022 Hind sisaldab 2 varikatuse k\u00fclgseina paneeli, mis suurendavad kaitset. Samuti on v\u00f5imalik muuta k\u00fclgseina paneelide arvu nullist kolme.<br \/>\n\u2022 Stiilne tasane katus annab ainulaadse ja modernse ilme.<br \/>\n\u2022 2 t\u00f5husat hoiuruumi (iga\u00fcks 5 m\u00b2) praktiliseks aedade t\u00f6\u00f6riistade, seadmete ja varustuse hoiustamiseks.<\/p>\n<p>&nbsp;<\/p>\n<p>&nbsp;<\/p>\n<p><strong>Tehnilised andmed:<\/strong><\/p>\n<p>Materjal: Sertifitseeritud p\u00f5hjamaine m\u00e4nd v\u00f5i kuusk<br \/>\nV\u00e4lism\u00f5\u00f5t (laius x pikkus): 765 cm x 565 cm<br \/>\nSisem\u00f5\u00f5t (laius x pikkus): 720 cm x 520 cm<br \/>\nSeina paksus: Paneel on kaetud 20 mm laudadega m\u00f5lemal k\u00fcljel. Raami puidu m\u00f5\u00f5tmed on 45 mm x 70 mm, laudu m\u00f5\u00f5tmed on 120 mm x 20 mm, kinnitatud vertikaalselt 25 mm vahedega. Puit iga paneeli jaoks tarnitakse eraldi.<br \/>\nHarja k\u00f5rgus: 230 cm<br \/>\nK\u00fclgseina k\u00f5rgus: 210 cm<br \/>\nKatusematerjalid: 19 mm \u2013 20 mm sulundlaud<br \/>\nP\u00f5randamaterjal: 19 mm \u2013 20 mm sulundlaud<br \/>\nKatuseala: 43,66 m\u00b2<br \/>\nRuumide arv: 3<br \/>\nUks (laius x k\u00f5rgus): 2* 85 cm x 192 cm<\/p>\n<p>&nbsp;<\/p>\n<p>&nbsp;<\/p>\n<p><strong>Lisapaneel 2,6 m x 2 m<\/strong> \/ 347,2 .-<\/p>\n","protected":false},"excerpt":{"rendered":"<p>Robustne ja stiilne LUNA F PLUS varikatus on hea valik, kui soovite laiendada oma aeda stiilse ja funktsionaalse varikatusega. Looduslikust pehmest puidust valmistatud varikatus tagab s\u00f5iduki \u00f5ige kaitse ja optimaalse ventilatsiooni igal ajal. Selle mudeli \u00fcks kasulikumaid omadusi \u2013 praktilised hoiuruumid \u2013 aitab teil turvaliselt paigutada k\u00f5ik esemed, mis tavaliselt on laiali.<\/p>\n","protected":false},"featured_media":87372,"comment_status":"open","ping_status":"closed","template":"","meta":{"_acf_changed":false},"factory":[],"free-shipment":[],"product_brand":[],"product_cat":[924,936],"product_tag":[1483,1484,2714],"class_list":{"0":"post-87391","1":"product","2":"type-product","3":"status-publish","4":"has-post-thumbnail","6":"product_cat-aiatooted","7":"product_cat-auto-varjualused","8":"product_tag-garden-et","9":"product_tag-yard-et","10":"product_tag-yard-and-garden-et","12":"first","13":"instock","14":"sale","15":"taxable","16":"shipping-taxable","17":"purchasable","18":"product-type-simple"},"acf":[],"_links":{"self":[{"href":"https:\/\/factory.sale\/et\/wp-json\/wp\/v2\/product\/87391","targetHints":{"allow":["GET"]}}],"collection":[{"href":"https:\/\/factory.sale\/et\/wp-json\/wp\/v2\/product"}],"about":[{"href":"https:\/\/factory.sale\/et\/wp-json\/wp\/v2\/types\/product"}],"replies":[{"embeddable":true,"href":"https:\/\/factory.sale\/et\/wp-json\/wp\/v2\/comments?post=87391"}],"wp:featuredmedia":[{"embeddable":true,"href":"https:\/\/factory.sale\/et\/wp-json\/wp\/v2\/media\/87372"}],"wp:attachment":[{"href":"https:\/\/factory.sale\/et\/wp-json\/wp\/v2\/media?parent=87391"}],"wp:term":[{"taxonomy":"factory","embeddable":true,"href":"https:\/\/factory.sale\/et\/wp-json\/wp\/v2\/factory?post=87391"},{"taxonomy":"free-shipment","embeddable":true,"href":"https:\/\/factory.sale\/et\/wp-json\/wp\/v2\/free-shipment?post=87391"},{"taxonomy":"product_brand","embeddable":true,"href":"https:\/\/factory.sale\/et\/wp-json\/wp\/v2\/product_brand?post=87391"},{"taxonomy":"product_cat","embeddable":true,"href":"https:\/\/factory.sale\/et\/wp-json\/wp\/v2\/product_cat?post=87391"},{"taxonomy":"product_tag","embeddable":true,"href":"https:\/\/factory.sale\/et\/wp-json\/wp\/v2\/product_tag?post=87391"}],"curies":[{"name":"wp","href":"https:\/\/api.w.org\/{rel}","templated":true}]}}