{"id":87331,"date":"2024-06-30T22:54:01","date_gmt":"2024-06-30T22:59:22","guid":{"rendered":"https:\/\/factory.sale\/?post_type=product&#038;p=87331"},"modified":"2024-06-30T22:59:38","modified_gmt":"2024-06-30T22:59:38","slug":"garaaz-kahekohaline-varikatus-4m-x-6m-55m-x-6m","status":"publish","type":"product","link":"https:\/\/factory.sale\/et\/toode\/garaaz-kahekohaline-varikatus-4m-x-6m-55m-x-6m\/","title":{"rendered":"Garaa\u017e + kahekohaline varikatus (4m x 6m + 5,5m x 6m)"},"content":{"rendered":"<p>Garaa\u017e kahekordse varikatusega on mitmek\u00fclgne lahendus teie s\u00f5idukite parkimiseks. Kui teil on vaja kaitsta oma autot p\u00e4ikese v\u00f5i vihma eest, kuid peate autot pidevalt kasutama, pakub varikatus autole kaitset. Kui l\u00e4hete pikemaks ajaks v\u00e4ljas\u00f5idule v\u00f5i vajate turvalist kohta auto v\u00f5i isegi m\u00f6\u00f6bli hoiustamiseks, sobib samuti garaa\u017e teie vajadustele.<\/p>\n<p>&nbsp;<\/p>\n<p>&nbsp;<\/p>\n<p><strong>Tehnilised andmed:<\/strong><\/p>\n<p>Materjal: Sertifitseeritud p\u00f5hjamaine m\u00e4nd v\u00f5i kuusk<br \/>\nV\u00e4lism\u00f5\u00f5dud (laius x pikkus): 400 cm x 595 cm + 550 cm x 595 cm<br \/>\nRuumide arv: 2<br \/>\nSeina paksus: 44 mm<br \/>\nK\u00fclgseina k\u00f5rgus: 229,5 cm<br \/>\nHarja k\u00f5rgus: 297 cm<br \/>\nKatusematerjalid: 19 mm \u2013 20 mm sulundlaud<br \/>\nP\u00f5randamaterjal: Komplekt ei sisalda p\u00f5randat<br \/>\nKatuse \u00fcleulatus: 30 cm<br \/>\nAkende luugid: Ei kuulu komplekti<br \/>\nUks (laius x k\u00f5rgus): 85 cm x 192 cm (1 tk); 240 cm x 205 cm (garaa\u017eiuksed)<br \/>\nAknad (laius x k\u00f5rgus): 138 cm x 105 cm (1 tk)<br \/>\nKlaasid: Kahekordsed klaasid (5 mm +10 mm+5 mm)<br \/>\nKatuseala \/ Katusekalle: 63 m\u00b2 \/ 13\u00b0<\/p>\n<p>&nbsp;<\/p>\n<p>&nbsp;<\/p>\n<p><strong>V\u00e4rv:<\/strong><\/p>\n<p>Must, roheline, punane<\/p>\n<p><strong><img loading=\"lazy\" decoding=\"async\" class=\"alignnone  wp-image-86157\" src=\"https:\/\/factory.sale\/wp-content\/uploads\/2024\/06\/colours-wooden-me-300x82.png\" alt=\"\" width=\"545\" height=\"149\" srcset=\"https:\/\/factory.sale\/wp-content\/uploads\/2024\/06\/colours-wooden-me-300x82.png 300w, https:\/\/factory.sale\/wp-content\/uploads\/2024\/06\/colours-wooden-me-150x41.png 150w, https:\/\/factory.sale\/wp-content\/uploads\/2024\/06\/colours-wooden-me-600x164.png 600w, https:\/\/factory.sale\/wp-content\/uploads\/2024\/06\/colours-wooden-me.png 638w\" sizes=\"auto, (max-width: 545px) 100vw, 545px\" \/><\/strong><\/p>\n<p>&nbsp;<\/p>\n<p><strong>Garaa\u017eiuks:<\/strong><\/p>\n<p>Puidust garaa\u017eiuks 0 .-<\/p>\n<p>Sektsiooniline garaa\u017eiuks 554,4 .-<\/p>\n<p>&nbsp;<\/p>\n<p>&nbsp;<\/p>\n<p>(Ilma garaa\u017eiukseta &#8211; 300 .-)<\/p>\n<p>&nbsp;<\/p>\n<p>&nbsp;<\/p>\n<p><strong>Selle varikatuse puhul kasutatud lauad (19 &#8211; 20 mm):<\/strong><\/p>\n<p>Tagaseina lauad 492,8 .-<\/p>\n<p>K\u00fclgseina lauad 492,8 .-<\/p>\n<p>&nbsp;<\/p>\n<p>&nbsp;<\/p>\n<div class=\"video-wrapper \"><iframe loading=\"lazy\" title=\"How To Build a Log Cabin | Assembly Instructions\" width=\"500\" height=\"281\" src=\"https:\/\/www.youtube.com\/embed\/k9kK04ZBp0o?feature=oembed\" frameborder=\"0\" allow=\"accelerometer; autoplay; clipboard-write; encrypted-media; gyroscope; picture-in-picture; web-share\" referrerpolicy=\"strict-origin-when-cross-origin\" allowfullscreen><\/iframe><\/div>\n<p>&nbsp;<\/p>\n<div class=\"video-wrapper \"><iframe loading=\"lazy\" title=\"Hoe monteer je dakshingles voor zadeldaken?\" width=\"500\" height=\"281\" src=\"https:\/\/www.youtube.com\/embed\/9S4j3SFXrjM?feature=oembed\" frameborder=\"0\" allow=\"accelerometer; autoplay; clipboard-write; encrypted-media; gyroscope; picture-in-picture; web-share\" referrerpolicy=\"strict-origin-when-cross-origin\" allowfullscreen><\/iframe><\/div>\n<p>&nbsp;<\/p>\n<div class=\"video-wrapper \"><iframe loading=\"lazy\" title=\"Skype Video\" width=\"422\" height=\"750\" src=\"https:\/\/www.youtube.com\/embed\/n-6seNYdEBk?feature=oembed\" frameborder=\"0\" allow=\"accelerometer; autoplay; clipboard-write; encrypted-media; gyroscope; picture-in-picture; web-share\" referrerpolicy=\"strict-origin-when-cross-origin\" allowfullscreen><\/iframe><\/div>\n","protected":false},"excerpt":{"rendered":"<p>Garaa\u017e kahekordse varikatusega on mitmek\u00fclgne lahendus teie s\u00f5idukite parkimiseks. Kui teil on vaja kaitsta oma autot p\u00e4ikese v\u00f5i vihma eest, kuid peate autot pidevalt kasutama, pakub varikatus autole kaitset. Kui l\u00e4hete pikemaks ajaks v\u00e4ljas\u00f5idule v\u00f5i vajate turvalist kohta auto v\u00f5i isegi m\u00f6\u00f6bli hoiustamiseks, sobib samuti garaa\u017e teie vajadustele.<\/p>\n","protected":false},"featured_media":87323,"comment_status":"open","ping_status":"closed","template":"","meta":{"_acf_changed":false},"factory":[],"free-shipment":[],"product_brand":[],"product_cat":[924,936],"product_tag":[940,1483,1484,2714],"class_list":{"0":"post-87331","1":"product","2":"type-product","3":"status-publish","4":"has-post-thumbnail","6":"product_cat-aiatooted","7":"product_cat-auto-varjualused","8":"product_tag-garage-et","9":"product_tag-garden-et","10":"product_tag-yard-et","11":"product_tag-yard-and-garden-et","13":"first","14":"instock","15":"sale","16":"taxable","17":"shipping-taxable","18":"purchasable","19":"product-type-simple"},"acf":[],"_links":{"self":[{"href":"https:\/\/factory.sale\/et\/wp-json\/wp\/v2\/product\/87331","targetHints":{"allow":["GET"]}}],"collection":[{"href":"https:\/\/factory.sale\/et\/wp-json\/wp\/v2\/product"}],"about":[{"href":"https:\/\/factory.sale\/et\/wp-json\/wp\/v2\/types\/product"}],"replies":[{"embeddable":true,"href":"https:\/\/factory.sale\/et\/wp-json\/wp\/v2\/comments?post=87331"}],"wp:featuredmedia":[{"embeddable":true,"href":"https:\/\/factory.sale\/et\/wp-json\/wp\/v2\/media\/87323"}],"wp:attachment":[{"href":"https:\/\/factory.sale\/et\/wp-json\/wp\/v2\/media?parent=87331"}],"wp:term":[{"taxonomy":"factory","embeddable":true,"href":"https:\/\/factory.sale\/et\/wp-json\/wp\/v2\/factory?post=87331"},{"taxonomy":"free-shipment","embeddable":true,"href":"https:\/\/factory.sale\/et\/wp-json\/wp\/v2\/free-shipment?post=87331"},{"taxonomy":"product_brand","embeddable":true,"href":"https:\/\/factory.sale\/et\/wp-json\/wp\/v2\/product_brand?post=87331"},{"taxonomy":"product_cat","embeddable":true,"href":"https:\/\/factory.sale\/et\/wp-json\/wp\/v2\/product_cat?post=87331"},{"taxonomy":"product_tag","embeddable":true,"href":"https:\/\/factory.sale\/et\/wp-json\/wp\/v2\/product_tag?post=87331"}],"curies":[{"name":"wp","href":"https:\/\/api.w.org\/{rel}","templated":true}]}}