{"id":87315,"date":"2024-06-30T22:11:57","date_gmt":"2024-06-30T22:31:50","guid":{"rendered":"https:\/\/factory.sale\/?post_type=product&#038;p=87315"},"modified":"2024-06-30T22:32:10","modified_gmt":"2024-06-30T22:32:10","slug":"kompaktne-garaaz-varikatusega-7m-x-6m-44mm","status":"publish","type":"product","link":"https:\/\/factory.sale\/et\/toode\/kompaktne-garaaz-varikatusega-7m-x-6m-44mm\/","title":{"rendered":"Kompaktne garaa\u017e varikatusega (7m x 6m), 44mm"},"content":{"rendered":"<p>Kaks \u00fches \u2013 klassikalise stiiliga varikatus \u00fchendatud puumajaga. Siia saate h\u00f5lpsasti parkida kaks autot. Sellesse kompaktse katusega garaa\u017ei saate hoiustada mitmesuguseid esemeid. Siia mahuvad teie autokummid, jalgrattad, aiat\u00f6\u00f6riistad v\u00f5i muud esemed, mis ei sobi kodus hoiustamiseks.<\/p>\n<p>&nbsp;<\/p>\n<p>&nbsp;<\/p>\n<p>&nbsp;<\/p>\n<p><strong>Tehnilised andmed:<\/strong><\/p>\n<p>Materjal: Sertifitseeritud p\u00f5hjamaine m\u00e4nd v\u00f5i kuusk<br \/>\nV\u00e4lism\u00f5\u00f5dud (laius x pikkus): 400 cm x 595 cm + 300 cm x 595 cm<br \/>\nSisem\u00f5\u00f5dud (laius x pikkus): 369 cm x 561 cm + 283 cm x 565 cm<br \/>\nRuumide arv: 1<br \/>\nSeina paksus: 44 mm<br \/>\nK\u00fclgseina k\u00f5rgus: 223 cm<br \/>\nHarja k\u00f5rgus: 303,5 cm<br \/>\nKatusematerjalid: 19 mm \u2013 20 mm sulundlaud<br \/>\nP\u00f5randamaterjal: Komplekt ei sisalda p\u00f5randat<br \/>\nKatuse \u00fcleulatus: 30 cm<br \/>\nUks (laius x k\u00f5rgus): 85 cm x 192 cm (1 tk); 240 cm x 205 cm (garaa\u017eiuks)<br \/>\nKlaasid: Kahekordsed klaasid (5mm +10mm+5mm)<br \/>\nKatuseala \/ Katusekalle: 50m\u00b2 \/ 16\u00b0<\/p>\n<p>&nbsp;<\/p>\n<p><strong>V\u00e4rv:<\/strong><\/p>\n<p>Must, roheline, punane<\/p>\n<p><img loading=\"lazy\" decoding=\"async\" class=\"alignnone wp-image-86157\" src=\"https:\/\/factory.sale\/wp-content\/uploads\/2024\/06\/colours-wooden-me-300x82.png\" alt=\"\" width=\"571\" height=\"156\" srcset=\"https:\/\/factory.sale\/wp-content\/uploads\/2024\/06\/colours-wooden-me-300x82.png 300w, https:\/\/factory.sale\/wp-content\/uploads\/2024\/06\/colours-wooden-me-150x41.png 150w, https:\/\/factory.sale\/wp-content\/uploads\/2024\/06\/colours-wooden-me-600x164.png 600w, https:\/\/factory.sale\/wp-content\/uploads\/2024\/06\/colours-wooden-me.png 638w\" sizes=\"auto, (max-width: 571px) 100vw, 571px\" \/><\/p>\n<p>&nbsp;<\/p>\n<p>&nbsp;<\/p>\n<p><strong>Garaa\u017eiuks:<\/strong><\/p>\n<p>Puidust garaa\u017eiuks 0 .-<\/p>\n<p>Sektsiooniline garaa\u017eiuks 554,4 .-<\/p>\n<p>&nbsp;<\/p>\n<p>(Ilma garaa\u017eiukseta &#8211; 300 .-)<\/p>\n<p>&nbsp;<\/p>\n<p><strong>Katusematerjal (bituumenplaadid)<\/strong> 470,4 .-<\/p>\n<p>&nbsp;<\/p>\n<p>&nbsp;<\/p>\n<div class=\"video-wrapper \"><iframe loading=\"lazy\" title=\"How To Build a Log Cabin | Assembly Instructions\" width=\"500\" height=\"281\" src=\"https:\/\/www.youtube.com\/embed\/k9kK04ZBp0o?feature=oembed\" frameborder=\"0\" allow=\"accelerometer; autoplay; clipboard-write; encrypted-media; gyroscope; picture-in-picture; web-share\" referrerpolicy=\"strict-origin-when-cross-origin\" allowfullscreen><\/iframe><\/div>\n<p>&nbsp;<\/p>\n<div class=\"video-wrapper \"><iframe loading=\"lazy\" title=\"Hoe monteer je dakshingles voor zadeldaken?\" width=\"500\" height=\"281\" src=\"https:\/\/www.youtube.com\/embed\/9S4j3SFXrjM?feature=oembed\" frameborder=\"0\" allow=\"accelerometer; autoplay; clipboard-write; encrypted-media; gyroscope; picture-in-picture; web-share\" referrerpolicy=\"strict-origin-when-cross-origin\" allowfullscreen><\/iframe><\/div>\n<p>&nbsp;<\/p>\n<div class=\"video-wrapper \"><iframe loading=\"lazy\" title=\"Skype Video\" width=\"422\" height=\"750\" src=\"https:\/\/www.youtube.com\/embed\/n-6seNYdEBk?feature=oembed\" frameborder=\"0\" allow=\"accelerometer; autoplay; clipboard-write; encrypted-media; gyroscope; picture-in-picture; web-share\" referrerpolicy=\"strict-origin-when-cross-origin\" allowfullscreen><\/iframe><\/div>\n","protected":false},"excerpt":{"rendered":"<p>Kaks \u00fches \u2013 klassikalise stiiliga varikatus \u00fchendatud puumajaga. Siia saate h\u00f5lpsasti parkida kaks autot. Sellesse kompaktse katusega garaa\u017ei saate hoiustada mitmesuguseid esemeid. Siia mahuvad teie autokummid, jalgrattad, aiat\u00f6\u00f6riistad v\u00f5i muud esemed, mis ei sobi kodus hoiustamiseks. &nbsp; &nbsp; &nbsp; Tehnilised andmed: Materjal: Sertifitseeritud p\u00f5hjamaine m\u00e4nd v\u00f5i kuusk V\u00e4lism\u00f5\u00f5dud (laius x pikkus): 400 cm x 595 [&hellip;]<\/p>\n","protected":false},"featured_media":87293,"comment_status":"open","ping_status":"closed","template":"","meta":{"_acf_changed":false},"factory":[],"free-shipment":[],"product_brand":[],"product_cat":[924,936],"product_tag":[1483,1484],"class_list":{"0":"post-87315","1":"product","2":"type-product","3":"status-publish","4":"has-post-thumbnail","6":"product_cat-aiatooted","7":"product_cat-auto-varjualused","8":"product_tag-garden-et","9":"product_tag-yard-et","11":"first","12":"instock","13":"sale","14":"taxable","15":"shipping-taxable","16":"purchasable","17":"product-type-simple"},"acf":[],"_links":{"self":[{"href":"https:\/\/factory.sale\/et\/wp-json\/wp\/v2\/product\/87315","targetHints":{"allow":["GET"]}}],"collection":[{"href":"https:\/\/factory.sale\/et\/wp-json\/wp\/v2\/product"}],"about":[{"href":"https:\/\/factory.sale\/et\/wp-json\/wp\/v2\/types\/product"}],"replies":[{"embeddable":true,"href":"https:\/\/factory.sale\/et\/wp-json\/wp\/v2\/comments?post=87315"}],"wp:featuredmedia":[{"embeddable":true,"href":"https:\/\/factory.sale\/et\/wp-json\/wp\/v2\/media\/87293"}],"wp:attachment":[{"href":"https:\/\/factory.sale\/et\/wp-json\/wp\/v2\/media?parent=87315"}],"wp:term":[{"taxonomy":"factory","embeddable":true,"href":"https:\/\/factory.sale\/et\/wp-json\/wp\/v2\/factory?post=87315"},{"taxonomy":"free-shipment","embeddable":true,"href":"https:\/\/factory.sale\/et\/wp-json\/wp\/v2\/free-shipment?post=87315"},{"taxonomy":"product_brand","embeddable":true,"href":"https:\/\/factory.sale\/et\/wp-json\/wp\/v2\/product_brand?post=87315"},{"taxonomy":"product_cat","embeddable":true,"href":"https:\/\/factory.sale\/et\/wp-json\/wp\/v2\/product_cat?post=87315"},{"taxonomy":"product_tag","embeddable":true,"href":"https:\/\/factory.sale\/et\/wp-json\/wp\/v2\/product_tag?post=87315"}],"curies":[{"name":"wp","href":"https:\/\/api.w.org\/{rel}","templated":true}]}}