{"id":87283,"date":"2024-06-30T21:45:27","date_gmt":"2026-05-07T22:35:56","guid":{"rendered":"https:\/\/factory.sale\/?post_type=product&#038;p=87283"},"modified":"2026-05-08T01:35:57","modified_gmt":"2026-05-07T22:35:57","slug":"garaaz-kahekordse-varikatusega-57-m%c2%b2","status":"publish","type":"product","link":"https:\/\/factory.sale\/et\/toode\/garaaz-kahekordse-varikatusega-57-m%c2%b2\/","title":{"rendered":"Garaa\u017e kahekordse varikatusega 57 m\u00b2"},"content":{"rendered":"<p><strong>K\u00fcllaldane ruum ja turvaline kaitse<\/strong><\/p>\n<p>Uuendage oma v\u00e4lisruumi meie avara 57 m\u00b2 garaa\u017eiga, mille juurde kuulub kahekordne varikatus. Looduslikust P\u00f5hjala m\u00e4nnist hoolikalt valmistatud, see \u00fchendab suurep\u00e4raselt kasulikkuse ja disaini, pakkudes teie s\u00f5idukitele nii tugevat kui ka esteetilist kaitset.<\/p>\n<p>&nbsp;<\/p>\n<p><strong>Kompromissitu tugevus ja ilmastikukaitse<\/strong><\/p>\n<p>Konstruktsioonil on 44 mm seinapaksus ja m\u00e4rkimisv\u00e4\u00e4rne k\u00f5rgus, mis tagab kompromissitu tugevuse ja suure liikumisvabaduse sees. Tugev ja h\u00e4sti disainitud katus pakub optimaalset kaitset halbade ilmastikuolude eest.<\/p>\n<p>&nbsp;<\/p>\n<p><strong>Lihtne turvalisus ja lihtne paigaldus<\/strong><\/p>\n<p>See garaa\u017e varikatusega pakub mitte ainult turvalist parkimiskohta t\u00e4nu topeltklaasidega akendele ja robustsele lukule, vaid on ka lihtne paigaldada, sest k\u00f5ik vajalikud tarvikud on komplektis kaasas. Valikuline p\u00f5randakate t\u00e4iendab seda t\u00e4ielikku lahendust teie kodu jaoks.<\/p>\n<p>&nbsp;<\/p>\n<p>&nbsp;<\/p>\n<p><strong>Tehnilised andmed:<\/strong><\/p>\n<ul>\n<li>Materjal: Looduslik Siberi\/P\u00f5hjala m\u00e4nd<\/li>\n<li>V\u00e4lism\u00f5\u00f5t (laius x pikkus): 400 cm x 595 cm (garaa\u017e) + 550 cm x 595 cm (varikatus)<\/li>\n<li>Sisem\u00f5\u00f5t (laius x pikkus): 373 cm x 565 cm (garaa\u017e) + 521 cm x 565 cm (varikatus)<\/li>\n<li>Seina paksus: 44 mm<\/li>\n<li>Seina k\u00f5rgus: 229,5 cm<\/li>\n<li>Harja koguk\u00f5rgus: 297 cm<\/li>\n<li>Katusematerjal: 19 \u2013 20 mm katuseplaadid<\/li>\n<li>P\u00f5randamaterjal: P\u00f5rand ei kuulu komplekti, kuid on saadaval lisatasu eest<\/li>\n<li>Katuse pindala: 63 m\u00b2<\/li>\n<li>\u00dcleulatus: 30 cm<\/li>\n<li>Uks (laius x k\u00f5rgus): 85 cm x 192 cm (1 tk) ja 240 cm x 205 cm (garaa\u017eiuks)<\/li>\n<li>Aknad (laius x k\u00f5rgus): 145 cm x 45 cm (1 tk)<\/li>\n<li>Katus: Valikuline<\/li>\n<li>Topeltklaasid<\/li>\n<li>Silindrilukuga ukselukk<\/li>\n<li>Reguleeritavad hinged ustele ja akendele<\/li>\n<li>Kinnitusnaelad ja -kruvid kokkupanekuks<\/li>\n<\/ul>\n<p>&nbsp;<\/p>\n<p>&nbsp;<\/p>\n<p><strong>Garaa\u017eiuksed:<\/strong><\/p>\n<p>Puidust garaa\u017eiuks 518,65\u00a0.-<\/p>\n<p>Sektsiooniline garaa\u017eiuks 1012 .-<\/p>\n<p>&nbsp;<\/p>\n<p>&nbsp;<\/p>\n<p><strong>Bituumensindel katus:<\/strong> 764,75 .-<\/p>\n<p><img loading=\"lazy\" decoding=\"async\" class=\"alignnone wp-image-86157\" src=\"https:\/\/factory.sale\/wp-content\/uploads\/2024\/06\/colours-wooden-me-300x82.png\" alt=\"\" width=\"527\" height=\"144\" srcset=\"https:\/\/factory.sale\/wp-content\/uploads\/2024\/06\/colours-wooden-me-300x82.png 300w, https:\/\/factory.sale\/wp-content\/uploads\/2024\/06\/colours-wooden-me-150x41.png 150w, https:\/\/factory.sale\/wp-content\/uploads\/2024\/06\/colours-wooden-me-600x164.png 600w, https:\/\/factory.sale\/wp-content\/uploads\/2024\/06\/colours-wooden-me.png 638w\" sizes=\"auto, (max-width: 527px) 100vw, 527px\" \/><\/p>\n<p>&nbsp;<\/p>\n<p>&nbsp;<\/p>\n<p><strong>Vihmaveetorude komplekt:<\/strong> 667 .-<\/p>\n<p>&nbsp;<\/p>\n<p>&nbsp;<\/p>\n<p><strong>Aknad ja v\u00e4lisuksed:<\/strong><\/p>\n<p>Tavalised puidust uksed ja aknad 0.-<\/p>\n<p>PVC-aknad puidust akende asemel 695,75 .-<\/p>\n<p>&nbsp;<\/p>\n<p>&nbsp;<\/p>\n<p>&nbsp;<\/p>\n<div class=\"video-wrapper \"><iframe loading=\"lazy\" title=\"How To Build a Log Cabin | Assembly Instructions\" width=\"500\" height=\"281\" src=\"https:\/\/www.youtube.com\/embed\/k9kK04ZBp0o?feature=oembed\" frameborder=\"0\" allow=\"accelerometer; autoplay; clipboard-write; encrypted-media; gyroscope; picture-in-picture; web-share\" referrerpolicy=\"strict-origin-when-cross-origin\" allowfullscreen><\/iframe><\/div>\n<p>&nbsp;<\/p>\n<div class=\"video-wrapper \"><iframe loading=\"lazy\" title=\"Hoe monteer je dakshingles voor zadeldaken?\" width=\"500\" height=\"281\" src=\"https:\/\/www.youtube.com\/embed\/9S4j3SFXrjM?feature=oembed\" frameborder=\"0\" allow=\"accelerometer; autoplay; clipboard-write; encrypted-media; gyroscope; picture-in-picture; web-share\" referrerpolicy=\"strict-origin-when-cross-origin\" allowfullscreen><\/iframe><\/div>\n<p>&nbsp;<\/p>\n<div class=\"video-wrapper \"><iframe loading=\"lazy\" title=\"Skype Video\" width=\"422\" height=\"750\" src=\"https:\/\/www.youtube.com\/embed\/n-6seNYdEBk?feature=oembed\" frameborder=\"0\" allow=\"accelerometer; autoplay; clipboard-write; encrypted-media; gyroscope; picture-in-picture; web-share\" referrerpolicy=\"strict-origin-when-cross-origin\" allowfullscreen><\/iframe><\/div>\n","protected":false},"excerpt":{"rendered":"<p>Uuendage oma v\u00e4lisruumi meie avara 57 m\u00b2 garaa\u017eiga, mille juurde kuulub kahekordne varikatus. Looduslikust P\u00f5hjala m\u00e4nnist hoolikalt valmistatud, see \u00fchendab suurep\u00e4raselt kasulikkuse ja disaini, pakkudes teie s\u00f5idukitele nii tugevat kui ka esteetilist kaitset.<\/p>\n","protected":false},"featured_media":87272,"comment_status":"open","ping_status":"closed","template":"","meta":{"_acf_changed":false},"factory":[],"free-shipment":[],"product_brand":[],"product_cat":[924,936],"product_tag":[939,940,1483,1484,2714],"class_list":{"0":"post-87283","1":"product","2":"type-product","3":"status-publish","4":"has-post-thumbnail","6":"product_cat-aiatooted","7":"product_cat-auto-varjualused","8":"product_tag-carport-et","9":"product_tag-garage-et","10":"product_tag-garden-et","11":"product_tag-yard-et","12":"product_tag-yard-and-garden-et","14":"first","15":"instock","16":"sale","17":"taxable","18":"shipping-taxable","19":"purchasable","20":"product-type-simple"},"acf":[],"_links":{"self":[{"href":"https:\/\/factory.sale\/et\/wp-json\/wp\/v2\/product\/87283","targetHints":{"allow":["GET"]}}],"collection":[{"href":"https:\/\/factory.sale\/et\/wp-json\/wp\/v2\/product"}],"about":[{"href":"https:\/\/factory.sale\/et\/wp-json\/wp\/v2\/types\/product"}],"replies":[{"embeddable":true,"href":"https:\/\/factory.sale\/et\/wp-json\/wp\/v2\/comments?post=87283"}],"wp:featuredmedia":[{"embeddable":true,"href":"https:\/\/factory.sale\/et\/wp-json\/wp\/v2\/media\/87272"}],"wp:attachment":[{"href":"https:\/\/factory.sale\/et\/wp-json\/wp\/v2\/media?parent=87283"}],"wp:term":[{"taxonomy":"factory","embeddable":true,"href":"https:\/\/factory.sale\/et\/wp-json\/wp\/v2\/factory?post=87283"},{"taxonomy":"free-shipment","embeddable":true,"href":"https:\/\/factory.sale\/et\/wp-json\/wp\/v2\/free-shipment?post=87283"},{"taxonomy":"product_brand","embeddable":true,"href":"https:\/\/factory.sale\/et\/wp-json\/wp\/v2\/product_brand?post=87283"},{"taxonomy":"product_cat","embeddable":true,"href":"https:\/\/factory.sale\/et\/wp-json\/wp\/v2\/product_cat?post=87283"},{"taxonomy":"product_tag","embeddable":true,"href":"https:\/\/factory.sale\/et\/wp-json\/wp\/v2\/product_tag?post=87283"}],"curies":[{"name":"wp","href":"https:\/\/api.w.org\/{rel}","templated":true}]}}