{"id":87261,"date":"2024-07-02T09:54:55","date_gmt":"2024-07-02T09:55:43","guid":{"rendered":"https:\/\/factory.sale\/?post_type=product&#038;p=87261"},"modified":"2024-07-02T09:55:43","modified_gmt":"2024-07-02T09:55:43","slug":"garaaz-varikatusega-68-m-x-56-m","status":"publish","type":"product","link":"https:\/\/factory.sale\/et\/toode\/garaaz-varikatusega-68-m-x-56-m\/","title":{"rendered":"Garaa\u017e varikatusega 6,8 m x 5,6 m"},"content":{"rendered":"<p>Moodsa stiiliga garaa\u017e varikatusega. Fantastiline lahendus teie aeda.<\/p>\n<p>&nbsp;<\/p>\n<p>&nbsp;<\/p>\n<p><strong>Tehniline teave:<\/strong><\/p>\n<p>V\u00e4lism\u00f5\u00f5tmed (laius x pikkus): 6,8 m x 5,6 m<br \/>\nSiseala: 36 m\u00b2<br \/>\nHarja k\u00f5rgus: 326 cm<br \/>\nMaterjal: Kuusepuit<br \/>\nSeina paksus: 44 mm<br \/>\nKatusematerjalid: 19 mm paksused lauad<br \/>\nP\u00f5randad: P\u00f5randad ei kuulu komplekti<br \/>\nKatuseala: 45 m\u00b2<br \/>\nUks (laius x k\u00f5rgus): 85 cm x 187 cm (1 tk), 240 cm x 202 cm (garaa\u017eiuks)<br \/>\nAknad (laius x k\u00f5rgus): 70 cm x 92 cm (2 tk)<br \/>\nLuugid: Ei kuulu komplekti<\/p>\n<p>&nbsp;<\/p>\n<p><strong>Uksed ja aknad t\u00f6\u00f6stuslikult v\u00e4rvitud (RAL):<\/strong> 212,8 .-<\/p>\n<p>&nbsp;<\/p>\n<p>&nbsp;<\/p>\n<p><strong>Garaa\u017eiuks:<\/strong><\/p>\n<p>Puidust garaa\u017eiuks 0 .-<\/p>\n<p>Metallist garaa\u017eiuks 0 .-<\/p>\n<p>Metallist garaa\u017eiuks automaatikaga 347,2 .-<\/p>\n<p>&nbsp;<\/p>\n<p>&nbsp;<\/p>\n<p>(Ilma garaa\u017eiukseta: &#8211; 300 .-)<\/p>\n<p>&nbsp;<\/p>\n<p>&nbsp;<\/p>\n<p><strong>Katusematerjal (bituumensindlid)<\/strong> 470,4 .-<\/p>\n<p>&nbsp;<\/p>\n<p>&nbsp;<\/p>\n<p><strong>V\u00e4rv:<\/strong><\/p>\n<p>Must, roheline, punane<\/p>\n<p><img loading=\"lazy\" decoding=\"async\" class=\"alignnone wp-image-86157\" src=\"https:\/\/factory.sale\/wp-content\/uploads\/2024\/06\/colours-wooden-me-300x82.png\" alt=\"\" width=\"490\" height=\"134\" srcset=\"https:\/\/factory.sale\/wp-content\/uploads\/2024\/06\/colours-wooden-me-300x82.png 300w, https:\/\/factory.sale\/wp-content\/uploads\/2024\/06\/colours-wooden-me-150x41.png 150w, https:\/\/factory.sale\/wp-content\/uploads\/2024\/06\/colours-wooden-me-600x164.png 600w, https:\/\/factory.sale\/wp-content\/uploads\/2024\/06\/colours-wooden-me.png 638w\" sizes=\"auto, (max-width: 490px) 100vw, 490px\" \/><\/p>\n<p>&nbsp;<\/p>\n<p>&nbsp;<\/p>\n<p><strong>Immutamine:<\/strong> 481,6 .-<\/p>\n<p>&nbsp;<\/p>\n<p>&nbsp;<\/p>\n<p>&nbsp;<\/p>\n<div class=\"video-wrapper \"><iframe loading=\"lazy\" title=\"How To Build a Log Cabin | Assembly Instructions\" width=\"500\" height=\"281\" src=\"https:\/\/www.youtube.com\/embed\/k9kK04ZBp0o?feature=oembed\" frameborder=\"0\" allow=\"accelerometer; autoplay; clipboard-write; encrypted-media; gyroscope; picture-in-picture; web-share\" referrerpolicy=\"strict-origin-when-cross-origin\" allowfullscreen><\/iframe><\/div>\n<p>&nbsp;<\/p>\n<div class=\"video-wrapper \"><iframe loading=\"lazy\" title=\"Hoe monteer je dakshingles voor zadeldaken?\" width=\"500\" height=\"281\" src=\"https:\/\/www.youtube.com\/embed\/9S4j3SFXrjM?feature=oembed\" frameborder=\"0\" allow=\"accelerometer; autoplay; clipboard-write; encrypted-media; gyroscope; picture-in-picture; web-share\" referrerpolicy=\"strict-origin-when-cross-origin\" allowfullscreen><\/iframe><\/div>\n<p>&nbsp;<\/p>\n<div class=\"video-wrapper \"><iframe loading=\"lazy\" title=\"Skype Video\" width=\"422\" height=\"750\" src=\"https:\/\/www.youtube.com\/embed\/n-6seNYdEBk?feature=oembed\" frameborder=\"0\" allow=\"accelerometer; autoplay; clipboard-write; encrypted-media; gyroscope; picture-in-picture; web-share\" referrerpolicy=\"strict-origin-when-cross-origin\" allowfullscreen><\/iframe><\/div>\n","protected":false},"excerpt":{"rendered":"<p>Moodsa stiiliga garaa\u017e varikatusega. Fantastiline lahendus teie aeda.<\/p>\n","protected":false},"featured_media":120185,"comment_status":"open","ping_status":"closed","template":"","meta":{"_acf_changed":false},"factory":[],"free-shipment":[],"product_brand":[],"product_cat":[924,936],"product_tag":[939,940,1483,1484],"class_list":{"0":"post-87261","1":"product","2":"type-product","3":"status-publish","4":"has-post-thumbnail","6":"product_cat-aiatooted","7":"product_cat-auto-varjualused","8":"product_tag-carport-et","9":"product_tag-garage-et","10":"product_tag-garden-et","11":"product_tag-yard-et","13":"first","14":"instock","15":"sale","16":"taxable","17":"shipping-taxable","18":"purchasable","19":"product-type-simple"},"acf":[],"_links":{"self":[{"href":"https:\/\/factory.sale\/et\/wp-json\/wp\/v2\/product\/87261","targetHints":{"allow":["GET"]}}],"collection":[{"href":"https:\/\/factory.sale\/et\/wp-json\/wp\/v2\/product"}],"about":[{"href":"https:\/\/factory.sale\/et\/wp-json\/wp\/v2\/types\/product"}],"replies":[{"embeddable":true,"href":"https:\/\/factory.sale\/et\/wp-json\/wp\/v2\/comments?post=87261"}],"wp:featuredmedia":[{"embeddable":true,"href":"https:\/\/factory.sale\/et\/wp-json\/wp\/v2\/media\/120185"}],"wp:attachment":[{"href":"https:\/\/factory.sale\/et\/wp-json\/wp\/v2\/media?parent=87261"}],"wp:term":[{"taxonomy":"factory","embeddable":true,"href":"https:\/\/factory.sale\/et\/wp-json\/wp\/v2\/factory?post=87261"},{"taxonomy":"free-shipment","embeddable":true,"href":"https:\/\/factory.sale\/et\/wp-json\/wp\/v2\/free-shipment?post=87261"},{"taxonomy":"product_brand","embeddable":true,"href":"https:\/\/factory.sale\/et\/wp-json\/wp\/v2\/product_brand?post=87261"},{"taxonomy":"product_cat","embeddable":true,"href":"https:\/\/factory.sale\/et\/wp-json\/wp\/v2\/product_cat?post=87261"},{"taxonomy":"product_tag","embeddable":true,"href":"https:\/\/factory.sale\/et\/wp-json\/wp\/v2\/product_tag?post=87261"}],"curies":[{"name":"wp","href":"https:\/\/api.w.org\/{rel}","templated":true}]}}