{"id":87230,"date":"2024-06-30T19:20:50","date_gmt":"2024-06-30T19:26:43","guid":{"rendered":"https:\/\/factory.sale\/?post_type=product&#038;p=87230"},"modified":"2024-07-07T23:14:57","modified_gmt":"2024-07-07T23:14:57","slug":"kumblustunn-ruudukujuline-akruulsisuga","status":"publish","type":"product","link":"https:\/\/factory.sale\/et\/toode\/kumblustunn-ruudukujuline-akruulsisuga\/","title":{"rendered":"K\u00fcmblust\u00fcnn ruudukujuline, akr\u00fc\u00fclsisuga"},"content":{"rendered":"<p>Kas otsite l\u00f5\u00f5gastavat ja hubast viisi looduse nautimiseks? Kas soovite kogeda vees m\u00f5nulemise eeliseid oma koduaias? Valige meie akr\u00fc\u00fclsisuga ruudukujuline k\u00fcmblust\u00fcnn.<\/p>\n<p>See on ainulaadne ja vastupidav toode, mis \u00fchendab puidu loomuliku ilu akr\u00fc\u00fcli mugavuse ja praktilisusega. Meie k\u00fcmblust\u00fcnnid on valmistatud kvaliteetsest kuusepuidust, mis on vastupidav m\u00e4danikule ja putukatele. Valikuline puit: lehis, termopuit, puidukomposiit v\u00f5i seeder, s\u00f5ltuvalt teie eelistustest ja eelarvest.<\/p>\n<p>Akr\u00fc\u00fclsisu on saadaval valge, halli, pruuni v\u00f5i sinise v\u00e4rviga ja sellel on sile ja kergesti puhastatav pind. Isolatsioon tagab suurema soojapidavuse kui puidust t\u00fcnn, mis t\u00e4hendab, et saate s\u00e4\u00e4sta energiat ja vee kulusid. Sisul on ruudukujuline kuju ja avar mahutavus 1700 l \u2013 1900 l, mis mahutab mugavalt 6-8 inimest. Sisem\u00f5\u00f5tmed on 180 x 180 cm ja v\u00e4lism\u00f5\u00f5tmed on 202 x 202 cm. Kogu k\u00f5rgus on umbes 1 m ja s\u00fcgavus 88 cm. Pingi k\u00f5rgus on 28 cm ja pingi laius on 40 cm. Puidu paksus on 20 mm ja kaal on 240 kg.<\/p>\n<p>&nbsp;<\/p>\n<p>&nbsp;<\/p>\n<p><strong>Tehnilised andmed:<\/strong><\/p>\n<p>Kuju: Ruudukujuline<br \/>\nSisemine diameeter: 180\u00d7180 cm;<br \/>\nV\u00e4limine diameeter: 202\u00d7202 cm;<br \/>\nKogu k\u00f5rgus: 1 m;<br \/>\nS\u00fcgavus: 88 cm;<br \/>\nPingi k\u00f5rgus: 28 cm;<br \/>\nPingi laius: 40 cm;<br \/>\nVoodrilaua paksus: 20 mm;<br \/>\nVeemaht: 1700 l &#8211; 1900 l;<br \/>\nKaal: 240 kg;<br \/>\nMahutab: 6-8 inimest.<\/p>\n<p>&nbsp;<\/p>\n<p>&nbsp;<\/p>\n<p><strong>Standardkomplekt:<\/strong><\/p>\n<p>Puit: Siberi kuusk (standard); valikud: lehis, termopuit, puidukomposiit, seeder;<br \/>\nAkr\u00fc\u00fclsisu: valikud: valge, hall, sinine;<br \/>\nV\u00e4line pliit (teras 304) 2-meetrise korstna ja katusega;<br \/>\nRoostevabast terasest v\u00f6\u00f6d: 2 tk;<br \/>\nV\u00e4lised puittrepid;<br \/>\nTermomeeter;<br \/>\nPuidust riiul;<br \/>\nVee v\u00e4ljalaskeava k\u00fcljelt;<br \/>\nKopsik.<\/p>\n<p>&nbsp;<\/p>\n<p>&nbsp;<\/p>\n<p><strong>Lisatarvikud ja omadused<\/strong><\/p>\n<p>Meie k\u00fcmblust\u00fcnn tuleb koos standardsete tarvikutega, sealhulgas v\u00e4line pliit (teras 304) 2-meetrise korstna ja katusega, kaks roostevabast terasest v\u00f6\u00f6d, v\u00e4lised puittrepid, termomeeter, puidust riiul, vee v\u00e4ljalaskeava k\u00fcljelt ja kopsik. V\u00e4line pliit on turvaline ja t\u00f5hus viis vee soojendamiseks ning sellel on stiilne disain, mis t\u00e4iendab puidust t\u00fcnni. V\u00e4lised puittrepid teevad t\u00fcnni sisenemise ja v\u00e4ljumise lihtsaks ning puidust riiul on mugav koht jookide ja suupistete hoidmiseks. Termomeeter aitab j\u00e4lgida vee temperatuuri ja kopsik aitab vett segada \u00fchtlaseks soojendamiseks. Vee v\u00e4ljalaskeava k\u00fcljelt v\u00f5imaldab vett kergesti t\u00fchjendada.<\/p>\n<p>&nbsp;<\/p>\n<p>&nbsp;<\/p>\n<p><strong>Miks valida meie ruudukujuline k\u00fcmblust\u00fcnn?<\/strong><\/p>\n<p>Meie ruudukujuline akr\u00fc\u00fclsisuga k\u00fcmblust\u00fcnn on ideaalne valik k\u00f5igile, kes armastavad loodust ja heaolu. See on suurep\u00e4rane viis l\u00f5\u00f5gastumiseks, puhkamiseks ja v\u00e4rske \u00f5hu ning rahustava vee nautimiseks. Seda saab kasutada aastaringselt ja see lisab teie kinnisvarale v\u00e4\u00e4rtust ja v\u00f5lu. Tellige oma t\u00fcnn t\u00e4na ja valmistuge kogema parimat v\u00e4lispaad!<\/p>\n<p>&nbsp;<\/p>\n<p><strong>Akr\u00fc\u00fcli v\u00e4rvivalikud:<\/strong><\/p>\n<p>Sinine, valge, must, pruun<\/p>\n<p><strong><img loading=\"lazy\" decoding=\"async\" class=\"alignnone wp-image-87210\" src=\"https:\/\/factory.sale\/wp-content\/uploads\/2024\/06\/acrylic-colours-272x300.png\" alt=\"\" width=\"412\" height=\"454\" srcset=\"https:\/\/factory.sale\/wp-content\/uploads\/2024\/06\/acrylic-colours-272x300.png 272w, https:\/\/factory.sale\/wp-content\/uploads\/2024\/06\/acrylic-colours-136x150.png 136w, https:\/\/factory.sale\/wp-content\/uploads\/2024\/06\/acrylic-colours-600x661.png 600w, https:\/\/factory.sale\/wp-content\/uploads\/2024\/06\/acrylic-colours.png 646w\" sizes=\"auto, (max-width: 412px) 100vw, 412px\" \/><\/strong><\/p>\n<p>&nbsp;<\/p>\n<p>&nbsp;<\/p>\n<p><strong>Puidu valikud:<\/strong><\/p>\n<p>Kuusk 0 .- \/ Lehis 159,6 .- \/ Termopuit 159,6 .- \/ Puidukomposiit 159,6 .- \/ Seedripuu 775,2 .-.<\/p>\n<p>&nbsp;<\/p>\n<p>&nbsp;<\/p>\n<p><strong>V\u00e4rvitud, immutatud<\/strong> 114 .-<\/p>\n<p><img loading=\"lazy\" decoding=\"async\" class=\"alignnone wp-image-87215\" src=\"https:\/\/factory.sale\/wp-content\/uploads\/2024\/06\/Bildschirmfoto-2024-06-30-um-21.34.17-300x275.png\" alt=\"\" width=\"475\" height=\"435\" srcset=\"https:\/\/factory.sale\/wp-content\/uploads\/2024\/06\/Bildschirmfoto-2024-06-30-um-21.34.17-300x275.png 300w, https:\/\/factory.sale\/wp-content\/uploads\/2024\/06\/Bildschirmfoto-2024-06-30-um-21.34.17-150x138.png 150w, https:\/\/factory.sale\/wp-content\/uploads\/2024\/06\/Bildschirmfoto-2024-06-30-um-21.34.17-600x550.png 600w, https:\/\/factory.sale\/wp-content\/uploads\/2024\/06\/Bildschirmfoto-2024-06-30-um-21.34.17.png 674w\" sizes=\"auto, (max-width: 475px) 100vw, 475px\" \/><\/p>\n<p>&nbsp;<\/p>\n<p>&nbsp;<\/p>\n<p><strong>K\u00fcttekeha:<\/strong><\/p>\n<p>V\u00e4line k\u00fcttekeha 20 KW \/ 0 .-<\/p>\n<p>V\u00e4line k\u00fcttekeha 26 KW \/ 85,5 .-<\/p>\n<p>V\u00e4line k\u00fcttekeha 30 KW \/ 182,4 .-<\/p>\n<p>&nbsp;<\/p>\n<p><strong>K\u00fcttekeha metallivalikud:<\/strong><\/p>\n<p>Teras 304 \/ 0 .-<\/p>\n<p>Teras 316 \/ 245,1 .-<\/p>\n<p>&nbsp;<\/p>\n<p>&nbsp;<\/p>\n<p><strong>Elektrik\u00fctte valikud puuk\u00fctte asemel:<\/strong><\/p>\n<p>Gecko k\u00fcttekeha 228 .-<\/p>\n<p>Elektrik\u00fcttekeha 6 KW, 380 V \/ 165,3 .-<\/p>\n<p>Wi-Fi kaugjuhtimispult 153,9 .-<\/p>\n<p>&nbsp;<\/p>\n<p><strong>Termo-kate <\/strong>364,8 .-<\/p>\n<p>&nbsp;<\/p>\n<p>&nbsp;<\/p>\n<p><strong>Trepivalikud:<\/strong><\/p>\n<p>2 astet 0 .-<\/p>\n<p>3 astet 0 .-<\/p>\n<p>\u00dcmmargused trepid 131,1 .-<\/p>\n<p>&nbsp;<\/p>\n<p>&nbsp;<\/p>\n<p><strong>Termokate<\/strong> 250,8 .-<\/p>\n<p>&nbsp;<\/p>\n<p>&nbsp;<\/p>\n<p><strong><em>Saadaval rohkem lisatarvikuid, k\u00fcsi lisa.<\/em><\/strong><\/p>\n<p>&nbsp;<\/p>\n<p>&nbsp;<\/p>\n<p><a href=\"https:\/\/factory.sale\/wp-content\/uploads\/2024\/07\/Kumblustunni-kasutusjuhend.pdf\" target=\"_blank\" rel=\"noopener\">K\u00fcmblust\u00fcnni kasutusjuhend<\/a><\/p>\n<p><a href=\"https:\/\/factory.sale\/wp-content\/uploads\/2024\/06\/sand-filter.pdf\" target=\"_blank\" rel=\"noopener\">Liivafilter<\/a><\/p>\n<p>&nbsp;<\/p>\n<div class=\"video-wrapper \"><\/div>\n","protected":false},"excerpt":{"rendered":"<p>Meie ruudukujuline akr\u00fc\u00fclsisuga k\u00fcmblust\u00fcnn on ideaalne valik k\u00f5igile, kes armastavad loodust ja heaolu. See on suurep\u00e4rane viis l\u00f5\u00f5gastumiseks, puhkamiseks ja v\u00e4rske \u00f5hu ning rahustava vee nautimiseks. Seda saab kasutada aastaringselt ja see lisab teie kinnisvarale v\u00e4\u00e4rtust ja v\u00f5lu. Tellige oma t\u00fcnn t\u00e4na ja valmistuge kogema parimat v\u00e4lispaad!<\/p>\n","protected":false},"featured_media":87222,"comment_status":"open","ping_status":"closed","template":"","meta":{"_acf_changed":false},"factory":[],"free-shipment":[],"product_brand":[],"product_cat":[2587,2209],"product_tag":[1483,2842,1484],"class_list":{"0":"post-87230","1":"product","2":"type-product","3":"status-publish","4":"has-post-thumbnail","6":"product_cat-klaasplastist-kumblustunnid","7":"product_cat-kumblustunnid","8":"product_tag-garden-et","9":"product_tag-hot-tub-et","10":"product_tag-yard-et","12":"first","13":"instock","14":"sale","15":"taxable","16":"shipping-taxable","17":"purchasable","18":"product-type-simple"},"acf":[],"_links":{"self":[{"href":"https:\/\/factory.sale\/et\/wp-json\/wp\/v2\/product\/87230","targetHints":{"allow":["GET"]}}],"collection":[{"href":"https:\/\/factory.sale\/et\/wp-json\/wp\/v2\/product"}],"about":[{"href":"https:\/\/factory.sale\/et\/wp-json\/wp\/v2\/types\/product"}],"replies":[{"embeddable":true,"href":"https:\/\/factory.sale\/et\/wp-json\/wp\/v2\/comments?post=87230"}],"wp:featuredmedia":[{"embeddable":true,"href":"https:\/\/factory.sale\/et\/wp-json\/wp\/v2\/media\/87222"}],"wp:attachment":[{"href":"https:\/\/factory.sale\/et\/wp-json\/wp\/v2\/media?parent=87230"}],"wp:term":[{"taxonomy":"factory","embeddable":true,"href":"https:\/\/factory.sale\/et\/wp-json\/wp\/v2\/factory?post=87230"},{"taxonomy":"free-shipment","embeddable":true,"href":"https:\/\/factory.sale\/et\/wp-json\/wp\/v2\/free-shipment?post=87230"},{"taxonomy":"product_brand","embeddable":true,"href":"https:\/\/factory.sale\/et\/wp-json\/wp\/v2\/product_brand?post=87230"},{"taxonomy":"product_cat","embeddable":true,"href":"https:\/\/factory.sale\/et\/wp-json\/wp\/v2\/product_cat?post=87230"},{"taxonomy":"product_tag","embeddable":true,"href":"https:\/\/factory.sale\/et\/wp-json\/wp\/v2\/product_tag?post=87230"}],"curies":[{"name":"wp","href":"https:\/\/api.w.org\/{rel}","templated":true}]}}