{"id":87199,"date":"2024-06-30T17:53:38","date_gmt":"2024-06-30T18:02:23","guid":{"rendered":"https:\/\/factory.sale\/?post_type=product&#038;p=87199"},"modified":"2026-02-11T03:04:36","modified_gmt":"2026-02-11T00:04:36","slug":"ofuro-kumblustunn-integreeritud-kuttekehaga","status":"publish","type":"product","link":"https:\/\/factory.sale\/et\/toode\/ofuro-kumblustunn-integreeritud-kuttekehaga\/","title":{"rendered":"1,2&#215;1,9 Ofuro klaasplast k\u00fcmblust\u00fcnn integreeritud k\u00fcttekehaga"},"content":{"rendered":"<p>Naudi kompaktset ja erilist l\u00f5\u00f5gastust meie Ofuro klaaskiust k\u00fcmblust\u00fcnniga, mis sobib ideaalselt kahele inimesele. See mudel on loodud neile, kes soovivad hoovis ruumi s\u00e4\u00e4sta \u2013 t\u00e4nu oma m\u00f5\u00f5tmetele ja integreeritud k\u00fcttele, mis ei vaja eraldi v\u00e4lisruumi.<\/p>\n<p>Kuna selles mudelis on v\u00e4hem vett kui tavap\u00e4rastes k\u00fcmblust\u00fcnnides, soojeneb vesi v\u00e4ga kiiresti (umbes 1\u20131,5 tunniga), v\u00f5imaldades k\u00fcmblust nautida kiiresti ja muretult.<\/p>\n<p>See mudel on soodsam alternatiiv akr\u00fc\u00fclile, s\u00e4ilitades samas vastupidavuse ja tugevuse. Klaaskiust sisu tagab, et k\u00fcmblust\u00fcnn kestab aastaid ning s\u00e4ilitab oma funktsionaalsuse.<br \/>\nOfuro klaaskiust k\u00fcmblust\u00fcnn integreeritud k\u00fcttega on suurep\u00e4rane valik paaridele, kus mugavus ja kvaliteet kohtuvad stiilse disainiga.<\/p>\n<p>&nbsp;<\/p>\n<p>&nbsp;<\/p>\n<p><strong>Tehnilised andmed:<\/strong><\/p>\n<div class=\"TyagGW_tableContainer\">\n<div class=\"group TyagGW_tableWrapper flex flex-col-reverse w-fit\" tabindex=\"-1\">\n<table class=\"w-fit min-w-(--thread-content-width)\" style=\"height: 344px;\" width=\"519\" data-start=\"1008\" data-end=\"1240\">\n<thead data-start=\"1008\" data-end=\"1029\">\n<tr data-start=\"1008\" data-end=\"1029\">\n<th data-start=\"1008\" data-end=\"1018\" data-col-size=\"sm\"><\/th>\n<th data-start=\"1018\" data-end=\"1029\" data-col-size=\"sm\"><\/th>\n<\/tr>\n<\/thead>\n<tbody data-start=\"1049\" data-end=\"1240\">\n<tr data-start=\"1049\" data-end=\"1074\">\n<td data-start=\"1049\" data-end=\"1061\" data-col-size=\"sm\">Sisu t\u00fc\u00fcp<\/td>\n<td data-start=\"1061\" data-end=\"1074\" data-col-size=\"sm\">Klaaskiud<\/td>\n<\/tr>\n<tr data-start=\"1075\" data-end=\"1104\">\n<td data-start=\"1075\" data-end=\"1088\" data-col-size=\"sm\">Sisesuurus<\/td>\n<td data-start=\"1088\" data-end=\"1104\" data-col-size=\"sm\">170 \u00d7 120 cm<\/td>\n<\/tr>\n<tr data-start=\"1105\" data-end=\"1135\">\n<td data-start=\"1105\" data-end=\"1119\" data-col-size=\"sm\">V\u00e4lissuurus<\/td>\n<td data-start=\"1119\" data-end=\"1135\" data-col-size=\"sm\">190 \u00d7 120 cm<\/td>\n<\/tr>\n<tr data-start=\"1136\" data-end=\"1154\">\n<td data-start=\"1136\" data-end=\"1145\" data-col-size=\"sm\">K\u00f5rgus<\/td>\n<td data-start=\"1145\" data-end=\"1154\" data-col-size=\"sm\">98 cm<\/td>\n<\/tr>\n<tr data-start=\"1155\" data-end=\"1180\">\n<td data-start=\"1155\" data-end=\"1167\" data-col-size=\"sm\">Istekohti<\/td>\n<td data-start=\"1167\" data-end=\"1180\" data-col-size=\"sm\">2 inimest<\/td>\n<\/tr>\n<tr data-start=\"1181\" data-end=\"1200\">\n<td data-start=\"1181\" data-end=\"1191\" data-col-size=\"sm\">Veemaht<\/td>\n<td data-start=\"1191\" data-end=\"1200\" data-col-size=\"sm\">600 l<\/td>\n<\/tr>\n<tr data-start=\"1201\" data-end=\"1218\">\n<td data-start=\"1201\" data-end=\"1208\" data-col-size=\"sm\">Kaal<\/td>\n<td data-start=\"1208\" data-end=\"1218\" data-col-size=\"sm\">200 kg<\/td>\n<\/tr>\n<tr data-start=\"1219\" data-end=\"1240\">\n<td data-start=\"1219\" data-end=\"1230\" data-col-size=\"sm\">K\u00fctteaeg<\/td>\n<td data-start=\"1230\" data-end=\"1240\" data-col-size=\"sm\">~1,5 h<\/td>\n<\/tr>\n<\/tbody>\n<\/table>\n<\/div>\n<\/div>\n<p>&nbsp;<\/p>\n<p><strong>Standardkomplekt sisaldab:<\/strong><\/p>\n<p><img loading=\"lazy\" decoding=\"async\" class=\"alignnone wp-image-139444\" src=\"https:\/\/factory.sale\/wp-content\/uploads\/2025\/10\/Ufuro-standard-set-est-factory-sale-300x178.png\" alt=\"\" width=\"497\" height=\"295\" srcset=\"https:\/\/factory.sale\/wp-content\/uploads\/2025\/10\/Ufuro-standard-set-est-factory-sale-300x178.png 300w, https:\/\/factory.sale\/wp-content\/uploads\/2025\/10\/Ufuro-standard-set-est-factory-sale-1024x608.png 1024w, https:\/\/factory.sale\/wp-content\/uploads\/2025\/10\/Ufuro-standard-set-est-factory-sale-150x89.png 150w, https:\/\/factory.sale\/wp-content\/uploads\/2025\/10\/Ufuro-standard-set-est-factory-sale-768x456.png 768w, https:\/\/factory.sale\/wp-content\/uploads\/2025\/10\/Ufuro-standard-set-est-factory-sale-600x356.png 600w, https:\/\/factory.sale\/wp-content\/uploads\/2025\/10\/Ufuro-standard-set-est-factory-sale.png 1408w\" sizes=\"auto, (max-width: 497px) 100vw, 497px\" \/><\/p>\n<p>&nbsp;<\/p>\n<p>&nbsp;<\/p>\n<p><strong>LISAD<\/strong><\/p>\n<p>&nbsp;<\/p>\n<p><strong>Kerised<\/strong><\/p>\n<p><img loading=\"lazy\" decoding=\"async\" class=\"alignnone wp-image-139691\" src=\"https:\/\/factory.sale\/wp-content\/uploads\/2025\/10\/Ufuro-Kerised-EST-factory-sale-300x216.png\" alt=\"\" width=\"531\" height=\"382\" srcset=\"https:\/\/factory.sale\/wp-content\/uploads\/2025\/10\/Ufuro-Kerised-EST-factory-sale-300x216.png 300w, https:\/\/factory.sale\/wp-content\/uploads\/2025\/10\/Ufuro-Kerised-EST-factory-sale-1024x738.png 1024w, https:\/\/factory.sale\/wp-content\/uploads\/2025\/10\/Ufuro-Kerised-EST-factory-sale-150x108.png 150w, https:\/\/factory.sale\/wp-content\/uploads\/2025\/10\/Ufuro-Kerised-EST-factory-sale-768x554.png 768w, https:\/\/factory.sale\/wp-content\/uploads\/2025\/10\/Ufuro-Kerised-EST-factory-sale-600x433.png 600w, https:\/\/factory.sale\/wp-content\/uploads\/2025\/10\/Ufuro-Kerised-EST-factory-sale.png 1334w\" sizes=\"auto, (max-width: 531px) 100vw, 531px\" \/><\/p>\n<p><img loading=\"lazy\" decoding=\"async\" class=\"alignnone wp-image-139683\" src=\"https:\/\/factory.sale\/wp-content\/uploads\/2024\/06\/Ufuro-Electric-EST-factory-sale-300x61.png\" alt=\"\" width=\"630\" height=\"128\" srcset=\"https:\/\/factory.sale\/wp-content\/uploads\/2024\/06\/Ufuro-Electric-EST-factory-sale-300x61.png 300w, https:\/\/factory.sale\/wp-content\/uploads\/2024\/06\/Ufuro-Electric-EST-factory-sale-1024x208.png 1024w, https:\/\/factory.sale\/wp-content\/uploads\/2024\/06\/Ufuro-Electric-EST-factory-sale-150x30.png 150w, https:\/\/factory.sale\/wp-content\/uploads\/2024\/06\/Ufuro-Electric-EST-factory-sale-768x156.png 768w, https:\/\/factory.sale\/wp-content\/uploads\/2024\/06\/Ufuro-Electric-EST-factory-sale-1536x312.png 1536w, https:\/\/factory.sale\/wp-content\/uploads\/2024\/06\/Ufuro-Electric-EST-factory-sale-600x122.png 600w, https:\/\/factory.sale\/wp-content\/uploads\/2024\/06\/Ufuro-Electric-EST-factory-sale.png 1822w\" sizes=\"auto, (max-width: 630px) 100vw, 630px\" \/><\/p>\n<p>&nbsp;<\/p>\n<p><strong>Akr\u00fc\u00fclsisu v\u00e4rv<\/strong><\/p>\n<p>P\u00e4rlvalge, metallhall, metallkuldne<\/p>\n<p><img loading=\"lazy\" decoding=\"async\" class=\"alignnone wp-image-139140\" src=\"https:\/\/factory.sale\/wp-content\/uploads\/2025\/10\/Ufuro-insert-colour-factory-sale-300x59.png\" alt=\"\" width=\"519\" height=\"102\" srcset=\"https:\/\/factory.sale\/wp-content\/uploads\/2025\/10\/Ufuro-insert-colour-factory-sale-300x59.png 300w, https:\/\/factory.sale\/wp-content\/uploads\/2025\/10\/Ufuro-insert-colour-factory-sale-150x29.png 150w, https:\/\/factory.sale\/wp-content\/uploads\/2025\/10\/Ufuro-insert-colour-factory-sale-768x151.png 768w, https:\/\/factory.sale\/wp-content\/uploads\/2025\/10\/Ufuro-insert-colour-factory-sale-600x118.png 600w, https:\/\/factory.sale\/wp-content\/uploads\/2025\/10\/Ufuro-insert-colour-factory-sale.png 898w\" sizes=\"auto, (max-width: 519px) 100vw, 519px\" \/><\/p>\n<p>&nbsp;<\/p>\n<p><strong>Puiduv\u00e4rv<\/strong><\/p>\n<p><img loading=\"lazy\" decoding=\"async\" class=\"alignnone wp-image-139710\" src=\"https:\/\/factory.sale\/wp-content\/uploads\/2025\/10\/Ufuro-Wood-Colour-EST-factory-sale-2-300x187.png\" alt=\"\" width=\"472\" height=\"294\" srcset=\"https:\/\/factory.sale\/wp-content\/uploads\/2025\/10\/Ufuro-Wood-Colour-EST-factory-sale-2-300x187.png 300w, https:\/\/factory.sale\/wp-content\/uploads\/2025\/10\/Ufuro-Wood-Colour-EST-factory-sale-2-1024x637.png 1024w, https:\/\/factory.sale\/wp-content\/uploads\/2025\/10\/Ufuro-Wood-Colour-EST-factory-sale-2-150x93.png 150w, https:\/\/factory.sale\/wp-content\/uploads\/2025\/10\/Ufuro-Wood-Colour-EST-factory-sale-2-768x478.png 768w, https:\/\/factory.sale\/wp-content\/uploads\/2025\/10\/Ufuro-Wood-Colour-EST-factory-sale-2-600x373.png 600w, https:\/\/factory.sale\/wp-content\/uploads\/2025\/10\/Ufuro-Wood-Colour-EST-factory-sale-2.png 1396w\" sizes=\"auto, (max-width: 472px) 100vw, 472px\" \/><\/p>\n<p>&nbsp;<\/p>\n<p><strong>LED tuled<\/strong><\/p>\n<p><img loading=\"lazy\" decoding=\"async\" class=\"alignnone wp-image-139670\" src=\"https:\/\/factory.sale\/wp-content\/uploads\/2025\/10\/Ufuro-EST-LED-lights-factory-sale-300x168.png\" alt=\"\" width=\"557\" height=\"312\" srcset=\"https:\/\/factory.sale\/wp-content\/uploads\/2025\/10\/Ufuro-EST-LED-lights-factory-sale-300x168.png 300w, https:\/\/factory.sale\/wp-content\/uploads\/2025\/10\/Ufuro-EST-LED-lights-factory-sale-1024x573.png 1024w, https:\/\/factory.sale\/wp-content\/uploads\/2025\/10\/Ufuro-EST-LED-lights-factory-sale-150x84.png 150w, https:\/\/factory.sale\/wp-content\/uploads\/2025\/10\/Ufuro-EST-LED-lights-factory-sale-768x430.png 768w, https:\/\/factory.sale\/wp-content\/uploads\/2025\/10\/Ufuro-EST-LED-lights-factory-sale-600x336.png 600w, https:\/\/factory.sale\/wp-content\/uploads\/2025\/10\/Ufuro-EST-LED-lights-factory-sale.png 1322w\" sizes=\"auto, (max-width: 557px) 100vw, 557px\" \/><\/p>\n<p>&nbsp;<\/p>\n<p>&nbsp;<\/p>\n<p><strong>Katted<\/strong><\/p>\n<p><img loading=\"lazy\" decoding=\"async\" class=\"alignnone wp-image-139650\" src=\"https:\/\/factory.sale\/wp-content\/uploads\/2025\/10\/Ufuro-Covers-EST-factory-sale-1-300x86.png\" alt=\"\" width=\"547\" height=\"157\" srcset=\"https:\/\/factory.sale\/wp-content\/uploads\/2025\/10\/Ufuro-Covers-EST-factory-sale-1-300x86.png 300w, https:\/\/factory.sale\/wp-content\/uploads\/2025\/10\/Ufuro-Covers-EST-factory-sale-1-1024x292.png 1024w, https:\/\/factory.sale\/wp-content\/uploads\/2025\/10\/Ufuro-Covers-EST-factory-sale-1-150x43.png 150w, https:\/\/factory.sale\/wp-content\/uploads\/2025\/10\/Ufuro-Covers-EST-factory-sale-1-768x219.png 768w, https:\/\/factory.sale\/wp-content\/uploads\/2025\/10\/Ufuro-Covers-EST-factory-sale-1-600x171.png 600w, https:\/\/factory.sale\/wp-content\/uploads\/2025\/10\/Ufuro-Covers-EST-factory-sale-1.png 1318w\" sizes=\"auto, (max-width: 547px) 100vw, 547px\" \/><\/p>\n<p>&nbsp;<\/p>\n<p><strong>Filtrid<\/strong><\/p>\n<p><img loading=\"lazy\" decoding=\"async\" class=\"alignnone wp-image-139468\" src=\"https:\/\/factory.sale\/wp-content\/uploads\/2025\/10\/Ufuro-filters-EST-factory-sale-300x235.png\" alt=\"\" width=\"555\" height=\"435\" srcset=\"https:\/\/factory.sale\/wp-content\/uploads\/2025\/10\/Ufuro-filters-EST-factory-sale-300x235.png 300w, https:\/\/factory.sale\/wp-content\/uploads\/2025\/10\/Ufuro-filters-EST-factory-sale-150x117.png 150w, https:\/\/factory.sale\/wp-content\/uploads\/2025\/10\/Ufuro-filters-EST-factory-sale-768x601.png 768w, https:\/\/factory.sale\/wp-content\/uploads\/2025\/10\/Ufuro-filters-EST-factory-sale-600x469.png 600w, https:\/\/factory.sale\/wp-content\/uploads\/2025\/10\/Ufuro-filters-EST-factory-sale.png 890w\" sizes=\"auto, (max-width: 555px) 100vw, 555px\" \/><\/p>\n<p>&nbsp;<\/p>\n<p>&nbsp;<\/p>\n<p><strong>SPA s\u00fcsteem<\/strong><\/p>\n<p><img loading=\"lazy\" decoding=\"async\" class=\"alignnone wp-image-139674\" src=\"https:\/\/factory.sale\/wp-content\/uploads\/2025\/10\/Ufuro-SPA-EST-factory-sale-1-300x171.png\" alt=\"\" width=\"558\" height=\"318\" srcset=\"https:\/\/factory.sale\/wp-content\/uploads\/2025\/10\/Ufuro-SPA-EST-factory-sale-1-300x171.png 300w, https:\/\/factory.sale\/wp-content\/uploads\/2025\/10\/Ufuro-SPA-EST-factory-sale-1-1024x585.png 1024w, https:\/\/factory.sale\/wp-content\/uploads\/2025\/10\/Ufuro-SPA-EST-factory-sale-1-150x86.png 150w, https:\/\/factory.sale\/wp-content\/uploads\/2025\/10\/Ufuro-SPA-EST-factory-sale-1-768x438.png 768w, https:\/\/factory.sale\/wp-content\/uploads\/2025\/10\/Ufuro-SPA-EST-factory-sale-1-600x342.png 600w, https:\/\/factory.sale\/wp-content\/uploads\/2025\/10\/Ufuro-SPA-EST-factory-sale-1.png 1384w\" sizes=\"auto, (max-width: 558px) 100vw, 558px\" \/><\/p>\n<p>&nbsp;<\/p>\n<p><strong>Muud lisad<\/strong><\/p>\n<p><img loading=\"lazy\" decoding=\"async\" class=\"alignnone wp-image-139660\" src=\"https:\/\/factory.sale\/wp-content\/uploads\/2025\/10\/Ufuro-Other-Accessories-EST-factory-sale-1-300x266.png\" alt=\"\" width=\"557\" height=\"494\" srcset=\"https:\/\/factory.sale\/wp-content\/uploads\/2025\/10\/Ufuro-Other-Accessories-EST-factory-sale-1-300x266.png 300w, https:\/\/factory.sale\/wp-content\/uploads\/2025\/10\/Ufuro-Other-Accessories-EST-factory-sale-1-1024x907.png 1024w, https:\/\/factory.sale\/wp-content\/uploads\/2025\/10\/Ufuro-Other-Accessories-EST-factory-sale-1-150x133.png 150w, https:\/\/factory.sale\/wp-content\/uploads\/2025\/10\/Ufuro-Other-Accessories-EST-factory-sale-1-768x680.png 768w, https:\/\/factory.sale\/wp-content\/uploads\/2025\/10\/Ufuro-Other-Accessories-EST-factory-sale-1-600x531.png 600w, https:\/\/factory.sale\/wp-content\/uploads\/2025\/10\/Ufuro-Other-Accessories-EST-factory-sale-1.png 1310w\" sizes=\"auto, (max-width: 557px) 100vw, 557px\" \/><\/p>\n<p><img loading=\"lazy\" decoding=\"async\" class=\"alignnone wp-image-139706\" src=\"https:\/\/factory.sale\/wp-content\/uploads\/2025\/10\/Ufuro-Accessories-2-EST-factory-sale-300x147.png\" alt=\"\" width=\"557\" height=\"273\" srcset=\"https:\/\/factory.sale\/wp-content\/uploads\/2025\/10\/Ufuro-Accessories-2-EST-factory-sale-300x147.png 300w, https:\/\/factory.sale\/wp-content\/uploads\/2025\/10\/Ufuro-Accessories-2-EST-factory-sale-1024x501.png 1024w, https:\/\/factory.sale\/wp-content\/uploads\/2025\/10\/Ufuro-Accessories-2-EST-factory-sale-150x73.png 150w, https:\/\/factory.sale\/wp-content\/uploads\/2025\/10\/Ufuro-Accessories-2-EST-factory-sale-768x376.png 768w, https:\/\/factory.sale\/wp-content\/uploads\/2025\/10\/Ufuro-Accessories-2-EST-factory-sale-600x294.png 600w, https:\/\/factory.sale\/wp-content\/uploads\/2025\/10\/Ufuro-Accessories-2-EST-factory-sale.png 1344w\" sizes=\"auto, (max-width: 557px) 100vw, 557px\" \/><\/p>\n<p>&nbsp;<\/p>\n<p>&nbsp;<\/p>\n<p>&nbsp;<\/p>\n<p><strong>Eritelimusjoonised 81 \u20ac<\/strong><\/p>\n<p>&nbsp;<\/p>\n<p><a href=\"https:\/\/factory.sale\/wp-content\/uploads\/2024\/07\/Kumblustunni-kasutusjuhend.pdf\" target=\"_blank\" rel=\"noopener\">K\u00fcmblust\u00fcnni kasutusjuhend<\/a><\/p>\n<p>&nbsp;<\/p>\n<div class=\"video-wrapper \"><\/div>\n","protected":false},"excerpt":{"rendered":"<p>Naudi rahulikku ja m\u00f5nusat l\u00f5\u00f5gastust oma aias. Kompaktne Ofuro klaaskiust k\u00fcmblust\u00fcnn kahele, integreeritud k\u00fcttekehaga ja kiire veesoojendusega, mis toob t\u00f5elise spa-elamuse otse Sulle koju.<\/p>\n","protected":false},"featured_media":135136,"comment_status":"open","ping_status":"closed","template":"","meta":{"_acf_changed":false},"factory":[],"free-shipment":[],"product_brand":[],"product_cat":[2587,2209],"product_tag":[1483,2842,1484],"class_list":{"0":"post-87199","1":"product","2":"type-product","3":"status-publish","4":"has-post-thumbnail","6":"product_cat-klaasplastist-kumblustunnid","7":"product_cat-kumblustunnid","8":"product_tag-garden-et","9":"product_tag-hot-tub-et","10":"product_tag-yard-et","12":"first","13":"instock","14":"sale","15":"taxable","16":"shipping-taxable","17":"purchasable","18":"product-type-simple"},"acf":[],"_links":{"self":[{"href":"https:\/\/factory.sale\/et\/wp-json\/wp\/v2\/product\/87199","targetHints":{"allow":["GET"]}}],"collection":[{"href":"https:\/\/factory.sale\/et\/wp-json\/wp\/v2\/product"}],"about":[{"href":"https:\/\/factory.sale\/et\/wp-json\/wp\/v2\/types\/product"}],"replies":[{"embeddable":true,"href":"https:\/\/factory.sale\/et\/wp-json\/wp\/v2\/comments?post=87199"}],"wp:featuredmedia":[{"embeddable":true,"href":"https:\/\/factory.sale\/et\/wp-json\/wp\/v2\/media\/135136"}],"wp:attachment":[{"href":"https:\/\/factory.sale\/et\/wp-json\/wp\/v2\/media?parent=87199"}],"wp:term":[{"taxonomy":"factory","embeddable":true,"href":"https:\/\/factory.sale\/et\/wp-json\/wp\/v2\/factory?post=87199"},{"taxonomy":"free-shipment","embeddable":true,"href":"https:\/\/factory.sale\/et\/wp-json\/wp\/v2\/free-shipment?post=87199"},{"taxonomy":"product_brand","embeddable":true,"href":"https:\/\/factory.sale\/et\/wp-json\/wp\/v2\/product_brand?post=87199"},{"taxonomy":"product_cat","embeddable":true,"href":"https:\/\/factory.sale\/et\/wp-json\/wp\/v2\/product_cat?post=87199"},{"taxonomy":"product_tag","embeddable":true,"href":"https:\/\/factory.sale\/et\/wp-json\/wp\/v2\/product_tag?post=87199"}],"curies":[{"name":"wp","href":"https:\/\/api.w.org\/{rel}","templated":true}]}}