{"id":87157,"date":"2024-06-29T09:03:06","date_gmt":"2024-06-30T08:01:06","guid":{"rendered":"https:\/\/factory.sale\/?post_type=product&#038;p=87157"},"modified":"2024-07-07T23:26:31","modified_gmt":"2024-07-07T23:26:31","slug":"kumblustunn-180-20-valise-40-kw-kuttekehaga","status":"publish","type":"product","link":"https:\/\/factory.sale\/et\/toode\/kumblustunn-180-20-valise-40-kw-kuttekehaga\/","title":{"rendered":"K\u00fcmblust\u00fcnn 1,80\/2,0 v\u00e4lise 40 kW k\u00fcttekehaga"},"content":{"rendered":"<p>See k\u00fcmblust\u00fcnn on \u00fcmmarguse kujuga ja klaasplastist sisuga, mis mahutab kuni 6-8 inimest. V\u00e4line k\u00fcttekeha on valmistatud terasest 304 ja sellel on 2 meetri pikkune korsten koos kattega. K\u00fcttekeha suudab vett soojendada 4,5-6 tunni jooksul, s\u00f5ltuvalt ilmast ja vee temperatuurist. Puidu viimistlusplaatideks saab valida Siberi kuuse, termopuidu v\u00f5i tumehalli WPC. K\u00fcmblust\u00fcnnil on ka puidust vooder, mis annab sellele loodusliku ja sooja v\u00e4limuse. Samuti on kaasas v\u00e4lised puittrepid, mis tagavad lihtsa juurdep\u00e4\u00e4su. Saate ka oma k\u00fcmblust\u00fcnni isikup\u00e4rastada lisatarvikutega.<\/p>\n<p>&nbsp;<\/p>\n<p>&nbsp;<\/p>\n<p><strong>Tehnilised andmed:<\/strong><\/p>\n<p>Kuju: \u00dcmmargune<br \/>\nSisemine diameeter: 1,8 m;<br \/>\nV\u00e4limine diameeter: 2,0 m;<br \/>\nSeina k\u00f5rgus: 0,93 m;<br \/>\nPingi k\u00f5rgus: 28 cm;<br \/>\nVoodrilaudade paksus: 20 mm;<br \/>\nMaht: 1500 l;<br \/>\nKaal: 230 kg;<br \/>\nMahutab: 6-8 inimest.<\/p>\n<p>&nbsp;<\/p>\n<p>&nbsp;<\/p>\n<p><strong>Standardkomplekt:<\/strong><\/p>\n<p>Puit \u2013 kuusk (standard); Valikuline: termopuit, WPC (puitplastkomposiit \u2013 koosneb 30 % puidust, 60 % plastist ja 10 % muudest komponentidest);<br \/>\nKlaasplastist pingid;<br \/>\nV\u00e4line k\u00fcttekeha;<br \/>\nV\u00e4lised puittrepid.<br \/>\nK\u00fcmblust\u00fcnn 40 kW v\u00e4lise k\u00fcttekehaga<\/p>\n<p>&nbsp;<\/p>\n<p>&nbsp;<\/p>\n<p>&nbsp;<\/p>\n<p><strong>Klaasplasti v\u00e4rvid:<\/strong><\/p>\n<p>P\u00e4rl-hall, p\u00e4rl-valge, p\u00e4rl-sinine<\/p>\n<p><img loading=\"lazy\" decoding=\"async\" class=\"alignnone wp-image-87088\" src=\"https:\/\/factory.sale\/wp-content\/uploads\/2024\/06\/fiberglass-colour-300x85.png\" alt=\"\" width=\"547\" height=\"155\" srcset=\"https:\/\/factory.sale\/wp-content\/uploads\/2024\/06\/fiberglass-colour-300x85.png 300w, https:\/\/factory.sale\/wp-content\/uploads\/2024\/06\/fiberglass-colour-150x43.png 150w, https:\/\/factory.sale\/wp-content\/uploads\/2024\/06\/fiberglass-colour-600x170.png 600w, https:\/\/factory.sale\/wp-content\/uploads\/2024\/06\/fiberglass-colour.png 648w\" sizes=\"auto, (max-width: 547px) 100vw, 547px\" \/><\/p>\n<p>&nbsp;<\/p>\n<p>&nbsp;<\/p>\n<p><strong>Puidu valikud:<\/strong><\/p>\n<p>Kuusk 0.- \/ Termopuit 302,1 .-\/ WPC 228 .-<\/p>\n<p>V\u00e4lispidine immutamine \/ v\u00e4rvimine: 51,3 .-<\/p>\n<p><img loading=\"lazy\" decoding=\"async\" class=\"alignnone wp-image-87149\" src=\"https:\/\/factory.sale\/wp-content\/uploads\/2024\/06\/wooden-me-wood-300x64.png\" alt=\"\" width=\"600\" height=\"128\" srcset=\"https:\/\/factory.sale\/wp-content\/uploads\/2024\/06\/wooden-me-wood-300x64.png 300w, https:\/\/factory.sale\/wp-content\/uploads\/2024\/06\/wooden-me-wood-150x32.png 150w, https:\/\/factory.sale\/wp-content\/uploads\/2024\/06\/wooden-me-wood-600x127.png 600w, https:\/\/factory.sale\/wp-content\/uploads\/2024\/06\/wooden-me-wood.png 622w\" sizes=\"auto, (max-width: 600px) 100vw, 600px\" \/><\/p>\n<p>&nbsp;<\/p>\n<p>&nbsp;<\/p>\n<p><strong>K\u00fcttekeha:<\/strong><\/p>\n<p>Teras 304 \/ 0 .-<\/p>\n<p>Teras 316 \/ 188,1 .-<\/p>\n<p>&nbsp;<\/p>\n<p>&nbsp;<\/p>\n<p>&nbsp;<\/p>\n<p><strong>Lisatarvikud k\u00fcttekeha jaoks:<\/strong><\/p>\n<p>Roostevabast terasest kumerad torud v\u00e4lise k\u00fcttekeha jaoks (2 tk.) 51,3 .-<\/p>\n<p>Korstenekork s\u00e4deme p\u00fc\u00fcdjaga tavalise korstna asemel 17,1 .-<\/p>\n<p>Korstenekaitse 39,9 .-<\/p>\n<p>1 m lisakorsten 22,8 .-<\/p>\n<p>&nbsp;<\/p>\n<p>&nbsp;<\/p>\n<p><strong>T\u00e4iendavad k\u00fcttevalikud:<\/strong><\/p>\n<p>Keris\u2013 elektriline 3 KW\/220v\/ 627 .-<\/p>\n<p>Keris\u2013 elektriline 6 KW\/380v\/ 627 .-<\/p>\n<p>&nbsp;<\/p>\n<p><strong>Katted (must, pruun, hall):<\/strong><\/p>\n<p>Telkkate 125,4 .-<\/p>\n<p>Termokate 250,8 .-<\/p>\n<p><img loading=\"lazy\" decoding=\"async\" class=\"alignnone wp-image-87093\" src=\"https:\/\/factory.sale\/wp-content\/uploads\/2024\/06\/covers-300x69.png\" alt=\"\" width=\"522\" height=\"120\" srcset=\"https:\/\/factory.sale\/wp-content\/uploads\/2024\/06\/covers-300x69.png 300w, https:\/\/factory.sale\/wp-content\/uploads\/2024\/06\/covers-150x34.png 150w, https:\/\/factory.sale\/wp-content\/uploads\/2024\/06\/covers-600x137.png 600w, https:\/\/factory.sale\/wp-content\/uploads\/2024\/06\/covers.png 612w\" sizes=\"auto, (max-width: 522px) 100vw, 522px\" \/><\/p>\n<p>&nbsp;<\/p>\n<p><strong>PVC katte v\u00e4rv:<\/strong><\/p>\n<p>&nbsp;<\/p>\n<p><img loading=\"lazy\" decoding=\"async\" class=\"alignnone wp-image-87096\" src=\"https:\/\/factory.sale\/wp-content\/uploads\/2024\/06\/PVC-300x58.png\" alt=\"\" width=\"512\" height=\"99\" srcset=\"https:\/\/factory.sale\/wp-content\/uploads\/2024\/06\/PVC-300x58.png 300w, https:\/\/factory.sale\/wp-content\/uploads\/2024\/06\/PVC-150x29.png 150w, https:\/\/factory.sale\/wp-content\/uploads\/2024\/06\/PVC-600x116.png 600w, https:\/\/factory.sale\/wp-content\/uploads\/2024\/06\/PVC.png 650w\" sizes=\"auto, (max-width: 512px) 100vw, 512px\" \/><\/p>\n<p>&nbsp;<\/p>\n<p>&nbsp;<\/p>\n<p><strong>SPA-s\u00fcsteemid:<\/strong><\/p>\n<p>Vee SPA s\u00fcsteem 6 d\u00fc\u00fcsi 313,5 .-<\/p>\n<p>\u00d5hu SPA s\u00fcsteem 12 d\u00fc\u00fcsi 313,5 .-<\/p>\n<p>Lisad\u00fc\u00fcsid 11,4 .-<\/p>\n<p>Lekkevoolukaitse 79,8 .-<\/p>\n<p>&nbsp;<\/p>\n<p>&nbsp;<\/p>\n<p><strong>LED-valgustus:<\/strong><\/p>\n<p>1 LED 62,7 .-<\/p>\n<p>6 MINI LED-i 96,9 .-<\/p>\n<p>T\u00e4iendav mini LED 11,4 .-<\/p>\n<p>&nbsp;<\/p>\n<p>&nbsp;<\/p>\n<p><strong>Liivafilter ja tarvikud:<\/strong><\/p>\n<p>Liivafilter 438,9 .-<\/p>\n<p>Filtreerimis\u00fchendused 96,9 .-<\/p>\n<p>Dekoratiivne karp liivafilterile 39,9 .-<\/p>\n<p>Puidust karp liivafilterile 62,7 .-<\/p>\n<p>&nbsp;<\/p>\n<p><strong><em>Saadaval on rohkem tarvikuid, k\u00fcsi lisa.<\/em><\/strong><\/p>\n<p>&nbsp;<\/p>\n<p>&nbsp;<\/p>\n<p><a href=\"https:\/\/factory.sale\/wp-content\/uploads\/2024\/07\/Kumblustunni-kasutusjuhend.pdf\" target=\"_blank\" rel=\"noopener\">K\u00fcmblust\u00fcnni kasutusjuhend<\/a><\/p>\n","protected":false},"excerpt":{"rendered":"<p>See k\u00fcmblust\u00fcnn on \u00fcmmarguse kujuga ja klaasplastist sisuga, mis mahutab kuni 6-8 inimest. V\u00e4line k\u00fcttekeha on valmistatud terasest 304 ja sellel on 2 meetri pikkune korsten koos kattega. K\u00fcttekeha suudab vett soojendada 4,5-6 tunni jooksul, s\u00f5ltuvalt ilmast ja vee temperatuurist.<\/p>\n","protected":false},"featured_media":87138,"comment_status":"open","ping_status":"closed","template":"","meta":{"_acf_changed":false},"factory":[],"free-shipment":[],"product_brand":[],"product_cat":[2587,2209],"product_tag":[1483,2842,1484],"class_list":{"0":"post-87157","1":"product","2":"type-product","3":"status-publish","4":"has-post-thumbnail","6":"product_cat-klaasplastist-kumblustunnid","7":"product_cat-kumblustunnid","8":"product_tag-garden-et","9":"product_tag-hot-tub-et","10":"product_tag-yard-et","12":"first","13":"instock","14":"sale","15":"taxable","16":"shipping-taxable","17":"purchasable","18":"product-type-simple"},"acf":[],"_links":{"self":[{"href":"https:\/\/factory.sale\/et\/wp-json\/wp\/v2\/product\/87157","targetHints":{"allow":["GET"]}}],"collection":[{"href":"https:\/\/factory.sale\/et\/wp-json\/wp\/v2\/product"}],"about":[{"href":"https:\/\/factory.sale\/et\/wp-json\/wp\/v2\/types\/product"}],"replies":[{"embeddable":true,"href":"https:\/\/factory.sale\/et\/wp-json\/wp\/v2\/comments?post=87157"}],"wp:featuredmedia":[{"embeddable":true,"href":"https:\/\/factory.sale\/et\/wp-json\/wp\/v2\/media\/87138"}],"wp:attachment":[{"href":"https:\/\/factory.sale\/et\/wp-json\/wp\/v2\/media?parent=87157"}],"wp:term":[{"taxonomy":"factory","embeddable":true,"href":"https:\/\/factory.sale\/et\/wp-json\/wp\/v2\/factory?post=87157"},{"taxonomy":"free-shipment","embeddable":true,"href":"https:\/\/factory.sale\/et\/wp-json\/wp\/v2\/free-shipment?post=87157"},{"taxonomy":"product_brand","embeddable":true,"href":"https:\/\/factory.sale\/et\/wp-json\/wp\/v2\/product_brand?post=87157"},{"taxonomy":"product_cat","embeddable":true,"href":"https:\/\/factory.sale\/et\/wp-json\/wp\/v2\/product_cat?post=87157"},{"taxonomy":"product_tag","embeddable":true,"href":"https:\/\/factory.sale\/et\/wp-json\/wp\/v2\/product_tag?post=87157"}],"curies":[{"name":"wp","href":"https:\/\/api.w.org\/{rel}","templated":true}]}}