{"id":86953,"date":"2024-06-25T23:29:46","date_gmt":"2024-06-26T06:40:53","guid":{"rendered":"https:\/\/factory.sale\/?post_type=product&#038;p=86953"},"modified":"2024-06-26T09:04:30","modified_gmt":"2024-06-26T09:04:30","slug":"modulsaun-grill","status":"publish","type":"product","link":"https:\/\/factory.sale\/et\/toode\/modulsaun-grill\/","title":{"rendered":"Modulsaun + grill"},"content":{"rendered":"<p><strong>Tehnilised andmed:<\/strong><\/p>\n<p>Pikkus: 5,5 m (2,5 m saun + 3 m avatud grill);<br \/>\nLaius: 2,4 m;<br \/>\nK\u00f5rgus: 5 m (ilma korstnata);<br \/>\nMaterjal:<br \/>\nAvatud grill \u2013 raam Kuusepuit 95\u00d745 mm. V\u00e4ljast kaetud 20 mm paksuste viimistluslaudadega, p\u00f5randa raam puidust 95\u00d745 mm, kaetud immutatud 32 mm p\u00f5randalaudadega.<\/p>\n<p>Saun: raam Kuusepuit 95\u00d745 mm. V\u00e4ljast kaetud 20 mm paksuste viimistluslaudadega, p\u00f5randa raam puidust 95\u00d745 mm, kaetud immutatud 32 mm p\u00f5randalaudadega. K\u00f5ik saunaraamid on isoleeritud 10 cm kivivillaga. Interj\u00f6\u00f6r on vooderdatud lepapuuga.<\/p>\n<p>Uks: Klaasuks on valmistatud 8 mm toonitud, karastatud klaasist.<br \/>\nAken: panoraamaken 2 m x 2 m on valmistatud 8 mm toonitud, karastatud klaasist.<\/p>\n<p>&nbsp;<\/p>\n<p><strong>Standardkomplekt:<\/strong><\/p>\n<p>Keskne standardne BBQ + Pikendatav standardne korsten<br \/>\nIsolatsiooniga saunaruumi + avatud grilliruum<br \/>\nPikendatav standardne korsten<br \/>\nKahetasandilised saunalavad<br \/>\nKaks pinki grilliruumis<br \/>\nElektrikeris Harvia Cilinder 9 kW<br \/>\nElektripaigaldus<br \/>\nVentilatsioon<br \/>\nKohale toimetatud, t\u00e4ielikult monteeritud (BBQ korsten ainult eraldi pakitud). Valmis kasutamiseks!<\/p>\n<p>&nbsp;<\/p>\n<p><strong>V\u00e4rvid:<\/strong><\/p>\n<p><img loading=\"lazy\" decoding=\"async\" class=\"alignnone  wp-image-86977\" src=\"https:\/\/factory.sale\/wp-content\/uploads\/2024\/06\/colours-sauna-1-1-265x300.png\" alt=\"\" width=\"345\" height=\"391\" srcset=\"https:\/\/factory.sale\/wp-content\/uploads\/2024\/06\/colours-sauna-1-1-265x300.png 265w, https:\/\/factory.sale\/wp-content\/uploads\/2024\/06\/colours-sauna-1-1-132x150.png 132w, https:\/\/factory.sale\/wp-content\/uploads\/2024\/06\/colours-sauna-1-1-600x680.png 600w, https:\/\/factory.sale\/wp-content\/uploads\/2024\/06\/colours-sauna-1-1.png 676w\" sizes=\"auto, (max-width: 345px) 100vw, 345px\" \/><img loading=\"lazy\" decoding=\"async\" class=\"alignnone wp-image-86980\" src=\"https:\/\/factory.sale\/wp-content\/uploads\/2024\/06\/colours-sauna-2-1-e1719392518190.png\" alt=\"\" width=\"354\" height=\"268\" \/><\/p>\n<p>&nbsp;<\/p>\n<p>&nbsp;<\/p>\n<p><strong>Sauna lisatarvikud:<\/strong><\/p>\n<p>Puidust \u00e4mber 40,25 .-<\/p>\n<p>Termomeeter-h\u00fcgromeeter 40,25 .-<\/p>\n<p>Riidepuu 11,5 .-<\/p>\n<p>Peatugi 28,75<\/p>\n<p>&nbsp;<\/p>\n<p>&nbsp;<\/p>\n<p>&nbsp;<\/p>\n<p><a href=\"https:\/\/dealers.woodenme.com\/sauna-usage-maintenance-guidelines\/\" target=\"_blank\" rel=\"noopener\">Sauna kasutus- ja hooldusjuhend<\/a><\/p>\n<p>&nbsp;<\/p>\n<div class=\"video-wrapper \"><iframe loading=\"lazy\" title=\"Sauna + Grill\" width=\"500\" height=\"281\" src=\"https:\/\/www.youtube.com\/embed\/fzcB0ipB2_0?feature=oembed\" frameborder=\"0\" allow=\"accelerometer; autoplay; clipboard-write; encrypted-media; gyroscope; picture-in-picture; web-share\" referrerpolicy=\"strict-origin-when-cross-origin\" allowfullscreen><\/iframe><\/div>\n","protected":false},"excerpt":{"rendered":"<ul>\n<li>Keskne standardne BBQ + Pikendatav standardne korsten<\/li>\n<li>Isolatsiooniga saunaruumi + avatud grilliruum<\/li>\n<li>Pikendatav standardne korsten<\/li>\n<li>Kahetasandilised saunalavad<\/li>\n<li>Kaks pinki grilliruumis<\/li>\n<li>Elektrikeris Harvia Cilinder 9 kW<\/li>\n<li>Elektripaigaldus<\/li>\n<li>Ventilatsioon<\/li>\n<li>Kohale toimetatud, t\u00e4ielikult monteeritud (BBQ korsten ainult eraldi pakitud). Valmis kasutamiseks!<\/li>\n<\/ul>\n","protected":false},"featured_media":86939,"comment_status":"open","ping_status":"closed","template":"","meta":{"_acf_changed":false},"factory":[],"free-shipment":[],"product_brand":[],"product_cat":[798,2256],"product_tag":[919],"class_list":{"0":"post-86953","1":"product","2":"type-product","3":"status-publish","4":"has-post-thumbnail","6":"product_cat-sauna-2","7":"product_cat-sauna-cubes","8":"product_tag-grill","10":"first","11":"instock","12":"sale","13":"taxable","14":"shipping-taxable","15":"purchasable","16":"product-type-simple"},"acf":[],"_links":{"self":[{"href":"https:\/\/factory.sale\/et\/wp-json\/wp\/v2\/product\/86953","targetHints":{"allow":["GET"]}}],"collection":[{"href":"https:\/\/factory.sale\/et\/wp-json\/wp\/v2\/product"}],"about":[{"href":"https:\/\/factory.sale\/et\/wp-json\/wp\/v2\/types\/product"}],"replies":[{"embeddable":true,"href":"https:\/\/factory.sale\/et\/wp-json\/wp\/v2\/comments?post=86953"}],"wp:featuredmedia":[{"embeddable":true,"href":"https:\/\/factory.sale\/et\/wp-json\/wp\/v2\/media\/86939"}],"wp:attachment":[{"href":"https:\/\/factory.sale\/et\/wp-json\/wp\/v2\/media?parent=86953"}],"wp:term":[{"taxonomy":"factory","embeddable":true,"href":"https:\/\/factory.sale\/et\/wp-json\/wp\/v2\/factory?post=86953"},{"taxonomy":"free-shipment","embeddable":true,"href":"https:\/\/factory.sale\/et\/wp-json\/wp\/v2\/free-shipment?post=86953"},{"taxonomy":"product_brand","embeddable":true,"href":"https:\/\/factory.sale\/et\/wp-json\/wp\/v2\/product_brand?post=86953"},{"taxonomy":"product_cat","embeddable":true,"href":"https:\/\/factory.sale\/et\/wp-json\/wp\/v2\/product_cat?post=86953"},{"taxonomy":"product_tag","embeddable":true,"href":"https:\/\/factory.sale\/et\/wp-json\/wp\/v2\/product_tag?post=86953"}],"curies":[{"name":"wp","href":"https:\/\/api.w.org\/{rel}","templated":true}]}}